{"id":9551,"date":"2022-05-14T16:34:10","date_gmt":"2022-05-14T21:34:10","guid":{"rendered":"https:\/\/acuariosupremus.com\/?post_type=product&#038;p=9551"},"modified":"2025-12-30T14:39:00","modified_gmt":"2025-12-30T20:39:00","slug":"flourish-glue-pegamento-para-plantas","status":"publish","type":"product","link":"https:\/\/acuariosupremus.com\/?product=flourish-glue-pegamento-para-plantas","title":{"rendered":"Flourish Glue,  Pegamento para plantas."},"content":{"rendered":"<p>Este adhesivo reacciona en segundos y posee excelentes propiedades de retenci\u00f3n y durabilidad, dando la posibilidad de controlar la uni\u00f3n con precisi\u00f3n mientras fragua. Puede utilizarse incluso bajo el agua. Flourish GlueTM se puede utilizar en cualquier proyecto de paisajismo en acuarios de agua dulce o salada, y tambi\u00e9n para cualquier reparaci\u00f3n de material pl\u00e1stico de su acuario.<br \/>\nInstrucciones: Para adherir dos objetos, ensaye primero la uni\u00f3n para verificar el resultado deseado y a continuaci\u00f3n limpie la superficie de contacto. Coloque una peque\u00f1a cantidad de pegamento en cada objeto en el punto donde va a unirse y coloque inmediatamente las partes uni\u00e9ndolas en el lugar donde van a permanecer. Al contacto con el agua se formar\u00e1 una \u201cpiel\u201d en la superficie del pegamento. Para mejorar la uni\u00f3n es conveniente romper esa \u201cpiel\u201d presionando ambas piezas durante 15 segundos. (Podr\u00eda requerir m\u00e1s tiempo si lo hace en zonas con un fuerte flujo de agua). A continuaci\u00f3n, compruebe la robustez de la uni\u00f3n y si es necesario, a\u00f1ada m\u00e1s pegamento en el per\u00edmetro de la adhesi\u00f3n para afianzar a\u00fan m\u00e1s la sujeci\u00f3n.<\/p>\n<p>Producto: Flourish Glue TM. Tama\u00f1o: 20 x 10 x 89 mm. (l x a x h), con embalaje :\u00a073 x 16 x 181 mm. (l x a x h)\u00a0 Peso: 0.020 (Kg.).<\/p>\n<p>&nbsp;<\/p>\n","protected":false},"excerpt":{"rendered":"<p>Flourish GlueTM es un gel adhesivo de cianoacrilato Premium dise\u00f1ado para el montaje y fijaci\u00f3n de las plantas acu\u00e1ticas a ra\u00edces decorativas, rocas e incluso a la grava de su acuario. Puede fijar todo tipo de plantas, siendo especialmente \u00fatil con musgos, helechos y plantas tipo rizoma. Tambi\u00e9n podr\u00e1 unir entre s\u00ed ra\u00edces, rocas y otros elementos decorativos compuestos por materiales sint\u00e9ticos.<\/p>\n","protected":false},"featured_media":9557,"template":"","meta":[],"product_brand":[123],"product_cat":[40,56],"product_tag":[850,849],"class_list":{"0":"post-9551","1":"product","2":"type-product","3":"status-publish","4":"has-post-thumbnail","6":"product_brand-seachem","7":"product_cat-peces","8":"product_cat-plantas-naturales","9":"product_tag-flourish-glue","10":"product_tag-pegamento-para-plantas","12":"first","13":"instock","14":"sale","15":"shipping-taxable","16":"purchasable","17":"product-type-simple"},"yoast_head":"<!-- This site is optimized with the Yoast SEO plugin v27.4 - https:\/\/yoast.com\/product\/yoast-seo-wordpress\/ -->\n<title>Flourish Glue, Pegamento para plantas. | Acuario Supremus<\/title>\n<meta name=\"description\" content=\"Flourish GlueTM es un gel adhesivo de cianoacrilato Premium dise\u00f1ado para el montaje y fijaci\u00f3n de las plantas acu\u00e1ticas a ra\u00edces decorativas\" \/>\n<meta name=\"robots\" content=\"index, follow, max-snippet:-1, max-image-preview:large, max-video-preview:-1\" \/>\n<link rel=\"canonical\" href=\"https:\/\/acuariosupremus.com\/?product=flourish-glue-pegamento-para-plantas\" \/>\n<meta property=\"og:locale\" content=\"es_MX\" \/>\n<meta property=\"og:type\" content=\"article\" \/>\n<meta property=\"og:title\" content=\"Flourish Glue, Pegamento para plantas. | Acuario Supremus\" \/>\n<meta property=\"og:description\" content=\"Flourish GlueTM es un gel adhesivo de cianoacrilato Premium dise\u00f1ado para el montaje y fijaci\u00f3n de las plantas acu\u00e1ticas a ra\u00edces decorativas\" \/>\n<meta property=\"og:url\" content=\"https:\/\/acuariosupremus.com\/?product=flourish-glue-pegamento-para-plantas\" \/>\n<meta property=\"og:site_name\" content=\"Acuario Supremus\" \/>\n<meta property=\"article:publisher\" content=\"https:\/\/www.facebook.com\/AcuarioSupremus\" \/>\n<meta property=\"article:modified_time\" content=\"2025-12-30T20:39:00+00:00\" \/>\n<meta property=\"og:image\" content=\"https:\/\/acuariosupremus.com\/wp-content\/uploads\/2022\/05\/seachem_flourish_glue_01.jpg\" \/>\n\t<meta property=\"og:image:width\" content=\"1250\" \/>\n\t<meta property=\"og:image:height\" content=\"1250\" \/>\n\t<meta property=\"og:image:type\" content=\"image\/jpeg\" \/>\n<meta name=\"twitter:card\" content=\"summary_large_image\" \/>\n<meta name=\"twitter:site\" content=\"@AcuarioSupremus\" \/>\n<meta name=\"twitter:label1\" content=\"Tiempo de lectura\" \/>\n\t<meta name=\"twitter:data1\" content=\"1 minuto\" \/>\n<script type=\"application\/ld+json\" class=\"yoast-schema-graph\">{\"@context\":\"https:\\\/\\\/schema.org\",\"@graph\":[{\"@type\":\"WebPage\",\"@id\":\"https:\\\/\\\/acuariosupremus.com\\\/?product=flourish-glue-pegamento-para-plantas\",\"url\":\"https:\\\/\\\/acuariosupremus.com\\\/?product=flourish-glue-pegamento-para-plantas\",\"name\":\"Flourish Glue, Pegamento para plantas. | Acuario Supremus\",\"isPartOf\":{\"@id\":\"https:\\\/\\\/acuariosupremus.com\\\/#website\"},\"primaryImageOfPage\":{\"@id\":\"https:\\\/\\\/acuariosupremus.com\\\/?product=flourish-glue-pegamento-para-plantas#primaryimage\"},\"image\":{\"@id\":\"https:\\\/\\\/acuariosupremus.com\\\/?product=flourish-glue-pegamento-para-plantas#primaryimage\"},\"thumbnailUrl\":\"https:\\\/\\\/acuariosupremus.com\\\/wp-content\\\/uploads\\\/2022\\\/05\\\/seachem_flourish_glue_01.jpg\",\"datePublished\":\"2022-05-14T21:34:10+00:00\",\"dateModified\":\"2025-12-30T20:39:00+00:00\",\"description\":\"Flourish GlueTM es un gel adhesivo de cianoacrilato Premium dise\u00f1ado para el montaje y fijaci\u00f3n de las plantas acu\u00e1ticas a ra\u00edces decorativas\",\"breadcrumb\":{\"@id\":\"https:\\\/\\\/acuariosupremus.com\\\/?product=flourish-glue-pegamento-para-plantas#breadcrumb\"},\"inLanguage\":\"es\",\"potentialAction\":[{\"@type\":\"ReadAction\",\"target\":[\"https:\\\/\\\/acuariosupremus.com\\\/?product=flourish-glue-pegamento-para-plantas\"]}]},{\"@type\":\"ImageObject\",\"inLanguage\":\"es\",\"@id\":\"https:\\\/\\\/acuariosupremus.com\\\/?product=flourish-glue-pegamento-para-plantas#primaryimage\",\"url\":\"https:\\\/\\\/acuariosupremus.com\\\/wp-content\\\/uploads\\\/2022\\\/05\\\/seachem_flourish_glue_01.jpg\",\"contentUrl\":\"https:\\\/\\\/acuariosupremus.com\\\/wp-content\\\/uploads\\\/2022\\\/05\\\/seachem_flourish_glue_01.jpg\",\"width\":1250,\"height\":1250},{\"@type\":\"BreadcrumbList\",\"@id\":\"https:\\\/\\\/acuariosupremus.com\\\/?product=flourish-glue-pegamento-para-plantas#breadcrumb\",\"itemListElement\":[{\"@type\":\"ListItem\",\"position\":1,\"name\":\"Portada\",\"item\":\"https:\\\/\\\/acuariosupremus.com\\\/\"},{\"@type\":\"ListItem\",\"position\":2,\"name\":\"Tienda\",\"item\":\"https:\\\/\\\/acuariosupremus.com\\\/tienda\\\/\"},{\"@type\":\"ListItem\",\"position\":3,\"name\":\"Flourish Glue, Pegamento para plantas.\"}]},{\"@type\":\"WebSite\",\"@id\":\"https:\\\/\\\/acuariosupremus.com\\\/#website\",\"url\":\"https:\\\/\\\/acuariosupremus.com\\\/\",\"name\":\"Acuario Supremus\",\"description\":\"Peces, Peceras y Mascotas.\",\"publisher\":{\"@id\":\"https:\\\/\\\/acuariosupremus.com\\\/#organization\"},\"potentialAction\":[{\"@type\":\"SearchAction\",\"target\":{\"@type\":\"EntryPoint\",\"urlTemplate\":\"https:\\\/\\\/acuariosupremus.com\\\/?s={search_term_string}\"},\"query-input\":{\"@type\":\"PropertyValueSpecification\",\"valueRequired\":true,\"valueName\":\"search_term_string\"}}],\"inLanguage\":\"es\"},{\"@type\":\"Organization\",\"@id\":\"https:\\\/\\\/acuariosupremus.com\\\/#organization\",\"name\":\"Acuario Supremus\",\"url\":\"https:\\\/\\\/acuariosupremus.com\\\/\",\"logo\":{\"@type\":\"ImageObject\",\"inLanguage\":\"es\",\"@id\":\"https:\\\/\\\/acuariosupremus.com\\\/#\\\/schema\\\/logo\\\/image\\\/\",\"url\":\"https:\\\/\\\/acuariosupremus.com\\\/wp-content\\\/uploads\\\/2021\\\/12\\\/cropped-logo_acuario_supremus_fn-2.png\",\"contentUrl\":\"https:\\\/\\\/acuariosupremus.com\\\/wp-content\\\/uploads\\\/2021\\\/12\\\/cropped-logo_acuario_supremus_fn-2.png\",\"width\":1000,\"height\":318,\"caption\":\"Acuario Supremus\"},\"image\":{\"@id\":\"https:\\\/\\\/acuariosupremus.com\\\/#\\\/schema\\\/logo\\\/image\\\/\"},\"sameAs\":[\"https:\\\/\\\/www.facebook.com\\\/AcuarioSupremus\",\"https:\\\/\\\/x.com\\\/AcuarioSupremus\",\"https:\\\/\\\/www.instagram.com\\\/acuariosupremus\\\/?hl=es\"]}]}<\/script>\n<!-- \/ Yoast SEO plugin. -->","yoast_head_json":{"title":"Flourish Glue, Pegamento para plantas. | Acuario Supremus","description":"Flourish GlueTM es un gel adhesivo de cianoacrilato Premium dise\u00f1ado para el montaje y fijaci\u00f3n de las plantas acu\u00e1ticas a ra\u00edces decorativas","robots":{"index":"index","follow":"follow","max-snippet":"max-snippet:-1","max-image-preview":"max-image-preview:large","max-video-preview":"max-video-preview:-1"},"canonical":"https:\/\/acuariosupremus.com\/?product=flourish-glue-pegamento-para-plantas","og_locale":"es_MX","og_type":"article","og_title":"Flourish Glue, Pegamento para plantas. | Acuario Supremus","og_description":"Flourish GlueTM es un gel adhesivo de cianoacrilato Premium dise\u00f1ado para el montaje y fijaci\u00f3n de las plantas acu\u00e1ticas a ra\u00edces decorativas","og_url":"https:\/\/acuariosupremus.com\/?product=flourish-glue-pegamento-para-plantas","og_site_name":"Acuario Supremus","article_publisher":"https:\/\/www.facebook.com\/AcuarioSupremus","article_modified_time":"2025-12-30T20:39:00+00:00","og_image":[{"width":1250,"height":1250,"url":"https:\/\/acuariosupremus.com\/wp-content\/uploads\/2022\/05\/seachem_flourish_glue_01.jpg","type":"image\/jpeg"}],"twitter_card":"summary_large_image","twitter_site":"@AcuarioSupremus","twitter_misc":{"Tiempo de lectura":"1 minuto"},"schema":{"@context":"https:\/\/schema.org","@graph":[{"@type":"WebPage","@id":"https:\/\/acuariosupremus.com\/?product=flourish-glue-pegamento-para-plantas","url":"https:\/\/acuariosupremus.com\/?product=flourish-glue-pegamento-para-plantas","name":"Flourish Glue, Pegamento para plantas. | Acuario Supremus","isPartOf":{"@id":"https:\/\/acuariosupremus.com\/#website"},"primaryImageOfPage":{"@id":"https:\/\/acuariosupremus.com\/?product=flourish-glue-pegamento-para-plantas#primaryimage"},"image":{"@id":"https:\/\/acuariosupremus.com\/?product=flourish-glue-pegamento-para-plantas#primaryimage"},"thumbnailUrl":"https:\/\/acuariosupremus.com\/wp-content\/uploads\/2022\/05\/seachem_flourish_glue_01.jpg","datePublished":"2022-05-14T21:34:10+00:00","dateModified":"2025-12-30T20:39:00+00:00","description":"Flourish GlueTM es un gel adhesivo de cianoacrilato Premium dise\u00f1ado para el montaje y fijaci\u00f3n de las plantas acu\u00e1ticas a ra\u00edces decorativas","breadcrumb":{"@id":"https:\/\/acuariosupremus.com\/?product=flourish-glue-pegamento-para-plantas#breadcrumb"},"inLanguage":"es","potentialAction":[{"@type":"ReadAction","target":["https:\/\/acuariosupremus.com\/?product=flourish-glue-pegamento-para-plantas"]}]},{"@type":"ImageObject","inLanguage":"es","@id":"https:\/\/acuariosupremus.com\/?product=flourish-glue-pegamento-para-plantas#primaryimage","url":"https:\/\/acuariosupremus.com\/wp-content\/uploads\/2022\/05\/seachem_flourish_glue_01.jpg","contentUrl":"https:\/\/acuariosupremus.com\/wp-content\/uploads\/2022\/05\/seachem_flourish_glue_01.jpg","width":1250,"height":1250},{"@type":"BreadcrumbList","@id":"https:\/\/acuariosupremus.com\/?product=flourish-glue-pegamento-para-plantas#breadcrumb","itemListElement":[{"@type":"ListItem","position":1,"name":"Portada","item":"https:\/\/acuariosupremus.com\/"},{"@type":"ListItem","position":2,"name":"Tienda","item":"https:\/\/acuariosupremus.com\/tienda\/"},{"@type":"ListItem","position":3,"name":"Flourish Glue, Pegamento para plantas."}]},{"@type":"WebSite","@id":"https:\/\/acuariosupremus.com\/#website","url":"https:\/\/acuariosupremus.com\/","name":"Acuario Supremus","description":"Peces, Peceras y Mascotas.","publisher":{"@id":"https:\/\/acuariosupremus.com\/#organization"},"potentialAction":[{"@type":"SearchAction","target":{"@type":"EntryPoint","urlTemplate":"https:\/\/acuariosupremus.com\/?s={search_term_string}"},"query-input":{"@type":"PropertyValueSpecification","valueRequired":true,"valueName":"search_term_string"}}],"inLanguage":"es"},{"@type":"Organization","@id":"https:\/\/acuariosupremus.com\/#organization","name":"Acuario Supremus","url":"https:\/\/acuariosupremus.com\/","logo":{"@type":"ImageObject","inLanguage":"es","@id":"https:\/\/acuariosupremus.com\/#\/schema\/logo\/image\/","url":"https:\/\/acuariosupremus.com\/wp-content\/uploads\/2021\/12\/cropped-logo_acuario_supremus_fn-2.png","contentUrl":"https:\/\/acuariosupremus.com\/wp-content\/uploads\/2021\/12\/cropped-logo_acuario_supremus_fn-2.png","width":1000,"height":318,"caption":"Acuario Supremus"},"image":{"@id":"https:\/\/acuariosupremus.com\/#\/schema\/logo\/image\/"},"sameAs":["https:\/\/www.facebook.com\/AcuarioSupremus","https:\/\/x.com\/AcuarioSupremus","https:\/\/www.instagram.com\/acuariosupremus\/?hl=es"]}]}},"jetpack_sharing_enabled":true,"_links":{"self":[{"href":"https:\/\/acuariosupremus.com\/index.php?rest_route=\/wp\/v2\/product\/9551","targetHints":{"allow":["GET"]}}],"collection":[{"href":"https:\/\/acuariosupremus.com\/index.php?rest_route=\/wp\/v2\/product"}],"about":[{"href":"https:\/\/acuariosupremus.com\/index.php?rest_route=\/wp\/v2\/types\/product"}],"wp:featuredmedia":[{"embeddable":true,"href":"https:\/\/acuariosupremus.com\/index.php?rest_route=\/wp\/v2\/media\/9557"}],"wp:attachment":[{"href":"https:\/\/acuariosupremus.com\/index.php?rest_route=%2Fwp%2Fv2%2Fmedia&parent=9551"}],"wp:term":[{"taxonomy":"product_brand","embeddable":true,"href":"https:\/\/acuariosupremus.com\/index.php?rest_route=%2Fwp%2Fv2%2Fproduct_brand&post=9551"},{"taxonomy":"product_cat","embeddable":true,"href":"https:\/\/acuariosupremus.com\/index.php?rest_route=%2Fwp%2Fv2%2Fproduct_cat&post=9551"},{"taxonomy":"product_tag","embeddable":true,"href":"https:\/\/acuariosupremus.com\/index.php?rest_route=%2Fwp%2Fv2%2Fproduct_tag&post=9551"}],"curies":[{"name":"wp","href":"https:\/\/api.w.org\/{rel}","templated":true}]}}