{"id":9588,"date":"2022-05-14T17:39:18","date_gmt":"2022-05-14T22:39:18","guid":{"rendered":"https:\/\/acuariosupremus.com\/?post_type=product&#038;p=9588"},"modified":"2025-12-30T14:42:42","modified_gmt":"2025-12-30T20:42:42","slug":"vibrant-sea-220-gal-mezcla-anhidra-profesional-para-880-l","status":"publish","type":"product","link":"https:\/\/acuariosupremus.com\/?product=vibrant-sea-220-gal-mezcla-anhidra-profesional-para-880-l","title":{"rendered":"Vibrant Sea 220 gal, mezcla anhidra profesional para 880 L."},"content":{"rendered":"<p>Esta f\u00f3rmula concentrada es ideal para recrear un medio ambiente de arrecife marino, proporcionando concentraciones \u00f3ptimas de Calcio, Magnesio y Estroncio correctamente balanceadas para obtener una alcalinidad y un valor de pH id\u00f3neo en un acuario marino o de arrecife. Vibrant Sea TM es una sal anhidra que permite una homogeneidad incomparable en su composici\u00f3n entre cada uno de sus lotes de producci\u00f3n, as\u00ed como una mayor producci\u00f3n de agua de mar con menos cantidad de sal.<\/p>\n<p>Producto: Vibrant Sea 220 gal. \/ 830 L. Peso neto: 23.00 (Kg.) Tama\u00f1o: 280 x 280 x 290 mm. (l x a x h) Peso: 24.250 (Kg.).<\/p>\n<p>&nbsp;<\/p>\n","protected":false},"excerpt":{"rendered":"<p>Vibrant Sea TM es una mezcla de sales formulada tanto para acuarios marinos como para acuarios de arrecife. Esta sal contiene todos los componentes mayores, menores y elementos traza encontrados en el agua de mar natural, con la ventaja adicional de contar con niveles de potasio mejorados.<\/p>\n","protected":false},"featured_media":9589,"template":"","meta":[],"product_brand":[123],"product_cat":[40,61],"product_tag":[239,559,861],"class_list":{"0":"post-9588","1":"product","2":"type-product","3":"status-publish","4":"has-post-thumbnail","6":"product_brand-seachem","7":"product_cat-peces","8":"product_cat-sales","9":"product_tag-sal-marina","10":"product_tag-sal-marina-especial-arrecife","11":"product_tag-vibrant-sea","13":"first","14":"instock","15":"sale","16":"shipping-taxable","17":"purchasable","18":"product-type-simple"},"yoast_head":"<!-- This site is optimized with the Yoast SEO plugin v27.4 - https:\/\/yoast.com\/product\/yoast-seo-wordpress\/ -->\n<title>Vibrant Sea 220 gal, mezcla anhidra profesional para 880 L. | Acuario Supremus<\/title>\n<meta name=\"description\" content=\"Vibrant Sea TM mezcla de sales formulada tanto para acuarios marinos como para acuarios de arrecife contiene todos los componentes mayores, menores y elementos traza.\" \/>\n<meta name=\"robots\" content=\"index, follow, max-snippet:-1, max-image-preview:large, max-video-preview:-1\" \/>\n<link rel=\"canonical\" href=\"https:\/\/acuariosupremus.com\/?product=vibrant-sea-220-gal-mezcla-anhidra-profesional-para-880-l\" \/>\n<meta property=\"og:locale\" content=\"es_MX\" \/>\n<meta property=\"og:type\" content=\"article\" \/>\n<meta property=\"og:title\" content=\"Vibrant Sea 220 gal, mezcla anhidra profesional para 880 L. | Acuario Supremus\" \/>\n<meta property=\"og:description\" content=\"Vibrant Sea TM mezcla de sales formulada tanto para acuarios marinos como para acuarios de arrecife contiene todos los componentes mayores, menores y elementos traza.\" \/>\n<meta property=\"og:url\" content=\"https:\/\/acuariosupremus.com\/?product=vibrant-sea-220-gal-mezcla-anhidra-profesional-para-880-l\" \/>\n<meta property=\"og:site_name\" content=\"Acuario Supremus\" \/>\n<meta property=\"article:publisher\" content=\"https:\/\/www.facebook.com\/AcuarioSupremus\" \/>\n<meta property=\"article:modified_time\" content=\"2025-12-30T20:42:42+00:00\" \/>\n<meta property=\"og:image\" content=\"https:\/\/acuariosupremus.com\/wp-content\/uploads\/2022\/05\/seachem_vibrant_sea_03.jpg\" \/>\n\t<meta property=\"og:image:width\" content=\"429\" \/>\n\t<meta property=\"og:image:height\" content=\"429\" \/>\n\t<meta property=\"og:image:type\" content=\"image\/jpeg\" \/>\n<meta name=\"twitter:card\" content=\"summary_large_image\" \/>\n<meta name=\"twitter:site\" content=\"@AcuarioSupremus\" \/>\n<meta name=\"twitter:label1\" content=\"Tiempo de lectura\" \/>\n\t<meta name=\"twitter:data1\" content=\"1 minuto\" \/>\n<script type=\"application\/ld+json\" class=\"yoast-schema-graph\">{\"@context\":\"https:\\\/\\\/schema.org\",\"@graph\":[{\"@type\":\"WebPage\",\"@id\":\"https:\\\/\\\/acuariosupremus.com\\\/?product=vibrant-sea-220-gal-mezcla-anhidra-profesional-para-880-l\",\"url\":\"https:\\\/\\\/acuariosupremus.com\\\/?product=vibrant-sea-220-gal-mezcla-anhidra-profesional-para-880-l\",\"name\":\"Vibrant Sea 220 gal, mezcla anhidra profesional para 880 L. | Acuario Supremus\",\"isPartOf\":{\"@id\":\"https:\\\/\\\/acuariosupremus.com\\\/#website\"},\"primaryImageOfPage\":{\"@id\":\"https:\\\/\\\/acuariosupremus.com\\\/?product=vibrant-sea-220-gal-mezcla-anhidra-profesional-para-880-l#primaryimage\"},\"image\":{\"@id\":\"https:\\\/\\\/acuariosupremus.com\\\/?product=vibrant-sea-220-gal-mezcla-anhidra-profesional-para-880-l#primaryimage\"},\"thumbnailUrl\":\"https:\\\/\\\/acuariosupremus.com\\\/wp-content\\\/uploads\\\/2022\\\/05\\\/seachem_vibrant_sea_03.jpg\",\"datePublished\":\"2022-05-14T22:39:18+00:00\",\"dateModified\":\"2025-12-30T20:42:42+00:00\",\"description\":\"Vibrant Sea TM mezcla de sales formulada tanto para acuarios marinos como para acuarios de arrecife contiene todos los componentes mayores, menores y elementos traza.\",\"breadcrumb\":{\"@id\":\"https:\\\/\\\/acuariosupremus.com\\\/?product=vibrant-sea-220-gal-mezcla-anhidra-profesional-para-880-l#breadcrumb\"},\"inLanguage\":\"es\",\"potentialAction\":[{\"@type\":\"ReadAction\",\"target\":[\"https:\\\/\\\/acuariosupremus.com\\\/?product=vibrant-sea-220-gal-mezcla-anhidra-profesional-para-880-l\"]}]},{\"@type\":\"ImageObject\",\"inLanguage\":\"es\",\"@id\":\"https:\\\/\\\/acuariosupremus.com\\\/?product=vibrant-sea-220-gal-mezcla-anhidra-profesional-para-880-l#primaryimage\",\"url\":\"https:\\\/\\\/acuariosupremus.com\\\/wp-content\\\/uploads\\\/2022\\\/05\\\/seachem_vibrant_sea_03.jpg\",\"contentUrl\":\"https:\\\/\\\/acuariosupremus.com\\\/wp-content\\\/uploads\\\/2022\\\/05\\\/seachem_vibrant_sea_03.jpg\",\"width\":429,\"height\":429},{\"@type\":\"BreadcrumbList\",\"@id\":\"https:\\\/\\\/acuariosupremus.com\\\/?product=vibrant-sea-220-gal-mezcla-anhidra-profesional-para-880-l#breadcrumb\",\"itemListElement\":[{\"@type\":\"ListItem\",\"position\":1,\"name\":\"Portada\",\"item\":\"https:\\\/\\\/acuariosupremus.com\\\/\"},{\"@type\":\"ListItem\",\"position\":2,\"name\":\"Tienda\",\"item\":\"https:\\\/\\\/acuariosupremus.com\\\/tienda\\\/\"},{\"@type\":\"ListItem\",\"position\":3,\"name\":\"Vibrant Sea 220 gal, mezcla anhidra profesional para 880 L.\"}]},{\"@type\":\"WebSite\",\"@id\":\"https:\\\/\\\/acuariosupremus.com\\\/#website\",\"url\":\"https:\\\/\\\/acuariosupremus.com\\\/\",\"name\":\"Acuario Supremus\",\"description\":\"Peces, Peceras y Mascotas.\",\"publisher\":{\"@id\":\"https:\\\/\\\/acuariosupremus.com\\\/#organization\"},\"potentialAction\":[{\"@type\":\"SearchAction\",\"target\":{\"@type\":\"EntryPoint\",\"urlTemplate\":\"https:\\\/\\\/acuariosupremus.com\\\/?s={search_term_string}\"},\"query-input\":{\"@type\":\"PropertyValueSpecification\",\"valueRequired\":true,\"valueName\":\"search_term_string\"}}],\"inLanguage\":\"es\"},{\"@type\":\"Organization\",\"@id\":\"https:\\\/\\\/acuariosupremus.com\\\/#organization\",\"name\":\"Acuario Supremus\",\"url\":\"https:\\\/\\\/acuariosupremus.com\\\/\",\"logo\":{\"@type\":\"ImageObject\",\"inLanguage\":\"es\",\"@id\":\"https:\\\/\\\/acuariosupremus.com\\\/#\\\/schema\\\/logo\\\/image\\\/\",\"url\":\"https:\\\/\\\/acuariosupremus.com\\\/wp-content\\\/uploads\\\/2021\\\/12\\\/cropped-logo_acuario_supremus_fn-2.png\",\"contentUrl\":\"https:\\\/\\\/acuariosupremus.com\\\/wp-content\\\/uploads\\\/2021\\\/12\\\/cropped-logo_acuario_supremus_fn-2.png\",\"width\":1000,\"height\":318,\"caption\":\"Acuario Supremus\"},\"image\":{\"@id\":\"https:\\\/\\\/acuariosupremus.com\\\/#\\\/schema\\\/logo\\\/image\\\/\"},\"sameAs\":[\"https:\\\/\\\/www.facebook.com\\\/AcuarioSupremus\",\"https:\\\/\\\/x.com\\\/AcuarioSupremus\",\"https:\\\/\\\/www.instagram.com\\\/acuariosupremus\\\/?hl=es\"]}]}<\/script>\n<!-- \/ Yoast SEO plugin. -->","yoast_head_json":{"title":"Vibrant Sea 220 gal, mezcla anhidra profesional para 880 L. | Acuario Supremus","description":"Vibrant Sea TM mezcla de sales formulada tanto para acuarios marinos como para acuarios de arrecife contiene todos los componentes mayores, menores y elementos traza.","robots":{"index":"index","follow":"follow","max-snippet":"max-snippet:-1","max-image-preview":"max-image-preview:large","max-video-preview":"max-video-preview:-1"},"canonical":"https:\/\/acuariosupremus.com\/?product=vibrant-sea-220-gal-mezcla-anhidra-profesional-para-880-l","og_locale":"es_MX","og_type":"article","og_title":"Vibrant Sea 220 gal, mezcla anhidra profesional para 880 L. | Acuario Supremus","og_description":"Vibrant Sea TM mezcla de sales formulada tanto para acuarios marinos como para acuarios de arrecife contiene todos los componentes mayores, menores y elementos traza.","og_url":"https:\/\/acuariosupremus.com\/?product=vibrant-sea-220-gal-mezcla-anhidra-profesional-para-880-l","og_site_name":"Acuario Supremus","article_publisher":"https:\/\/www.facebook.com\/AcuarioSupremus","article_modified_time":"2025-12-30T20:42:42+00:00","og_image":[{"width":429,"height":429,"url":"https:\/\/acuariosupremus.com\/wp-content\/uploads\/2022\/05\/seachem_vibrant_sea_03.jpg","type":"image\/jpeg"}],"twitter_card":"summary_large_image","twitter_site":"@AcuarioSupremus","twitter_misc":{"Tiempo de lectura":"1 minuto"},"schema":{"@context":"https:\/\/schema.org","@graph":[{"@type":"WebPage","@id":"https:\/\/acuariosupremus.com\/?product=vibrant-sea-220-gal-mezcla-anhidra-profesional-para-880-l","url":"https:\/\/acuariosupremus.com\/?product=vibrant-sea-220-gal-mezcla-anhidra-profesional-para-880-l","name":"Vibrant Sea 220 gal, mezcla anhidra profesional para 880 L. | Acuario Supremus","isPartOf":{"@id":"https:\/\/acuariosupremus.com\/#website"},"primaryImageOfPage":{"@id":"https:\/\/acuariosupremus.com\/?product=vibrant-sea-220-gal-mezcla-anhidra-profesional-para-880-l#primaryimage"},"image":{"@id":"https:\/\/acuariosupremus.com\/?product=vibrant-sea-220-gal-mezcla-anhidra-profesional-para-880-l#primaryimage"},"thumbnailUrl":"https:\/\/acuariosupremus.com\/wp-content\/uploads\/2022\/05\/seachem_vibrant_sea_03.jpg","datePublished":"2022-05-14T22:39:18+00:00","dateModified":"2025-12-30T20:42:42+00:00","description":"Vibrant Sea TM mezcla de sales formulada tanto para acuarios marinos como para acuarios de arrecife contiene todos los componentes mayores, menores y elementos traza.","breadcrumb":{"@id":"https:\/\/acuariosupremus.com\/?product=vibrant-sea-220-gal-mezcla-anhidra-profesional-para-880-l#breadcrumb"},"inLanguage":"es","potentialAction":[{"@type":"ReadAction","target":["https:\/\/acuariosupremus.com\/?product=vibrant-sea-220-gal-mezcla-anhidra-profesional-para-880-l"]}]},{"@type":"ImageObject","inLanguage":"es","@id":"https:\/\/acuariosupremus.com\/?product=vibrant-sea-220-gal-mezcla-anhidra-profesional-para-880-l#primaryimage","url":"https:\/\/acuariosupremus.com\/wp-content\/uploads\/2022\/05\/seachem_vibrant_sea_03.jpg","contentUrl":"https:\/\/acuariosupremus.com\/wp-content\/uploads\/2022\/05\/seachem_vibrant_sea_03.jpg","width":429,"height":429},{"@type":"BreadcrumbList","@id":"https:\/\/acuariosupremus.com\/?product=vibrant-sea-220-gal-mezcla-anhidra-profesional-para-880-l#breadcrumb","itemListElement":[{"@type":"ListItem","position":1,"name":"Portada","item":"https:\/\/acuariosupremus.com\/"},{"@type":"ListItem","position":2,"name":"Tienda","item":"https:\/\/acuariosupremus.com\/tienda\/"},{"@type":"ListItem","position":3,"name":"Vibrant Sea 220 gal, mezcla anhidra profesional para 880 L."}]},{"@type":"WebSite","@id":"https:\/\/acuariosupremus.com\/#website","url":"https:\/\/acuariosupremus.com\/","name":"Acuario Supremus","description":"Peces, Peceras y Mascotas.","publisher":{"@id":"https:\/\/acuariosupremus.com\/#organization"},"potentialAction":[{"@type":"SearchAction","target":{"@type":"EntryPoint","urlTemplate":"https:\/\/acuariosupremus.com\/?s={search_term_string}"},"query-input":{"@type":"PropertyValueSpecification","valueRequired":true,"valueName":"search_term_string"}}],"inLanguage":"es"},{"@type":"Organization","@id":"https:\/\/acuariosupremus.com\/#organization","name":"Acuario Supremus","url":"https:\/\/acuariosupremus.com\/","logo":{"@type":"ImageObject","inLanguage":"es","@id":"https:\/\/acuariosupremus.com\/#\/schema\/logo\/image\/","url":"https:\/\/acuariosupremus.com\/wp-content\/uploads\/2021\/12\/cropped-logo_acuario_supremus_fn-2.png","contentUrl":"https:\/\/acuariosupremus.com\/wp-content\/uploads\/2021\/12\/cropped-logo_acuario_supremus_fn-2.png","width":1000,"height":318,"caption":"Acuario Supremus"},"image":{"@id":"https:\/\/acuariosupremus.com\/#\/schema\/logo\/image\/"},"sameAs":["https:\/\/www.facebook.com\/AcuarioSupremus","https:\/\/x.com\/AcuarioSupremus","https:\/\/www.instagram.com\/acuariosupremus\/?hl=es"]}]}},"jetpack_sharing_enabled":true,"_links":{"self":[{"href":"https:\/\/acuariosupremus.com\/index.php?rest_route=\/wp\/v2\/product\/9588","targetHints":{"allow":["GET"]}}],"collection":[{"href":"https:\/\/acuariosupremus.com\/index.php?rest_route=\/wp\/v2\/product"}],"about":[{"href":"https:\/\/acuariosupremus.com\/index.php?rest_route=\/wp\/v2\/types\/product"}],"wp:featuredmedia":[{"embeddable":true,"href":"https:\/\/acuariosupremus.com\/index.php?rest_route=\/wp\/v2\/media\/9589"}],"wp:attachment":[{"href":"https:\/\/acuariosupremus.com\/index.php?rest_route=%2Fwp%2Fv2%2Fmedia&parent=9588"}],"wp:term":[{"taxonomy":"product_brand","embeddable":true,"href":"https:\/\/acuariosupremus.com\/index.php?rest_route=%2Fwp%2Fv2%2Fproduct_brand&post=9588"},{"taxonomy":"product_cat","embeddable":true,"href":"https:\/\/acuariosupremus.com\/index.php?rest_route=%2Fwp%2Fv2%2Fproduct_cat&post=9588"},{"taxonomy":"product_tag","embeddable":true,"href":"https:\/\/acuariosupremus.com\/index.php?rest_route=%2Fwp%2Fv2%2Fproduct_tag&post=9588"}],"curies":[{"name":"wp","href":"https:\/\/api.w.org\/{rel}","templated":true}]}}