{"id":9591,"date":"2022-05-14T17:59:03","date_gmt":"2022-05-14T22:59:03","guid":{"rendered":"https:\/\/acuariosupremus.com\/?post_type=product&#038;p=9591"},"modified":"2025-12-30T14:42:58","modified_gmt":"2025-12-30T20:42:58","slug":"algae-sraper-31-cm-rasqueta-ergonomica","status":"publish","type":"product","link":"https:\/\/acuariosupremus.com\/?product=algae-sraper-31-cm-rasqueta-ergonomica","title":{"rendered":"Algae Sraper 31 cm, Rasqueta ergon\u00f3mica."},"content":{"rendered":"<p>Seachem Algae Scraper ha sido dise\u00f1ada pensando principalmente en su versatilidad. Cuenta con tres superficies retr\u00e1ctiles diferentes: cuchilla de acero inoxidble, cuchilla pl\u00e1stica y esponja blanda para seleccionar el rascador m\u00e1s acecuado para cada situaci\u00f3n y adapt\u00e1ndose a superficies de vidrio o acr\u00edlico. Este sistema retr\u00e1ctil permite ocultar la cuchilla de forma segura mientras no se est\u00e1 utilizando para aportar una mayor seguridad. Algae Scraper dispone de dos modelos con distintas longitudes en el mango para adaptarse a diferentes tama\u00f1os de acuarios: SC3207: 32 cm y SC3208 46 cm.<br \/>\nSeachem Algae Scraper ha sido dise\u00f1ada pensando principalmente en su versatilidad. Cuenta con tres superficies retr\u00e1ctiles diferentes: cuchilla de acero inoxidble, cuchilla pl\u00e1stica y esponja blanda para cambiar entre la cuchilla met\u00e1lica y la esponja blanda es muy f\u00e1cil: simplemente deslice la hoja fuera del cabezal rascador, g\u00edrela y vuelva a insertarla. Puede elegir entre dos posiciones o alturas de las cuchillas. Al finalizar la vida \u00fatil de estas cuchillas puede adquirir los repuestos para sustituirlas f\u00e1cilmente. Por \u00faltimo, su color blanco contrasta con los colores de las algas, facilitando su localizac\u00f3n para eliminarlas con mayor eficacia.<\/p>\n<p>Producto:Algae Sraper 31 cm Tama\u00f1o: 305 x 80 x 42 mm. (l x a x h) Peso: 0.132 (Kg.).<\/p>\n<p>&nbsp;<\/p>\n","protected":false},"excerpt":{"rendered":"<p>Algae Scraper\u2122 es una rasqueta ergon\u00f3mica 3 en 1 para limpiar las algas y la suciedad en las paredes de los acuarios de vidrio y acr\u00edlico de forma sencilla y si producir rayaduras. Es una herramienta profesional ligera y resistente, que cuenta con un mango ergon\u00f3mico y flotante que la hace m\u00e1s c\u00f3moda de manejar en diversas posiciones. Su mango cuenta adem\u00e1s con un orificio para colgarla f\u00e1cilmente cuando no se est\u00e9 usando.<\/p>\n","protected":false},"featured_media":9592,"template":"","meta":[],"product_brand":[123],"product_cat":[40,62],"product_tag":[862,259],"class_list":{"0":"post-9591","1":"product","2":"type-product","3":"status-publish","4":"has-post-thumbnail","6":"product_brand-seachem","7":"product_cat-peces","8":"product_cat-sifon-rasquetas-mantenimiento","9":"product_tag-algae-sraper","10":"product_tag-rasqueta-acuario","12":"first","13":"instock","14":"sale","15":"shipping-taxable","16":"purchasable","17":"product-type-simple"},"yoast_head":"<!-- This site is optimized with the Yoast SEO plugin v27.4 - https:\/\/yoast.com\/product\/yoast-seo-wordpress\/ -->\n<title>Algae Sraper 31 cm, Rasqueta ergon\u00f3mica. | Acuario Supremus<\/title>\n<meta name=\"description\" content=\"Algae Scraper\u2122 rasqueta ergon\u00f3mica 3 en 1 para limpiar las algas y la suciedad en las paredes de los acuarios de vidrio y acr\u00edlico si producir ralladuras.\" \/>\n<meta name=\"robots\" content=\"index, follow, max-snippet:-1, max-image-preview:large, max-video-preview:-1\" \/>\n<link rel=\"canonical\" href=\"https:\/\/acuariosupremus.com\/?product=algae-sraper-31-cm-rasqueta-ergonomica\" \/>\n<meta property=\"og:locale\" content=\"es_MX\" \/>\n<meta property=\"og:type\" content=\"article\" \/>\n<meta property=\"og:title\" content=\"Algae Sraper 31 cm, Rasqueta ergon\u00f3mica. | Acuario Supremus\" \/>\n<meta property=\"og:description\" content=\"Algae Scraper\u2122 rasqueta ergon\u00f3mica 3 en 1 para limpiar las algas y la suciedad en las paredes de los acuarios de vidrio y acr\u00edlico si producir ralladuras.\" \/>\n<meta property=\"og:url\" content=\"https:\/\/acuariosupremus.com\/?product=algae-sraper-31-cm-rasqueta-ergonomica\" \/>\n<meta property=\"og:site_name\" content=\"Acuario Supremus\" \/>\n<meta property=\"article:publisher\" content=\"https:\/\/www.facebook.com\/AcuarioSupremus\" \/>\n<meta property=\"article:modified_time\" content=\"2025-12-30T20:42:58+00:00\" \/>\n<meta property=\"og:image\" content=\"https:\/\/acuariosupremus.com\/wp-content\/uploads\/2022\/05\/seachem_algae_scraper_02.jpg\" \/>\n\t<meta property=\"og:image:width\" content=\"1250\" \/>\n\t<meta property=\"og:image:height\" content=\"1250\" \/>\n\t<meta property=\"og:image:type\" content=\"image\/jpeg\" \/>\n<meta name=\"twitter:card\" content=\"summary_large_image\" \/>\n<meta name=\"twitter:site\" content=\"@AcuarioSupremus\" \/>\n<meta name=\"twitter:label1\" content=\"Tiempo de lectura\" \/>\n\t<meta name=\"twitter:data1\" content=\"1 minuto\" \/>\n<script type=\"application\/ld+json\" class=\"yoast-schema-graph\">{\"@context\":\"https:\\\/\\\/schema.org\",\"@graph\":[{\"@type\":\"WebPage\",\"@id\":\"https:\\\/\\\/acuariosupremus.com\\\/?product=algae-sraper-31-cm-rasqueta-ergonomica\",\"url\":\"https:\\\/\\\/acuariosupremus.com\\\/?product=algae-sraper-31-cm-rasqueta-ergonomica\",\"name\":\"Algae Sraper 31 cm, Rasqueta ergon\u00f3mica. | Acuario Supremus\",\"isPartOf\":{\"@id\":\"https:\\\/\\\/acuariosupremus.com\\\/#website\"},\"primaryImageOfPage\":{\"@id\":\"https:\\\/\\\/acuariosupremus.com\\\/?product=algae-sraper-31-cm-rasqueta-ergonomica#primaryimage\"},\"image\":{\"@id\":\"https:\\\/\\\/acuariosupremus.com\\\/?product=algae-sraper-31-cm-rasqueta-ergonomica#primaryimage\"},\"thumbnailUrl\":\"https:\\\/\\\/acuariosupremus.com\\\/wp-content\\\/uploads\\\/2022\\\/05\\\/seachem_algae_scraper_02.jpg\",\"datePublished\":\"2022-05-14T22:59:03+00:00\",\"dateModified\":\"2025-12-30T20:42:58+00:00\",\"description\":\"Algae Scraper\u2122 rasqueta ergon\u00f3mica 3 en 1 para limpiar las algas y la suciedad en las paredes de los acuarios de vidrio y acr\u00edlico si producir ralladuras.\",\"breadcrumb\":{\"@id\":\"https:\\\/\\\/acuariosupremus.com\\\/?product=algae-sraper-31-cm-rasqueta-ergonomica#breadcrumb\"},\"inLanguage\":\"es\",\"potentialAction\":[{\"@type\":\"ReadAction\",\"target\":[\"https:\\\/\\\/acuariosupremus.com\\\/?product=algae-sraper-31-cm-rasqueta-ergonomica\"]}]},{\"@type\":\"ImageObject\",\"inLanguage\":\"es\",\"@id\":\"https:\\\/\\\/acuariosupremus.com\\\/?product=algae-sraper-31-cm-rasqueta-ergonomica#primaryimage\",\"url\":\"https:\\\/\\\/acuariosupremus.com\\\/wp-content\\\/uploads\\\/2022\\\/05\\\/seachem_algae_scraper_02.jpg\",\"contentUrl\":\"https:\\\/\\\/acuariosupremus.com\\\/wp-content\\\/uploads\\\/2022\\\/05\\\/seachem_algae_scraper_02.jpg\",\"width\":1250,\"height\":1250},{\"@type\":\"BreadcrumbList\",\"@id\":\"https:\\\/\\\/acuariosupremus.com\\\/?product=algae-sraper-31-cm-rasqueta-ergonomica#breadcrumb\",\"itemListElement\":[{\"@type\":\"ListItem\",\"position\":1,\"name\":\"Portada\",\"item\":\"https:\\\/\\\/acuariosupremus.com\\\/\"},{\"@type\":\"ListItem\",\"position\":2,\"name\":\"Tienda\",\"item\":\"https:\\\/\\\/acuariosupremus.com\\\/tienda\\\/\"},{\"@type\":\"ListItem\",\"position\":3,\"name\":\"Algae Sraper 31 cm, Rasqueta ergon\u00f3mica.\"}]},{\"@type\":\"WebSite\",\"@id\":\"https:\\\/\\\/acuariosupremus.com\\\/#website\",\"url\":\"https:\\\/\\\/acuariosupremus.com\\\/\",\"name\":\"Acuario Supremus\",\"description\":\"Peces, Peceras y Mascotas.\",\"publisher\":{\"@id\":\"https:\\\/\\\/acuariosupremus.com\\\/#organization\"},\"potentialAction\":[{\"@type\":\"SearchAction\",\"target\":{\"@type\":\"EntryPoint\",\"urlTemplate\":\"https:\\\/\\\/acuariosupremus.com\\\/?s={search_term_string}\"},\"query-input\":{\"@type\":\"PropertyValueSpecification\",\"valueRequired\":true,\"valueName\":\"search_term_string\"}}],\"inLanguage\":\"es\"},{\"@type\":\"Organization\",\"@id\":\"https:\\\/\\\/acuariosupremus.com\\\/#organization\",\"name\":\"Acuario Supremus\",\"url\":\"https:\\\/\\\/acuariosupremus.com\\\/\",\"logo\":{\"@type\":\"ImageObject\",\"inLanguage\":\"es\",\"@id\":\"https:\\\/\\\/acuariosupremus.com\\\/#\\\/schema\\\/logo\\\/image\\\/\",\"url\":\"https:\\\/\\\/acuariosupremus.com\\\/wp-content\\\/uploads\\\/2021\\\/12\\\/cropped-logo_acuario_supremus_fn-2.png\",\"contentUrl\":\"https:\\\/\\\/acuariosupremus.com\\\/wp-content\\\/uploads\\\/2021\\\/12\\\/cropped-logo_acuario_supremus_fn-2.png\",\"width\":1000,\"height\":318,\"caption\":\"Acuario Supremus\"},\"image\":{\"@id\":\"https:\\\/\\\/acuariosupremus.com\\\/#\\\/schema\\\/logo\\\/image\\\/\"},\"sameAs\":[\"https:\\\/\\\/www.facebook.com\\\/AcuarioSupremus\",\"https:\\\/\\\/x.com\\\/AcuarioSupremus\",\"https:\\\/\\\/www.instagram.com\\\/acuariosupremus\\\/?hl=es\"]}]}<\/script>\n<!-- \/ Yoast SEO plugin. -->","yoast_head_json":{"title":"Algae Sraper 31 cm, Rasqueta ergon\u00f3mica. | Acuario Supremus","description":"Algae Scraper\u2122 rasqueta ergon\u00f3mica 3 en 1 para limpiar las algas y la suciedad en las paredes de los acuarios de vidrio y acr\u00edlico si producir ralladuras.","robots":{"index":"index","follow":"follow","max-snippet":"max-snippet:-1","max-image-preview":"max-image-preview:large","max-video-preview":"max-video-preview:-1"},"canonical":"https:\/\/acuariosupremus.com\/?product=algae-sraper-31-cm-rasqueta-ergonomica","og_locale":"es_MX","og_type":"article","og_title":"Algae Sraper 31 cm, Rasqueta ergon\u00f3mica. | Acuario Supremus","og_description":"Algae Scraper\u2122 rasqueta ergon\u00f3mica 3 en 1 para limpiar las algas y la suciedad en las paredes de los acuarios de vidrio y acr\u00edlico si producir ralladuras.","og_url":"https:\/\/acuariosupremus.com\/?product=algae-sraper-31-cm-rasqueta-ergonomica","og_site_name":"Acuario Supremus","article_publisher":"https:\/\/www.facebook.com\/AcuarioSupremus","article_modified_time":"2025-12-30T20:42:58+00:00","og_image":[{"width":1250,"height":1250,"url":"https:\/\/acuariosupremus.com\/wp-content\/uploads\/2022\/05\/seachem_algae_scraper_02.jpg","type":"image\/jpeg"}],"twitter_card":"summary_large_image","twitter_site":"@AcuarioSupremus","twitter_misc":{"Tiempo de lectura":"1 minuto"},"schema":{"@context":"https:\/\/schema.org","@graph":[{"@type":"WebPage","@id":"https:\/\/acuariosupremus.com\/?product=algae-sraper-31-cm-rasqueta-ergonomica","url":"https:\/\/acuariosupremus.com\/?product=algae-sraper-31-cm-rasqueta-ergonomica","name":"Algae Sraper 31 cm, Rasqueta ergon\u00f3mica. | Acuario Supremus","isPartOf":{"@id":"https:\/\/acuariosupremus.com\/#website"},"primaryImageOfPage":{"@id":"https:\/\/acuariosupremus.com\/?product=algae-sraper-31-cm-rasqueta-ergonomica#primaryimage"},"image":{"@id":"https:\/\/acuariosupremus.com\/?product=algae-sraper-31-cm-rasqueta-ergonomica#primaryimage"},"thumbnailUrl":"https:\/\/acuariosupremus.com\/wp-content\/uploads\/2022\/05\/seachem_algae_scraper_02.jpg","datePublished":"2022-05-14T22:59:03+00:00","dateModified":"2025-12-30T20:42:58+00:00","description":"Algae Scraper\u2122 rasqueta ergon\u00f3mica 3 en 1 para limpiar las algas y la suciedad en las paredes de los acuarios de vidrio y acr\u00edlico si producir ralladuras.","breadcrumb":{"@id":"https:\/\/acuariosupremus.com\/?product=algae-sraper-31-cm-rasqueta-ergonomica#breadcrumb"},"inLanguage":"es","potentialAction":[{"@type":"ReadAction","target":["https:\/\/acuariosupremus.com\/?product=algae-sraper-31-cm-rasqueta-ergonomica"]}]},{"@type":"ImageObject","inLanguage":"es","@id":"https:\/\/acuariosupremus.com\/?product=algae-sraper-31-cm-rasqueta-ergonomica#primaryimage","url":"https:\/\/acuariosupremus.com\/wp-content\/uploads\/2022\/05\/seachem_algae_scraper_02.jpg","contentUrl":"https:\/\/acuariosupremus.com\/wp-content\/uploads\/2022\/05\/seachem_algae_scraper_02.jpg","width":1250,"height":1250},{"@type":"BreadcrumbList","@id":"https:\/\/acuariosupremus.com\/?product=algae-sraper-31-cm-rasqueta-ergonomica#breadcrumb","itemListElement":[{"@type":"ListItem","position":1,"name":"Portada","item":"https:\/\/acuariosupremus.com\/"},{"@type":"ListItem","position":2,"name":"Tienda","item":"https:\/\/acuariosupremus.com\/tienda\/"},{"@type":"ListItem","position":3,"name":"Algae Sraper 31 cm, Rasqueta ergon\u00f3mica."}]},{"@type":"WebSite","@id":"https:\/\/acuariosupremus.com\/#website","url":"https:\/\/acuariosupremus.com\/","name":"Acuario Supremus","description":"Peces, Peceras y Mascotas.","publisher":{"@id":"https:\/\/acuariosupremus.com\/#organization"},"potentialAction":[{"@type":"SearchAction","target":{"@type":"EntryPoint","urlTemplate":"https:\/\/acuariosupremus.com\/?s={search_term_string}"},"query-input":{"@type":"PropertyValueSpecification","valueRequired":true,"valueName":"search_term_string"}}],"inLanguage":"es"},{"@type":"Organization","@id":"https:\/\/acuariosupremus.com\/#organization","name":"Acuario Supremus","url":"https:\/\/acuariosupremus.com\/","logo":{"@type":"ImageObject","inLanguage":"es","@id":"https:\/\/acuariosupremus.com\/#\/schema\/logo\/image\/","url":"https:\/\/acuariosupremus.com\/wp-content\/uploads\/2021\/12\/cropped-logo_acuario_supremus_fn-2.png","contentUrl":"https:\/\/acuariosupremus.com\/wp-content\/uploads\/2021\/12\/cropped-logo_acuario_supremus_fn-2.png","width":1000,"height":318,"caption":"Acuario Supremus"},"image":{"@id":"https:\/\/acuariosupremus.com\/#\/schema\/logo\/image\/"},"sameAs":["https:\/\/www.facebook.com\/AcuarioSupremus","https:\/\/x.com\/AcuarioSupremus","https:\/\/www.instagram.com\/acuariosupremus\/?hl=es"]}]}},"jetpack_sharing_enabled":true,"_links":{"self":[{"href":"https:\/\/acuariosupremus.com\/index.php?rest_route=\/wp\/v2\/product\/9591","targetHints":{"allow":["GET"]}}],"collection":[{"href":"https:\/\/acuariosupremus.com\/index.php?rest_route=\/wp\/v2\/product"}],"about":[{"href":"https:\/\/acuariosupremus.com\/index.php?rest_route=\/wp\/v2\/types\/product"}],"wp:featuredmedia":[{"embeddable":true,"href":"https:\/\/acuariosupremus.com\/index.php?rest_route=\/wp\/v2\/media\/9592"}],"wp:attachment":[{"href":"https:\/\/acuariosupremus.com\/index.php?rest_route=%2Fwp%2Fv2%2Fmedia&parent=9591"}],"wp:term":[{"taxonomy":"product_brand","embeddable":true,"href":"https:\/\/acuariosupremus.com\/index.php?rest_route=%2Fwp%2Fv2%2Fproduct_brand&post=9591"},{"taxonomy":"product_cat","embeddable":true,"href":"https:\/\/acuariosupremus.com\/index.php?rest_route=%2Fwp%2Fv2%2Fproduct_cat&post=9591"},{"taxonomy":"product_tag","embeddable":true,"href":"https:\/\/acuariosupremus.com\/index.php?rest_route=%2Fwp%2Fv2%2Fproduct_tag&post=9591"}],"curies":[{"name":"wp","href":"https:\/\/api.w.org\/{rel}","templated":true}]}}