{"id":9608,"date":"2022-05-14T19:25:10","date_gmt":"2022-05-15T00:25:10","guid":{"rendered":"https:\/\/acuariosupremus.com\/?post_type=product&#038;p=9608"},"modified":"2025-12-30T14:45:42","modified_gmt":"2025-12-30T20:45:42","slug":"algae-pad-15-mm-18-piezas","status":"publish","type":"product","link":"https:\/\/acuariosupremus.com\/?product=algae-pad-15-mm-18-piezas","title":{"rendered":"Algae Pad 15 mm (18 piezas)"},"content":{"rendered":"<p>Algae Pads se adapta perfectamente a la forma de las paredes del acuario para limpiar hasta los rincones m\u00e1s inaccesibles, siendo especialmente efectiva arrastrando las algas formadas dentro de las antiguas ralladuras. Su color blanco contrasta notablemente con el color oscuro de las algas, facilitando su detecci\u00f3n y eliminaci\u00f3n. Esta esponja es totalmente segura hasta con los organismos m\u00e1s sensibles, ya que no contiene detergentes, jabones o cualquier otro agente qu\u00edmico que pueda disolverse en el agua de su acuario.<\/p>\n<p>Nombre: Algae Pads Grosor unitario: 15 (mm.) Peso unitario 55 (gramos) Medidas unitarias: 114 x 65 x 15 (l x a x h mm.).<\/p>\n<p>&nbsp;<\/p>\n","protected":false},"excerpt":{"rendered":"<p>Algae Pads es una esponja especialmente dise\u00f1ada para limpiar las paredes de su acuario de una forma efectiva y segura, sin producir ara\u00f1azos en acuarios de vidrio o acr\u00edlico. Utiliza un material de melamina at\u00f3xica totalmente inerte al agua dulce o salada. Posee de una estructura micro-abrasiva que facilita una limpieza muy f\u00e1cil y r\u00e1pida.<\/p>\n","protected":false},"featured_media":9609,"template":"","meta":[],"product_brand":[123],"product_cat":[40,62],"product_tag":[864,259],"class_list":{"0":"post-9608","1":"product","2":"type-product","3":"status-publish","4":"has-post-thumbnail","6":"product_brand-seachem","7":"product_cat-peces","8":"product_cat-sifon-rasquetas-mantenimiento","9":"product_tag-algae-pad","10":"product_tag-rasqueta-acuario","12":"first","13":"instock","14":"sale","15":"shipping-taxable","16":"purchasable","17":"product-type-simple"},"yoast_head":"<!-- This site is optimized with the Yoast SEO plugin v27.4 - https:\/\/yoast.com\/product\/yoast-seo-wordpress\/ -->\n<title>Algae Pad 15 mm (18 piezas) | Acuario Supremus<\/title>\n<meta name=\"description\" content=\"Algae Pads es una esponja especialmente dise\u00f1ada para limpiar las paredes de su acuario sin producir ara\u00f1azos en acuarios de vidrio o acr\u00edlico.\" \/>\n<meta name=\"robots\" content=\"index, follow, max-snippet:-1, max-image-preview:large, max-video-preview:-1\" \/>\n<link rel=\"canonical\" href=\"https:\/\/acuariosupremus.com\/?product=algae-pad-15-mm-18-piezas\" \/>\n<meta property=\"og:locale\" content=\"es_MX\" \/>\n<meta property=\"og:type\" content=\"article\" \/>\n<meta property=\"og:title\" content=\"Algae Pad 15 mm (18 piezas) | Acuario Supremus\" \/>\n<meta property=\"og:description\" content=\"Algae Pads es una esponja especialmente dise\u00f1ada para limpiar las paredes de su acuario sin producir ara\u00f1azos en acuarios de vidrio o acr\u00edlico.\" \/>\n<meta property=\"og:url\" content=\"https:\/\/acuariosupremus.com\/?product=algae-pad-15-mm-18-piezas\" \/>\n<meta property=\"og:site_name\" content=\"Acuario Supremus\" \/>\n<meta property=\"article:publisher\" content=\"https:\/\/www.facebook.com\/AcuarioSupremus\" \/>\n<meta property=\"article:modified_time\" content=\"2025-12-30T20:45:42+00:00\" \/>\n<meta property=\"og:image\" content=\"https:\/\/acuariosupremus.com\/wp-content\/uploads\/2022\/05\/seachem_algae-pads_02.jpg\" \/>\n\t<meta property=\"og:image:width\" content=\"1250\" \/>\n\t<meta property=\"og:image:height\" content=\"1250\" \/>\n\t<meta property=\"og:image:type\" content=\"image\/jpeg\" \/>\n<meta name=\"twitter:card\" content=\"summary_large_image\" \/>\n<meta name=\"twitter:site\" content=\"@AcuarioSupremus\" \/>\n<meta name=\"twitter:label1\" content=\"Tiempo de lectura\" \/>\n\t<meta name=\"twitter:data1\" content=\"1 minuto\" \/>\n<script type=\"application\/ld+json\" class=\"yoast-schema-graph\">{\"@context\":\"https:\\\/\\\/schema.org\",\"@graph\":[{\"@type\":\"WebPage\",\"@id\":\"https:\\\/\\\/acuariosupremus.com\\\/?product=algae-pad-15-mm-18-piezas\",\"url\":\"https:\\\/\\\/acuariosupremus.com\\\/?product=algae-pad-15-mm-18-piezas\",\"name\":\"Algae Pad 15 mm (18 piezas) | Acuario Supremus\",\"isPartOf\":{\"@id\":\"https:\\\/\\\/acuariosupremus.com\\\/#website\"},\"primaryImageOfPage\":{\"@id\":\"https:\\\/\\\/acuariosupremus.com\\\/?product=algae-pad-15-mm-18-piezas#primaryimage\"},\"image\":{\"@id\":\"https:\\\/\\\/acuariosupremus.com\\\/?product=algae-pad-15-mm-18-piezas#primaryimage\"},\"thumbnailUrl\":\"https:\\\/\\\/acuariosupremus.com\\\/wp-content\\\/uploads\\\/2022\\\/05\\\/seachem_algae-pads_02.jpg\",\"datePublished\":\"2022-05-15T00:25:10+00:00\",\"dateModified\":\"2025-12-30T20:45:42+00:00\",\"description\":\"Algae Pads es una esponja especialmente dise\u00f1ada para limpiar las paredes de su acuario sin producir ara\u00f1azos en acuarios de vidrio o acr\u00edlico.\",\"breadcrumb\":{\"@id\":\"https:\\\/\\\/acuariosupremus.com\\\/?product=algae-pad-15-mm-18-piezas#breadcrumb\"},\"inLanguage\":\"es\",\"potentialAction\":[{\"@type\":\"ReadAction\",\"target\":[\"https:\\\/\\\/acuariosupremus.com\\\/?product=algae-pad-15-mm-18-piezas\"]}]},{\"@type\":\"ImageObject\",\"inLanguage\":\"es\",\"@id\":\"https:\\\/\\\/acuariosupremus.com\\\/?product=algae-pad-15-mm-18-piezas#primaryimage\",\"url\":\"https:\\\/\\\/acuariosupremus.com\\\/wp-content\\\/uploads\\\/2022\\\/05\\\/seachem_algae-pads_02.jpg\",\"contentUrl\":\"https:\\\/\\\/acuariosupremus.com\\\/wp-content\\\/uploads\\\/2022\\\/05\\\/seachem_algae-pads_02.jpg\",\"width\":1250,\"height\":1250},{\"@type\":\"BreadcrumbList\",\"@id\":\"https:\\\/\\\/acuariosupremus.com\\\/?product=algae-pad-15-mm-18-piezas#breadcrumb\",\"itemListElement\":[{\"@type\":\"ListItem\",\"position\":1,\"name\":\"Portada\",\"item\":\"https:\\\/\\\/acuariosupremus.com\\\/\"},{\"@type\":\"ListItem\",\"position\":2,\"name\":\"Tienda\",\"item\":\"https:\\\/\\\/acuariosupremus.com\\\/tienda\\\/\"},{\"@type\":\"ListItem\",\"position\":3,\"name\":\"Algae Pad 15 mm (18 piezas)\"}]},{\"@type\":\"WebSite\",\"@id\":\"https:\\\/\\\/acuariosupremus.com\\\/#website\",\"url\":\"https:\\\/\\\/acuariosupremus.com\\\/\",\"name\":\"Acuario Supremus\",\"description\":\"Peces, Peceras y Mascotas.\",\"publisher\":{\"@id\":\"https:\\\/\\\/acuariosupremus.com\\\/#organization\"},\"potentialAction\":[{\"@type\":\"SearchAction\",\"target\":{\"@type\":\"EntryPoint\",\"urlTemplate\":\"https:\\\/\\\/acuariosupremus.com\\\/?s={search_term_string}\"},\"query-input\":{\"@type\":\"PropertyValueSpecification\",\"valueRequired\":true,\"valueName\":\"search_term_string\"}}],\"inLanguage\":\"es\"},{\"@type\":\"Organization\",\"@id\":\"https:\\\/\\\/acuariosupremus.com\\\/#organization\",\"name\":\"Acuario Supremus\",\"url\":\"https:\\\/\\\/acuariosupremus.com\\\/\",\"logo\":{\"@type\":\"ImageObject\",\"inLanguage\":\"es\",\"@id\":\"https:\\\/\\\/acuariosupremus.com\\\/#\\\/schema\\\/logo\\\/image\\\/\",\"url\":\"https:\\\/\\\/acuariosupremus.com\\\/wp-content\\\/uploads\\\/2021\\\/12\\\/cropped-logo_acuario_supremus_fn-2.png\",\"contentUrl\":\"https:\\\/\\\/acuariosupremus.com\\\/wp-content\\\/uploads\\\/2021\\\/12\\\/cropped-logo_acuario_supremus_fn-2.png\",\"width\":1000,\"height\":318,\"caption\":\"Acuario Supremus\"},\"image\":{\"@id\":\"https:\\\/\\\/acuariosupremus.com\\\/#\\\/schema\\\/logo\\\/image\\\/\"},\"sameAs\":[\"https:\\\/\\\/www.facebook.com\\\/AcuarioSupremus\",\"https:\\\/\\\/x.com\\\/AcuarioSupremus\",\"https:\\\/\\\/www.instagram.com\\\/acuariosupremus\\\/?hl=es\"]}]}<\/script>\n<!-- \/ Yoast SEO plugin. -->","yoast_head_json":{"title":"Algae Pad 15 mm (18 piezas) | Acuario Supremus","description":"Algae Pads es una esponja especialmente dise\u00f1ada para limpiar las paredes de su acuario sin producir ara\u00f1azos en acuarios de vidrio o acr\u00edlico.","robots":{"index":"index","follow":"follow","max-snippet":"max-snippet:-1","max-image-preview":"max-image-preview:large","max-video-preview":"max-video-preview:-1"},"canonical":"https:\/\/acuariosupremus.com\/?product=algae-pad-15-mm-18-piezas","og_locale":"es_MX","og_type":"article","og_title":"Algae Pad 15 mm (18 piezas) | Acuario Supremus","og_description":"Algae Pads es una esponja especialmente dise\u00f1ada para limpiar las paredes de su acuario sin producir ara\u00f1azos en acuarios de vidrio o acr\u00edlico.","og_url":"https:\/\/acuariosupremus.com\/?product=algae-pad-15-mm-18-piezas","og_site_name":"Acuario Supremus","article_publisher":"https:\/\/www.facebook.com\/AcuarioSupremus","article_modified_time":"2025-12-30T20:45:42+00:00","og_image":[{"width":1250,"height":1250,"url":"https:\/\/acuariosupremus.com\/wp-content\/uploads\/2022\/05\/seachem_algae-pads_02.jpg","type":"image\/jpeg"}],"twitter_card":"summary_large_image","twitter_site":"@AcuarioSupremus","twitter_misc":{"Tiempo de lectura":"1 minuto"},"schema":{"@context":"https:\/\/schema.org","@graph":[{"@type":"WebPage","@id":"https:\/\/acuariosupremus.com\/?product=algae-pad-15-mm-18-piezas","url":"https:\/\/acuariosupremus.com\/?product=algae-pad-15-mm-18-piezas","name":"Algae Pad 15 mm (18 piezas) | Acuario Supremus","isPartOf":{"@id":"https:\/\/acuariosupremus.com\/#website"},"primaryImageOfPage":{"@id":"https:\/\/acuariosupremus.com\/?product=algae-pad-15-mm-18-piezas#primaryimage"},"image":{"@id":"https:\/\/acuariosupremus.com\/?product=algae-pad-15-mm-18-piezas#primaryimage"},"thumbnailUrl":"https:\/\/acuariosupremus.com\/wp-content\/uploads\/2022\/05\/seachem_algae-pads_02.jpg","datePublished":"2022-05-15T00:25:10+00:00","dateModified":"2025-12-30T20:45:42+00:00","description":"Algae Pads es una esponja especialmente dise\u00f1ada para limpiar las paredes de su acuario sin producir ara\u00f1azos en acuarios de vidrio o acr\u00edlico.","breadcrumb":{"@id":"https:\/\/acuariosupremus.com\/?product=algae-pad-15-mm-18-piezas#breadcrumb"},"inLanguage":"es","potentialAction":[{"@type":"ReadAction","target":["https:\/\/acuariosupremus.com\/?product=algae-pad-15-mm-18-piezas"]}]},{"@type":"ImageObject","inLanguage":"es","@id":"https:\/\/acuariosupremus.com\/?product=algae-pad-15-mm-18-piezas#primaryimage","url":"https:\/\/acuariosupremus.com\/wp-content\/uploads\/2022\/05\/seachem_algae-pads_02.jpg","contentUrl":"https:\/\/acuariosupremus.com\/wp-content\/uploads\/2022\/05\/seachem_algae-pads_02.jpg","width":1250,"height":1250},{"@type":"BreadcrumbList","@id":"https:\/\/acuariosupremus.com\/?product=algae-pad-15-mm-18-piezas#breadcrumb","itemListElement":[{"@type":"ListItem","position":1,"name":"Portada","item":"https:\/\/acuariosupremus.com\/"},{"@type":"ListItem","position":2,"name":"Tienda","item":"https:\/\/acuariosupremus.com\/tienda\/"},{"@type":"ListItem","position":3,"name":"Algae Pad 15 mm (18 piezas)"}]},{"@type":"WebSite","@id":"https:\/\/acuariosupremus.com\/#website","url":"https:\/\/acuariosupremus.com\/","name":"Acuario Supremus","description":"Peces, Peceras y Mascotas.","publisher":{"@id":"https:\/\/acuariosupremus.com\/#organization"},"potentialAction":[{"@type":"SearchAction","target":{"@type":"EntryPoint","urlTemplate":"https:\/\/acuariosupremus.com\/?s={search_term_string}"},"query-input":{"@type":"PropertyValueSpecification","valueRequired":true,"valueName":"search_term_string"}}],"inLanguage":"es"},{"@type":"Organization","@id":"https:\/\/acuariosupremus.com\/#organization","name":"Acuario Supremus","url":"https:\/\/acuariosupremus.com\/","logo":{"@type":"ImageObject","inLanguage":"es","@id":"https:\/\/acuariosupremus.com\/#\/schema\/logo\/image\/","url":"https:\/\/acuariosupremus.com\/wp-content\/uploads\/2021\/12\/cropped-logo_acuario_supremus_fn-2.png","contentUrl":"https:\/\/acuariosupremus.com\/wp-content\/uploads\/2021\/12\/cropped-logo_acuario_supremus_fn-2.png","width":1000,"height":318,"caption":"Acuario Supremus"},"image":{"@id":"https:\/\/acuariosupremus.com\/#\/schema\/logo\/image\/"},"sameAs":["https:\/\/www.facebook.com\/AcuarioSupremus","https:\/\/x.com\/AcuarioSupremus","https:\/\/www.instagram.com\/acuariosupremus\/?hl=es"]}]}},"jetpack_sharing_enabled":true,"_links":{"self":[{"href":"https:\/\/acuariosupremus.com\/index.php?rest_route=\/wp\/v2\/product\/9608","targetHints":{"allow":["GET"]}}],"collection":[{"href":"https:\/\/acuariosupremus.com\/index.php?rest_route=\/wp\/v2\/product"}],"about":[{"href":"https:\/\/acuariosupremus.com\/index.php?rest_route=\/wp\/v2\/types\/product"}],"wp:featuredmedia":[{"embeddable":true,"href":"https:\/\/acuariosupremus.com\/index.php?rest_route=\/wp\/v2\/media\/9609"}],"wp:attachment":[{"href":"https:\/\/acuariosupremus.com\/index.php?rest_route=%2Fwp%2Fv2%2Fmedia&parent=9608"}],"wp:term":[{"taxonomy":"product_brand","embeddable":true,"href":"https:\/\/acuariosupremus.com\/index.php?rest_route=%2Fwp%2Fv2%2Fproduct_brand&post=9608"},{"taxonomy":"product_cat","embeddable":true,"href":"https:\/\/acuariosupremus.com\/index.php?rest_route=%2Fwp%2Fv2%2Fproduct_cat&post=9608"},{"taxonomy":"product_tag","embeddable":true,"href":"https:\/\/acuariosupremus.com\/index.php?rest_route=%2Fwp%2Fv2%2Fproduct_tag&post=9608"}],"curies":[{"name":"wp","href":"https:\/\/api.w.org\/{rel}","templated":true}]}}