{"id":9630,"date":"2022-05-14T20:05:42","date_gmt":"2022-05-15T01:05:42","guid":{"rendered":"https:\/\/acuariosupremus.com\/?post_type=product&#038;p=9630"},"modified":"2025-12-30T14:48:12","modified_gmt":"2025-12-30T20:48:12","slug":"grey-coast-10-kg-calcita-sustrato-marino","status":"publish","type":"product","link":"https:\/\/acuariosupremus.com\/?product=grey-coast-10-kg-calcita-sustrato-marino","title":{"rendered":"Grey Coast 10 kg, Calcita sustrato marino."},"content":{"rendered":"<p>Simplemente enjuague esta grava antes de usarla para descartar cualquier polvo residual. Para determinar el n\u00famero de bolsas necesarias para su acuario, tenga en cuenta que cada bolsa de 9 kg, ocupa un volumen de 6.000 cm3 Para determinar el volumen deseado multiplique el ancho tanque por su largo y por profundidad de grava deseada. El nuevo formato de bolsa de 3.5 kg usa un pl\u00e1stico mucho m\u00e1s robusto y viene equipado con un sistema de drenaje que permite enjuagar la grava sin necesidad de sacarla de la bolsa.<\/p>\n<p>Nombre: Gray Coast . Tama\u00f1o: 370 x 330 x 60 mm. (l x a x h) Peso: 9.840 (Kg.).<\/p>\n<p>&nbsp;<\/p>\n","protected":false},"excerpt":{"rendered":"<p>Gray Coast \u2122 es un sustrato natural de Calcita 100% para todo tipo de acuarios marinos y de arrecife. Su composici\u00f3n qu\u00edmica ayudar\u00e1 a estabilizar el calcio y la alcalinidad ayudando a evitar fuertes ca\u00eddas de pH.A diferencia de los productos competidores &#8220;humedos&#8221; comercializados bajo el pretexto de ser &#8220;sustratos vivos&#8221;, Gray Coast \u2122 se vende seco, as\u00ed usted paga s\u00f3lo por la grava y no por una innecesaria agua. Esta bolsa contiene un 35% m\u00e1s de grava que las versiones \u201ch\u00famedas\u201ddel mismo peso. Estos productos anuncian que contienen \u201canimales vivos microsc\u00f3picos\u201d, cuando en realidad s\u00f3lo contienen bacterias comunes. Ya sea en seco o en mojado, hay siempre bacterias disponibles en cada sustrato. Si la intenci\u00f3n es la de acortar el ciclo de maduraci\u00f3n en un acuario nuevo, es mucho m\u00e1s conveniente usar un producto espec\u00edfico para tal fin como Stability\u00ae de Seachem.<\/p>\n","protected":false},"featured_media":9631,"template":"","meta":[],"product_brand":[123],"product_cat":[40,94,63],"product_tag":[873,874,185,868],"class_list":{"0":"post-9630","1":"product","2":"type-product","3":"status-publish","4":"has-post-thumbnail","6":"product_brand-seachem","7":"product_cat-peces","8":"product_cat-arrecife","9":"product_cat-sustratos-y-gravas","10":"product_tag-calcita-sustrato-marino","11":"product_tag-grey-coast","12":"product_tag-peces-marinos","13":"product_tag-sustrato-marino","15":"first","16":"instock","17":"sale","18":"shipping-taxable","19":"purchasable","20":"product-type-simple"},"yoast_head":"<!-- This site is optimized with the Yoast SEO plugin v27.4 - https:\/\/yoast.com\/product\/yoast-seo-wordpress\/ -->\n<title>Grey Coast 10 kg, Calcita sustrato marino. | Acuario Supremus<\/title>\n<meta name=\"description\" content=\"Gray Coast \u2122 es un sustrato natural de Calcita 100% para todo tipo de acuarios marinos y de arrecife.\" \/>\n<meta name=\"robots\" content=\"index, follow, max-snippet:-1, max-image-preview:large, max-video-preview:-1\" \/>\n<link rel=\"canonical\" href=\"https:\/\/acuariosupremus.com\/?product=grey-coast-10-kg-calcita-sustrato-marino\" \/>\n<meta property=\"og:locale\" content=\"es_MX\" \/>\n<meta property=\"og:type\" content=\"article\" \/>\n<meta property=\"og:title\" content=\"Grey Coast 10 kg, Calcita sustrato marino. | Acuario Supremus\" \/>\n<meta property=\"og:description\" content=\"Gray Coast \u2122 es un sustrato natural de Calcita 100% para todo tipo de acuarios marinos y de arrecife.\" \/>\n<meta property=\"og:url\" content=\"https:\/\/acuariosupremus.com\/?product=grey-coast-10-kg-calcita-sustrato-marino\" \/>\n<meta property=\"og:site_name\" content=\"Acuario Supremus\" \/>\n<meta property=\"article:publisher\" content=\"https:\/\/www.facebook.com\/AcuarioSupremus\" \/>\n<meta property=\"article:modified_time\" content=\"2025-12-30T20:48:12+00:00\" \/>\n<meta property=\"og:image\" content=\"https:\/\/acuariosupremus.com\/wp-content\/uploads\/2022\/05\/seachem_gray_coast_01.jpg\" \/>\n\t<meta property=\"og:image:width\" content=\"1250\" \/>\n\t<meta property=\"og:image:height\" content=\"1250\" \/>\n\t<meta property=\"og:image:type\" content=\"image\/jpeg\" \/>\n<meta name=\"twitter:card\" content=\"summary_large_image\" \/>\n<meta name=\"twitter:site\" content=\"@AcuarioSupremus\" \/>\n<meta name=\"twitter:label1\" content=\"Tiempo de lectura\" \/>\n\t<meta name=\"twitter:data1\" content=\"1 minuto\" \/>\n<script type=\"application\/ld+json\" class=\"yoast-schema-graph\">{\"@context\":\"https:\\\/\\\/schema.org\",\"@graph\":[{\"@type\":\"WebPage\",\"@id\":\"https:\\\/\\\/acuariosupremus.com\\\/?product=grey-coast-10-kg-calcita-sustrato-marino\",\"url\":\"https:\\\/\\\/acuariosupremus.com\\\/?product=grey-coast-10-kg-calcita-sustrato-marino\",\"name\":\"Grey Coast 10 kg, Calcita sustrato marino. | Acuario Supremus\",\"isPartOf\":{\"@id\":\"https:\\\/\\\/acuariosupremus.com\\\/#website\"},\"primaryImageOfPage\":{\"@id\":\"https:\\\/\\\/acuariosupremus.com\\\/?product=grey-coast-10-kg-calcita-sustrato-marino#primaryimage\"},\"image\":{\"@id\":\"https:\\\/\\\/acuariosupremus.com\\\/?product=grey-coast-10-kg-calcita-sustrato-marino#primaryimage\"},\"thumbnailUrl\":\"https:\\\/\\\/acuariosupremus.com\\\/wp-content\\\/uploads\\\/2022\\\/05\\\/seachem_gray_coast_01.jpg\",\"datePublished\":\"2022-05-15T01:05:42+00:00\",\"dateModified\":\"2025-12-30T20:48:12+00:00\",\"description\":\"Gray Coast \u2122 es un sustrato natural de Calcita 100% para todo tipo de acuarios marinos y de arrecife.\",\"breadcrumb\":{\"@id\":\"https:\\\/\\\/acuariosupremus.com\\\/?product=grey-coast-10-kg-calcita-sustrato-marino#breadcrumb\"},\"inLanguage\":\"es\",\"potentialAction\":[{\"@type\":\"ReadAction\",\"target\":[\"https:\\\/\\\/acuariosupremus.com\\\/?product=grey-coast-10-kg-calcita-sustrato-marino\"]}]},{\"@type\":\"ImageObject\",\"inLanguage\":\"es\",\"@id\":\"https:\\\/\\\/acuariosupremus.com\\\/?product=grey-coast-10-kg-calcita-sustrato-marino#primaryimage\",\"url\":\"https:\\\/\\\/acuariosupremus.com\\\/wp-content\\\/uploads\\\/2022\\\/05\\\/seachem_gray_coast_01.jpg\",\"contentUrl\":\"https:\\\/\\\/acuariosupremus.com\\\/wp-content\\\/uploads\\\/2022\\\/05\\\/seachem_gray_coast_01.jpg\",\"width\":1250,\"height\":1250},{\"@type\":\"BreadcrumbList\",\"@id\":\"https:\\\/\\\/acuariosupremus.com\\\/?product=grey-coast-10-kg-calcita-sustrato-marino#breadcrumb\",\"itemListElement\":[{\"@type\":\"ListItem\",\"position\":1,\"name\":\"Portada\",\"item\":\"https:\\\/\\\/acuariosupremus.com\\\/\"},{\"@type\":\"ListItem\",\"position\":2,\"name\":\"Tienda\",\"item\":\"https:\\\/\\\/acuariosupremus.com\\\/tienda\\\/\"},{\"@type\":\"ListItem\",\"position\":3,\"name\":\"Grey Coast 10 kg, Calcita sustrato marino.\"}]},{\"@type\":\"WebSite\",\"@id\":\"https:\\\/\\\/acuariosupremus.com\\\/#website\",\"url\":\"https:\\\/\\\/acuariosupremus.com\\\/\",\"name\":\"Acuario Supremus\",\"description\":\"Peces, Peceras y Mascotas.\",\"publisher\":{\"@id\":\"https:\\\/\\\/acuariosupremus.com\\\/#organization\"},\"potentialAction\":[{\"@type\":\"SearchAction\",\"target\":{\"@type\":\"EntryPoint\",\"urlTemplate\":\"https:\\\/\\\/acuariosupremus.com\\\/?s={search_term_string}\"},\"query-input\":{\"@type\":\"PropertyValueSpecification\",\"valueRequired\":true,\"valueName\":\"search_term_string\"}}],\"inLanguage\":\"es\"},{\"@type\":\"Organization\",\"@id\":\"https:\\\/\\\/acuariosupremus.com\\\/#organization\",\"name\":\"Acuario Supremus\",\"url\":\"https:\\\/\\\/acuariosupremus.com\\\/\",\"logo\":{\"@type\":\"ImageObject\",\"inLanguage\":\"es\",\"@id\":\"https:\\\/\\\/acuariosupremus.com\\\/#\\\/schema\\\/logo\\\/image\\\/\",\"url\":\"https:\\\/\\\/acuariosupremus.com\\\/wp-content\\\/uploads\\\/2021\\\/12\\\/cropped-logo_acuario_supremus_fn-2.png\",\"contentUrl\":\"https:\\\/\\\/acuariosupremus.com\\\/wp-content\\\/uploads\\\/2021\\\/12\\\/cropped-logo_acuario_supremus_fn-2.png\",\"width\":1000,\"height\":318,\"caption\":\"Acuario Supremus\"},\"image\":{\"@id\":\"https:\\\/\\\/acuariosupremus.com\\\/#\\\/schema\\\/logo\\\/image\\\/\"},\"sameAs\":[\"https:\\\/\\\/www.facebook.com\\\/AcuarioSupremus\",\"https:\\\/\\\/x.com\\\/AcuarioSupremus\",\"https:\\\/\\\/www.instagram.com\\\/acuariosupremus\\\/?hl=es\"]}]}<\/script>\n<!-- \/ Yoast SEO plugin. -->","yoast_head_json":{"title":"Grey Coast 10 kg, Calcita sustrato marino. | Acuario Supremus","description":"Gray Coast \u2122 es un sustrato natural de Calcita 100% para todo tipo de acuarios marinos y de arrecife.","robots":{"index":"index","follow":"follow","max-snippet":"max-snippet:-1","max-image-preview":"max-image-preview:large","max-video-preview":"max-video-preview:-1"},"canonical":"https:\/\/acuariosupremus.com\/?product=grey-coast-10-kg-calcita-sustrato-marino","og_locale":"es_MX","og_type":"article","og_title":"Grey Coast 10 kg, Calcita sustrato marino. | Acuario Supremus","og_description":"Gray Coast \u2122 es un sustrato natural de Calcita 100% para todo tipo de acuarios marinos y de arrecife.","og_url":"https:\/\/acuariosupremus.com\/?product=grey-coast-10-kg-calcita-sustrato-marino","og_site_name":"Acuario Supremus","article_publisher":"https:\/\/www.facebook.com\/AcuarioSupremus","article_modified_time":"2025-12-30T20:48:12+00:00","og_image":[{"width":1250,"height":1250,"url":"https:\/\/acuariosupremus.com\/wp-content\/uploads\/2022\/05\/seachem_gray_coast_01.jpg","type":"image\/jpeg"}],"twitter_card":"summary_large_image","twitter_site":"@AcuarioSupremus","twitter_misc":{"Tiempo de lectura":"1 minuto"},"schema":{"@context":"https:\/\/schema.org","@graph":[{"@type":"WebPage","@id":"https:\/\/acuariosupremus.com\/?product=grey-coast-10-kg-calcita-sustrato-marino","url":"https:\/\/acuariosupremus.com\/?product=grey-coast-10-kg-calcita-sustrato-marino","name":"Grey Coast 10 kg, Calcita sustrato marino. | Acuario Supremus","isPartOf":{"@id":"https:\/\/acuariosupremus.com\/#website"},"primaryImageOfPage":{"@id":"https:\/\/acuariosupremus.com\/?product=grey-coast-10-kg-calcita-sustrato-marino#primaryimage"},"image":{"@id":"https:\/\/acuariosupremus.com\/?product=grey-coast-10-kg-calcita-sustrato-marino#primaryimage"},"thumbnailUrl":"https:\/\/acuariosupremus.com\/wp-content\/uploads\/2022\/05\/seachem_gray_coast_01.jpg","datePublished":"2022-05-15T01:05:42+00:00","dateModified":"2025-12-30T20:48:12+00:00","description":"Gray Coast \u2122 es un sustrato natural de Calcita 100% para todo tipo de acuarios marinos y de arrecife.","breadcrumb":{"@id":"https:\/\/acuariosupremus.com\/?product=grey-coast-10-kg-calcita-sustrato-marino#breadcrumb"},"inLanguage":"es","potentialAction":[{"@type":"ReadAction","target":["https:\/\/acuariosupremus.com\/?product=grey-coast-10-kg-calcita-sustrato-marino"]}]},{"@type":"ImageObject","inLanguage":"es","@id":"https:\/\/acuariosupremus.com\/?product=grey-coast-10-kg-calcita-sustrato-marino#primaryimage","url":"https:\/\/acuariosupremus.com\/wp-content\/uploads\/2022\/05\/seachem_gray_coast_01.jpg","contentUrl":"https:\/\/acuariosupremus.com\/wp-content\/uploads\/2022\/05\/seachem_gray_coast_01.jpg","width":1250,"height":1250},{"@type":"BreadcrumbList","@id":"https:\/\/acuariosupremus.com\/?product=grey-coast-10-kg-calcita-sustrato-marino#breadcrumb","itemListElement":[{"@type":"ListItem","position":1,"name":"Portada","item":"https:\/\/acuariosupremus.com\/"},{"@type":"ListItem","position":2,"name":"Tienda","item":"https:\/\/acuariosupremus.com\/tienda\/"},{"@type":"ListItem","position":3,"name":"Grey Coast 10 kg, Calcita sustrato marino."}]},{"@type":"WebSite","@id":"https:\/\/acuariosupremus.com\/#website","url":"https:\/\/acuariosupremus.com\/","name":"Acuario Supremus","description":"Peces, Peceras y Mascotas.","publisher":{"@id":"https:\/\/acuariosupremus.com\/#organization"},"potentialAction":[{"@type":"SearchAction","target":{"@type":"EntryPoint","urlTemplate":"https:\/\/acuariosupremus.com\/?s={search_term_string}"},"query-input":{"@type":"PropertyValueSpecification","valueRequired":true,"valueName":"search_term_string"}}],"inLanguage":"es"},{"@type":"Organization","@id":"https:\/\/acuariosupremus.com\/#organization","name":"Acuario Supremus","url":"https:\/\/acuariosupremus.com\/","logo":{"@type":"ImageObject","inLanguage":"es","@id":"https:\/\/acuariosupremus.com\/#\/schema\/logo\/image\/","url":"https:\/\/acuariosupremus.com\/wp-content\/uploads\/2021\/12\/cropped-logo_acuario_supremus_fn-2.png","contentUrl":"https:\/\/acuariosupremus.com\/wp-content\/uploads\/2021\/12\/cropped-logo_acuario_supremus_fn-2.png","width":1000,"height":318,"caption":"Acuario Supremus"},"image":{"@id":"https:\/\/acuariosupremus.com\/#\/schema\/logo\/image\/"},"sameAs":["https:\/\/www.facebook.com\/AcuarioSupremus","https:\/\/x.com\/AcuarioSupremus","https:\/\/www.instagram.com\/acuariosupremus\/?hl=es"]}]}},"jetpack_sharing_enabled":true,"_links":{"self":[{"href":"https:\/\/acuariosupremus.com\/index.php?rest_route=\/wp\/v2\/product\/9630","targetHints":{"allow":["GET"]}}],"collection":[{"href":"https:\/\/acuariosupremus.com\/index.php?rest_route=\/wp\/v2\/product"}],"about":[{"href":"https:\/\/acuariosupremus.com\/index.php?rest_route=\/wp\/v2\/types\/product"}],"wp:featuredmedia":[{"embeddable":true,"href":"https:\/\/acuariosupremus.com\/index.php?rest_route=\/wp\/v2\/media\/9631"}],"wp:attachment":[{"href":"https:\/\/acuariosupremus.com\/index.php?rest_route=%2Fwp%2Fv2%2Fmedia&parent=9630"}],"wp:term":[{"taxonomy":"product_brand","embeddable":true,"href":"https:\/\/acuariosupremus.com\/index.php?rest_route=%2Fwp%2Fv2%2Fproduct_brand&post=9630"},{"taxonomy":"product_cat","embeddable":true,"href":"https:\/\/acuariosupremus.com\/index.php?rest_route=%2Fwp%2Fv2%2Fproduct_cat&post=9630"},{"taxonomy":"product_tag","embeddable":true,"href":"https:\/\/acuariosupremus.com\/index.php?rest_route=%2Fwp%2Fv2%2Fproduct_tag&post=9630"}],"curies":[{"name":"wp","href":"https:\/\/api.w.org\/{rel}","templated":true}]}}