{"id":9644,"date":"2022-05-14T20:34:32","date_gmt":"2022-05-15T01:34:32","guid":{"rendered":"https:\/\/acuariosupremus.com\/?post_type=product&#038;p=9644"},"modified":"2025-12-30T14:50:14","modified_gmt":"2025-12-30T20:50:14","slug":"flourite-dark-7-kg-sustrato-fertilizado","status":"publish","type":"product","link":"https:\/\/acuariosupremus.com\/?product=flourite-dark-7-kg-sustrato-fertilizado","title":{"rendered":"Flourite dark 7 kg, Sustrato fertilizado."},"content":{"rendered":"<p>A diferencia de otros productos de la competencia, Flourite DarkTM no necesita modificadores de la grava tales como la laterita y nunca debe ser sustituido. Por el contrario, seguir\u00e1 siendo eficaz para la vida del acuario mucho tiempo. Flourite DarkTM no est\u00e1 qu\u00edmicamente tratado ni recubierto y nunca alterar\u00e1 el pH del agua. Aunque est\u00e1 previamente lavado, puede ser aclarado antes de su uso para descartar el polvo residual. Si no desea hacerlo, la turbidez que pudiera ocasionar este polvo puede minimizarse llenando el acuario poco a poco dispersando el agua para que el lecho de Flourite DarkTM no se remueva. Una ligera turbidez inicial es normal y se aclarar\u00e1 r\u00e1pidamente, entre 2 y 12 horas. Para acortar el per\u00edodo de turbidez utilice Clarity \u2122 en combinaci\u00f3n con filtrado mec\u00e1nico fino.<\/p>\n<p>Nombre: Flourite Dark. Tama\u00f1o: 330 x 370 x 50 mm. (l x a x h) Peso: 7 (Kg.)<\/p>\n<p>&nbsp;<\/p>\n","protected":false},"excerpt":{"rendered":"<p>Flourite DarkTM es un sustrato fertilizado especial para acuarios plantados. Est\u00e1 compuesto por una grava de arcilla porosa y estable, fracturada de manera especial para los acuarios plantados. Aunque su aspecto es el m\u00e1s adecuado para acuarios plantados, puede utilizarse en cualquier otro entorno de acuario. Flourite DarkTM es m\u00e1s eficaz cuando se utiliza solo como un sustrato integral, aunque puede ser mezclado igualmente con otras gravas.<\/p>\n","protected":false},"featured_media":9645,"template":"","meta":[],"product_brand":[123],"product_cat":[40,56,63],"product_tag":[878,866,865],"class_list":{"0":"post-9644","1":"product","2":"type-product","3":"status-publish","4":"has-post-thumbnail","6":"product_brand-seachem","7":"product_cat-peces","8":"product_cat-plantas-naturales","9":"product_cat-sustratos-y-gravas","10":"product_tag-flourite-dark","11":"product_tag-sustrato-fertilizado","12":"product_tag-sustrato-para-plantas","14":"first","15":"instock","16":"sale","17":"shipping-taxable","18":"purchasable","19":"product-type-simple"},"yoast_head":"<!-- This site is optimized with the Yoast SEO plugin v27.4 - https:\/\/yoast.com\/product\/yoast-seo-wordpress\/ -->\n<title>Flourite dark 7 kg, Sustrato fertilizado. | Acuario Supremus<\/title>\n<meta name=\"description\" content=\"Flourite Dark es un sustrato fertilizado Est\u00e1 compuesto por una grava de arcilla porosa y estable, fracturada de manera especial para los acuarios plantados.\" \/>\n<meta name=\"robots\" content=\"index, follow, max-snippet:-1, max-image-preview:large, max-video-preview:-1\" \/>\n<link rel=\"canonical\" href=\"https:\/\/acuariosupremus.com\/?product=flourite-dark-7-kg-sustrato-fertilizado\" \/>\n<meta property=\"og:locale\" content=\"es_MX\" \/>\n<meta property=\"og:type\" content=\"article\" \/>\n<meta property=\"og:title\" content=\"Flourite dark 7 kg, Sustrato fertilizado. | Acuario Supremus\" \/>\n<meta property=\"og:description\" content=\"Flourite Dark es un sustrato fertilizado Est\u00e1 compuesto por una grava de arcilla porosa y estable, fracturada de manera especial para los acuarios plantados.\" \/>\n<meta property=\"og:url\" content=\"https:\/\/acuariosupremus.com\/?product=flourite-dark-7-kg-sustrato-fertilizado\" \/>\n<meta property=\"og:site_name\" content=\"Acuario Supremus\" \/>\n<meta property=\"article:publisher\" content=\"https:\/\/www.facebook.com\/AcuarioSupremus\" \/>\n<meta property=\"article:modified_time\" content=\"2025-12-30T20:50:14+00:00\" \/>\n<meta property=\"og:image\" content=\"https:\/\/acuariosupremus.com\/wp-content\/uploads\/2022\/05\/seachem_flourite_dark_01.jpg\" \/>\n\t<meta property=\"og:image:width\" content=\"1250\" \/>\n\t<meta property=\"og:image:height\" content=\"1250\" \/>\n\t<meta property=\"og:image:type\" content=\"image\/jpeg\" \/>\n<meta name=\"twitter:card\" content=\"summary_large_image\" \/>\n<meta name=\"twitter:site\" content=\"@AcuarioSupremus\" \/>\n<meta name=\"twitter:label1\" content=\"Tiempo de lectura\" \/>\n\t<meta name=\"twitter:data1\" content=\"1 minuto\" \/>\n<script type=\"application\/ld+json\" class=\"yoast-schema-graph\">{\"@context\":\"https:\\\/\\\/schema.org\",\"@graph\":[{\"@type\":\"WebPage\",\"@id\":\"https:\\\/\\\/acuariosupremus.com\\\/?product=flourite-dark-7-kg-sustrato-fertilizado\",\"url\":\"https:\\\/\\\/acuariosupremus.com\\\/?product=flourite-dark-7-kg-sustrato-fertilizado\",\"name\":\"Flourite dark 7 kg, Sustrato fertilizado. | Acuario Supremus\",\"isPartOf\":{\"@id\":\"https:\\\/\\\/acuariosupremus.com\\\/#website\"},\"primaryImageOfPage\":{\"@id\":\"https:\\\/\\\/acuariosupremus.com\\\/?product=flourite-dark-7-kg-sustrato-fertilizado#primaryimage\"},\"image\":{\"@id\":\"https:\\\/\\\/acuariosupremus.com\\\/?product=flourite-dark-7-kg-sustrato-fertilizado#primaryimage\"},\"thumbnailUrl\":\"https:\\\/\\\/acuariosupremus.com\\\/wp-content\\\/uploads\\\/2022\\\/05\\\/seachem_flourite_dark_01.jpg\",\"datePublished\":\"2022-05-15T01:34:32+00:00\",\"dateModified\":\"2025-12-30T20:50:14+00:00\",\"description\":\"Flourite Dark es un sustrato fertilizado Est\u00e1 compuesto por una grava de arcilla porosa y estable, fracturada de manera especial para los acuarios plantados.\",\"breadcrumb\":{\"@id\":\"https:\\\/\\\/acuariosupremus.com\\\/?product=flourite-dark-7-kg-sustrato-fertilizado#breadcrumb\"},\"inLanguage\":\"es\",\"potentialAction\":[{\"@type\":\"ReadAction\",\"target\":[\"https:\\\/\\\/acuariosupremus.com\\\/?product=flourite-dark-7-kg-sustrato-fertilizado\"]}]},{\"@type\":\"ImageObject\",\"inLanguage\":\"es\",\"@id\":\"https:\\\/\\\/acuariosupremus.com\\\/?product=flourite-dark-7-kg-sustrato-fertilizado#primaryimage\",\"url\":\"https:\\\/\\\/acuariosupremus.com\\\/wp-content\\\/uploads\\\/2022\\\/05\\\/seachem_flourite_dark_01.jpg\",\"contentUrl\":\"https:\\\/\\\/acuariosupremus.com\\\/wp-content\\\/uploads\\\/2022\\\/05\\\/seachem_flourite_dark_01.jpg\",\"width\":1250,\"height\":1250},{\"@type\":\"BreadcrumbList\",\"@id\":\"https:\\\/\\\/acuariosupremus.com\\\/?product=flourite-dark-7-kg-sustrato-fertilizado#breadcrumb\",\"itemListElement\":[{\"@type\":\"ListItem\",\"position\":1,\"name\":\"Portada\",\"item\":\"https:\\\/\\\/acuariosupremus.com\\\/\"},{\"@type\":\"ListItem\",\"position\":2,\"name\":\"Tienda\",\"item\":\"https:\\\/\\\/acuariosupremus.com\\\/tienda\\\/\"},{\"@type\":\"ListItem\",\"position\":3,\"name\":\"Flourite dark 7 kg, Sustrato fertilizado.\"}]},{\"@type\":\"WebSite\",\"@id\":\"https:\\\/\\\/acuariosupremus.com\\\/#website\",\"url\":\"https:\\\/\\\/acuariosupremus.com\\\/\",\"name\":\"Acuario Supremus\",\"description\":\"Peces, Peceras y Mascotas.\",\"publisher\":{\"@id\":\"https:\\\/\\\/acuariosupremus.com\\\/#organization\"},\"potentialAction\":[{\"@type\":\"SearchAction\",\"target\":{\"@type\":\"EntryPoint\",\"urlTemplate\":\"https:\\\/\\\/acuariosupremus.com\\\/?s={search_term_string}\"},\"query-input\":{\"@type\":\"PropertyValueSpecification\",\"valueRequired\":true,\"valueName\":\"search_term_string\"}}],\"inLanguage\":\"es\"},{\"@type\":\"Organization\",\"@id\":\"https:\\\/\\\/acuariosupremus.com\\\/#organization\",\"name\":\"Acuario Supremus\",\"url\":\"https:\\\/\\\/acuariosupremus.com\\\/\",\"logo\":{\"@type\":\"ImageObject\",\"inLanguage\":\"es\",\"@id\":\"https:\\\/\\\/acuariosupremus.com\\\/#\\\/schema\\\/logo\\\/image\\\/\",\"url\":\"https:\\\/\\\/acuariosupremus.com\\\/wp-content\\\/uploads\\\/2021\\\/12\\\/cropped-logo_acuario_supremus_fn-2.png\",\"contentUrl\":\"https:\\\/\\\/acuariosupremus.com\\\/wp-content\\\/uploads\\\/2021\\\/12\\\/cropped-logo_acuario_supremus_fn-2.png\",\"width\":1000,\"height\":318,\"caption\":\"Acuario Supremus\"},\"image\":{\"@id\":\"https:\\\/\\\/acuariosupremus.com\\\/#\\\/schema\\\/logo\\\/image\\\/\"},\"sameAs\":[\"https:\\\/\\\/www.facebook.com\\\/AcuarioSupremus\",\"https:\\\/\\\/x.com\\\/AcuarioSupremus\",\"https:\\\/\\\/www.instagram.com\\\/acuariosupremus\\\/?hl=es\"]}]}<\/script>\n<!-- \/ Yoast SEO plugin. -->","yoast_head_json":{"title":"Flourite dark 7 kg, Sustrato fertilizado. | Acuario Supremus","description":"Flourite Dark es un sustrato fertilizado Est\u00e1 compuesto por una grava de arcilla porosa y estable, fracturada de manera especial para los acuarios plantados.","robots":{"index":"index","follow":"follow","max-snippet":"max-snippet:-1","max-image-preview":"max-image-preview:large","max-video-preview":"max-video-preview:-1"},"canonical":"https:\/\/acuariosupremus.com\/?product=flourite-dark-7-kg-sustrato-fertilizado","og_locale":"es_MX","og_type":"article","og_title":"Flourite dark 7 kg, Sustrato fertilizado. | Acuario Supremus","og_description":"Flourite Dark es un sustrato fertilizado Est\u00e1 compuesto por una grava de arcilla porosa y estable, fracturada de manera especial para los acuarios plantados.","og_url":"https:\/\/acuariosupremus.com\/?product=flourite-dark-7-kg-sustrato-fertilizado","og_site_name":"Acuario Supremus","article_publisher":"https:\/\/www.facebook.com\/AcuarioSupremus","article_modified_time":"2025-12-30T20:50:14+00:00","og_image":[{"width":1250,"height":1250,"url":"https:\/\/acuariosupremus.com\/wp-content\/uploads\/2022\/05\/seachem_flourite_dark_01.jpg","type":"image\/jpeg"}],"twitter_card":"summary_large_image","twitter_site":"@AcuarioSupremus","twitter_misc":{"Tiempo de lectura":"1 minuto"},"schema":{"@context":"https:\/\/schema.org","@graph":[{"@type":"WebPage","@id":"https:\/\/acuariosupremus.com\/?product=flourite-dark-7-kg-sustrato-fertilizado","url":"https:\/\/acuariosupremus.com\/?product=flourite-dark-7-kg-sustrato-fertilizado","name":"Flourite dark 7 kg, Sustrato fertilizado. | Acuario Supremus","isPartOf":{"@id":"https:\/\/acuariosupremus.com\/#website"},"primaryImageOfPage":{"@id":"https:\/\/acuariosupremus.com\/?product=flourite-dark-7-kg-sustrato-fertilizado#primaryimage"},"image":{"@id":"https:\/\/acuariosupremus.com\/?product=flourite-dark-7-kg-sustrato-fertilizado#primaryimage"},"thumbnailUrl":"https:\/\/acuariosupremus.com\/wp-content\/uploads\/2022\/05\/seachem_flourite_dark_01.jpg","datePublished":"2022-05-15T01:34:32+00:00","dateModified":"2025-12-30T20:50:14+00:00","description":"Flourite Dark es un sustrato fertilizado Est\u00e1 compuesto por una grava de arcilla porosa y estable, fracturada de manera especial para los acuarios plantados.","breadcrumb":{"@id":"https:\/\/acuariosupremus.com\/?product=flourite-dark-7-kg-sustrato-fertilizado#breadcrumb"},"inLanguage":"es","potentialAction":[{"@type":"ReadAction","target":["https:\/\/acuariosupremus.com\/?product=flourite-dark-7-kg-sustrato-fertilizado"]}]},{"@type":"ImageObject","inLanguage":"es","@id":"https:\/\/acuariosupremus.com\/?product=flourite-dark-7-kg-sustrato-fertilizado#primaryimage","url":"https:\/\/acuariosupremus.com\/wp-content\/uploads\/2022\/05\/seachem_flourite_dark_01.jpg","contentUrl":"https:\/\/acuariosupremus.com\/wp-content\/uploads\/2022\/05\/seachem_flourite_dark_01.jpg","width":1250,"height":1250},{"@type":"BreadcrumbList","@id":"https:\/\/acuariosupremus.com\/?product=flourite-dark-7-kg-sustrato-fertilizado#breadcrumb","itemListElement":[{"@type":"ListItem","position":1,"name":"Portada","item":"https:\/\/acuariosupremus.com\/"},{"@type":"ListItem","position":2,"name":"Tienda","item":"https:\/\/acuariosupremus.com\/tienda\/"},{"@type":"ListItem","position":3,"name":"Flourite dark 7 kg, Sustrato fertilizado."}]},{"@type":"WebSite","@id":"https:\/\/acuariosupremus.com\/#website","url":"https:\/\/acuariosupremus.com\/","name":"Acuario Supremus","description":"Peces, Peceras y Mascotas.","publisher":{"@id":"https:\/\/acuariosupremus.com\/#organization"},"potentialAction":[{"@type":"SearchAction","target":{"@type":"EntryPoint","urlTemplate":"https:\/\/acuariosupremus.com\/?s={search_term_string}"},"query-input":{"@type":"PropertyValueSpecification","valueRequired":true,"valueName":"search_term_string"}}],"inLanguage":"es"},{"@type":"Organization","@id":"https:\/\/acuariosupremus.com\/#organization","name":"Acuario Supremus","url":"https:\/\/acuariosupremus.com\/","logo":{"@type":"ImageObject","inLanguage":"es","@id":"https:\/\/acuariosupremus.com\/#\/schema\/logo\/image\/","url":"https:\/\/acuariosupremus.com\/wp-content\/uploads\/2021\/12\/cropped-logo_acuario_supremus_fn-2.png","contentUrl":"https:\/\/acuariosupremus.com\/wp-content\/uploads\/2021\/12\/cropped-logo_acuario_supremus_fn-2.png","width":1000,"height":318,"caption":"Acuario Supremus"},"image":{"@id":"https:\/\/acuariosupremus.com\/#\/schema\/logo\/image\/"},"sameAs":["https:\/\/www.facebook.com\/AcuarioSupremus","https:\/\/x.com\/AcuarioSupremus","https:\/\/www.instagram.com\/acuariosupremus\/?hl=es"]}]}},"jetpack_sharing_enabled":true,"_links":{"self":[{"href":"https:\/\/acuariosupremus.com\/index.php?rest_route=\/wp\/v2\/product\/9644","targetHints":{"allow":["GET"]}}],"collection":[{"href":"https:\/\/acuariosupremus.com\/index.php?rest_route=\/wp\/v2\/product"}],"about":[{"href":"https:\/\/acuariosupremus.com\/index.php?rest_route=\/wp\/v2\/types\/product"}],"wp:featuredmedia":[{"embeddable":true,"href":"https:\/\/acuariosupremus.com\/index.php?rest_route=\/wp\/v2\/media\/9645"}],"wp:attachment":[{"href":"https:\/\/acuariosupremus.com\/index.php?rest_route=%2Fwp%2Fv2%2Fmedia&parent=9644"}],"wp:term":[{"taxonomy":"product_brand","embeddable":true,"href":"https:\/\/acuariosupremus.com\/index.php?rest_route=%2Fwp%2Fv2%2Fproduct_brand&post=9644"},{"taxonomy":"product_cat","embeddable":true,"href":"https:\/\/acuariosupremus.com\/index.php?rest_route=%2Fwp%2Fv2%2Fproduct_cat&post=9644"},{"taxonomy":"product_tag","embeddable":true,"href":"https:\/\/acuariosupremus.com\/index.php?rest_route=%2Fwp%2Fv2%2Fproduct_tag&post=9644"}],"curies":[{"name":"wp","href":"https:\/\/api.w.org\/{rel}","templated":true}]}}