{"id":9649,"date":"2022-05-17T14:39:23","date_gmt":"2022-05-17T19:39:23","guid":{"rendered":"https:\/\/acuariosupremus.com\/?post_type=product&#038;p=9649"},"modified":"2025-12-30T16:01:31","modified_gmt":"2025-12-30T22:01:31","slug":"plato-de-cristal-para-alimentar-camarones-y-peces","status":"publish","type":"product","link":"https:\/\/acuariosupremus.com\/?product=plato-de-cristal-para-alimentar-camarones-y-peces","title":{"rendered":"Plato de cristal para alimentar camarones y peces."},"content":{"rendered":"<p>Este plato est\u00e1 fabricado en vidrio de alta calidad para ofrecer una transparencia absoluta y una higiene perfecta de los alimentos, as\u00ed como una gran durabilidad y discreci\u00f3n en el acuario para poder ser colocado de forma permanente sin romper con la est\u00e9tica de su decoraci\u00f3n.<\/p>\n<p>Material: Vidrio\u00a0 Medidas:\u00a0 68 x 68 x 15 (l x a x h mm) Medidas con embalaje: 90 x 173 x 22 (mm) Peso: 25 (grs.) Peso con embalaje: 35 (grs.).<\/p>\n","protected":false},"excerpt":{"rendered":"<p>Este plato para alimentaci\u00f3n resuelve uno de los problemas m\u00e1s acusados en ciertas especies bent\u00f3nicas de peces e invertebrados que se alimentan lentamente. Este sistema permite que otras especies m\u00e1s voraces muestren menos inter\u00e9s sobre estos alimentos al llevarlos directamente al fondo. Est\u00e1 especialmente indicado para camarones y caracoles tanto de agua dulce como salada, pero ciertas especies de peces de fondo que se alimentan lentamente tambi\u00e9n pueden beneficiarse de esta rutina alimentaria evitando potenciales competidores por el alimento en su acuario.<\/p>\n","protected":false},"featured_media":9651,"template":"","meta":[],"product_brand":[127],"product_cat":[40,43],"product_tag":[575,185,206,879],"class_list":{"0":"post-9649","1":"product","2":"type-product","3":"status-publish","4":"has-post-thumbnail","6":"product_brand-ista","7":"product_cat-peces","8":"product_cat-alimentos","9":"product_tag-gambas","10":"product_tag-peces-marinos","11":"product_tag-peces-tropicales","12":"product_tag-plato-de-cristal-para-alimentar-camarones-y-peces","14":"first","15":"instock","16":"sale","17":"shipping-taxable","18":"purchasable","19":"product-type-simple"},"yoast_head":"<!-- This site is optimized with the Yoast SEO plugin v27.4 - https:\/\/yoast.com\/product\/yoast-seo-wordpress\/ -->\n<title>Plato de cristal para alimentar camarones y peces. | Acuario Supremus<\/title>\n<meta name=\"description\" content=\"Este plato para alimentaci\u00f3n resuelve uno de los problemas m\u00e1s acusados en ciertas especies bent\u00f3nicas de peces e invertebrados que se alimentan lentamente.\" \/>\n<meta name=\"robots\" content=\"index, follow, max-snippet:-1, max-image-preview:large, max-video-preview:-1\" \/>\n<link rel=\"canonical\" href=\"https:\/\/acuariosupremus.com\/?product=plato-de-cristal-para-alimentar-camarones-y-peces\" \/>\n<meta property=\"og:locale\" content=\"es_MX\" \/>\n<meta property=\"og:type\" content=\"article\" \/>\n<meta property=\"og:title\" content=\"Plato de cristal para alimentar camarones y peces. | Acuario Supremus\" \/>\n<meta property=\"og:description\" content=\"Este plato para alimentaci\u00f3n resuelve uno de los problemas m\u00e1s acusados en ciertas especies bent\u00f3nicas de peces e invertebrados que se alimentan lentamente.\" \/>\n<meta property=\"og:url\" content=\"https:\/\/acuariosupremus.com\/?product=plato-de-cristal-para-alimentar-camarones-y-peces\" \/>\n<meta property=\"og:site_name\" content=\"Acuario Supremus\" \/>\n<meta property=\"article:publisher\" content=\"https:\/\/www.facebook.com\/AcuarioSupremus\" \/>\n<meta property=\"article:modified_time\" content=\"2025-12-30T22:01:31+00:00\" \/>\n<meta property=\"og:image\" content=\"https:\/\/acuariosupremus.com\/wp-content\/uploads\/2022\/05\/if-724_bandeja_alimentar_camarones_03.jpg\" \/>\n\t<meta property=\"og:image:width\" content=\"1250\" \/>\n\t<meta property=\"og:image:height\" content=\"1250\" \/>\n\t<meta property=\"og:image:type\" content=\"image\/jpeg\" \/>\n<meta name=\"twitter:card\" content=\"summary_large_image\" \/>\n<meta name=\"twitter:site\" content=\"@AcuarioSupremus\" \/>\n<meta name=\"twitter:label1\" content=\"Tiempo de lectura\" \/>\n\t<meta name=\"twitter:data1\" content=\"1 minuto\" \/>\n<script type=\"application\/ld+json\" class=\"yoast-schema-graph\">{\"@context\":\"https:\\\/\\\/schema.org\",\"@graph\":[{\"@type\":\"WebPage\",\"@id\":\"https:\\\/\\\/acuariosupremus.com\\\/?product=plato-de-cristal-para-alimentar-camarones-y-peces\",\"url\":\"https:\\\/\\\/acuariosupremus.com\\\/?product=plato-de-cristal-para-alimentar-camarones-y-peces\",\"name\":\"Plato de cristal para alimentar camarones y peces. | Acuario Supremus\",\"isPartOf\":{\"@id\":\"https:\\\/\\\/acuariosupremus.com\\\/#website\"},\"primaryImageOfPage\":{\"@id\":\"https:\\\/\\\/acuariosupremus.com\\\/?product=plato-de-cristal-para-alimentar-camarones-y-peces#primaryimage\"},\"image\":{\"@id\":\"https:\\\/\\\/acuariosupremus.com\\\/?product=plato-de-cristal-para-alimentar-camarones-y-peces#primaryimage\"},\"thumbnailUrl\":\"https:\\\/\\\/acuariosupremus.com\\\/wp-content\\\/uploads\\\/2022\\\/05\\\/if-724_bandeja_alimentar_camarones_03.jpg\",\"datePublished\":\"2022-05-17T19:39:23+00:00\",\"dateModified\":\"2025-12-30T22:01:31+00:00\",\"description\":\"Este plato para alimentaci\u00f3n resuelve uno de los problemas m\u00e1s acusados en ciertas especies bent\u00f3nicas de peces e invertebrados que se alimentan lentamente.\",\"breadcrumb\":{\"@id\":\"https:\\\/\\\/acuariosupremus.com\\\/?product=plato-de-cristal-para-alimentar-camarones-y-peces#breadcrumb\"},\"inLanguage\":\"es\",\"potentialAction\":[{\"@type\":\"ReadAction\",\"target\":[\"https:\\\/\\\/acuariosupremus.com\\\/?product=plato-de-cristal-para-alimentar-camarones-y-peces\"]}]},{\"@type\":\"ImageObject\",\"inLanguage\":\"es\",\"@id\":\"https:\\\/\\\/acuariosupremus.com\\\/?product=plato-de-cristal-para-alimentar-camarones-y-peces#primaryimage\",\"url\":\"https:\\\/\\\/acuariosupremus.com\\\/wp-content\\\/uploads\\\/2022\\\/05\\\/if-724_bandeja_alimentar_camarones_03.jpg\",\"contentUrl\":\"https:\\\/\\\/acuariosupremus.com\\\/wp-content\\\/uploads\\\/2022\\\/05\\\/if-724_bandeja_alimentar_camarones_03.jpg\",\"width\":1250,\"height\":1250},{\"@type\":\"BreadcrumbList\",\"@id\":\"https:\\\/\\\/acuariosupremus.com\\\/?product=plato-de-cristal-para-alimentar-camarones-y-peces#breadcrumb\",\"itemListElement\":[{\"@type\":\"ListItem\",\"position\":1,\"name\":\"Portada\",\"item\":\"https:\\\/\\\/acuariosupremus.com\\\/\"},{\"@type\":\"ListItem\",\"position\":2,\"name\":\"Tienda\",\"item\":\"https:\\\/\\\/acuariosupremus.com\\\/tienda\\\/\"},{\"@type\":\"ListItem\",\"position\":3,\"name\":\"Plato de cristal para alimentar camarones y peces.\"}]},{\"@type\":\"WebSite\",\"@id\":\"https:\\\/\\\/acuariosupremus.com\\\/#website\",\"url\":\"https:\\\/\\\/acuariosupremus.com\\\/\",\"name\":\"Acuario Supremus\",\"description\":\"Peces, Peceras y Mascotas.\",\"publisher\":{\"@id\":\"https:\\\/\\\/acuariosupremus.com\\\/#organization\"},\"potentialAction\":[{\"@type\":\"SearchAction\",\"target\":{\"@type\":\"EntryPoint\",\"urlTemplate\":\"https:\\\/\\\/acuariosupremus.com\\\/?s={search_term_string}\"},\"query-input\":{\"@type\":\"PropertyValueSpecification\",\"valueRequired\":true,\"valueName\":\"search_term_string\"}}],\"inLanguage\":\"es\"},{\"@type\":\"Organization\",\"@id\":\"https:\\\/\\\/acuariosupremus.com\\\/#organization\",\"name\":\"Acuario Supremus\",\"url\":\"https:\\\/\\\/acuariosupremus.com\\\/\",\"logo\":{\"@type\":\"ImageObject\",\"inLanguage\":\"es\",\"@id\":\"https:\\\/\\\/acuariosupremus.com\\\/#\\\/schema\\\/logo\\\/image\\\/\",\"url\":\"https:\\\/\\\/acuariosupremus.com\\\/wp-content\\\/uploads\\\/2021\\\/12\\\/cropped-logo_acuario_supremus_fn-2.png\",\"contentUrl\":\"https:\\\/\\\/acuariosupremus.com\\\/wp-content\\\/uploads\\\/2021\\\/12\\\/cropped-logo_acuario_supremus_fn-2.png\",\"width\":1000,\"height\":318,\"caption\":\"Acuario Supremus\"},\"image\":{\"@id\":\"https:\\\/\\\/acuariosupremus.com\\\/#\\\/schema\\\/logo\\\/image\\\/\"},\"sameAs\":[\"https:\\\/\\\/www.facebook.com\\\/AcuarioSupremus\",\"https:\\\/\\\/x.com\\\/AcuarioSupremus\",\"https:\\\/\\\/www.instagram.com\\\/acuariosupremus\\\/?hl=es\"]}]}<\/script>\n<!-- \/ Yoast SEO plugin. -->","yoast_head_json":{"title":"Plato de cristal para alimentar camarones y peces. | Acuario Supremus","description":"Este plato para alimentaci\u00f3n resuelve uno de los problemas m\u00e1s acusados en ciertas especies bent\u00f3nicas de peces e invertebrados que se alimentan lentamente.","robots":{"index":"index","follow":"follow","max-snippet":"max-snippet:-1","max-image-preview":"max-image-preview:large","max-video-preview":"max-video-preview:-1"},"canonical":"https:\/\/acuariosupremus.com\/?product=plato-de-cristal-para-alimentar-camarones-y-peces","og_locale":"es_MX","og_type":"article","og_title":"Plato de cristal para alimentar camarones y peces. | Acuario Supremus","og_description":"Este plato para alimentaci\u00f3n resuelve uno de los problemas m\u00e1s acusados en ciertas especies bent\u00f3nicas de peces e invertebrados que se alimentan lentamente.","og_url":"https:\/\/acuariosupremus.com\/?product=plato-de-cristal-para-alimentar-camarones-y-peces","og_site_name":"Acuario Supremus","article_publisher":"https:\/\/www.facebook.com\/AcuarioSupremus","article_modified_time":"2025-12-30T22:01:31+00:00","og_image":[{"width":1250,"height":1250,"url":"https:\/\/acuariosupremus.com\/wp-content\/uploads\/2022\/05\/if-724_bandeja_alimentar_camarones_03.jpg","type":"image\/jpeg"}],"twitter_card":"summary_large_image","twitter_site":"@AcuarioSupremus","twitter_misc":{"Tiempo de lectura":"1 minuto"},"schema":{"@context":"https:\/\/schema.org","@graph":[{"@type":"WebPage","@id":"https:\/\/acuariosupremus.com\/?product=plato-de-cristal-para-alimentar-camarones-y-peces","url":"https:\/\/acuariosupremus.com\/?product=plato-de-cristal-para-alimentar-camarones-y-peces","name":"Plato de cristal para alimentar camarones y peces. | Acuario Supremus","isPartOf":{"@id":"https:\/\/acuariosupremus.com\/#website"},"primaryImageOfPage":{"@id":"https:\/\/acuariosupremus.com\/?product=plato-de-cristal-para-alimentar-camarones-y-peces#primaryimage"},"image":{"@id":"https:\/\/acuariosupremus.com\/?product=plato-de-cristal-para-alimentar-camarones-y-peces#primaryimage"},"thumbnailUrl":"https:\/\/acuariosupremus.com\/wp-content\/uploads\/2022\/05\/if-724_bandeja_alimentar_camarones_03.jpg","datePublished":"2022-05-17T19:39:23+00:00","dateModified":"2025-12-30T22:01:31+00:00","description":"Este plato para alimentaci\u00f3n resuelve uno de los problemas m\u00e1s acusados en ciertas especies bent\u00f3nicas de peces e invertebrados que se alimentan lentamente.","breadcrumb":{"@id":"https:\/\/acuariosupremus.com\/?product=plato-de-cristal-para-alimentar-camarones-y-peces#breadcrumb"},"inLanguage":"es","potentialAction":[{"@type":"ReadAction","target":["https:\/\/acuariosupremus.com\/?product=plato-de-cristal-para-alimentar-camarones-y-peces"]}]},{"@type":"ImageObject","inLanguage":"es","@id":"https:\/\/acuariosupremus.com\/?product=plato-de-cristal-para-alimentar-camarones-y-peces#primaryimage","url":"https:\/\/acuariosupremus.com\/wp-content\/uploads\/2022\/05\/if-724_bandeja_alimentar_camarones_03.jpg","contentUrl":"https:\/\/acuariosupremus.com\/wp-content\/uploads\/2022\/05\/if-724_bandeja_alimentar_camarones_03.jpg","width":1250,"height":1250},{"@type":"BreadcrumbList","@id":"https:\/\/acuariosupremus.com\/?product=plato-de-cristal-para-alimentar-camarones-y-peces#breadcrumb","itemListElement":[{"@type":"ListItem","position":1,"name":"Portada","item":"https:\/\/acuariosupremus.com\/"},{"@type":"ListItem","position":2,"name":"Tienda","item":"https:\/\/acuariosupremus.com\/tienda\/"},{"@type":"ListItem","position":3,"name":"Plato de cristal para alimentar camarones y peces."}]},{"@type":"WebSite","@id":"https:\/\/acuariosupremus.com\/#website","url":"https:\/\/acuariosupremus.com\/","name":"Acuario Supremus","description":"Peces, Peceras y Mascotas.","publisher":{"@id":"https:\/\/acuariosupremus.com\/#organization"},"potentialAction":[{"@type":"SearchAction","target":{"@type":"EntryPoint","urlTemplate":"https:\/\/acuariosupremus.com\/?s={search_term_string}"},"query-input":{"@type":"PropertyValueSpecification","valueRequired":true,"valueName":"search_term_string"}}],"inLanguage":"es"},{"@type":"Organization","@id":"https:\/\/acuariosupremus.com\/#organization","name":"Acuario Supremus","url":"https:\/\/acuariosupremus.com\/","logo":{"@type":"ImageObject","inLanguage":"es","@id":"https:\/\/acuariosupremus.com\/#\/schema\/logo\/image\/","url":"https:\/\/acuariosupremus.com\/wp-content\/uploads\/2021\/12\/cropped-logo_acuario_supremus_fn-2.png","contentUrl":"https:\/\/acuariosupremus.com\/wp-content\/uploads\/2021\/12\/cropped-logo_acuario_supremus_fn-2.png","width":1000,"height":318,"caption":"Acuario Supremus"},"image":{"@id":"https:\/\/acuariosupremus.com\/#\/schema\/logo\/image\/"},"sameAs":["https:\/\/www.facebook.com\/AcuarioSupremus","https:\/\/x.com\/AcuarioSupremus","https:\/\/www.instagram.com\/acuariosupremus\/?hl=es"]}]}},"jetpack_sharing_enabled":true,"_links":{"self":[{"href":"https:\/\/acuariosupremus.com\/index.php?rest_route=\/wp\/v2\/product\/9649","targetHints":{"allow":["GET"]}}],"collection":[{"href":"https:\/\/acuariosupremus.com\/index.php?rest_route=\/wp\/v2\/product"}],"about":[{"href":"https:\/\/acuariosupremus.com\/index.php?rest_route=\/wp\/v2\/types\/product"}],"wp:featuredmedia":[{"embeddable":true,"href":"https:\/\/acuariosupremus.com\/index.php?rest_route=\/wp\/v2\/media\/9651"}],"wp:attachment":[{"href":"https:\/\/acuariosupremus.com\/index.php?rest_route=%2Fwp%2Fv2%2Fmedia&parent=9649"}],"wp:term":[{"taxonomy":"product_brand","embeddable":true,"href":"https:\/\/acuariosupremus.com\/index.php?rest_route=%2Fwp%2Fv2%2Fproduct_brand&post=9649"},{"taxonomy":"product_cat","embeddable":true,"href":"https:\/\/acuariosupremus.com\/index.php?rest_route=%2Fwp%2Fv2%2Fproduct_cat&post=9649"},{"taxonomy":"product_tag","embeddable":true,"href":"https:\/\/acuariosupremus.com\/index.php?rest_route=%2Fwp%2Fv2%2Fproduct_tag&post=9649"}],"curies":[{"name":"wp","href":"https:\/\/api.w.org\/{rel}","templated":true}]}}