{"id":9661,"date":"2022-05-17T15:13:27","date_gmt":"2022-05-17T20:13:27","guid":{"rendered":"https:\/\/acuariosupremus.com\/?post_type=product&#038;p=9661"},"modified":"2025-12-30T16:02:07","modified_gmt":"2025-12-30T22:02:07","slug":"pegamento-instantaneo-para-uso-en-acuarios-2-piezas","status":"publish","type":"product","link":"https:\/\/acuariosupremus.com\/?product=pegamento-instantaneo-para-uso-en-acuarios-2-piezas","title":{"rendered":"Pegamento instant\u00e1neo para uso en acuarios (2 piezas)."},"content":{"rendered":"<p>Se presenta en un tubo de aluminio para extender su vida \u00fatil y propiedades m\u00e1s all\u00e1 que otros adhesivos contenidos en envases de pl\u00e1stico, ya que este adhesivo es de alta calidad y no se secar\u00e1 dentro del tubo. Tiene una densidad y consistencia mayor que la de otros adhesivos comerciales para facilitar la labor de fijaci\u00f3n de objetos incluso us\u00e1ndolo fuera del agua.<\/p>\n<p>Presentaci\u00f3n: 2 x 4 gramos\u00a0 Rendimiento Por tubo: 4-8 uniones x 2 Tiempo de secado: 15 segundos Principio activo:\u00a0 Cianoacrilato Medidas: 90 x 21 x 10 (l x a x h mm) Medidas con embalaje: 95 x 160 x 18 (mm) Peso:\u00a0 10 x 2 (grs.) Peso con embalaje: 30 (grs.).<\/p>\n","protected":false},"excerpt":{"rendered":"<p>Instant Glue Es un gel adhesivo especial con base de cianoacrilato de calidad Premium dise\u00f1ado para el montaje y fijaci\u00f3n de colonias y fragmentos de coral a rocas vivas o elementos de soporte espec\u00edficos. Este adhesivo reacciona en segundos incluso bajo el agua, con excelentes propiedades de retenci\u00f3n y durabilidad, dando la posibilidad de controlar la uni\u00f3n con precisi\u00f3n mientras fragua. Este pegamento instant\u00e1neo puede usarse sin riesgo en todo tipo de acuarios para unir cualquier superficie tanto dentro como fuera del agua. Es 100% qu\u00edmicamente inerte al agua y tambi\u00e9n es compatible con acuarios de agua dulce<\/p>\n","protected":false},"featured_media":9662,"template":"","meta":[],"product_brand":[127],"product_cat":[40,94],"product_tag":[780,849],"class_list":{"0":"post-9661","1":"product","2":"type-product","3":"status-publish","4":"has-post-thumbnail","6":"product_brand-ista","7":"product_cat-peces","8":"product_cat-arrecife","9":"product_tag-pegamento-para-corales","10":"product_tag-pegamento-para-plantas","12":"first","13":"instock","14":"sale","15":"shipping-taxable","16":"purchasable","17":"product-type-simple"},"yoast_head":"<!-- This site is optimized with the Yoast SEO plugin v27.4 - https:\/\/yoast.com\/product\/yoast-seo-wordpress\/ -->\n<title>Pegamento instant\u00e1neo para uso en acuarios (2 piezas). | Acuario Supremus<\/title>\n<meta name=\"description\" content=\"Instant Glue gel adhesivo especial con cianoacrilato de calidad Premium dise\u00f1ado para el montaje, fijaci\u00f3n de colonias y fragmentos de coral a rocas vivas.\" \/>\n<meta name=\"robots\" content=\"index, follow, max-snippet:-1, max-image-preview:large, max-video-preview:-1\" \/>\n<link rel=\"canonical\" href=\"https:\/\/acuariosupremus.com\/?product=pegamento-instantaneo-para-uso-en-acuarios-2-piezas\" \/>\n<meta property=\"og:locale\" content=\"es_MX\" \/>\n<meta property=\"og:type\" content=\"article\" \/>\n<meta property=\"og:title\" content=\"Pegamento instant\u00e1neo para uso en acuarios (2 piezas). | Acuario Supremus\" \/>\n<meta property=\"og:description\" content=\"Instant Glue gel adhesivo especial con cianoacrilato de calidad Premium dise\u00f1ado para el montaje, fijaci\u00f3n de colonias y fragmentos de coral a rocas vivas.\" \/>\n<meta property=\"og:url\" content=\"https:\/\/acuariosupremus.com\/?product=pegamento-instantaneo-para-uso-en-acuarios-2-piezas\" \/>\n<meta property=\"og:site_name\" content=\"Acuario Supremus\" \/>\n<meta property=\"article:publisher\" content=\"https:\/\/www.facebook.com\/AcuarioSupremus\" \/>\n<meta property=\"article:modified_time\" content=\"2025-12-30T22:02:07+00:00\" \/>\n<meta property=\"og:image\" content=\"https:\/\/acuariosupremus.com\/wp-content\/uploads\/2022\/05\/i-810-811_pegamento_instantaneo_acuarios_01.jpg\" \/>\n\t<meta property=\"og:image:width\" content=\"560\" \/>\n\t<meta property=\"og:image:height\" content=\"560\" \/>\n\t<meta property=\"og:image:type\" content=\"image\/jpeg\" \/>\n<meta name=\"twitter:card\" content=\"summary_large_image\" \/>\n<meta name=\"twitter:site\" content=\"@AcuarioSupremus\" \/>\n<meta name=\"twitter:label1\" content=\"Tiempo de lectura\" \/>\n\t<meta name=\"twitter:data1\" content=\"1 minuto\" \/>\n<script type=\"application\/ld+json\" class=\"yoast-schema-graph\">{\"@context\":\"https:\\\/\\\/schema.org\",\"@graph\":[{\"@type\":\"WebPage\",\"@id\":\"https:\\\/\\\/acuariosupremus.com\\\/?product=pegamento-instantaneo-para-uso-en-acuarios-2-piezas\",\"url\":\"https:\\\/\\\/acuariosupremus.com\\\/?product=pegamento-instantaneo-para-uso-en-acuarios-2-piezas\",\"name\":\"Pegamento instant\u00e1neo para uso en acuarios (2 piezas). | Acuario Supremus\",\"isPartOf\":{\"@id\":\"https:\\\/\\\/acuariosupremus.com\\\/#website\"},\"primaryImageOfPage\":{\"@id\":\"https:\\\/\\\/acuariosupremus.com\\\/?product=pegamento-instantaneo-para-uso-en-acuarios-2-piezas#primaryimage\"},\"image\":{\"@id\":\"https:\\\/\\\/acuariosupremus.com\\\/?product=pegamento-instantaneo-para-uso-en-acuarios-2-piezas#primaryimage\"},\"thumbnailUrl\":\"https:\\\/\\\/acuariosupremus.com\\\/wp-content\\\/uploads\\\/2022\\\/05\\\/i-810-811_pegamento_instantaneo_acuarios_01.jpg\",\"datePublished\":\"2022-05-17T20:13:27+00:00\",\"dateModified\":\"2025-12-30T22:02:07+00:00\",\"description\":\"Instant Glue gel adhesivo especial con cianoacrilato de calidad Premium dise\u00f1ado para el montaje, fijaci\u00f3n de colonias y fragmentos de coral a rocas vivas.\",\"breadcrumb\":{\"@id\":\"https:\\\/\\\/acuariosupremus.com\\\/?product=pegamento-instantaneo-para-uso-en-acuarios-2-piezas#breadcrumb\"},\"inLanguage\":\"es\",\"potentialAction\":[{\"@type\":\"ReadAction\",\"target\":[\"https:\\\/\\\/acuariosupremus.com\\\/?product=pegamento-instantaneo-para-uso-en-acuarios-2-piezas\"]}]},{\"@type\":\"ImageObject\",\"inLanguage\":\"es\",\"@id\":\"https:\\\/\\\/acuariosupremus.com\\\/?product=pegamento-instantaneo-para-uso-en-acuarios-2-piezas#primaryimage\",\"url\":\"https:\\\/\\\/acuariosupremus.com\\\/wp-content\\\/uploads\\\/2022\\\/05\\\/i-810-811_pegamento_instantaneo_acuarios_01.jpg\",\"contentUrl\":\"https:\\\/\\\/acuariosupremus.com\\\/wp-content\\\/uploads\\\/2022\\\/05\\\/i-810-811_pegamento_instantaneo_acuarios_01.jpg\",\"width\":560,\"height\":560},{\"@type\":\"BreadcrumbList\",\"@id\":\"https:\\\/\\\/acuariosupremus.com\\\/?product=pegamento-instantaneo-para-uso-en-acuarios-2-piezas#breadcrumb\",\"itemListElement\":[{\"@type\":\"ListItem\",\"position\":1,\"name\":\"Portada\",\"item\":\"https:\\\/\\\/acuariosupremus.com\\\/\"},{\"@type\":\"ListItem\",\"position\":2,\"name\":\"Tienda\",\"item\":\"https:\\\/\\\/acuariosupremus.com\\\/tienda\\\/\"},{\"@type\":\"ListItem\",\"position\":3,\"name\":\"Pegamento instant\u00e1neo para uso en acuarios (2 piezas).\"}]},{\"@type\":\"WebSite\",\"@id\":\"https:\\\/\\\/acuariosupremus.com\\\/#website\",\"url\":\"https:\\\/\\\/acuariosupremus.com\\\/\",\"name\":\"Acuario Supremus\",\"description\":\"Peces, Peceras y Mascotas.\",\"publisher\":{\"@id\":\"https:\\\/\\\/acuariosupremus.com\\\/#organization\"},\"potentialAction\":[{\"@type\":\"SearchAction\",\"target\":{\"@type\":\"EntryPoint\",\"urlTemplate\":\"https:\\\/\\\/acuariosupremus.com\\\/?s={search_term_string}\"},\"query-input\":{\"@type\":\"PropertyValueSpecification\",\"valueRequired\":true,\"valueName\":\"search_term_string\"}}],\"inLanguage\":\"es\"},{\"@type\":\"Organization\",\"@id\":\"https:\\\/\\\/acuariosupremus.com\\\/#organization\",\"name\":\"Acuario Supremus\",\"url\":\"https:\\\/\\\/acuariosupremus.com\\\/\",\"logo\":{\"@type\":\"ImageObject\",\"inLanguage\":\"es\",\"@id\":\"https:\\\/\\\/acuariosupremus.com\\\/#\\\/schema\\\/logo\\\/image\\\/\",\"url\":\"https:\\\/\\\/acuariosupremus.com\\\/wp-content\\\/uploads\\\/2021\\\/12\\\/cropped-logo_acuario_supremus_fn-2.png\",\"contentUrl\":\"https:\\\/\\\/acuariosupremus.com\\\/wp-content\\\/uploads\\\/2021\\\/12\\\/cropped-logo_acuario_supremus_fn-2.png\",\"width\":1000,\"height\":318,\"caption\":\"Acuario Supremus\"},\"image\":{\"@id\":\"https:\\\/\\\/acuariosupremus.com\\\/#\\\/schema\\\/logo\\\/image\\\/\"},\"sameAs\":[\"https:\\\/\\\/www.facebook.com\\\/AcuarioSupremus\",\"https:\\\/\\\/x.com\\\/AcuarioSupremus\",\"https:\\\/\\\/www.instagram.com\\\/acuariosupremus\\\/?hl=es\"]}]}<\/script>\n<!-- \/ Yoast SEO plugin. -->","yoast_head_json":{"title":"Pegamento instant\u00e1neo para uso en acuarios (2 piezas). | Acuario Supremus","description":"Instant Glue gel adhesivo especial con cianoacrilato de calidad Premium dise\u00f1ado para el montaje, fijaci\u00f3n de colonias y fragmentos de coral a rocas vivas.","robots":{"index":"index","follow":"follow","max-snippet":"max-snippet:-1","max-image-preview":"max-image-preview:large","max-video-preview":"max-video-preview:-1"},"canonical":"https:\/\/acuariosupremus.com\/?product=pegamento-instantaneo-para-uso-en-acuarios-2-piezas","og_locale":"es_MX","og_type":"article","og_title":"Pegamento instant\u00e1neo para uso en acuarios (2 piezas). | Acuario Supremus","og_description":"Instant Glue gel adhesivo especial con cianoacrilato de calidad Premium dise\u00f1ado para el montaje, fijaci\u00f3n de colonias y fragmentos de coral a rocas vivas.","og_url":"https:\/\/acuariosupremus.com\/?product=pegamento-instantaneo-para-uso-en-acuarios-2-piezas","og_site_name":"Acuario Supremus","article_publisher":"https:\/\/www.facebook.com\/AcuarioSupremus","article_modified_time":"2025-12-30T22:02:07+00:00","og_image":[{"width":560,"height":560,"url":"https:\/\/acuariosupremus.com\/wp-content\/uploads\/2022\/05\/i-810-811_pegamento_instantaneo_acuarios_01.jpg","type":"image\/jpeg"}],"twitter_card":"summary_large_image","twitter_site":"@AcuarioSupremus","twitter_misc":{"Tiempo de lectura":"1 minuto"},"schema":{"@context":"https:\/\/schema.org","@graph":[{"@type":"WebPage","@id":"https:\/\/acuariosupremus.com\/?product=pegamento-instantaneo-para-uso-en-acuarios-2-piezas","url":"https:\/\/acuariosupremus.com\/?product=pegamento-instantaneo-para-uso-en-acuarios-2-piezas","name":"Pegamento instant\u00e1neo para uso en acuarios (2 piezas). | Acuario Supremus","isPartOf":{"@id":"https:\/\/acuariosupremus.com\/#website"},"primaryImageOfPage":{"@id":"https:\/\/acuariosupremus.com\/?product=pegamento-instantaneo-para-uso-en-acuarios-2-piezas#primaryimage"},"image":{"@id":"https:\/\/acuariosupremus.com\/?product=pegamento-instantaneo-para-uso-en-acuarios-2-piezas#primaryimage"},"thumbnailUrl":"https:\/\/acuariosupremus.com\/wp-content\/uploads\/2022\/05\/i-810-811_pegamento_instantaneo_acuarios_01.jpg","datePublished":"2022-05-17T20:13:27+00:00","dateModified":"2025-12-30T22:02:07+00:00","description":"Instant Glue gel adhesivo especial con cianoacrilato de calidad Premium dise\u00f1ado para el montaje, fijaci\u00f3n de colonias y fragmentos de coral a rocas vivas.","breadcrumb":{"@id":"https:\/\/acuariosupremus.com\/?product=pegamento-instantaneo-para-uso-en-acuarios-2-piezas#breadcrumb"},"inLanguage":"es","potentialAction":[{"@type":"ReadAction","target":["https:\/\/acuariosupremus.com\/?product=pegamento-instantaneo-para-uso-en-acuarios-2-piezas"]}]},{"@type":"ImageObject","inLanguage":"es","@id":"https:\/\/acuariosupremus.com\/?product=pegamento-instantaneo-para-uso-en-acuarios-2-piezas#primaryimage","url":"https:\/\/acuariosupremus.com\/wp-content\/uploads\/2022\/05\/i-810-811_pegamento_instantaneo_acuarios_01.jpg","contentUrl":"https:\/\/acuariosupremus.com\/wp-content\/uploads\/2022\/05\/i-810-811_pegamento_instantaneo_acuarios_01.jpg","width":560,"height":560},{"@type":"BreadcrumbList","@id":"https:\/\/acuariosupremus.com\/?product=pegamento-instantaneo-para-uso-en-acuarios-2-piezas#breadcrumb","itemListElement":[{"@type":"ListItem","position":1,"name":"Portada","item":"https:\/\/acuariosupremus.com\/"},{"@type":"ListItem","position":2,"name":"Tienda","item":"https:\/\/acuariosupremus.com\/tienda\/"},{"@type":"ListItem","position":3,"name":"Pegamento instant\u00e1neo para uso en acuarios (2 piezas)."}]},{"@type":"WebSite","@id":"https:\/\/acuariosupremus.com\/#website","url":"https:\/\/acuariosupremus.com\/","name":"Acuario Supremus","description":"Peces, Peceras y Mascotas.","publisher":{"@id":"https:\/\/acuariosupremus.com\/#organization"},"potentialAction":[{"@type":"SearchAction","target":{"@type":"EntryPoint","urlTemplate":"https:\/\/acuariosupremus.com\/?s={search_term_string}"},"query-input":{"@type":"PropertyValueSpecification","valueRequired":true,"valueName":"search_term_string"}}],"inLanguage":"es"},{"@type":"Organization","@id":"https:\/\/acuariosupremus.com\/#organization","name":"Acuario Supremus","url":"https:\/\/acuariosupremus.com\/","logo":{"@type":"ImageObject","inLanguage":"es","@id":"https:\/\/acuariosupremus.com\/#\/schema\/logo\/image\/","url":"https:\/\/acuariosupremus.com\/wp-content\/uploads\/2021\/12\/cropped-logo_acuario_supremus_fn-2.png","contentUrl":"https:\/\/acuariosupremus.com\/wp-content\/uploads\/2021\/12\/cropped-logo_acuario_supremus_fn-2.png","width":1000,"height":318,"caption":"Acuario Supremus"},"image":{"@id":"https:\/\/acuariosupremus.com\/#\/schema\/logo\/image\/"},"sameAs":["https:\/\/www.facebook.com\/AcuarioSupremus","https:\/\/x.com\/AcuarioSupremus","https:\/\/www.instagram.com\/acuariosupremus\/?hl=es"]}]}},"jetpack_sharing_enabled":true,"_links":{"self":[{"href":"https:\/\/acuariosupremus.com\/index.php?rest_route=\/wp\/v2\/product\/9661","targetHints":{"allow":["GET"]}}],"collection":[{"href":"https:\/\/acuariosupremus.com\/index.php?rest_route=\/wp\/v2\/product"}],"about":[{"href":"https:\/\/acuariosupremus.com\/index.php?rest_route=\/wp\/v2\/types\/product"}],"wp:featuredmedia":[{"embeddable":true,"href":"https:\/\/acuariosupremus.com\/index.php?rest_route=\/wp\/v2\/media\/9662"}],"wp:attachment":[{"href":"https:\/\/acuariosupremus.com\/index.php?rest_route=%2Fwp%2Fv2%2Fmedia&parent=9661"}],"wp:term":[{"taxonomy":"product_brand","embeddable":true,"href":"https:\/\/acuariosupremus.com\/index.php?rest_route=%2Fwp%2Fv2%2Fproduct_brand&post=9661"},{"taxonomy":"product_cat","embeddable":true,"href":"https:\/\/acuariosupremus.com\/index.php?rest_route=%2Fwp%2Fv2%2Fproduct_cat&post=9661"},{"taxonomy":"product_tag","embeddable":true,"href":"https:\/\/acuariosupremus.com\/index.php?rest_route=%2Fwp%2Fv2%2Fproduct_tag&post=9661"}],"curies":[{"name":"wp","href":"https:\/\/api.w.org\/{rel}","templated":true}]}}