{"id":9687,"date":"2022-05-17T18:39:37","date_gmt":"2022-05-17T23:39:37","guid":{"rendered":"https:\/\/acuariosupremus.com\/?post_type=product&#038;p=9687"},"modified":"2025-12-30T16:04:32","modified_gmt":"2025-12-30T22:04:32","slug":"esponja-filtrante-con-carbon-activado","status":"publish","type":"product","link":"https:\/\/acuariosupremus.com\/?product=esponja-filtrante-con-carbon-activado","title":{"rendered":"Esponja filtrante con carb\u00f3n activado."},"content":{"rendered":"<p>No solo elimina olores y el color amarillento del agua, sino que tambi\u00e9n absorbe \u00e1cidos org\u00e1nicos y el cloro residual del agua de la llave. Esta esponja filtrante est\u00e1 fabricada a partir de fibras no hiladas que retienen part\u00edculas en suspensi\u00f3n en el agua. Puede purificar mec\u00e1nicamente el agua y mantenerla cristalina. Este medio filtrante es ideal para ser ubicado antes de los materiales filtrantes biol\u00f3gicos siguiendo el sentido del flujo de agua.<\/p>\n<p>Porosidad: Media\u00a0 Principio activo: Carb\u00f3n activado Peso: 245 (grs.) Peso con embalaje: 270 (grs.) Medidas: 255 x 460 x 10 (mm) Medidas con embalaje:\u00a0 255 x 460 x 10 (mm)<\/p>\n","protected":false},"excerpt":{"rendered":"<p>Medio filtrante mec\u00e1nico especial para acuarios que combina simult\u00e1neamente filtraci\u00f3n qu\u00edmica con una esponja sint\u00e9tica impregnada en carb\u00f3n activado. La esponja con carb\u00f3n activado est\u00e1 fabricada mediante un proceso especial de alta impregnaci\u00f3n que le otorga un funcionamiento efectivo y muy prolongado. Este material filtrante es compatible con acuarios de agua dulce, agua salada y estanques.<\/p>\n","protected":false},"featured_media":9688,"template":"","meta":[],"product_brand":[127],"product_cat":[40,48],"product_tag":[210,579,264,782],"class_list":{"0":"post-9687","1":"product","2":"type-product","3":"status-publish","4":"has-post-thumbnail","6":"product_brand-ista","7":"product_cat-peces","8":"product_cat-material-filtrante","9":"product_tag-carbon-activo","10":"product_tag-esponja-filtrante","11":"product_tag-material-filtrante","12":"product_tag-material-filtrante-pro","14":"first","15":"instock","16":"sale","17":"shipping-taxable","18":"purchasable","19":"product-type-simple"},"yoast_head":"<!-- This site is optimized with the Yoast SEO plugin v27.4 - https:\/\/yoast.com\/product\/yoast-seo-wordpress\/ -->\n<title>Esponja filtrante con carb\u00f3n activado. | Acuario Supremus<\/title>\n<meta name=\"description\" content=\"Medio filtrante mec\u00e1nico especial para acuarios que combina simult\u00e1neamente filtraci\u00f3n qu\u00edmica con una esponja sint\u00e9tica impregnada en carb\u00f3n activado\" \/>\n<meta name=\"robots\" content=\"index, follow, max-snippet:-1, max-image-preview:large, max-video-preview:-1\" \/>\n<link rel=\"canonical\" href=\"https:\/\/acuariosupremus.com\/?product=esponja-filtrante-con-carbon-activado\" \/>\n<meta property=\"og:locale\" content=\"es_MX\" \/>\n<meta property=\"og:type\" content=\"article\" \/>\n<meta property=\"og:title\" content=\"Esponja filtrante con carb\u00f3n activado. | Acuario Supremus\" \/>\n<meta property=\"og:description\" content=\"Medio filtrante mec\u00e1nico especial para acuarios que combina simult\u00e1neamente filtraci\u00f3n qu\u00edmica con una esponja sint\u00e9tica impregnada en carb\u00f3n activado\" \/>\n<meta property=\"og:url\" content=\"https:\/\/acuariosupremus.com\/?product=esponja-filtrante-con-carbon-activado\" \/>\n<meta property=\"og:site_name\" content=\"Acuario Supremus\" \/>\n<meta property=\"article:publisher\" content=\"https:\/\/www.facebook.com\/AcuarioSupremus\" \/>\n<meta property=\"article:modified_time\" content=\"2025-12-30T22:04:32+00:00\" \/>\n<meta property=\"og:image\" content=\"https:\/\/acuariosupremus.com\/wp-content\/uploads\/2022\/05\/i-275_esponja_filtrante_carbon_activado_ista_01.jpg\" \/>\n\t<meta property=\"og:image:width\" content=\"1250\" \/>\n\t<meta property=\"og:image:height\" content=\"1250\" \/>\n\t<meta property=\"og:image:type\" content=\"image\/jpeg\" \/>\n<meta name=\"twitter:card\" content=\"summary_large_image\" \/>\n<meta name=\"twitter:site\" content=\"@AcuarioSupremus\" \/>\n<meta name=\"twitter:label1\" content=\"Tiempo de lectura\" \/>\n\t<meta name=\"twitter:data1\" content=\"1 minuto\" \/>\n<script type=\"application\/ld+json\" class=\"yoast-schema-graph\">{\"@context\":\"https:\\\/\\\/schema.org\",\"@graph\":[{\"@type\":\"WebPage\",\"@id\":\"https:\\\/\\\/acuariosupremus.com\\\/?product=esponja-filtrante-con-carbon-activado\",\"url\":\"https:\\\/\\\/acuariosupremus.com\\\/?product=esponja-filtrante-con-carbon-activado\",\"name\":\"Esponja filtrante con carb\u00f3n activado. | Acuario Supremus\",\"isPartOf\":{\"@id\":\"https:\\\/\\\/acuariosupremus.com\\\/#website\"},\"primaryImageOfPage\":{\"@id\":\"https:\\\/\\\/acuariosupremus.com\\\/?product=esponja-filtrante-con-carbon-activado#primaryimage\"},\"image\":{\"@id\":\"https:\\\/\\\/acuariosupremus.com\\\/?product=esponja-filtrante-con-carbon-activado#primaryimage\"},\"thumbnailUrl\":\"https:\\\/\\\/acuariosupremus.com\\\/wp-content\\\/uploads\\\/2022\\\/05\\\/i-275_esponja_filtrante_carbon_activado_ista_01.jpg\",\"datePublished\":\"2022-05-17T23:39:37+00:00\",\"dateModified\":\"2025-12-30T22:04:32+00:00\",\"description\":\"Medio filtrante mec\u00e1nico especial para acuarios que combina simult\u00e1neamente filtraci\u00f3n qu\u00edmica con una esponja sint\u00e9tica impregnada en carb\u00f3n activado\",\"breadcrumb\":{\"@id\":\"https:\\\/\\\/acuariosupremus.com\\\/?product=esponja-filtrante-con-carbon-activado#breadcrumb\"},\"inLanguage\":\"es\",\"potentialAction\":[{\"@type\":\"ReadAction\",\"target\":[\"https:\\\/\\\/acuariosupremus.com\\\/?product=esponja-filtrante-con-carbon-activado\"]}]},{\"@type\":\"ImageObject\",\"inLanguage\":\"es\",\"@id\":\"https:\\\/\\\/acuariosupremus.com\\\/?product=esponja-filtrante-con-carbon-activado#primaryimage\",\"url\":\"https:\\\/\\\/acuariosupremus.com\\\/wp-content\\\/uploads\\\/2022\\\/05\\\/i-275_esponja_filtrante_carbon_activado_ista_01.jpg\",\"contentUrl\":\"https:\\\/\\\/acuariosupremus.com\\\/wp-content\\\/uploads\\\/2022\\\/05\\\/i-275_esponja_filtrante_carbon_activado_ista_01.jpg\",\"width\":1250,\"height\":1250},{\"@type\":\"BreadcrumbList\",\"@id\":\"https:\\\/\\\/acuariosupremus.com\\\/?product=esponja-filtrante-con-carbon-activado#breadcrumb\",\"itemListElement\":[{\"@type\":\"ListItem\",\"position\":1,\"name\":\"Portada\",\"item\":\"https:\\\/\\\/acuariosupremus.com\\\/\"},{\"@type\":\"ListItem\",\"position\":2,\"name\":\"Tienda\",\"item\":\"https:\\\/\\\/acuariosupremus.com\\\/tienda\\\/\"},{\"@type\":\"ListItem\",\"position\":3,\"name\":\"Esponja filtrante con carb\u00f3n activado.\"}]},{\"@type\":\"WebSite\",\"@id\":\"https:\\\/\\\/acuariosupremus.com\\\/#website\",\"url\":\"https:\\\/\\\/acuariosupremus.com\\\/\",\"name\":\"Acuario Supremus\",\"description\":\"Peces, Peceras y Mascotas.\",\"publisher\":{\"@id\":\"https:\\\/\\\/acuariosupremus.com\\\/#organization\"},\"potentialAction\":[{\"@type\":\"SearchAction\",\"target\":{\"@type\":\"EntryPoint\",\"urlTemplate\":\"https:\\\/\\\/acuariosupremus.com\\\/?s={search_term_string}\"},\"query-input\":{\"@type\":\"PropertyValueSpecification\",\"valueRequired\":true,\"valueName\":\"search_term_string\"}}],\"inLanguage\":\"es\"},{\"@type\":\"Organization\",\"@id\":\"https:\\\/\\\/acuariosupremus.com\\\/#organization\",\"name\":\"Acuario Supremus\",\"url\":\"https:\\\/\\\/acuariosupremus.com\\\/\",\"logo\":{\"@type\":\"ImageObject\",\"inLanguage\":\"es\",\"@id\":\"https:\\\/\\\/acuariosupremus.com\\\/#\\\/schema\\\/logo\\\/image\\\/\",\"url\":\"https:\\\/\\\/acuariosupremus.com\\\/wp-content\\\/uploads\\\/2021\\\/12\\\/cropped-logo_acuario_supremus_fn-2.png\",\"contentUrl\":\"https:\\\/\\\/acuariosupremus.com\\\/wp-content\\\/uploads\\\/2021\\\/12\\\/cropped-logo_acuario_supremus_fn-2.png\",\"width\":1000,\"height\":318,\"caption\":\"Acuario Supremus\"},\"image\":{\"@id\":\"https:\\\/\\\/acuariosupremus.com\\\/#\\\/schema\\\/logo\\\/image\\\/\"},\"sameAs\":[\"https:\\\/\\\/www.facebook.com\\\/AcuarioSupremus\",\"https:\\\/\\\/x.com\\\/AcuarioSupremus\",\"https:\\\/\\\/www.instagram.com\\\/acuariosupremus\\\/?hl=es\"]}]}<\/script>\n<!-- \/ Yoast SEO plugin. -->","yoast_head_json":{"title":"Esponja filtrante con carb\u00f3n activado. | Acuario Supremus","description":"Medio filtrante mec\u00e1nico especial para acuarios que combina simult\u00e1neamente filtraci\u00f3n qu\u00edmica con una esponja sint\u00e9tica impregnada en carb\u00f3n activado","robots":{"index":"index","follow":"follow","max-snippet":"max-snippet:-1","max-image-preview":"max-image-preview:large","max-video-preview":"max-video-preview:-1"},"canonical":"https:\/\/acuariosupremus.com\/?product=esponja-filtrante-con-carbon-activado","og_locale":"es_MX","og_type":"article","og_title":"Esponja filtrante con carb\u00f3n activado. | Acuario Supremus","og_description":"Medio filtrante mec\u00e1nico especial para acuarios que combina simult\u00e1neamente filtraci\u00f3n qu\u00edmica con una esponja sint\u00e9tica impregnada en carb\u00f3n activado","og_url":"https:\/\/acuariosupremus.com\/?product=esponja-filtrante-con-carbon-activado","og_site_name":"Acuario Supremus","article_publisher":"https:\/\/www.facebook.com\/AcuarioSupremus","article_modified_time":"2025-12-30T22:04:32+00:00","og_image":[{"width":1250,"height":1250,"url":"https:\/\/acuariosupremus.com\/wp-content\/uploads\/2022\/05\/i-275_esponja_filtrante_carbon_activado_ista_01.jpg","type":"image\/jpeg"}],"twitter_card":"summary_large_image","twitter_site":"@AcuarioSupremus","twitter_misc":{"Tiempo de lectura":"1 minuto"},"schema":{"@context":"https:\/\/schema.org","@graph":[{"@type":"WebPage","@id":"https:\/\/acuariosupremus.com\/?product=esponja-filtrante-con-carbon-activado","url":"https:\/\/acuariosupremus.com\/?product=esponja-filtrante-con-carbon-activado","name":"Esponja filtrante con carb\u00f3n activado. | Acuario Supremus","isPartOf":{"@id":"https:\/\/acuariosupremus.com\/#website"},"primaryImageOfPage":{"@id":"https:\/\/acuariosupremus.com\/?product=esponja-filtrante-con-carbon-activado#primaryimage"},"image":{"@id":"https:\/\/acuariosupremus.com\/?product=esponja-filtrante-con-carbon-activado#primaryimage"},"thumbnailUrl":"https:\/\/acuariosupremus.com\/wp-content\/uploads\/2022\/05\/i-275_esponja_filtrante_carbon_activado_ista_01.jpg","datePublished":"2022-05-17T23:39:37+00:00","dateModified":"2025-12-30T22:04:32+00:00","description":"Medio filtrante mec\u00e1nico especial para acuarios que combina simult\u00e1neamente filtraci\u00f3n qu\u00edmica con una esponja sint\u00e9tica impregnada en carb\u00f3n activado","breadcrumb":{"@id":"https:\/\/acuariosupremus.com\/?product=esponja-filtrante-con-carbon-activado#breadcrumb"},"inLanguage":"es","potentialAction":[{"@type":"ReadAction","target":["https:\/\/acuariosupremus.com\/?product=esponja-filtrante-con-carbon-activado"]}]},{"@type":"ImageObject","inLanguage":"es","@id":"https:\/\/acuariosupremus.com\/?product=esponja-filtrante-con-carbon-activado#primaryimage","url":"https:\/\/acuariosupremus.com\/wp-content\/uploads\/2022\/05\/i-275_esponja_filtrante_carbon_activado_ista_01.jpg","contentUrl":"https:\/\/acuariosupremus.com\/wp-content\/uploads\/2022\/05\/i-275_esponja_filtrante_carbon_activado_ista_01.jpg","width":1250,"height":1250},{"@type":"BreadcrumbList","@id":"https:\/\/acuariosupremus.com\/?product=esponja-filtrante-con-carbon-activado#breadcrumb","itemListElement":[{"@type":"ListItem","position":1,"name":"Portada","item":"https:\/\/acuariosupremus.com\/"},{"@type":"ListItem","position":2,"name":"Tienda","item":"https:\/\/acuariosupremus.com\/tienda\/"},{"@type":"ListItem","position":3,"name":"Esponja filtrante con carb\u00f3n activado."}]},{"@type":"WebSite","@id":"https:\/\/acuariosupremus.com\/#website","url":"https:\/\/acuariosupremus.com\/","name":"Acuario Supremus","description":"Peces, Peceras y Mascotas.","publisher":{"@id":"https:\/\/acuariosupremus.com\/#organization"},"potentialAction":[{"@type":"SearchAction","target":{"@type":"EntryPoint","urlTemplate":"https:\/\/acuariosupremus.com\/?s={search_term_string}"},"query-input":{"@type":"PropertyValueSpecification","valueRequired":true,"valueName":"search_term_string"}}],"inLanguage":"es"},{"@type":"Organization","@id":"https:\/\/acuariosupremus.com\/#organization","name":"Acuario Supremus","url":"https:\/\/acuariosupremus.com\/","logo":{"@type":"ImageObject","inLanguage":"es","@id":"https:\/\/acuariosupremus.com\/#\/schema\/logo\/image\/","url":"https:\/\/acuariosupremus.com\/wp-content\/uploads\/2021\/12\/cropped-logo_acuario_supremus_fn-2.png","contentUrl":"https:\/\/acuariosupremus.com\/wp-content\/uploads\/2021\/12\/cropped-logo_acuario_supremus_fn-2.png","width":1000,"height":318,"caption":"Acuario Supremus"},"image":{"@id":"https:\/\/acuariosupremus.com\/#\/schema\/logo\/image\/"},"sameAs":["https:\/\/www.facebook.com\/AcuarioSupremus","https:\/\/x.com\/AcuarioSupremus","https:\/\/www.instagram.com\/acuariosupremus\/?hl=es"]}]}},"jetpack_sharing_enabled":true,"_links":{"self":[{"href":"https:\/\/acuariosupremus.com\/index.php?rest_route=\/wp\/v2\/product\/9687","targetHints":{"allow":["GET"]}}],"collection":[{"href":"https:\/\/acuariosupremus.com\/index.php?rest_route=\/wp\/v2\/product"}],"about":[{"href":"https:\/\/acuariosupremus.com\/index.php?rest_route=\/wp\/v2\/types\/product"}],"wp:featuredmedia":[{"embeddable":true,"href":"https:\/\/acuariosupremus.com\/index.php?rest_route=\/wp\/v2\/media\/9688"}],"wp:attachment":[{"href":"https:\/\/acuariosupremus.com\/index.php?rest_route=%2Fwp%2Fv2%2Fmedia&parent=9687"}],"wp:term":[{"taxonomy":"product_brand","embeddable":true,"href":"https:\/\/acuariosupremus.com\/index.php?rest_route=%2Fwp%2Fv2%2Fproduct_brand&post=9687"},{"taxonomy":"product_cat","embeddable":true,"href":"https:\/\/acuariosupremus.com\/index.php?rest_route=%2Fwp%2Fv2%2Fproduct_cat&post=9687"},{"taxonomy":"product_tag","embeddable":true,"href":"https:\/\/acuariosupremus.com\/index.php?rest_route=%2Fwp%2Fv2%2Fproduct_tag&post=9687"}],"curies":[{"name":"wp","href":"https:\/\/api.w.org\/{rel}","templated":true}]}}