{"id":9691,"date":"2022-05-17T18:40:05","date_gmt":"2022-05-17T23:40:05","guid":{"rendered":"https:\/\/acuariosupremus.com\/?post_type=product&#038;p=9691"},"modified":"2025-12-30T16:04:42","modified_gmt":"2025-12-30T22:04:42","slug":"esponja-filtrante-con-zeolita-anti-amoniaco","status":"publish","type":"product","link":"https:\/\/acuariosupremus.com\/?product=esponja-filtrante-con-zeolita-anti-amoniaco","title":{"rendered":"Esponja filtrante con zeolita anti-amon\u00edaco."},"content":{"rendered":"<p>La adsorci\u00f3n del nitr\u00f3geno en su fase de amonio es muy beneficiosa, ya que es un componente altamente t\u00f3xico. Adem\u00e1s, una vez adsorbido ya no podr\u00e1 transformarse en nitrito ni en nitrato. Esta esponja filtrante est\u00e1 fabricada a partir de fibras no hiladas que retienen part\u00edculas en suspensi\u00f3n en el agua. Puede purificar mec\u00e1nicamente el agua y mantenerla cristalina. Este medio filtrante es ideal para ser ubicado antes de los materiales filtrantes biol\u00f3gicos siguiendo el sentido del flujo de agua.<\/p>\n<p>Porosidad: Media\u00a0 Principio activo: Zeolita Peso: 245 (grs.) Peso con embalaje: 270 (grs.) Medidas: 255 x 460 x 15 (mm) Medidas con embalaje:\u00a0 255 x 460 x 15 (mm)<\/p>\n","protected":false},"excerpt":{"rendered":"<p>Medio filtrante mec\u00e1nico especial para acuarios que combina simult\u00e1neamente filtraci\u00f3n qu\u00edmica con una esponja sint\u00e9tica impregnada con un polvo adsorbente de amonio basado en un mineral de zeolita. La esponja con zeolita est\u00e1 fabricada mediante un proceso especial de alta impregnaci\u00f3n que le otorga un funcionamiento efectivo y muy prolongado. Este material filtrante es compatible con acuarios de agua dulce, agua salada y estanques.<\/p>\n","protected":false},"featured_media":9692,"template":"","meta":[],"product_brand":[127],"product_cat":[40,48],"product_tag":[881,264,782],"class_list":{"0":"post-9691","1":"product","2":"type-product","3":"status-publish","4":"has-post-thumbnail","6":"product_brand-ista","7":"product_cat-peces","8":"product_cat-material-filtrante","9":"product_tag-esponja-filtrante-anti-amoniaco","10":"product_tag-material-filtrante","11":"product_tag-material-filtrante-pro","13":"first","14":"instock","15":"sale","16":"shipping-taxable","17":"purchasable","18":"product-type-simple"},"yoast_head":"<!-- This site is optimized with the Yoast SEO plugin v27.4 - https:\/\/yoast.com\/product\/yoast-seo-wordpress\/ -->\n<title>Esponja filtrante con zeolita anti-amon\u00edaco. | Acuario Supremus<\/title>\n<meta name=\"description\" content=\"Medio filtrante mec\u00e1nico especial que combina simult\u00e1neamente filtraci\u00f3n qu\u00edmica con una esponja sint\u00e9tica impregnada con un polvo absorbente de amonio.\" \/>\n<meta name=\"robots\" content=\"index, follow, max-snippet:-1, max-image-preview:large, max-video-preview:-1\" \/>\n<link rel=\"canonical\" href=\"https:\/\/acuariosupremus.com\/?product=esponja-filtrante-con-zeolita-anti-amoniaco\" \/>\n<meta property=\"og:locale\" content=\"es_MX\" \/>\n<meta property=\"og:type\" content=\"article\" \/>\n<meta property=\"og:title\" content=\"Esponja filtrante con zeolita anti-amon\u00edaco. | Acuario Supremus\" \/>\n<meta property=\"og:description\" content=\"Medio filtrante mec\u00e1nico especial que combina simult\u00e1neamente filtraci\u00f3n qu\u00edmica con una esponja sint\u00e9tica impregnada con un polvo absorbente de amonio.\" \/>\n<meta property=\"og:url\" content=\"https:\/\/acuariosupremus.com\/?product=esponja-filtrante-con-zeolita-anti-amoniaco\" \/>\n<meta property=\"og:site_name\" content=\"Acuario Supremus\" \/>\n<meta property=\"article:publisher\" content=\"https:\/\/www.facebook.com\/AcuarioSupremus\" \/>\n<meta property=\"article:modified_time\" content=\"2025-12-30T22:04:42+00:00\" \/>\n<meta property=\"og:image\" content=\"https:\/\/acuariosupremus.com\/wp-content\/uploads\/2022\/05\/i-276_esponja_filtrante_ammonia_ista_01.jpg\" \/>\n\t<meta property=\"og:image:width\" content=\"1250\" \/>\n\t<meta property=\"og:image:height\" content=\"1250\" \/>\n\t<meta property=\"og:image:type\" content=\"image\/jpeg\" \/>\n<meta name=\"twitter:card\" content=\"summary_large_image\" \/>\n<meta name=\"twitter:site\" content=\"@AcuarioSupremus\" \/>\n<meta name=\"twitter:label1\" content=\"Tiempo de lectura\" \/>\n\t<meta name=\"twitter:data1\" content=\"1 minuto\" \/>\n<script type=\"application\/ld+json\" class=\"yoast-schema-graph\">{\"@context\":\"https:\\\/\\\/schema.org\",\"@graph\":[{\"@type\":\"WebPage\",\"@id\":\"https:\\\/\\\/acuariosupremus.com\\\/?product=esponja-filtrante-con-zeolita-anti-amoniaco\",\"url\":\"https:\\\/\\\/acuariosupremus.com\\\/?product=esponja-filtrante-con-zeolita-anti-amoniaco\",\"name\":\"Esponja filtrante con zeolita anti-amon\u00edaco. | Acuario Supremus\",\"isPartOf\":{\"@id\":\"https:\\\/\\\/acuariosupremus.com\\\/#website\"},\"primaryImageOfPage\":{\"@id\":\"https:\\\/\\\/acuariosupremus.com\\\/?product=esponja-filtrante-con-zeolita-anti-amoniaco#primaryimage\"},\"image\":{\"@id\":\"https:\\\/\\\/acuariosupremus.com\\\/?product=esponja-filtrante-con-zeolita-anti-amoniaco#primaryimage\"},\"thumbnailUrl\":\"https:\\\/\\\/acuariosupremus.com\\\/wp-content\\\/uploads\\\/2022\\\/05\\\/i-276_esponja_filtrante_ammonia_ista_01.jpg\",\"datePublished\":\"2022-05-17T23:40:05+00:00\",\"dateModified\":\"2025-12-30T22:04:42+00:00\",\"description\":\"Medio filtrante mec\u00e1nico especial que combina simult\u00e1neamente filtraci\u00f3n qu\u00edmica con una esponja sint\u00e9tica impregnada con un polvo absorbente de amonio.\",\"breadcrumb\":{\"@id\":\"https:\\\/\\\/acuariosupremus.com\\\/?product=esponja-filtrante-con-zeolita-anti-amoniaco#breadcrumb\"},\"inLanguage\":\"es\",\"potentialAction\":[{\"@type\":\"ReadAction\",\"target\":[\"https:\\\/\\\/acuariosupremus.com\\\/?product=esponja-filtrante-con-zeolita-anti-amoniaco\"]}]},{\"@type\":\"ImageObject\",\"inLanguage\":\"es\",\"@id\":\"https:\\\/\\\/acuariosupremus.com\\\/?product=esponja-filtrante-con-zeolita-anti-amoniaco#primaryimage\",\"url\":\"https:\\\/\\\/acuariosupremus.com\\\/wp-content\\\/uploads\\\/2022\\\/05\\\/i-276_esponja_filtrante_ammonia_ista_01.jpg\",\"contentUrl\":\"https:\\\/\\\/acuariosupremus.com\\\/wp-content\\\/uploads\\\/2022\\\/05\\\/i-276_esponja_filtrante_ammonia_ista_01.jpg\",\"width\":1250,\"height\":1250},{\"@type\":\"BreadcrumbList\",\"@id\":\"https:\\\/\\\/acuariosupremus.com\\\/?product=esponja-filtrante-con-zeolita-anti-amoniaco#breadcrumb\",\"itemListElement\":[{\"@type\":\"ListItem\",\"position\":1,\"name\":\"Portada\",\"item\":\"https:\\\/\\\/acuariosupremus.com\\\/\"},{\"@type\":\"ListItem\",\"position\":2,\"name\":\"Tienda\",\"item\":\"https:\\\/\\\/acuariosupremus.com\\\/tienda\\\/\"},{\"@type\":\"ListItem\",\"position\":3,\"name\":\"Esponja filtrante con zeolita anti-amon\u00edaco.\"}]},{\"@type\":\"WebSite\",\"@id\":\"https:\\\/\\\/acuariosupremus.com\\\/#website\",\"url\":\"https:\\\/\\\/acuariosupremus.com\\\/\",\"name\":\"Acuario Supremus\",\"description\":\"Peces, Peceras y Mascotas.\",\"publisher\":{\"@id\":\"https:\\\/\\\/acuariosupremus.com\\\/#organization\"},\"potentialAction\":[{\"@type\":\"SearchAction\",\"target\":{\"@type\":\"EntryPoint\",\"urlTemplate\":\"https:\\\/\\\/acuariosupremus.com\\\/?s={search_term_string}\"},\"query-input\":{\"@type\":\"PropertyValueSpecification\",\"valueRequired\":true,\"valueName\":\"search_term_string\"}}],\"inLanguage\":\"es\"},{\"@type\":\"Organization\",\"@id\":\"https:\\\/\\\/acuariosupremus.com\\\/#organization\",\"name\":\"Acuario Supremus\",\"url\":\"https:\\\/\\\/acuariosupremus.com\\\/\",\"logo\":{\"@type\":\"ImageObject\",\"inLanguage\":\"es\",\"@id\":\"https:\\\/\\\/acuariosupremus.com\\\/#\\\/schema\\\/logo\\\/image\\\/\",\"url\":\"https:\\\/\\\/acuariosupremus.com\\\/wp-content\\\/uploads\\\/2021\\\/12\\\/cropped-logo_acuario_supremus_fn-2.png\",\"contentUrl\":\"https:\\\/\\\/acuariosupremus.com\\\/wp-content\\\/uploads\\\/2021\\\/12\\\/cropped-logo_acuario_supremus_fn-2.png\",\"width\":1000,\"height\":318,\"caption\":\"Acuario Supremus\"},\"image\":{\"@id\":\"https:\\\/\\\/acuariosupremus.com\\\/#\\\/schema\\\/logo\\\/image\\\/\"},\"sameAs\":[\"https:\\\/\\\/www.facebook.com\\\/AcuarioSupremus\",\"https:\\\/\\\/x.com\\\/AcuarioSupremus\",\"https:\\\/\\\/www.instagram.com\\\/acuariosupremus\\\/?hl=es\"]}]}<\/script>\n<!-- \/ Yoast SEO plugin. -->","yoast_head_json":{"title":"Esponja filtrante con zeolita anti-amon\u00edaco. | Acuario Supremus","description":"Medio filtrante mec\u00e1nico especial que combina simult\u00e1neamente filtraci\u00f3n qu\u00edmica con una esponja sint\u00e9tica impregnada con un polvo absorbente de amonio.","robots":{"index":"index","follow":"follow","max-snippet":"max-snippet:-1","max-image-preview":"max-image-preview:large","max-video-preview":"max-video-preview:-1"},"canonical":"https:\/\/acuariosupremus.com\/?product=esponja-filtrante-con-zeolita-anti-amoniaco","og_locale":"es_MX","og_type":"article","og_title":"Esponja filtrante con zeolita anti-amon\u00edaco. | Acuario Supremus","og_description":"Medio filtrante mec\u00e1nico especial que combina simult\u00e1neamente filtraci\u00f3n qu\u00edmica con una esponja sint\u00e9tica impregnada con un polvo absorbente de amonio.","og_url":"https:\/\/acuariosupremus.com\/?product=esponja-filtrante-con-zeolita-anti-amoniaco","og_site_name":"Acuario Supremus","article_publisher":"https:\/\/www.facebook.com\/AcuarioSupremus","article_modified_time":"2025-12-30T22:04:42+00:00","og_image":[{"width":1250,"height":1250,"url":"https:\/\/acuariosupremus.com\/wp-content\/uploads\/2022\/05\/i-276_esponja_filtrante_ammonia_ista_01.jpg","type":"image\/jpeg"}],"twitter_card":"summary_large_image","twitter_site":"@AcuarioSupremus","twitter_misc":{"Tiempo de lectura":"1 minuto"},"schema":{"@context":"https:\/\/schema.org","@graph":[{"@type":"WebPage","@id":"https:\/\/acuariosupremus.com\/?product=esponja-filtrante-con-zeolita-anti-amoniaco","url":"https:\/\/acuariosupremus.com\/?product=esponja-filtrante-con-zeolita-anti-amoniaco","name":"Esponja filtrante con zeolita anti-amon\u00edaco. | Acuario Supremus","isPartOf":{"@id":"https:\/\/acuariosupremus.com\/#website"},"primaryImageOfPage":{"@id":"https:\/\/acuariosupremus.com\/?product=esponja-filtrante-con-zeolita-anti-amoniaco#primaryimage"},"image":{"@id":"https:\/\/acuariosupremus.com\/?product=esponja-filtrante-con-zeolita-anti-amoniaco#primaryimage"},"thumbnailUrl":"https:\/\/acuariosupremus.com\/wp-content\/uploads\/2022\/05\/i-276_esponja_filtrante_ammonia_ista_01.jpg","datePublished":"2022-05-17T23:40:05+00:00","dateModified":"2025-12-30T22:04:42+00:00","description":"Medio filtrante mec\u00e1nico especial que combina simult\u00e1neamente filtraci\u00f3n qu\u00edmica con una esponja sint\u00e9tica impregnada con un polvo absorbente de amonio.","breadcrumb":{"@id":"https:\/\/acuariosupremus.com\/?product=esponja-filtrante-con-zeolita-anti-amoniaco#breadcrumb"},"inLanguage":"es","potentialAction":[{"@type":"ReadAction","target":["https:\/\/acuariosupremus.com\/?product=esponja-filtrante-con-zeolita-anti-amoniaco"]}]},{"@type":"ImageObject","inLanguage":"es","@id":"https:\/\/acuariosupremus.com\/?product=esponja-filtrante-con-zeolita-anti-amoniaco#primaryimage","url":"https:\/\/acuariosupremus.com\/wp-content\/uploads\/2022\/05\/i-276_esponja_filtrante_ammonia_ista_01.jpg","contentUrl":"https:\/\/acuariosupremus.com\/wp-content\/uploads\/2022\/05\/i-276_esponja_filtrante_ammonia_ista_01.jpg","width":1250,"height":1250},{"@type":"BreadcrumbList","@id":"https:\/\/acuariosupremus.com\/?product=esponja-filtrante-con-zeolita-anti-amoniaco#breadcrumb","itemListElement":[{"@type":"ListItem","position":1,"name":"Portada","item":"https:\/\/acuariosupremus.com\/"},{"@type":"ListItem","position":2,"name":"Tienda","item":"https:\/\/acuariosupremus.com\/tienda\/"},{"@type":"ListItem","position":3,"name":"Esponja filtrante con zeolita anti-amon\u00edaco."}]},{"@type":"WebSite","@id":"https:\/\/acuariosupremus.com\/#website","url":"https:\/\/acuariosupremus.com\/","name":"Acuario Supremus","description":"Peces, Peceras y Mascotas.","publisher":{"@id":"https:\/\/acuariosupremus.com\/#organization"},"potentialAction":[{"@type":"SearchAction","target":{"@type":"EntryPoint","urlTemplate":"https:\/\/acuariosupremus.com\/?s={search_term_string}"},"query-input":{"@type":"PropertyValueSpecification","valueRequired":true,"valueName":"search_term_string"}}],"inLanguage":"es"},{"@type":"Organization","@id":"https:\/\/acuariosupremus.com\/#organization","name":"Acuario Supremus","url":"https:\/\/acuariosupremus.com\/","logo":{"@type":"ImageObject","inLanguage":"es","@id":"https:\/\/acuariosupremus.com\/#\/schema\/logo\/image\/","url":"https:\/\/acuariosupremus.com\/wp-content\/uploads\/2021\/12\/cropped-logo_acuario_supremus_fn-2.png","contentUrl":"https:\/\/acuariosupremus.com\/wp-content\/uploads\/2021\/12\/cropped-logo_acuario_supremus_fn-2.png","width":1000,"height":318,"caption":"Acuario Supremus"},"image":{"@id":"https:\/\/acuariosupremus.com\/#\/schema\/logo\/image\/"},"sameAs":["https:\/\/www.facebook.com\/AcuarioSupremus","https:\/\/x.com\/AcuarioSupremus","https:\/\/www.instagram.com\/acuariosupremus\/?hl=es"]}]}},"jetpack_sharing_enabled":true,"_links":{"self":[{"href":"https:\/\/acuariosupremus.com\/index.php?rest_route=\/wp\/v2\/product\/9691","targetHints":{"allow":["GET"]}}],"collection":[{"href":"https:\/\/acuariosupremus.com\/index.php?rest_route=\/wp\/v2\/product"}],"about":[{"href":"https:\/\/acuariosupremus.com\/index.php?rest_route=\/wp\/v2\/types\/product"}],"wp:featuredmedia":[{"embeddable":true,"href":"https:\/\/acuariosupremus.com\/index.php?rest_route=\/wp\/v2\/media\/9692"}],"wp:attachment":[{"href":"https:\/\/acuariosupremus.com\/index.php?rest_route=%2Fwp%2Fv2%2Fmedia&parent=9691"}],"wp:term":[{"taxonomy":"product_brand","embeddable":true,"href":"https:\/\/acuariosupremus.com\/index.php?rest_route=%2Fwp%2Fv2%2Fproduct_brand&post=9691"},{"taxonomy":"product_cat","embeddable":true,"href":"https:\/\/acuariosupremus.com\/index.php?rest_route=%2Fwp%2Fv2%2Fproduct_cat&post=9691"},{"taxonomy":"product_tag","embeddable":true,"href":"https:\/\/acuariosupremus.com\/index.php?rest_route=%2Fwp%2Fv2%2Fproduct_tag&post=9691"}],"curies":[{"name":"wp","href":"https:\/\/api.w.org\/{rel}","templated":true}]}}