{"id":9716,"date":"2022-05-17T20:18:34","date_gmt":"2022-05-18T01:18:34","guid":{"rendered":"https:\/\/acuariosupremus.com\/?post_type=product&#038;p=9716"},"modified":"2025-12-30T16:07:19","modified_gmt":"2025-12-30T22:07:19","slug":"difusor-de-co2-ufo-ovni-grande","status":"publish","type":"product","link":"https:\/\/acuariosupremus.com\/?product=difusor-de-co2-ufo-ovni-grande","title":{"rendered":"Difusor de CO2 UFO (OVNI), grande."},"content":{"rendered":"<p>Estos difusores compactos tienen un disco difusor f\u00e1cilmente intercambiable, hecho con un material cer\u00e1mico espec\u00edfico para optimizar al m\u00e1ximo la inyecci\u00f3n del CO2 a trav\u00e9s de unas burbujas muy finas y homog\u00e9neas. Son muy f\u00e1ciles de desmontar para ser limpiados o para sustituir su disco cer\u00e1mico. Se sujetan con una ventosa de silicona de gran calidad y larga durabilidad, y su dise\u00f1o minimalista se integra perfectamente con la decoraci\u00f3n de su acuario.<\/p>\n<p>Desccripci\u00f3n: Grande Peso: 20 (grs.) Dimensiones: 60 x 40 x 35 (l x a x h, mm) Dim. Disco difusor: 29 x 3 (ref: I-5887) (\u00d8 x h, mm) Peso c. embalaje: 30 (grs.) Dim. embalaje: 110 x 88 x 40 (l x a x h, mm)<\/p>\n","protected":false},"excerpt":{"rendered":"<p>Difusores cer\u00e1micos Premiun en pl\u00e1stico y acr\u00edlico de excelente calidad. Est\u00e1n dise\u00f1ados de forma elegante y compacta, con sistema de inyecci\u00f3n vertical para ahorrar espacio y evitar curvas en la manguera que puedan generar obstrucciones en el flujo. Esta l\u00ednea presenta tres di\u00e1metros distintos para adaptarse a las necesidades de cada acuario sin desperdiciar gas CO2.<\/p>\n","protected":false},"featured_media":9710,"template":"","meta":[],"product_brand":[127],"product_cat":[40,56],"product_tag":[886],"class_list":{"0":"post-9716","1":"product","2":"type-product","3":"status-publish","4":"has-post-thumbnail","6":"product_brand-ista","7":"product_cat-peces","8":"product_cat-plantas-naturales","9":"product_tag-difusor-de-co2","11":"first","12":"instock","13":"sale","14":"shipping-taxable","15":"purchasable","16":"product-type-simple"},"yoast_head":"<!-- This site is optimized with the Yoast SEO plugin v27.4 - https:\/\/yoast.com\/product\/yoast-seo-wordpress\/ -->\n<title>Difusor de CO2 UFO (OVNI), grande. | Acuario Supremus<\/title>\n<meta name=\"description\" content=\"Difusores cer\u00e1micos Premiun en pl\u00e1stico y acr\u00edlico de excelente calidad. dise\u00f1ados con sistema de inyecci\u00f3n vertical para ahorrar espacio.\" \/>\n<meta name=\"robots\" content=\"index, follow, max-snippet:-1, max-image-preview:large, max-video-preview:-1\" \/>\n<link rel=\"canonical\" href=\"https:\/\/acuariosupremus.com\/?product=difusor-de-co2-ufo-ovni-grande\" \/>\n<meta property=\"og:locale\" content=\"es_MX\" \/>\n<meta property=\"og:type\" content=\"article\" \/>\n<meta property=\"og:title\" content=\"Difusor de CO2 UFO (OVNI), grande. | Acuario Supremus\" \/>\n<meta property=\"og:description\" content=\"Difusores cer\u00e1micos Premiun en pl\u00e1stico y acr\u00edlico de excelente calidad. dise\u00f1ados con sistema de inyecci\u00f3n vertical para ahorrar espacio.\" \/>\n<meta property=\"og:url\" content=\"https:\/\/acuariosupremus.com\/?product=difusor-de-co2-ufo-ovni-grande\" \/>\n<meta property=\"og:site_name\" content=\"Acuario Supremus\" \/>\n<meta property=\"article:publisher\" content=\"https:\/\/www.facebook.com\/AcuarioSupremus\" \/>\n<meta property=\"article:modified_time\" content=\"2025-12-30T22:07:19+00:00\" \/>\n<meta property=\"og:image\" content=\"https:\/\/acuariosupremus.com\/wp-content\/uploads\/2022\/05\/i-504-523-505_difusor_co2_ufo_ista_03.jpg\" \/>\n\t<meta property=\"og:image:width\" content=\"1250\" \/>\n\t<meta property=\"og:image:height\" content=\"1250\" \/>\n\t<meta property=\"og:image:type\" content=\"image\/jpeg\" \/>\n<meta name=\"twitter:card\" content=\"summary_large_image\" \/>\n<meta name=\"twitter:site\" content=\"@AcuarioSupremus\" \/>\n<meta name=\"twitter:label1\" content=\"Tiempo de lectura\" \/>\n\t<meta name=\"twitter:data1\" content=\"1 minuto\" \/>\n<script type=\"application\/ld+json\" class=\"yoast-schema-graph\">{\"@context\":\"https:\\\/\\\/schema.org\",\"@graph\":[{\"@type\":\"WebPage\",\"@id\":\"https:\\\/\\\/acuariosupremus.com\\\/?product=difusor-de-co2-ufo-ovni-grande\",\"url\":\"https:\\\/\\\/acuariosupremus.com\\\/?product=difusor-de-co2-ufo-ovni-grande\",\"name\":\"Difusor de CO2 UFO (OVNI), grande. | Acuario Supremus\",\"isPartOf\":{\"@id\":\"https:\\\/\\\/acuariosupremus.com\\\/#website\"},\"primaryImageOfPage\":{\"@id\":\"https:\\\/\\\/acuariosupremus.com\\\/?product=difusor-de-co2-ufo-ovni-grande#primaryimage\"},\"image\":{\"@id\":\"https:\\\/\\\/acuariosupremus.com\\\/?product=difusor-de-co2-ufo-ovni-grande#primaryimage\"},\"thumbnailUrl\":\"https:\\\/\\\/acuariosupremus.com\\\/wp-content\\\/uploads\\\/2022\\\/05\\\/i-504-523-505_difusor_co2_ufo_ista_03.jpg\",\"datePublished\":\"2022-05-18T01:18:34+00:00\",\"dateModified\":\"2025-12-30T22:07:19+00:00\",\"description\":\"Difusores cer\u00e1micos Premiun en pl\u00e1stico y acr\u00edlico de excelente calidad. dise\u00f1ados con sistema de inyecci\u00f3n vertical para ahorrar espacio.\",\"breadcrumb\":{\"@id\":\"https:\\\/\\\/acuariosupremus.com\\\/?product=difusor-de-co2-ufo-ovni-grande#breadcrumb\"},\"inLanguage\":\"es\",\"potentialAction\":[{\"@type\":\"ReadAction\",\"target\":[\"https:\\\/\\\/acuariosupremus.com\\\/?product=difusor-de-co2-ufo-ovni-grande\"]}]},{\"@type\":\"ImageObject\",\"inLanguage\":\"es\",\"@id\":\"https:\\\/\\\/acuariosupremus.com\\\/?product=difusor-de-co2-ufo-ovni-grande#primaryimage\",\"url\":\"https:\\\/\\\/acuariosupremus.com\\\/wp-content\\\/uploads\\\/2022\\\/05\\\/i-504-523-505_difusor_co2_ufo_ista_03.jpg\",\"contentUrl\":\"https:\\\/\\\/acuariosupremus.com\\\/wp-content\\\/uploads\\\/2022\\\/05\\\/i-504-523-505_difusor_co2_ufo_ista_03.jpg\",\"width\":1250,\"height\":1250},{\"@type\":\"BreadcrumbList\",\"@id\":\"https:\\\/\\\/acuariosupremus.com\\\/?product=difusor-de-co2-ufo-ovni-grande#breadcrumb\",\"itemListElement\":[{\"@type\":\"ListItem\",\"position\":1,\"name\":\"Portada\",\"item\":\"https:\\\/\\\/acuariosupremus.com\\\/\"},{\"@type\":\"ListItem\",\"position\":2,\"name\":\"Tienda\",\"item\":\"https:\\\/\\\/acuariosupremus.com\\\/tienda\\\/\"},{\"@type\":\"ListItem\",\"position\":3,\"name\":\"Difusor de CO2 UFO (OVNI), grande.\"}]},{\"@type\":\"WebSite\",\"@id\":\"https:\\\/\\\/acuariosupremus.com\\\/#website\",\"url\":\"https:\\\/\\\/acuariosupremus.com\\\/\",\"name\":\"Acuario Supremus\",\"description\":\"Peces, Peceras y Mascotas.\",\"publisher\":{\"@id\":\"https:\\\/\\\/acuariosupremus.com\\\/#organization\"},\"potentialAction\":[{\"@type\":\"SearchAction\",\"target\":{\"@type\":\"EntryPoint\",\"urlTemplate\":\"https:\\\/\\\/acuariosupremus.com\\\/?s={search_term_string}\"},\"query-input\":{\"@type\":\"PropertyValueSpecification\",\"valueRequired\":true,\"valueName\":\"search_term_string\"}}],\"inLanguage\":\"es\"},{\"@type\":\"Organization\",\"@id\":\"https:\\\/\\\/acuariosupremus.com\\\/#organization\",\"name\":\"Acuario Supremus\",\"url\":\"https:\\\/\\\/acuariosupremus.com\\\/\",\"logo\":{\"@type\":\"ImageObject\",\"inLanguage\":\"es\",\"@id\":\"https:\\\/\\\/acuariosupremus.com\\\/#\\\/schema\\\/logo\\\/image\\\/\",\"url\":\"https:\\\/\\\/acuariosupremus.com\\\/wp-content\\\/uploads\\\/2021\\\/12\\\/cropped-logo_acuario_supremus_fn-2.png\",\"contentUrl\":\"https:\\\/\\\/acuariosupremus.com\\\/wp-content\\\/uploads\\\/2021\\\/12\\\/cropped-logo_acuario_supremus_fn-2.png\",\"width\":1000,\"height\":318,\"caption\":\"Acuario Supremus\"},\"image\":{\"@id\":\"https:\\\/\\\/acuariosupremus.com\\\/#\\\/schema\\\/logo\\\/image\\\/\"},\"sameAs\":[\"https:\\\/\\\/www.facebook.com\\\/AcuarioSupremus\",\"https:\\\/\\\/x.com\\\/AcuarioSupremus\",\"https:\\\/\\\/www.instagram.com\\\/acuariosupremus\\\/?hl=es\"]}]}<\/script>\n<!-- \/ Yoast SEO plugin. -->","yoast_head_json":{"title":"Difusor de CO2 UFO (OVNI), grande. | Acuario Supremus","description":"Difusores cer\u00e1micos Premiun en pl\u00e1stico y acr\u00edlico de excelente calidad. dise\u00f1ados con sistema de inyecci\u00f3n vertical para ahorrar espacio.","robots":{"index":"index","follow":"follow","max-snippet":"max-snippet:-1","max-image-preview":"max-image-preview:large","max-video-preview":"max-video-preview:-1"},"canonical":"https:\/\/acuariosupremus.com\/?product=difusor-de-co2-ufo-ovni-grande","og_locale":"es_MX","og_type":"article","og_title":"Difusor de CO2 UFO (OVNI), grande. | Acuario Supremus","og_description":"Difusores cer\u00e1micos Premiun en pl\u00e1stico y acr\u00edlico de excelente calidad. dise\u00f1ados con sistema de inyecci\u00f3n vertical para ahorrar espacio.","og_url":"https:\/\/acuariosupremus.com\/?product=difusor-de-co2-ufo-ovni-grande","og_site_name":"Acuario Supremus","article_publisher":"https:\/\/www.facebook.com\/AcuarioSupremus","article_modified_time":"2025-12-30T22:07:19+00:00","og_image":[{"width":1250,"height":1250,"url":"https:\/\/acuariosupremus.com\/wp-content\/uploads\/2022\/05\/i-504-523-505_difusor_co2_ufo_ista_03.jpg","type":"image\/jpeg"}],"twitter_card":"summary_large_image","twitter_site":"@AcuarioSupremus","twitter_misc":{"Tiempo de lectura":"1 minuto"},"schema":{"@context":"https:\/\/schema.org","@graph":[{"@type":"WebPage","@id":"https:\/\/acuariosupremus.com\/?product=difusor-de-co2-ufo-ovni-grande","url":"https:\/\/acuariosupremus.com\/?product=difusor-de-co2-ufo-ovni-grande","name":"Difusor de CO2 UFO (OVNI), grande. | Acuario Supremus","isPartOf":{"@id":"https:\/\/acuariosupremus.com\/#website"},"primaryImageOfPage":{"@id":"https:\/\/acuariosupremus.com\/?product=difusor-de-co2-ufo-ovni-grande#primaryimage"},"image":{"@id":"https:\/\/acuariosupremus.com\/?product=difusor-de-co2-ufo-ovni-grande#primaryimage"},"thumbnailUrl":"https:\/\/acuariosupremus.com\/wp-content\/uploads\/2022\/05\/i-504-523-505_difusor_co2_ufo_ista_03.jpg","datePublished":"2022-05-18T01:18:34+00:00","dateModified":"2025-12-30T22:07:19+00:00","description":"Difusores cer\u00e1micos Premiun en pl\u00e1stico y acr\u00edlico de excelente calidad. dise\u00f1ados con sistema de inyecci\u00f3n vertical para ahorrar espacio.","breadcrumb":{"@id":"https:\/\/acuariosupremus.com\/?product=difusor-de-co2-ufo-ovni-grande#breadcrumb"},"inLanguage":"es","potentialAction":[{"@type":"ReadAction","target":["https:\/\/acuariosupremus.com\/?product=difusor-de-co2-ufo-ovni-grande"]}]},{"@type":"ImageObject","inLanguage":"es","@id":"https:\/\/acuariosupremus.com\/?product=difusor-de-co2-ufo-ovni-grande#primaryimage","url":"https:\/\/acuariosupremus.com\/wp-content\/uploads\/2022\/05\/i-504-523-505_difusor_co2_ufo_ista_03.jpg","contentUrl":"https:\/\/acuariosupremus.com\/wp-content\/uploads\/2022\/05\/i-504-523-505_difusor_co2_ufo_ista_03.jpg","width":1250,"height":1250},{"@type":"BreadcrumbList","@id":"https:\/\/acuariosupremus.com\/?product=difusor-de-co2-ufo-ovni-grande#breadcrumb","itemListElement":[{"@type":"ListItem","position":1,"name":"Portada","item":"https:\/\/acuariosupremus.com\/"},{"@type":"ListItem","position":2,"name":"Tienda","item":"https:\/\/acuariosupremus.com\/tienda\/"},{"@type":"ListItem","position":3,"name":"Difusor de CO2 UFO (OVNI), grande."}]},{"@type":"WebSite","@id":"https:\/\/acuariosupremus.com\/#website","url":"https:\/\/acuariosupremus.com\/","name":"Acuario Supremus","description":"Peces, Peceras y Mascotas.","publisher":{"@id":"https:\/\/acuariosupremus.com\/#organization"},"potentialAction":[{"@type":"SearchAction","target":{"@type":"EntryPoint","urlTemplate":"https:\/\/acuariosupremus.com\/?s={search_term_string}"},"query-input":{"@type":"PropertyValueSpecification","valueRequired":true,"valueName":"search_term_string"}}],"inLanguage":"es"},{"@type":"Organization","@id":"https:\/\/acuariosupremus.com\/#organization","name":"Acuario Supremus","url":"https:\/\/acuariosupremus.com\/","logo":{"@type":"ImageObject","inLanguage":"es","@id":"https:\/\/acuariosupremus.com\/#\/schema\/logo\/image\/","url":"https:\/\/acuariosupremus.com\/wp-content\/uploads\/2021\/12\/cropped-logo_acuario_supremus_fn-2.png","contentUrl":"https:\/\/acuariosupremus.com\/wp-content\/uploads\/2021\/12\/cropped-logo_acuario_supremus_fn-2.png","width":1000,"height":318,"caption":"Acuario Supremus"},"image":{"@id":"https:\/\/acuariosupremus.com\/#\/schema\/logo\/image\/"},"sameAs":["https:\/\/www.facebook.com\/AcuarioSupremus","https:\/\/x.com\/AcuarioSupremus","https:\/\/www.instagram.com\/acuariosupremus\/?hl=es"]}]}},"jetpack_sharing_enabled":true,"_links":{"self":[{"href":"https:\/\/acuariosupremus.com\/index.php?rest_route=\/wp\/v2\/product\/9716","targetHints":{"allow":["GET"]}}],"collection":[{"href":"https:\/\/acuariosupremus.com\/index.php?rest_route=\/wp\/v2\/product"}],"about":[{"href":"https:\/\/acuariosupremus.com\/index.php?rest_route=\/wp\/v2\/types\/product"}],"wp:featuredmedia":[{"embeddable":true,"href":"https:\/\/acuariosupremus.com\/index.php?rest_route=\/wp\/v2\/media\/9710"}],"wp:attachment":[{"href":"https:\/\/acuariosupremus.com\/index.php?rest_route=%2Fwp%2Fv2%2Fmedia&parent=9716"}],"wp:term":[{"taxonomy":"product_brand","embeddable":true,"href":"https:\/\/acuariosupremus.com\/index.php?rest_route=%2Fwp%2Fv2%2Fproduct_brand&post=9716"},{"taxonomy":"product_cat","embeddable":true,"href":"https:\/\/acuariosupremus.com\/index.php?rest_route=%2Fwp%2Fv2%2Fproduct_cat&post=9716"},{"taxonomy":"product_tag","embeddable":true,"href":"https:\/\/acuariosupremus.com\/index.php?rest_route=%2Fwp%2Fv2%2Fproduct_tag&post=9716"}],"curies":[{"name":"wp","href":"https:\/\/api.w.org\/{rel}","templated":true}]}}