{"id":9730,"date":"2022-05-18T13:50:49","date_gmt":"2022-05-18T18:50:49","guid":{"rendered":"https:\/\/acuariosupremus.com\/?post_type=product&#038;p=9730"},"modified":"2025-12-30T16:09:38","modified_gmt":"2025-12-30T22:09:38","slug":"contador-de-burbujas-de-co2-metalico","status":"publish","type":"product","link":"https:\/\/acuariosupremus.com\/?product=contador-de-burbujas-de-co2-metalico","title":{"rendered":"Contador de burbujas de CO2, met\u00e1lico."},"content":{"rendered":"<p>Las v\u00e1lvulas tipo antirretorno impiden que el flujo de aire pueda invertirse en una manguera de gas CO2. Debido la ley de vasos comunicantes el agua de nuestro acuario puede introducirse por el difusor o reactor y alcanzar el regulador a trav\u00e9s de la manguera, provocando un derramamiento de agua con consecuencias que ponen en riesgo nuestra seguridad y la de nuestro acuario. Para solucionar este problema es necesario contar con una v\u00e1lvula at\u00f3xica y a prueba de fallos, que solo permita el paso de fluidos en una direcci\u00f3n. A parte de su confiabilidad y durabilidad, posee la ventaja de exigir poca presi\u00f3n para su apertura con el fin de no restar demasiado rendimiento a la bomba de aire o suministro de gas CO2.<\/p>\n<p>Dimensiones: 80 x 18 x 18 (l x a x h, mm) Conexi\u00f3n: 4\/6 \u2013 rosca 10mm (\u00d8 mm) Peso: 55 (grs.) Peso c. embalaje: 70 (grs.) Material del muelle: Acero INOX Medidas del embalaje: 70 x 150 x 25 (l x a x h mm).<\/p>\n","protected":false},"excerpt":{"rendered":"<p>Contador de burbujas profesional de acero inoxidable y acr\u00edlico transparente de gran calidad y acabado, equipado con una v\u00e1lvula antirretorno de tipo muelle de acero a prueba de fallos. Sus cierres cuentan con empaques de gran calidad. Este equipamiento de doble funci\u00f3n est\u00e1 dise\u00f1ado para ser llenado de agua y despu\u00e9s conectado directamente a la salida del flujo del regulador. De este modo podremos registrar con exactitud el caudal del CO2 burbuja a burbuja sin riesgo de que el agua retorne al regulador y da\u00f1e el filtro de part\u00edculas. Su gran robustez y confiabilidad lo hacen ideal para las instalaciones profesionales. Su salida para manguera de 4\/6 mm. cuenta con una tuerca de seguridad de acero Inoxidable que asegura herm\u00e9ticamente el circuito neum\u00e1tico para evitar p\u00e9rdidas de gas.<\/p>\n","protected":false},"featured_media":9731,"template":"","meta":[],"product_brand":[127],"product_cat":[40,56],"product_tag":[887],"class_list":{"0":"post-9730","1":"product","2":"type-product","3":"status-publish","4":"has-post-thumbnail","6":"product_brand-ista","7":"product_cat-peces","8":"product_cat-plantas-naturales","9":"product_tag-contador-de-burbujas-de-co2-metalico","11":"first","12":"instock","13":"sale","14":"shipping-taxable","15":"purchasable","16":"product-type-simple"},"yoast_head":"<!-- This site is optimized with the Yoast SEO plugin v27.4 - https:\/\/yoast.com\/product\/yoast-seo-wordpress\/ -->\n<title>Contador de burbujas de CO2, met\u00e1lico. | Acuario Supremus<\/title>\n<meta name=\"description\" content=\"Contador de burbujas de acero inoxidable y acr\u00edlico transparente de gran calidad con v\u00e1lvula antirretorno de tipo muelle de acero a prueba de fallos.\" \/>\n<meta name=\"robots\" content=\"index, follow, max-snippet:-1, max-image-preview:large, max-video-preview:-1\" \/>\n<link rel=\"canonical\" href=\"https:\/\/acuariosupremus.com\/?product=contador-de-burbujas-de-co2-metalico\" \/>\n<meta property=\"og:locale\" content=\"es_MX\" \/>\n<meta property=\"og:type\" content=\"article\" \/>\n<meta property=\"og:title\" content=\"Contador de burbujas de CO2, met\u00e1lico. | Acuario Supremus\" \/>\n<meta property=\"og:description\" content=\"Contador de burbujas de acero inoxidable y acr\u00edlico transparente de gran calidad con v\u00e1lvula antirretorno de tipo muelle de acero a prueba de fallos.\" \/>\n<meta property=\"og:url\" content=\"https:\/\/acuariosupremus.com\/?product=contador-de-burbujas-de-co2-metalico\" \/>\n<meta property=\"og:site_name\" content=\"Acuario Supremus\" \/>\n<meta property=\"article:publisher\" content=\"https:\/\/www.facebook.com\/AcuarioSupremus\" \/>\n<meta property=\"article:modified_time\" content=\"2025-12-30T22:09:38+00:00\" \/>\n<meta property=\"og:image\" content=\"https:\/\/acuariosupremus.com\/wp-content\/uploads\/2022\/05\/i-532_co2_metal_bubble_counter_ista_02.jpg\" \/>\n\t<meta property=\"og:image:width\" content=\"1250\" \/>\n\t<meta property=\"og:image:height\" content=\"1250\" \/>\n\t<meta property=\"og:image:type\" content=\"image\/jpeg\" \/>\n<meta name=\"twitter:card\" content=\"summary_large_image\" \/>\n<meta name=\"twitter:site\" content=\"@AcuarioSupremus\" \/>\n<meta name=\"twitter:label1\" content=\"Tiempo de lectura\" \/>\n\t<meta name=\"twitter:data1\" content=\"1 minuto\" \/>\n<script type=\"application\/ld+json\" class=\"yoast-schema-graph\">{\"@context\":\"https:\\\/\\\/schema.org\",\"@graph\":[{\"@type\":\"WebPage\",\"@id\":\"https:\\\/\\\/acuariosupremus.com\\\/?product=contador-de-burbujas-de-co2-metalico\",\"url\":\"https:\\\/\\\/acuariosupremus.com\\\/?product=contador-de-burbujas-de-co2-metalico\",\"name\":\"Contador de burbujas de CO2, met\u00e1lico. | Acuario Supremus\",\"isPartOf\":{\"@id\":\"https:\\\/\\\/acuariosupremus.com\\\/#website\"},\"primaryImageOfPage\":{\"@id\":\"https:\\\/\\\/acuariosupremus.com\\\/?product=contador-de-burbujas-de-co2-metalico#primaryimage\"},\"image\":{\"@id\":\"https:\\\/\\\/acuariosupremus.com\\\/?product=contador-de-burbujas-de-co2-metalico#primaryimage\"},\"thumbnailUrl\":\"https:\\\/\\\/acuariosupremus.com\\\/wp-content\\\/uploads\\\/2022\\\/05\\\/i-532_co2_metal_bubble_counter_ista_02.jpg\",\"datePublished\":\"2022-05-18T18:50:49+00:00\",\"dateModified\":\"2025-12-30T22:09:38+00:00\",\"description\":\"Contador de burbujas de acero inoxidable y acr\u00edlico transparente de gran calidad con v\u00e1lvula antirretorno de tipo muelle de acero a prueba de fallos.\",\"breadcrumb\":{\"@id\":\"https:\\\/\\\/acuariosupremus.com\\\/?product=contador-de-burbujas-de-co2-metalico#breadcrumb\"},\"inLanguage\":\"es\",\"potentialAction\":[{\"@type\":\"ReadAction\",\"target\":[\"https:\\\/\\\/acuariosupremus.com\\\/?product=contador-de-burbujas-de-co2-metalico\"]}]},{\"@type\":\"ImageObject\",\"inLanguage\":\"es\",\"@id\":\"https:\\\/\\\/acuariosupremus.com\\\/?product=contador-de-burbujas-de-co2-metalico#primaryimage\",\"url\":\"https:\\\/\\\/acuariosupremus.com\\\/wp-content\\\/uploads\\\/2022\\\/05\\\/i-532_co2_metal_bubble_counter_ista_02.jpg\",\"contentUrl\":\"https:\\\/\\\/acuariosupremus.com\\\/wp-content\\\/uploads\\\/2022\\\/05\\\/i-532_co2_metal_bubble_counter_ista_02.jpg\",\"width\":1250,\"height\":1250},{\"@type\":\"BreadcrumbList\",\"@id\":\"https:\\\/\\\/acuariosupremus.com\\\/?product=contador-de-burbujas-de-co2-metalico#breadcrumb\",\"itemListElement\":[{\"@type\":\"ListItem\",\"position\":1,\"name\":\"Portada\",\"item\":\"https:\\\/\\\/acuariosupremus.com\\\/\"},{\"@type\":\"ListItem\",\"position\":2,\"name\":\"Tienda\",\"item\":\"https:\\\/\\\/acuariosupremus.com\\\/tienda\\\/\"},{\"@type\":\"ListItem\",\"position\":3,\"name\":\"Contador de burbujas de CO2, met\u00e1lico.\"}]},{\"@type\":\"WebSite\",\"@id\":\"https:\\\/\\\/acuariosupremus.com\\\/#website\",\"url\":\"https:\\\/\\\/acuariosupremus.com\\\/\",\"name\":\"Acuario Supremus\",\"description\":\"Peces, Peceras y Mascotas.\",\"publisher\":{\"@id\":\"https:\\\/\\\/acuariosupremus.com\\\/#organization\"},\"potentialAction\":[{\"@type\":\"SearchAction\",\"target\":{\"@type\":\"EntryPoint\",\"urlTemplate\":\"https:\\\/\\\/acuariosupremus.com\\\/?s={search_term_string}\"},\"query-input\":{\"@type\":\"PropertyValueSpecification\",\"valueRequired\":true,\"valueName\":\"search_term_string\"}}],\"inLanguage\":\"es\"},{\"@type\":\"Organization\",\"@id\":\"https:\\\/\\\/acuariosupremus.com\\\/#organization\",\"name\":\"Acuario Supremus\",\"url\":\"https:\\\/\\\/acuariosupremus.com\\\/\",\"logo\":{\"@type\":\"ImageObject\",\"inLanguage\":\"es\",\"@id\":\"https:\\\/\\\/acuariosupremus.com\\\/#\\\/schema\\\/logo\\\/image\\\/\",\"url\":\"https:\\\/\\\/acuariosupremus.com\\\/wp-content\\\/uploads\\\/2021\\\/12\\\/cropped-logo_acuario_supremus_fn-2.png\",\"contentUrl\":\"https:\\\/\\\/acuariosupremus.com\\\/wp-content\\\/uploads\\\/2021\\\/12\\\/cropped-logo_acuario_supremus_fn-2.png\",\"width\":1000,\"height\":318,\"caption\":\"Acuario Supremus\"},\"image\":{\"@id\":\"https:\\\/\\\/acuariosupremus.com\\\/#\\\/schema\\\/logo\\\/image\\\/\"},\"sameAs\":[\"https:\\\/\\\/www.facebook.com\\\/AcuarioSupremus\",\"https:\\\/\\\/x.com\\\/AcuarioSupremus\",\"https:\\\/\\\/www.instagram.com\\\/acuariosupremus\\\/?hl=es\"]}]}<\/script>\n<!-- \/ Yoast SEO plugin. -->","yoast_head_json":{"title":"Contador de burbujas de CO2, met\u00e1lico. | Acuario Supremus","description":"Contador de burbujas de acero inoxidable y acr\u00edlico transparente de gran calidad con v\u00e1lvula antirretorno de tipo muelle de acero a prueba de fallos.","robots":{"index":"index","follow":"follow","max-snippet":"max-snippet:-1","max-image-preview":"max-image-preview:large","max-video-preview":"max-video-preview:-1"},"canonical":"https:\/\/acuariosupremus.com\/?product=contador-de-burbujas-de-co2-metalico","og_locale":"es_MX","og_type":"article","og_title":"Contador de burbujas de CO2, met\u00e1lico. | Acuario Supremus","og_description":"Contador de burbujas de acero inoxidable y acr\u00edlico transparente de gran calidad con v\u00e1lvula antirretorno de tipo muelle de acero a prueba de fallos.","og_url":"https:\/\/acuariosupremus.com\/?product=contador-de-burbujas-de-co2-metalico","og_site_name":"Acuario Supremus","article_publisher":"https:\/\/www.facebook.com\/AcuarioSupremus","article_modified_time":"2025-12-30T22:09:38+00:00","og_image":[{"width":1250,"height":1250,"url":"https:\/\/acuariosupremus.com\/wp-content\/uploads\/2022\/05\/i-532_co2_metal_bubble_counter_ista_02.jpg","type":"image\/jpeg"}],"twitter_card":"summary_large_image","twitter_site":"@AcuarioSupremus","twitter_misc":{"Tiempo de lectura":"1 minuto"},"schema":{"@context":"https:\/\/schema.org","@graph":[{"@type":"WebPage","@id":"https:\/\/acuariosupremus.com\/?product=contador-de-burbujas-de-co2-metalico","url":"https:\/\/acuariosupremus.com\/?product=contador-de-burbujas-de-co2-metalico","name":"Contador de burbujas de CO2, met\u00e1lico. | Acuario Supremus","isPartOf":{"@id":"https:\/\/acuariosupremus.com\/#website"},"primaryImageOfPage":{"@id":"https:\/\/acuariosupremus.com\/?product=contador-de-burbujas-de-co2-metalico#primaryimage"},"image":{"@id":"https:\/\/acuariosupremus.com\/?product=contador-de-burbujas-de-co2-metalico#primaryimage"},"thumbnailUrl":"https:\/\/acuariosupremus.com\/wp-content\/uploads\/2022\/05\/i-532_co2_metal_bubble_counter_ista_02.jpg","datePublished":"2022-05-18T18:50:49+00:00","dateModified":"2025-12-30T22:09:38+00:00","description":"Contador de burbujas de acero inoxidable y acr\u00edlico transparente de gran calidad con v\u00e1lvula antirretorno de tipo muelle de acero a prueba de fallos.","breadcrumb":{"@id":"https:\/\/acuariosupremus.com\/?product=contador-de-burbujas-de-co2-metalico#breadcrumb"},"inLanguage":"es","potentialAction":[{"@type":"ReadAction","target":["https:\/\/acuariosupremus.com\/?product=contador-de-burbujas-de-co2-metalico"]}]},{"@type":"ImageObject","inLanguage":"es","@id":"https:\/\/acuariosupremus.com\/?product=contador-de-burbujas-de-co2-metalico#primaryimage","url":"https:\/\/acuariosupremus.com\/wp-content\/uploads\/2022\/05\/i-532_co2_metal_bubble_counter_ista_02.jpg","contentUrl":"https:\/\/acuariosupremus.com\/wp-content\/uploads\/2022\/05\/i-532_co2_metal_bubble_counter_ista_02.jpg","width":1250,"height":1250},{"@type":"BreadcrumbList","@id":"https:\/\/acuariosupremus.com\/?product=contador-de-burbujas-de-co2-metalico#breadcrumb","itemListElement":[{"@type":"ListItem","position":1,"name":"Portada","item":"https:\/\/acuariosupremus.com\/"},{"@type":"ListItem","position":2,"name":"Tienda","item":"https:\/\/acuariosupremus.com\/tienda\/"},{"@type":"ListItem","position":3,"name":"Contador de burbujas de CO2, met\u00e1lico."}]},{"@type":"WebSite","@id":"https:\/\/acuariosupremus.com\/#website","url":"https:\/\/acuariosupremus.com\/","name":"Acuario Supremus","description":"Peces, Peceras y Mascotas.","publisher":{"@id":"https:\/\/acuariosupremus.com\/#organization"},"potentialAction":[{"@type":"SearchAction","target":{"@type":"EntryPoint","urlTemplate":"https:\/\/acuariosupremus.com\/?s={search_term_string}"},"query-input":{"@type":"PropertyValueSpecification","valueRequired":true,"valueName":"search_term_string"}}],"inLanguage":"es"},{"@type":"Organization","@id":"https:\/\/acuariosupremus.com\/#organization","name":"Acuario Supremus","url":"https:\/\/acuariosupremus.com\/","logo":{"@type":"ImageObject","inLanguage":"es","@id":"https:\/\/acuariosupremus.com\/#\/schema\/logo\/image\/","url":"https:\/\/acuariosupremus.com\/wp-content\/uploads\/2021\/12\/cropped-logo_acuario_supremus_fn-2.png","contentUrl":"https:\/\/acuariosupremus.com\/wp-content\/uploads\/2021\/12\/cropped-logo_acuario_supremus_fn-2.png","width":1000,"height":318,"caption":"Acuario Supremus"},"image":{"@id":"https:\/\/acuariosupremus.com\/#\/schema\/logo\/image\/"},"sameAs":["https:\/\/www.facebook.com\/AcuarioSupremus","https:\/\/x.com\/AcuarioSupremus","https:\/\/www.instagram.com\/acuariosupremus\/?hl=es"]}]}},"jetpack_sharing_enabled":true,"_links":{"self":[{"href":"https:\/\/acuariosupremus.com\/index.php?rest_route=\/wp\/v2\/product\/9730","targetHints":{"allow":["GET"]}}],"collection":[{"href":"https:\/\/acuariosupremus.com\/index.php?rest_route=\/wp\/v2\/product"}],"about":[{"href":"https:\/\/acuariosupremus.com\/index.php?rest_route=\/wp\/v2\/types\/product"}],"wp:featuredmedia":[{"embeddable":true,"href":"https:\/\/acuariosupremus.com\/index.php?rest_route=\/wp\/v2\/media\/9731"}],"wp:attachment":[{"href":"https:\/\/acuariosupremus.com\/index.php?rest_route=%2Fwp%2Fv2%2Fmedia&parent=9730"}],"wp:term":[{"taxonomy":"product_brand","embeddable":true,"href":"https:\/\/acuariosupremus.com\/index.php?rest_route=%2Fwp%2Fv2%2Fproduct_brand&post=9730"},{"taxonomy":"product_cat","embeddable":true,"href":"https:\/\/acuariosupremus.com\/index.php?rest_route=%2Fwp%2Fv2%2Fproduct_cat&post=9730"},{"taxonomy":"product_tag","embeddable":true,"href":"https:\/\/acuariosupremus.com\/index.php?rest_route=%2Fwp%2Fv2%2Fproduct_tag&post=9730"}],"curies":[{"name":"wp","href":"https:\/\/api.w.org\/{rel}","templated":true}]}}