{"id":9740,"date":"2022-05-18T14:15:06","date_gmt":"2022-05-18T19:15:06","guid":{"rendered":"https:\/\/acuariosupremus.com\/?post_type=product&#038;p=9740"},"modified":"2025-12-30T16:17:15","modified_gmt":"2025-12-30T22:17:15","slug":"reactor-de-plastico-con-ceramica-reemplazable-externo-alto-volumen","status":"publish","type":"product","link":"https:\/\/acuariosupremus.com\/?product=reactor-de-plastico-con-ceramica-reemplazable-externo-alto-volumen","title":{"rendered":"Reactor de pl\u00e1stico con cer\u00e1mica reemplazable externo, alto volumen."},"content":{"rendered":"<p>Se instala f\u00e1cilmente insert\u00e1ndolo en la l\u00ednea de la manguera de retorno de agua de un filtro canister convencional o bomba de agua. Est\u00e1 construido en pl\u00e1stico ABS transl\u00facido para permitir un registro del flujo de burbujas. Est\u00e1 formado por dos c\u00e1maras: en la primera se encuentra un difusor cil\u00edndrico especial con una gran superficie, mientras que en la segunda se haya una pieza giratoria espiral tipo \u201csin fin\u201d que provoca un v\u00f3rtex de microburbujas dentro de la manguera.<\/p>\n<p>Conexiones para manguera: 12\/16 (mm) Caudal: 600 &#8211; 1000 (l\/h) Sujeci\u00f3n: No necesita Dimensiones: 175 x 50 x 50 (l x a x h, mm) Peso: 90 (grs.) Peso c. embalaje: 120 (grs.) Dim. embalaje: 180 x 55 x 55 (l x a x h, mm).<\/p>\n","protected":false},"excerpt":{"rendered":"<p>Reactor externo con difusor cer\u00e1mico de CO2 para acuarios de tama\u00f1o mediano realizado en material acr\u00edlico de alta calidad. Esta soluci\u00f3n profesional est\u00e1 dise\u00f1ada para disolver con eficacia el 100% del gas CO2 que dosificamos desde cualquier tipo de cilindro o envase presurizado. Utiliza un sistema combinado de disoluci\u00f3n que consta de un disco cer\u00e1mico seguido de una turbina de accionamiento pasivo para disolver el gas.<\/p>\n","protected":false},"featured_media":9741,"template":"","meta":[],"product_brand":[127],"product_cat":[40,56],"product_tag":[889],"class_list":{"0":"post-9740","1":"product","2":"type-product","3":"status-publish","4":"has-post-thumbnail","6":"product_brand-ista","7":"product_cat-peces","8":"product_cat-plantas-naturales","9":"product_tag-reactor-de-plastico-con-ceramica-reemplazable-externo","11":"first","12":"instock","13":"sale","14":"shipping-taxable","15":"purchasable","16":"product-type-simple"},"yoast_head":"<!-- This site is optimized with the Yoast SEO plugin v27.4 - https:\/\/yoast.com\/product\/yoast-seo-wordpress\/ -->\n<title>Reactor de pl\u00e1stico con cer\u00e1mica reemplazable externo, alto volumen. | Acuario Supremus<\/title>\n<meta name=\"description\" content=\"Reactor externo con difusor cer\u00e1mico de CO2 para acuarios de tama\u00f1o mediano realizado en material acr\u00edlico de alta calidad.\" \/>\n<meta name=\"robots\" content=\"index, follow, max-snippet:-1, max-image-preview:large, max-video-preview:-1\" \/>\n<link rel=\"canonical\" href=\"https:\/\/acuariosupremus.com\/?product=reactor-de-plastico-con-ceramica-reemplazable-externo-alto-volumen\" \/>\n<meta property=\"og:locale\" content=\"es_MX\" \/>\n<meta property=\"og:type\" content=\"article\" \/>\n<meta property=\"og:title\" content=\"Reactor de pl\u00e1stico con cer\u00e1mica reemplazable externo, alto volumen. | Acuario Supremus\" \/>\n<meta property=\"og:description\" content=\"Reactor externo con difusor cer\u00e1mico de CO2 para acuarios de tama\u00f1o mediano realizado en material acr\u00edlico de alta calidad.\" \/>\n<meta property=\"og:url\" content=\"https:\/\/acuariosupremus.com\/?product=reactor-de-plastico-con-ceramica-reemplazable-externo-alto-volumen\" \/>\n<meta property=\"og:site_name\" content=\"Acuario Supremus\" \/>\n<meta property=\"article:publisher\" content=\"https:\/\/www.facebook.com\/AcuarioSupremus\" \/>\n<meta property=\"article:modified_time\" content=\"2025-12-30T22:17:15+00:00\" \/>\n<meta property=\"og:image\" content=\"https:\/\/acuariosupremus.com\/wp-content\/uploads\/2022\/05\/i-540_reactor_co2_ceramico_externo_ista_01.jpg\" \/>\n\t<meta property=\"og:image:width\" content=\"1250\" \/>\n\t<meta property=\"og:image:height\" content=\"1250\" \/>\n\t<meta property=\"og:image:type\" content=\"image\/jpeg\" \/>\n<meta name=\"twitter:card\" content=\"summary_large_image\" \/>\n<meta name=\"twitter:site\" content=\"@AcuarioSupremus\" \/>\n<meta name=\"twitter:label1\" content=\"Tiempo de lectura\" \/>\n\t<meta name=\"twitter:data1\" content=\"1 minuto\" \/>\n<script type=\"application\/ld+json\" class=\"yoast-schema-graph\">{\"@context\":\"https:\\\/\\\/schema.org\",\"@graph\":[{\"@type\":\"WebPage\",\"@id\":\"https:\\\/\\\/acuariosupremus.com\\\/?product=reactor-de-plastico-con-ceramica-reemplazable-externo-alto-volumen\",\"url\":\"https:\\\/\\\/acuariosupremus.com\\\/?product=reactor-de-plastico-con-ceramica-reemplazable-externo-alto-volumen\",\"name\":\"Reactor de pl\u00e1stico con cer\u00e1mica reemplazable externo, alto volumen. | Acuario Supremus\",\"isPartOf\":{\"@id\":\"https:\\\/\\\/acuariosupremus.com\\\/#website\"},\"primaryImageOfPage\":{\"@id\":\"https:\\\/\\\/acuariosupremus.com\\\/?product=reactor-de-plastico-con-ceramica-reemplazable-externo-alto-volumen#primaryimage\"},\"image\":{\"@id\":\"https:\\\/\\\/acuariosupremus.com\\\/?product=reactor-de-plastico-con-ceramica-reemplazable-externo-alto-volumen#primaryimage\"},\"thumbnailUrl\":\"https:\\\/\\\/acuariosupremus.com\\\/wp-content\\\/uploads\\\/2022\\\/05\\\/i-540_reactor_co2_ceramico_externo_ista_01.jpg\",\"datePublished\":\"2022-05-18T19:15:06+00:00\",\"dateModified\":\"2025-12-30T22:17:15+00:00\",\"description\":\"Reactor externo con difusor cer\u00e1mico de CO2 para acuarios de tama\u00f1o mediano realizado en material acr\u00edlico de alta calidad.\",\"breadcrumb\":{\"@id\":\"https:\\\/\\\/acuariosupremus.com\\\/?product=reactor-de-plastico-con-ceramica-reemplazable-externo-alto-volumen#breadcrumb\"},\"inLanguage\":\"es\",\"potentialAction\":[{\"@type\":\"ReadAction\",\"target\":[\"https:\\\/\\\/acuariosupremus.com\\\/?product=reactor-de-plastico-con-ceramica-reemplazable-externo-alto-volumen\"]}]},{\"@type\":\"ImageObject\",\"inLanguage\":\"es\",\"@id\":\"https:\\\/\\\/acuariosupremus.com\\\/?product=reactor-de-plastico-con-ceramica-reemplazable-externo-alto-volumen#primaryimage\",\"url\":\"https:\\\/\\\/acuariosupremus.com\\\/wp-content\\\/uploads\\\/2022\\\/05\\\/i-540_reactor_co2_ceramico_externo_ista_01.jpg\",\"contentUrl\":\"https:\\\/\\\/acuariosupremus.com\\\/wp-content\\\/uploads\\\/2022\\\/05\\\/i-540_reactor_co2_ceramico_externo_ista_01.jpg\",\"width\":1250,\"height\":1250},{\"@type\":\"BreadcrumbList\",\"@id\":\"https:\\\/\\\/acuariosupremus.com\\\/?product=reactor-de-plastico-con-ceramica-reemplazable-externo-alto-volumen#breadcrumb\",\"itemListElement\":[{\"@type\":\"ListItem\",\"position\":1,\"name\":\"Portada\",\"item\":\"https:\\\/\\\/acuariosupremus.com\\\/\"},{\"@type\":\"ListItem\",\"position\":2,\"name\":\"Tienda\",\"item\":\"https:\\\/\\\/acuariosupremus.com\\\/tienda\\\/\"},{\"@type\":\"ListItem\",\"position\":3,\"name\":\"Reactor de pl\u00e1stico con cer\u00e1mica reemplazable externo, alto volumen.\"}]},{\"@type\":\"WebSite\",\"@id\":\"https:\\\/\\\/acuariosupremus.com\\\/#website\",\"url\":\"https:\\\/\\\/acuariosupremus.com\\\/\",\"name\":\"Acuario Supremus\",\"description\":\"Peces, Peceras y Mascotas.\",\"publisher\":{\"@id\":\"https:\\\/\\\/acuariosupremus.com\\\/#organization\"},\"potentialAction\":[{\"@type\":\"SearchAction\",\"target\":{\"@type\":\"EntryPoint\",\"urlTemplate\":\"https:\\\/\\\/acuariosupremus.com\\\/?s={search_term_string}\"},\"query-input\":{\"@type\":\"PropertyValueSpecification\",\"valueRequired\":true,\"valueName\":\"search_term_string\"}}],\"inLanguage\":\"es\"},{\"@type\":\"Organization\",\"@id\":\"https:\\\/\\\/acuariosupremus.com\\\/#organization\",\"name\":\"Acuario Supremus\",\"url\":\"https:\\\/\\\/acuariosupremus.com\\\/\",\"logo\":{\"@type\":\"ImageObject\",\"inLanguage\":\"es\",\"@id\":\"https:\\\/\\\/acuariosupremus.com\\\/#\\\/schema\\\/logo\\\/image\\\/\",\"url\":\"https:\\\/\\\/acuariosupremus.com\\\/wp-content\\\/uploads\\\/2021\\\/12\\\/cropped-logo_acuario_supremus_fn-2.png\",\"contentUrl\":\"https:\\\/\\\/acuariosupremus.com\\\/wp-content\\\/uploads\\\/2021\\\/12\\\/cropped-logo_acuario_supremus_fn-2.png\",\"width\":1000,\"height\":318,\"caption\":\"Acuario Supremus\"},\"image\":{\"@id\":\"https:\\\/\\\/acuariosupremus.com\\\/#\\\/schema\\\/logo\\\/image\\\/\"},\"sameAs\":[\"https:\\\/\\\/www.facebook.com\\\/AcuarioSupremus\",\"https:\\\/\\\/x.com\\\/AcuarioSupremus\",\"https:\\\/\\\/www.instagram.com\\\/acuariosupremus\\\/?hl=es\"]}]}<\/script>\n<!-- \/ Yoast SEO plugin. -->","yoast_head_json":{"title":"Reactor de pl\u00e1stico con cer\u00e1mica reemplazable externo, alto volumen. | Acuario Supremus","description":"Reactor externo con difusor cer\u00e1mico de CO2 para acuarios de tama\u00f1o mediano realizado en material acr\u00edlico de alta calidad.","robots":{"index":"index","follow":"follow","max-snippet":"max-snippet:-1","max-image-preview":"max-image-preview:large","max-video-preview":"max-video-preview:-1"},"canonical":"https:\/\/acuariosupremus.com\/?product=reactor-de-plastico-con-ceramica-reemplazable-externo-alto-volumen","og_locale":"es_MX","og_type":"article","og_title":"Reactor de pl\u00e1stico con cer\u00e1mica reemplazable externo, alto volumen. | Acuario Supremus","og_description":"Reactor externo con difusor cer\u00e1mico de CO2 para acuarios de tama\u00f1o mediano realizado en material acr\u00edlico de alta calidad.","og_url":"https:\/\/acuariosupremus.com\/?product=reactor-de-plastico-con-ceramica-reemplazable-externo-alto-volumen","og_site_name":"Acuario Supremus","article_publisher":"https:\/\/www.facebook.com\/AcuarioSupremus","article_modified_time":"2025-12-30T22:17:15+00:00","og_image":[{"width":1250,"height":1250,"url":"https:\/\/acuariosupremus.com\/wp-content\/uploads\/2022\/05\/i-540_reactor_co2_ceramico_externo_ista_01.jpg","type":"image\/jpeg"}],"twitter_card":"summary_large_image","twitter_site":"@AcuarioSupremus","twitter_misc":{"Tiempo de lectura":"1 minuto"},"schema":{"@context":"https:\/\/schema.org","@graph":[{"@type":"WebPage","@id":"https:\/\/acuariosupremus.com\/?product=reactor-de-plastico-con-ceramica-reemplazable-externo-alto-volumen","url":"https:\/\/acuariosupremus.com\/?product=reactor-de-plastico-con-ceramica-reemplazable-externo-alto-volumen","name":"Reactor de pl\u00e1stico con cer\u00e1mica reemplazable externo, alto volumen. | Acuario Supremus","isPartOf":{"@id":"https:\/\/acuariosupremus.com\/#website"},"primaryImageOfPage":{"@id":"https:\/\/acuariosupremus.com\/?product=reactor-de-plastico-con-ceramica-reemplazable-externo-alto-volumen#primaryimage"},"image":{"@id":"https:\/\/acuariosupremus.com\/?product=reactor-de-plastico-con-ceramica-reemplazable-externo-alto-volumen#primaryimage"},"thumbnailUrl":"https:\/\/acuariosupremus.com\/wp-content\/uploads\/2022\/05\/i-540_reactor_co2_ceramico_externo_ista_01.jpg","datePublished":"2022-05-18T19:15:06+00:00","dateModified":"2025-12-30T22:17:15+00:00","description":"Reactor externo con difusor cer\u00e1mico de CO2 para acuarios de tama\u00f1o mediano realizado en material acr\u00edlico de alta calidad.","breadcrumb":{"@id":"https:\/\/acuariosupremus.com\/?product=reactor-de-plastico-con-ceramica-reemplazable-externo-alto-volumen#breadcrumb"},"inLanguage":"es","potentialAction":[{"@type":"ReadAction","target":["https:\/\/acuariosupremus.com\/?product=reactor-de-plastico-con-ceramica-reemplazable-externo-alto-volumen"]}]},{"@type":"ImageObject","inLanguage":"es","@id":"https:\/\/acuariosupremus.com\/?product=reactor-de-plastico-con-ceramica-reemplazable-externo-alto-volumen#primaryimage","url":"https:\/\/acuariosupremus.com\/wp-content\/uploads\/2022\/05\/i-540_reactor_co2_ceramico_externo_ista_01.jpg","contentUrl":"https:\/\/acuariosupremus.com\/wp-content\/uploads\/2022\/05\/i-540_reactor_co2_ceramico_externo_ista_01.jpg","width":1250,"height":1250},{"@type":"BreadcrumbList","@id":"https:\/\/acuariosupremus.com\/?product=reactor-de-plastico-con-ceramica-reemplazable-externo-alto-volumen#breadcrumb","itemListElement":[{"@type":"ListItem","position":1,"name":"Portada","item":"https:\/\/acuariosupremus.com\/"},{"@type":"ListItem","position":2,"name":"Tienda","item":"https:\/\/acuariosupremus.com\/tienda\/"},{"@type":"ListItem","position":3,"name":"Reactor de pl\u00e1stico con cer\u00e1mica reemplazable externo, alto volumen."}]},{"@type":"WebSite","@id":"https:\/\/acuariosupremus.com\/#website","url":"https:\/\/acuariosupremus.com\/","name":"Acuario Supremus","description":"Peces, Peceras y Mascotas.","publisher":{"@id":"https:\/\/acuariosupremus.com\/#organization"},"potentialAction":[{"@type":"SearchAction","target":{"@type":"EntryPoint","urlTemplate":"https:\/\/acuariosupremus.com\/?s={search_term_string}"},"query-input":{"@type":"PropertyValueSpecification","valueRequired":true,"valueName":"search_term_string"}}],"inLanguage":"es"},{"@type":"Organization","@id":"https:\/\/acuariosupremus.com\/#organization","name":"Acuario Supremus","url":"https:\/\/acuariosupremus.com\/","logo":{"@type":"ImageObject","inLanguage":"es","@id":"https:\/\/acuariosupremus.com\/#\/schema\/logo\/image\/","url":"https:\/\/acuariosupremus.com\/wp-content\/uploads\/2021\/12\/cropped-logo_acuario_supremus_fn-2.png","contentUrl":"https:\/\/acuariosupremus.com\/wp-content\/uploads\/2021\/12\/cropped-logo_acuario_supremus_fn-2.png","width":1000,"height":318,"caption":"Acuario Supremus"},"image":{"@id":"https:\/\/acuariosupremus.com\/#\/schema\/logo\/image\/"},"sameAs":["https:\/\/www.facebook.com\/AcuarioSupremus","https:\/\/x.com\/AcuarioSupremus","https:\/\/www.instagram.com\/acuariosupremus\/?hl=es"]}]}},"jetpack_sharing_enabled":true,"_links":{"self":[{"href":"https:\/\/acuariosupremus.com\/index.php?rest_route=\/wp\/v2\/product\/9740","targetHints":{"allow":["GET"]}}],"collection":[{"href":"https:\/\/acuariosupremus.com\/index.php?rest_route=\/wp\/v2\/product"}],"about":[{"href":"https:\/\/acuariosupremus.com\/index.php?rest_route=\/wp\/v2\/types\/product"}],"wp:featuredmedia":[{"embeddable":true,"href":"https:\/\/acuariosupremus.com\/index.php?rest_route=\/wp\/v2\/media\/9741"}],"wp:attachment":[{"href":"https:\/\/acuariosupremus.com\/index.php?rest_route=%2Fwp%2Fv2%2Fmedia&parent=9740"}],"wp:term":[{"taxonomy":"product_brand","embeddable":true,"href":"https:\/\/acuariosupremus.com\/index.php?rest_route=%2Fwp%2Fv2%2Fproduct_brand&post=9740"},{"taxonomy":"product_cat","embeddable":true,"href":"https:\/\/acuariosupremus.com\/index.php?rest_route=%2Fwp%2Fv2%2Fproduct_cat&post=9740"},{"taxonomy":"product_tag","embeddable":true,"href":"https:\/\/acuariosupremus.com\/index.php?rest_route=%2Fwp%2Fv2%2Fproduct_tag&post=9740"}],"curies":[{"name":"wp","href":"https:\/\/api.w.org\/{rel}","templated":true}]}}