{"id":9747,"date":"2022-05-18T14:25:45","date_gmt":"2022-05-18T19:25:45","guid":{"rendered":"https:\/\/acuariosupremus.com\/?post_type=product&#038;p=9747"},"modified":"2025-12-30T16:17:32","modified_gmt":"2025-12-30T22:17:32","slug":"plant-curving-clip-pinzas-curvas-de-acero-inoxidable","status":"publish","type":"product","link":"https:\/\/acuariosupremus.com\/?product=plant-curving-clip-pinzas-curvas-de-acero-inoxidable","title":{"rendered":"Plant Curving Clip, Pinzas curvas de acero inoxidable."},"content":{"rendered":"<p>En los sistemas marinos y de arrecife estas pinzas son \u00fatiles para la colocaci\u00f3n de fragmentos de coral. Se utilizan muy a menudo tanto en las labores diarias de mantenimiento como para la creaci\u00f3n de decoraciones en cualquier tipo de acuario. (Longitud: 26.5 cm.) Ideal para la plantar y dar mantenimiento a las plantas acu\u00e1ticas, en particular aquellas con tallos gruesos o anchos. Son muy \u00fatiles en el momento de la siembra en un sustrato de grava, y facilita el acomodo de las ra\u00edces en la arena. Est\u00e1n construidas en acero inoxidable de muy alta calidad.<\/p>\n<p>Tipo de punta: Curva Apertura m\u00e1xima: 46 (mm.) Longitud de la punta: 40 (mm.) Construcci\u00f3n:\u00a0 Acero INOX (material) Peso: 45 (grs.) Peso con embalaje: 70 (grs.)\u00a0 Medidas: 265 x 12 x 50 (mm) Medidas con embalaje: 345 x 80 x 18 (mm).<\/p>\n","protected":false},"excerpt":{"rendered":"<p>Herramienta Ideal para la plantar y dar mantenimiento a las plantas acu\u00e1ticas, en particular aquellas con tallos gruesos o anchos. Son muy \u00fatiles cuando pretendemos alcanzar zonas de dif\u00edcil acceso, tales como las esquinas o alrededor de rocas y madera decorativa. En el momento de la siembra en un sustrato de grava estas pinzas facilitan el acomodo de las ra\u00edces. Est\u00e1n construidas en acero inoxidable de muy alta calidad.<\/p>\n","protected":false},"featured_media":9748,"template":"","meta":[],"product_brand":[127],"product_cat":[40,56],"product_tag":[542],"class_list":{"0":"post-9747","1":"product","2":"type-product","3":"status-publish","4":"has-post-thumbnail","6":"product_brand-ista","7":"product_cat-peces","8":"product_cat-plantas-naturales","9":"product_tag-pinzas-corales-y-plantas","11":"first","12":"instock","13":"sale","14":"shipping-taxable","15":"purchasable","16":"product-type-simple"},"yoast_head":"<!-- This site is optimized with the Yoast SEO plugin v27.4 - https:\/\/yoast.com\/product\/yoast-seo-wordpress\/ -->\n<title>Plant Curving Clip, Pinzas curvas de acero inoxidable. | Acuario Supremus<\/title>\n<meta name=\"description\" content=\"Herramienta Ideal para plantar y dar mantenimiento a las plantas acu\u00e1ticas, en particular aquellas con tallos gruesos o anchos.\" \/>\n<meta name=\"robots\" content=\"index, follow, max-snippet:-1, max-image-preview:large, max-video-preview:-1\" \/>\n<link rel=\"canonical\" href=\"https:\/\/acuariosupremus.com\/?product=plant-curving-clip-pinzas-curvas-de-acero-inoxidable\" \/>\n<meta property=\"og:locale\" content=\"es_MX\" \/>\n<meta property=\"og:type\" content=\"article\" \/>\n<meta property=\"og:title\" content=\"Plant Curving Clip, Pinzas curvas de acero inoxidable. | Acuario Supremus\" \/>\n<meta property=\"og:description\" content=\"Herramienta Ideal para plantar y dar mantenimiento a las plantas acu\u00e1ticas, en particular aquellas con tallos gruesos o anchos.\" \/>\n<meta property=\"og:url\" content=\"https:\/\/acuariosupremus.com\/?product=plant-curving-clip-pinzas-curvas-de-acero-inoxidable\" \/>\n<meta property=\"og:site_name\" content=\"Acuario Supremus\" \/>\n<meta property=\"article:publisher\" content=\"https:\/\/www.facebook.com\/AcuarioSupremus\" \/>\n<meta property=\"article:modified_time\" content=\"2025-12-30T22:17:32+00:00\" \/>\n<meta property=\"og:image\" content=\"https:\/\/acuariosupremus.com\/wp-content\/uploads\/2022\/05\/i-544_pinzas_curvas_acero_inoxidable_ista_02.jpg\" \/>\n\t<meta property=\"og:image:width\" content=\"1250\" \/>\n\t<meta property=\"og:image:height\" content=\"1250\" \/>\n\t<meta property=\"og:image:type\" content=\"image\/jpeg\" \/>\n<meta name=\"twitter:card\" content=\"summary_large_image\" \/>\n<meta name=\"twitter:site\" content=\"@AcuarioSupremus\" \/>\n<meta name=\"twitter:label1\" content=\"Tiempo de lectura\" \/>\n\t<meta name=\"twitter:data1\" content=\"1 minuto\" \/>\n<script type=\"application\/ld+json\" class=\"yoast-schema-graph\">{\"@context\":\"https:\\\/\\\/schema.org\",\"@graph\":[{\"@type\":\"WebPage\",\"@id\":\"https:\\\/\\\/acuariosupremus.com\\\/?product=plant-curving-clip-pinzas-curvas-de-acero-inoxidable\",\"url\":\"https:\\\/\\\/acuariosupremus.com\\\/?product=plant-curving-clip-pinzas-curvas-de-acero-inoxidable\",\"name\":\"Plant Curving Clip, Pinzas curvas de acero inoxidable. | Acuario Supremus\",\"isPartOf\":{\"@id\":\"https:\\\/\\\/acuariosupremus.com\\\/#website\"},\"primaryImageOfPage\":{\"@id\":\"https:\\\/\\\/acuariosupremus.com\\\/?product=plant-curving-clip-pinzas-curvas-de-acero-inoxidable#primaryimage\"},\"image\":{\"@id\":\"https:\\\/\\\/acuariosupremus.com\\\/?product=plant-curving-clip-pinzas-curvas-de-acero-inoxidable#primaryimage\"},\"thumbnailUrl\":\"https:\\\/\\\/acuariosupremus.com\\\/wp-content\\\/uploads\\\/2022\\\/05\\\/i-544_pinzas_curvas_acero_inoxidable_ista_02.jpg\",\"datePublished\":\"2022-05-18T19:25:45+00:00\",\"dateModified\":\"2025-12-30T22:17:32+00:00\",\"description\":\"Herramienta Ideal para plantar y dar mantenimiento a las plantas acu\u00e1ticas, en particular aquellas con tallos gruesos o anchos.\",\"breadcrumb\":{\"@id\":\"https:\\\/\\\/acuariosupremus.com\\\/?product=plant-curving-clip-pinzas-curvas-de-acero-inoxidable#breadcrumb\"},\"inLanguage\":\"es\",\"potentialAction\":[{\"@type\":\"ReadAction\",\"target\":[\"https:\\\/\\\/acuariosupremus.com\\\/?product=plant-curving-clip-pinzas-curvas-de-acero-inoxidable\"]}]},{\"@type\":\"ImageObject\",\"inLanguage\":\"es\",\"@id\":\"https:\\\/\\\/acuariosupremus.com\\\/?product=plant-curving-clip-pinzas-curvas-de-acero-inoxidable#primaryimage\",\"url\":\"https:\\\/\\\/acuariosupremus.com\\\/wp-content\\\/uploads\\\/2022\\\/05\\\/i-544_pinzas_curvas_acero_inoxidable_ista_02.jpg\",\"contentUrl\":\"https:\\\/\\\/acuariosupremus.com\\\/wp-content\\\/uploads\\\/2022\\\/05\\\/i-544_pinzas_curvas_acero_inoxidable_ista_02.jpg\",\"width\":1250,\"height\":1250},{\"@type\":\"BreadcrumbList\",\"@id\":\"https:\\\/\\\/acuariosupremus.com\\\/?product=plant-curving-clip-pinzas-curvas-de-acero-inoxidable#breadcrumb\",\"itemListElement\":[{\"@type\":\"ListItem\",\"position\":1,\"name\":\"Portada\",\"item\":\"https:\\\/\\\/acuariosupremus.com\\\/\"},{\"@type\":\"ListItem\",\"position\":2,\"name\":\"Tienda\",\"item\":\"https:\\\/\\\/acuariosupremus.com\\\/tienda\\\/\"},{\"@type\":\"ListItem\",\"position\":3,\"name\":\"Plant Curving Clip, Pinzas curvas de acero inoxidable.\"}]},{\"@type\":\"WebSite\",\"@id\":\"https:\\\/\\\/acuariosupremus.com\\\/#website\",\"url\":\"https:\\\/\\\/acuariosupremus.com\\\/\",\"name\":\"Acuario Supremus\",\"description\":\"Peces, Peceras y Mascotas.\",\"publisher\":{\"@id\":\"https:\\\/\\\/acuariosupremus.com\\\/#organization\"},\"potentialAction\":[{\"@type\":\"SearchAction\",\"target\":{\"@type\":\"EntryPoint\",\"urlTemplate\":\"https:\\\/\\\/acuariosupremus.com\\\/?s={search_term_string}\"},\"query-input\":{\"@type\":\"PropertyValueSpecification\",\"valueRequired\":true,\"valueName\":\"search_term_string\"}}],\"inLanguage\":\"es\"},{\"@type\":\"Organization\",\"@id\":\"https:\\\/\\\/acuariosupremus.com\\\/#organization\",\"name\":\"Acuario Supremus\",\"url\":\"https:\\\/\\\/acuariosupremus.com\\\/\",\"logo\":{\"@type\":\"ImageObject\",\"inLanguage\":\"es\",\"@id\":\"https:\\\/\\\/acuariosupremus.com\\\/#\\\/schema\\\/logo\\\/image\\\/\",\"url\":\"https:\\\/\\\/acuariosupremus.com\\\/wp-content\\\/uploads\\\/2021\\\/12\\\/cropped-logo_acuario_supremus_fn-2.png\",\"contentUrl\":\"https:\\\/\\\/acuariosupremus.com\\\/wp-content\\\/uploads\\\/2021\\\/12\\\/cropped-logo_acuario_supremus_fn-2.png\",\"width\":1000,\"height\":318,\"caption\":\"Acuario Supremus\"},\"image\":{\"@id\":\"https:\\\/\\\/acuariosupremus.com\\\/#\\\/schema\\\/logo\\\/image\\\/\"},\"sameAs\":[\"https:\\\/\\\/www.facebook.com\\\/AcuarioSupremus\",\"https:\\\/\\\/x.com\\\/AcuarioSupremus\",\"https:\\\/\\\/www.instagram.com\\\/acuariosupremus\\\/?hl=es\"]}]}<\/script>\n<!-- \/ Yoast SEO plugin. -->","yoast_head_json":{"title":"Plant Curving Clip, Pinzas curvas de acero inoxidable. | Acuario Supremus","description":"Herramienta Ideal para plantar y dar mantenimiento a las plantas acu\u00e1ticas, en particular aquellas con tallos gruesos o anchos.","robots":{"index":"index","follow":"follow","max-snippet":"max-snippet:-1","max-image-preview":"max-image-preview:large","max-video-preview":"max-video-preview:-1"},"canonical":"https:\/\/acuariosupremus.com\/?product=plant-curving-clip-pinzas-curvas-de-acero-inoxidable","og_locale":"es_MX","og_type":"article","og_title":"Plant Curving Clip, Pinzas curvas de acero inoxidable. | Acuario Supremus","og_description":"Herramienta Ideal para plantar y dar mantenimiento a las plantas acu\u00e1ticas, en particular aquellas con tallos gruesos o anchos.","og_url":"https:\/\/acuariosupremus.com\/?product=plant-curving-clip-pinzas-curvas-de-acero-inoxidable","og_site_name":"Acuario Supremus","article_publisher":"https:\/\/www.facebook.com\/AcuarioSupremus","article_modified_time":"2025-12-30T22:17:32+00:00","og_image":[{"width":1250,"height":1250,"url":"https:\/\/acuariosupremus.com\/wp-content\/uploads\/2022\/05\/i-544_pinzas_curvas_acero_inoxidable_ista_02.jpg","type":"image\/jpeg"}],"twitter_card":"summary_large_image","twitter_site":"@AcuarioSupremus","twitter_misc":{"Tiempo de lectura":"1 minuto"},"schema":{"@context":"https:\/\/schema.org","@graph":[{"@type":"WebPage","@id":"https:\/\/acuariosupremus.com\/?product=plant-curving-clip-pinzas-curvas-de-acero-inoxidable","url":"https:\/\/acuariosupremus.com\/?product=plant-curving-clip-pinzas-curvas-de-acero-inoxidable","name":"Plant Curving Clip, Pinzas curvas de acero inoxidable. | Acuario Supremus","isPartOf":{"@id":"https:\/\/acuariosupremus.com\/#website"},"primaryImageOfPage":{"@id":"https:\/\/acuariosupremus.com\/?product=plant-curving-clip-pinzas-curvas-de-acero-inoxidable#primaryimage"},"image":{"@id":"https:\/\/acuariosupremus.com\/?product=plant-curving-clip-pinzas-curvas-de-acero-inoxidable#primaryimage"},"thumbnailUrl":"https:\/\/acuariosupremus.com\/wp-content\/uploads\/2022\/05\/i-544_pinzas_curvas_acero_inoxidable_ista_02.jpg","datePublished":"2022-05-18T19:25:45+00:00","dateModified":"2025-12-30T22:17:32+00:00","description":"Herramienta Ideal para plantar y dar mantenimiento a las plantas acu\u00e1ticas, en particular aquellas con tallos gruesos o anchos.","breadcrumb":{"@id":"https:\/\/acuariosupremus.com\/?product=plant-curving-clip-pinzas-curvas-de-acero-inoxidable#breadcrumb"},"inLanguage":"es","potentialAction":[{"@type":"ReadAction","target":["https:\/\/acuariosupremus.com\/?product=plant-curving-clip-pinzas-curvas-de-acero-inoxidable"]}]},{"@type":"ImageObject","inLanguage":"es","@id":"https:\/\/acuariosupremus.com\/?product=plant-curving-clip-pinzas-curvas-de-acero-inoxidable#primaryimage","url":"https:\/\/acuariosupremus.com\/wp-content\/uploads\/2022\/05\/i-544_pinzas_curvas_acero_inoxidable_ista_02.jpg","contentUrl":"https:\/\/acuariosupremus.com\/wp-content\/uploads\/2022\/05\/i-544_pinzas_curvas_acero_inoxidable_ista_02.jpg","width":1250,"height":1250},{"@type":"BreadcrumbList","@id":"https:\/\/acuariosupremus.com\/?product=plant-curving-clip-pinzas-curvas-de-acero-inoxidable#breadcrumb","itemListElement":[{"@type":"ListItem","position":1,"name":"Portada","item":"https:\/\/acuariosupremus.com\/"},{"@type":"ListItem","position":2,"name":"Tienda","item":"https:\/\/acuariosupremus.com\/tienda\/"},{"@type":"ListItem","position":3,"name":"Plant Curving Clip, Pinzas curvas de acero inoxidable."}]},{"@type":"WebSite","@id":"https:\/\/acuariosupremus.com\/#website","url":"https:\/\/acuariosupremus.com\/","name":"Acuario Supremus","description":"Peces, Peceras y Mascotas.","publisher":{"@id":"https:\/\/acuariosupremus.com\/#organization"},"potentialAction":[{"@type":"SearchAction","target":{"@type":"EntryPoint","urlTemplate":"https:\/\/acuariosupremus.com\/?s={search_term_string}"},"query-input":{"@type":"PropertyValueSpecification","valueRequired":true,"valueName":"search_term_string"}}],"inLanguage":"es"},{"@type":"Organization","@id":"https:\/\/acuariosupremus.com\/#organization","name":"Acuario Supremus","url":"https:\/\/acuariosupremus.com\/","logo":{"@type":"ImageObject","inLanguage":"es","@id":"https:\/\/acuariosupremus.com\/#\/schema\/logo\/image\/","url":"https:\/\/acuariosupremus.com\/wp-content\/uploads\/2021\/12\/cropped-logo_acuario_supremus_fn-2.png","contentUrl":"https:\/\/acuariosupremus.com\/wp-content\/uploads\/2021\/12\/cropped-logo_acuario_supremus_fn-2.png","width":1000,"height":318,"caption":"Acuario Supremus"},"image":{"@id":"https:\/\/acuariosupremus.com\/#\/schema\/logo\/image\/"},"sameAs":["https:\/\/www.facebook.com\/AcuarioSupremus","https:\/\/x.com\/AcuarioSupremus","https:\/\/www.instagram.com\/acuariosupremus\/?hl=es"]}]}},"jetpack_sharing_enabled":true,"_links":{"self":[{"href":"https:\/\/acuariosupremus.com\/index.php?rest_route=\/wp\/v2\/product\/9747","targetHints":{"allow":["GET"]}}],"collection":[{"href":"https:\/\/acuariosupremus.com\/index.php?rest_route=\/wp\/v2\/product"}],"about":[{"href":"https:\/\/acuariosupremus.com\/index.php?rest_route=\/wp\/v2\/types\/product"}],"wp:featuredmedia":[{"embeddable":true,"href":"https:\/\/acuariosupremus.com\/index.php?rest_route=\/wp\/v2\/media\/9748"}],"wp:attachment":[{"href":"https:\/\/acuariosupremus.com\/index.php?rest_route=%2Fwp%2Fv2%2Fmedia&parent=9747"}],"wp:term":[{"taxonomy":"product_brand","embeddable":true,"href":"https:\/\/acuariosupremus.com\/index.php?rest_route=%2Fwp%2Fv2%2Fproduct_brand&post=9747"},{"taxonomy":"product_cat","embeddable":true,"href":"https:\/\/acuariosupremus.com\/index.php?rest_route=%2Fwp%2Fv2%2Fproduct_cat&post=9747"},{"taxonomy":"product_tag","embeddable":true,"href":"https:\/\/acuariosupremus.com\/index.php?rest_route=%2Fwp%2Fv2%2Fproduct_tag&post=9747"}],"curies":[{"name":"wp","href":"https:\/\/api.w.org\/{rel}","templated":true}]}}