{"id":9776,"date":"2022-05-18T15:32:38","date_gmt":"2022-05-18T20:32:38","guid":{"rendered":"https:\/\/acuariosupremus.com\/?post_type=product&#038;p=9776"},"modified":"2025-12-30T16:20:30","modified_gmt":"2025-12-30T22:20:30","slug":"trampa-de-cristal-para-planaria","status":"publish","type":"product","link":"https:\/\/acuariosupremus.com\/?product=trampa-de-cristal-para-planaria","title":{"rendered":"Trampa de cristal para planaria."},"content":{"rendered":"<p>Esta ingeniosa trampa permite colocar la comida de su preferencia como cebo y esperar una noche a que se acumulen en su interior las planarias para colectarlas cada d\u00eda. La trampa para nem\u00e1todos ISTA, est\u00e1 elaborada en vidrio de gran calidad con tres entradas especiales que hace imposible que las presas salgan del recipiente.<\/p>\n<p>Material Vidro soplado (\u00d8mm) N\u00famero de entradas: 3\u00a0 Medidas 24 x 24 x 120 (l x a x h mm) Medidas con embalaje 100 x 160 x 30 (mm) Peso 30 (grs.) Peso con embalaje 55 (grs.).<\/p>\n","protected":false},"excerpt":{"rendered":"<p>Trampa para controlar plagas de planarias de una manera muy efectiva, f\u00e1cil y r\u00e1pida. Controlar estas plagas de platelmintos suele ser un reto com\u00fanmente dif\u00edcil en los acuarios. El m\u00e9todo m\u00e1s complicado es el uso de productos qu\u00edmicos t\u00f3xicos para plagas. Esto es debido a que estos productos son nocivos para muchas plantas acu\u00e1ticas y peces sensibles, consumiendo mucho ox\u00edgeno disuelto y matando a menudo las bacterias del lecho biol\u00f3gico del filtro. Estos m\u00e9todos agresivos obligan a instalar una aireaci\u00f3n extra y despu\u00e9s del tratamiento es obligado el uso de carb\u00f3n activado, cambios profusos de agua y por \u00faltimo retirar los cad\u00e1veres. La trampa para planarias de ISTA evita todos estos pasos, adem\u00e1s de la inversi\u00f3n econ\u00f3mica y el tiempo que emplean los tratamientos qu\u00edmicos, logrando un trabajo r\u00e1pido, limpio, eficaz y sobre todo sustentable.<\/p>\n","protected":false},"featured_media":9781,"template":"","meta":[],"product_brand":[127],"product_cat":[40,56],"product_tag":[891],"class_list":{"0":"post-9776","1":"product","2":"type-product","3":"status-publish","4":"has-post-thumbnail","6":"product_brand-ista","7":"product_cat-peces","8":"product_cat-plantas-naturales","9":"product_tag-trampa-de-cristal-para-planaria","11":"first","12":"instock","13":"sale","14":"shipping-taxable","15":"purchasable","16":"product-type-simple"},"yoast_head":"<!-- This site is optimized with the Yoast SEO plugin v27.4 - https:\/\/yoast.com\/product\/yoast-seo-wordpress\/ -->\n<title>Trampa de cristal para planaria. | Acuario Supremus<\/title>\n<meta name=\"description\" content=\"Trampa de cristal de ISTA para controlar plagas de planarias de una manera muy efectiva, f\u00e1cil y r\u00e1pida.\" \/>\n<meta name=\"robots\" content=\"index, follow, max-snippet:-1, max-image-preview:large, max-video-preview:-1\" \/>\n<link rel=\"canonical\" href=\"https:\/\/acuariosupremus.com\/?product=trampa-de-cristal-para-planaria\" \/>\n<meta property=\"og:locale\" content=\"es_MX\" \/>\n<meta property=\"og:type\" content=\"article\" \/>\n<meta property=\"og:title\" content=\"Trampa de cristal para planaria. | Acuario Supremus\" \/>\n<meta property=\"og:description\" content=\"Trampa de cristal de ISTA para controlar plagas de planarias de una manera muy efectiva, f\u00e1cil y r\u00e1pida.\" \/>\n<meta property=\"og:url\" content=\"https:\/\/acuariosupremus.com\/?product=trampa-de-cristal-para-planaria\" \/>\n<meta property=\"og:site_name\" content=\"Acuario Supremus\" \/>\n<meta property=\"article:publisher\" content=\"https:\/\/www.facebook.com\/AcuarioSupremus\" \/>\n<meta property=\"article:modified_time\" content=\"2025-12-30T22:20:30+00:00\" \/>\n<meta property=\"og:image\" content=\"https:\/\/acuariosupremus.com\/wp-content\/uploads\/2022\/05\/if-725_trampa_planarias_ista_01.jpg\" \/>\n\t<meta property=\"og:image:width\" content=\"1250\" \/>\n\t<meta property=\"og:image:height\" content=\"1250\" \/>\n\t<meta property=\"og:image:type\" content=\"image\/jpeg\" \/>\n<meta name=\"twitter:card\" content=\"summary_large_image\" \/>\n<meta name=\"twitter:site\" content=\"@AcuarioSupremus\" \/>\n<meta name=\"twitter:label1\" content=\"Tiempo de lectura\" \/>\n\t<meta name=\"twitter:data1\" content=\"1 minuto\" \/>\n<script type=\"application\/ld+json\" class=\"yoast-schema-graph\">{\"@context\":\"https:\\\/\\\/schema.org\",\"@graph\":[{\"@type\":\"WebPage\",\"@id\":\"https:\\\/\\\/acuariosupremus.com\\\/?product=trampa-de-cristal-para-planaria\",\"url\":\"https:\\\/\\\/acuariosupremus.com\\\/?product=trampa-de-cristal-para-planaria\",\"name\":\"Trampa de cristal para planaria. | Acuario Supremus\",\"isPartOf\":{\"@id\":\"https:\\\/\\\/acuariosupremus.com\\\/#website\"},\"primaryImageOfPage\":{\"@id\":\"https:\\\/\\\/acuariosupremus.com\\\/?product=trampa-de-cristal-para-planaria#primaryimage\"},\"image\":{\"@id\":\"https:\\\/\\\/acuariosupremus.com\\\/?product=trampa-de-cristal-para-planaria#primaryimage\"},\"thumbnailUrl\":\"https:\\\/\\\/acuariosupremus.com\\\/wp-content\\\/uploads\\\/2022\\\/05\\\/if-725_trampa_planarias_ista_01.jpg\",\"datePublished\":\"2022-05-18T20:32:38+00:00\",\"dateModified\":\"2025-12-30T22:20:30+00:00\",\"description\":\"Trampa de cristal de ISTA para controlar plagas de planarias de una manera muy efectiva, f\u00e1cil y r\u00e1pida.\",\"breadcrumb\":{\"@id\":\"https:\\\/\\\/acuariosupremus.com\\\/?product=trampa-de-cristal-para-planaria#breadcrumb\"},\"inLanguage\":\"es\",\"potentialAction\":[{\"@type\":\"ReadAction\",\"target\":[\"https:\\\/\\\/acuariosupremus.com\\\/?product=trampa-de-cristal-para-planaria\"]}]},{\"@type\":\"ImageObject\",\"inLanguage\":\"es\",\"@id\":\"https:\\\/\\\/acuariosupremus.com\\\/?product=trampa-de-cristal-para-planaria#primaryimage\",\"url\":\"https:\\\/\\\/acuariosupremus.com\\\/wp-content\\\/uploads\\\/2022\\\/05\\\/if-725_trampa_planarias_ista_01.jpg\",\"contentUrl\":\"https:\\\/\\\/acuariosupremus.com\\\/wp-content\\\/uploads\\\/2022\\\/05\\\/if-725_trampa_planarias_ista_01.jpg\",\"width\":1250,\"height\":1250},{\"@type\":\"BreadcrumbList\",\"@id\":\"https:\\\/\\\/acuariosupremus.com\\\/?product=trampa-de-cristal-para-planaria#breadcrumb\",\"itemListElement\":[{\"@type\":\"ListItem\",\"position\":1,\"name\":\"Portada\",\"item\":\"https:\\\/\\\/acuariosupremus.com\\\/\"},{\"@type\":\"ListItem\",\"position\":2,\"name\":\"Tienda\",\"item\":\"https:\\\/\\\/acuariosupremus.com\\\/tienda\\\/\"},{\"@type\":\"ListItem\",\"position\":3,\"name\":\"Trampa de cristal para planaria.\"}]},{\"@type\":\"WebSite\",\"@id\":\"https:\\\/\\\/acuariosupremus.com\\\/#website\",\"url\":\"https:\\\/\\\/acuariosupremus.com\\\/\",\"name\":\"Acuario Supremus\",\"description\":\"Peces, Peceras y Mascotas.\",\"publisher\":{\"@id\":\"https:\\\/\\\/acuariosupremus.com\\\/#organization\"},\"potentialAction\":[{\"@type\":\"SearchAction\",\"target\":{\"@type\":\"EntryPoint\",\"urlTemplate\":\"https:\\\/\\\/acuariosupremus.com\\\/?s={search_term_string}\"},\"query-input\":{\"@type\":\"PropertyValueSpecification\",\"valueRequired\":true,\"valueName\":\"search_term_string\"}}],\"inLanguage\":\"es\"},{\"@type\":\"Organization\",\"@id\":\"https:\\\/\\\/acuariosupremus.com\\\/#organization\",\"name\":\"Acuario Supremus\",\"url\":\"https:\\\/\\\/acuariosupremus.com\\\/\",\"logo\":{\"@type\":\"ImageObject\",\"inLanguage\":\"es\",\"@id\":\"https:\\\/\\\/acuariosupremus.com\\\/#\\\/schema\\\/logo\\\/image\\\/\",\"url\":\"https:\\\/\\\/acuariosupremus.com\\\/wp-content\\\/uploads\\\/2021\\\/12\\\/cropped-logo_acuario_supremus_fn-2.png\",\"contentUrl\":\"https:\\\/\\\/acuariosupremus.com\\\/wp-content\\\/uploads\\\/2021\\\/12\\\/cropped-logo_acuario_supremus_fn-2.png\",\"width\":1000,\"height\":318,\"caption\":\"Acuario Supremus\"},\"image\":{\"@id\":\"https:\\\/\\\/acuariosupremus.com\\\/#\\\/schema\\\/logo\\\/image\\\/\"},\"sameAs\":[\"https:\\\/\\\/www.facebook.com\\\/AcuarioSupremus\",\"https:\\\/\\\/x.com\\\/AcuarioSupremus\",\"https:\\\/\\\/www.instagram.com\\\/acuariosupremus\\\/?hl=es\"]}]}<\/script>\n<!-- \/ Yoast SEO plugin. -->","yoast_head_json":{"title":"Trampa de cristal para planaria. | Acuario Supremus","description":"Trampa de cristal de ISTA para controlar plagas de planarias de una manera muy efectiva, f\u00e1cil y r\u00e1pida.","robots":{"index":"index","follow":"follow","max-snippet":"max-snippet:-1","max-image-preview":"max-image-preview:large","max-video-preview":"max-video-preview:-1"},"canonical":"https:\/\/acuariosupremus.com\/?product=trampa-de-cristal-para-planaria","og_locale":"es_MX","og_type":"article","og_title":"Trampa de cristal para planaria. | Acuario Supremus","og_description":"Trampa de cristal de ISTA para controlar plagas de planarias de una manera muy efectiva, f\u00e1cil y r\u00e1pida.","og_url":"https:\/\/acuariosupremus.com\/?product=trampa-de-cristal-para-planaria","og_site_name":"Acuario Supremus","article_publisher":"https:\/\/www.facebook.com\/AcuarioSupremus","article_modified_time":"2025-12-30T22:20:30+00:00","og_image":[{"width":1250,"height":1250,"url":"https:\/\/acuariosupremus.com\/wp-content\/uploads\/2022\/05\/if-725_trampa_planarias_ista_01.jpg","type":"image\/jpeg"}],"twitter_card":"summary_large_image","twitter_site":"@AcuarioSupremus","twitter_misc":{"Tiempo de lectura":"1 minuto"},"schema":{"@context":"https:\/\/schema.org","@graph":[{"@type":"WebPage","@id":"https:\/\/acuariosupremus.com\/?product=trampa-de-cristal-para-planaria","url":"https:\/\/acuariosupremus.com\/?product=trampa-de-cristal-para-planaria","name":"Trampa de cristal para planaria. | Acuario Supremus","isPartOf":{"@id":"https:\/\/acuariosupremus.com\/#website"},"primaryImageOfPage":{"@id":"https:\/\/acuariosupremus.com\/?product=trampa-de-cristal-para-planaria#primaryimage"},"image":{"@id":"https:\/\/acuariosupremus.com\/?product=trampa-de-cristal-para-planaria#primaryimage"},"thumbnailUrl":"https:\/\/acuariosupremus.com\/wp-content\/uploads\/2022\/05\/if-725_trampa_planarias_ista_01.jpg","datePublished":"2022-05-18T20:32:38+00:00","dateModified":"2025-12-30T22:20:30+00:00","description":"Trampa de cristal de ISTA para controlar plagas de planarias de una manera muy efectiva, f\u00e1cil y r\u00e1pida.","breadcrumb":{"@id":"https:\/\/acuariosupremus.com\/?product=trampa-de-cristal-para-planaria#breadcrumb"},"inLanguage":"es","potentialAction":[{"@type":"ReadAction","target":["https:\/\/acuariosupremus.com\/?product=trampa-de-cristal-para-planaria"]}]},{"@type":"ImageObject","inLanguage":"es","@id":"https:\/\/acuariosupremus.com\/?product=trampa-de-cristal-para-planaria#primaryimage","url":"https:\/\/acuariosupremus.com\/wp-content\/uploads\/2022\/05\/if-725_trampa_planarias_ista_01.jpg","contentUrl":"https:\/\/acuariosupremus.com\/wp-content\/uploads\/2022\/05\/if-725_trampa_planarias_ista_01.jpg","width":1250,"height":1250},{"@type":"BreadcrumbList","@id":"https:\/\/acuariosupremus.com\/?product=trampa-de-cristal-para-planaria#breadcrumb","itemListElement":[{"@type":"ListItem","position":1,"name":"Portada","item":"https:\/\/acuariosupremus.com\/"},{"@type":"ListItem","position":2,"name":"Tienda","item":"https:\/\/acuariosupremus.com\/tienda\/"},{"@type":"ListItem","position":3,"name":"Trampa de cristal para planaria."}]},{"@type":"WebSite","@id":"https:\/\/acuariosupremus.com\/#website","url":"https:\/\/acuariosupremus.com\/","name":"Acuario Supremus","description":"Peces, Peceras y Mascotas.","publisher":{"@id":"https:\/\/acuariosupremus.com\/#organization"},"potentialAction":[{"@type":"SearchAction","target":{"@type":"EntryPoint","urlTemplate":"https:\/\/acuariosupremus.com\/?s={search_term_string}"},"query-input":{"@type":"PropertyValueSpecification","valueRequired":true,"valueName":"search_term_string"}}],"inLanguage":"es"},{"@type":"Organization","@id":"https:\/\/acuariosupremus.com\/#organization","name":"Acuario Supremus","url":"https:\/\/acuariosupremus.com\/","logo":{"@type":"ImageObject","inLanguage":"es","@id":"https:\/\/acuariosupremus.com\/#\/schema\/logo\/image\/","url":"https:\/\/acuariosupremus.com\/wp-content\/uploads\/2021\/12\/cropped-logo_acuario_supremus_fn-2.png","contentUrl":"https:\/\/acuariosupremus.com\/wp-content\/uploads\/2021\/12\/cropped-logo_acuario_supremus_fn-2.png","width":1000,"height":318,"caption":"Acuario Supremus"},"image":{"@id":"https:\/\/acuariosupremus.com\/#\/schema\/logo\/image\/"},"sameAs":["https:\/\/www.facebook.com\/AcuarioSupremus","https:\/\/x.com\/AcuarioSupremus","https:\/\/www.instagram.com\/acuariosupremus\/?hl=es"]}]}},"jetpack_sharing_enabled":true,"_links":{"self":[{"href":"https:\/\/acuariosupremus.com\/index.php?rest_route=\/wp\/v2\/product\/9776","targetHints":{"allow":["GET"]}}],"collection":[{"href":"https:\/\/acuariosupremus.com\/index.php?rest_route=\/wp\/v2\/product"}],"about":[{"href":"https:\/\/acuariosupremus.com\/index.php?rest_route=\/wp\/v2\/types\/product"}],"wp:featuredmedia":[{"embeddable":true,"href":"https:\/\/acuariosupremus.com\/index.php?rest_route=\/wp\/v2\/media\/9781"}],"wp:attachment":[{"href":"https:\/\/acuariosupremus.com\/index.php?rest_route=%2Fwp%2Fv2%2Fmedia&parent=9776"}],"wp:term":[{"taxonomy":"product_brand","embeddable":true,"href":"https:\/\/acuariosupremus.com\/index.php?rest_route=%2Fwp%2Fv2%2Fproduct_brand&post=9776"},{"taxonomy":"product_cat","embeddable":true,"href":"https:\/\/acuariosupremus.com\/index.php?rest_route=%2Fwp%2Fv2%2Fproduct_cat&post=9776"},{"taxonomy":"product_tag","embeddable":true,"href":"https:\/\/acuariosupremus.com\/index.php?rest_route=%2Fwp%2Fv2%2Fproduct_tag&post=9776"}],"curies":[{"name":"wp","href":"https:\/\/api.w.org\/{rel}","templated":true}]}}