{"id":9789,"date":"2022-05-18T16:28:23","date_gmt":"2022-05-18T21:28:23","guid":{"rendered":"https:\/\/acuariosupremus.com\/?post_type=product&#038;p=9789"},"modified":"2025-12-30T16:20:56","modified_gmt":"2025-12-30T22:20:56","slug":"mini-contador-de-burbujas-de-co2-de-plastico","status":"publish","type":"product","link":"https:\/\/acuariosupremus.com\/?product=mini-contador-de-burbujas-de-co2-de-plastico","title":{"rendered":"Mini-contador de burbujas de CO2 de pl\u00e1stico."},"content":{"rendered":"<p>Es recomendable instalar una v\u00e1lvula antirretorno en su circuito de CO2 con este contador de burbujas. Esto impide que el flujo pueda invertirse en una manguera de gas CO2. Debido la ley de vasos comunicantes el agua de nuestro acuario puede introducirse por el difusor o reactor y alcanzar el regulador a trav\u00e9s de la manguera, provocando un derramamiento de agua con consecuencias que ponen en riesgo nuestra seguridad y la de nuestro acuario. Para solucionar este problema es necesario contar con una v\u00e1lvula a prueba de fallos que solo permita el paso de fluidos (gases o l\u00edquidos) en una direcci\u00f3n.<\/p>\n<p>Dimensiones: 20 x 13 x 110 (l x a x h, mm) Conexi\u00f3n 4\/6 (\u00d8 mm) Peso 10 (grs.) Peso c. embalaje 20 (grs.) Medidas del embalaje 20 x 65 x 175 (l x a x h mm).<\/p>\n","protected":false},"excerpt":{"rendered":"<p>Contador de burbujas profesional fabricado en material acr\u00edlico de gran calidad. Est\u00e1 dise\u00f1ado para trabajar verticalmente y conectado en l\u00ednea con la manguera de CO2 despu\u00e9s de salida del regulador. Puede funcionar perfectamente fuera del agua sin riesgos de fuga sujet\u00e1ndose con dos ventosas incluidas. Cuenta con un dise\u00f1o minimalista y elegante que no desentona con su acuario gracias a su discreta apariencia. Este contador permite registrar con exactitud el caudal de gas CO2 mediante el conteo de las burbujas. Sus conexiones de entrada y salida son de tipo standard para manguera de 4\/6 mm.<\/p>\n","protected":false},"featured_media":9793,"template":"","meta":[],"product_brand":[127],"product_cat":[40,56],"product_tag":[893],"class_list":{"0":"post-9789","1":"product","2":"type-product","3":"status-publish","4":"has-post-thumbnail","6":"product_brand-ista","7":"product_cat-peces","8":"product_cat-plantas-naturales","9":"product_tag-mini-contador-de-burbujas-de-co2-de-plastico","11":"first","12":"instock","13":"sale","14":"shipping-taxable","15":"purchasable","16":"product-type-simple"},"yoast_head":"<!-- This site is optimized with the Yoast SEO plugin v27.4 - https:\/\/yoast.com\/product\/yoast-seo-wordpress\/ -->\n<title>Mini-contador de burbujas de CO2 de pl\u00e1stico. | Acuario Supremus<\/title>\n<meta name=\"description\" content=\"Contador de burbujas profesional fabricado en material acr\u00edlico de gran calidad. Est\u00e1 dise\u00f1ado verticalmente y conectado en l\u00ednea con la manguera de CO2.\" \/>\n<meta name=\"robots\" content=\"index, follow, max-snippet:-1, max-image-preview:large, max-video-preview:-1\" \/>\n<link rel=\"canonical\" href=\"https:\/\/acuariosupremus.com\/?product=mini-contador-de-burbujas-de-co2-de-plastico\" \/>\n<meta property=\"og:locale\" content=\"es_MX\" \/>\n<meta property=\"og:type\" content=\"article\" \/>\n<meta property=\"og:title\" content=\"Mini-contador de burbujas de CO2 de pl\u00e1stico. | Acuario Supremus\" \/>\n<meta property=\"og:description\" content=\"Contador de burbujas profesional fabricado en material acr\u00edlico de gran calidad. Est\u00e1 dise\u00f1ado verticalmente y conectado en l\u00ednea con la manguera de CO2.\" \/>\n<meta property=\"og:url\" content=\"https:\/\/acuariosupremus.com\/?product=mini-contador-de-burbujas-de-co2-de-plastico\" \/>\n<meta property=\"og:site_name\" content=\"Acuario Supremus\" \/>\n<meta property=\"article:publisher\" content=\"https:\/\/www.facebook.com\/AcuarioSupremus\" \/>\n<meta property=\"article:modified_time\" content=\"2025-12-30T22:20:56+00:00\" \/>\n<meta property=\"og:image\" content=\"https:\/\/acuariosupremus.com\/wp-content\/uploads\/2022\/05\/i-565_co2_acrylic_bubble_counter_ista_03.jpg\" \/>\n\t<meta property=\"og:image:width\" content=\"1250\" \/>\n\t<meta property=\"og:image:height\" content=\"1250\" \/>\n\t<meta property=\"og:image:type\" content=\"image\/jpeg\" \/>\n<meta name=\"twitter:card\" content=\"summary_large_image\" \/>\n<meta name=\"twitter:site\" content=\"@AcuarioSupremus\" \/>\n<meta name=\"twitter:label1\" content=\"Tiempo de lectura\" \/>\n\t<meta name=\"twitter:data1\" content=\"1 minuto\" \/>\n<script type=\"application\/ld+json\" class=\"yoast-schema-graph\">{\"@context\":\"https:\\\/\\\/schema.org\",\"@graph\":[{\"@type\":\"WebPage\",\"@id\":\"https:\\\/\\\/acuariosupremus.com\\\/?product=mini-contador-de-burbujas-de-co2-de-plastico\",\"url\":\"https:\\\/\\\/acuariosupremus.com\\\/?product=mini-contador-de-burbujas-de-co2-de-plastico\",\"name\":\"Mini-contador de burbujas de CO2 de pl\u00e1stico. | Acuario Supremus\",\"isPartOf\":{\"@id\":\"https:\\\/\\\/acuariosupremus.com\\\/#website\"},\"primaryImageOfPage\":{\"@id\":\"https:\\\/\\\/acuariosupremus.com\\\/?product=mini-contador-de-burbujas-de-co2-de-plastico#primaryimage\"},\"image\":{\"@id\":\"https:\\\/\\\/acuariosupremus.com\\\/?product=mini-contador-de-burbujas-de-co2-de-plastico#primaryimage\"},\"thumbnailUrl\":\"https:\\\/\\\/acuariosupremus.com\\\/wp-content\\\/uploads\\\/2022\\\/05\\\/i-565_co2_acrylic_bubble_counter_ista_03.jpg\",\"datePublished\":\"2022-05-18T21:28:23+00:00\",\"dateModified\":\"2025-12-30T22:20:56+00:00\",\"description\":\"Contador de burbujas profesional fabricado en material acr\u00edlico de gran calidad. Est\u00e1 dise\u00f1ado verticalmente y conectado en l\u00ednea con la manguera de CO2.\",\"breadcrumb\":{\"@id\":\"https:\\\/\\\/acuariosupremus.com\\\/?product=mini-contador-de-burbujas-de-co2-de-plastico#breadcrumb\"},\"inLanguage\":\"es\",\"potentialAction\":[{\"@type\":\"ReadAction\",\"target\":[\"https:\\\/\\\/acuariosupremus.com\\\/?product=mini-contador-de-burbujas-de-co2-de-plastico\"]}]},{\"@type\":\"ImageObject\",\"inLanguage\":\"es\",\"@id\":\"https:\\\/\\\/acuariosupremus.com\\\/?product=mini-contador-de-burbujas-de-co2-de-plastico#primaryimage\",\"url\":\"https:\\\/\\\/acuariosupremus.com\\\/wp-content\\\/uploads\\\/2022\\\/05\\\/i-565_co2_acrylic_bubble_counter_ista_03.jpg\",\"contentUrl\":\"https:\\\/\\\/acuariosupremus.com\\\/wp-content\\\/uploads\\\/2022\\\/05\\\/i-565_co2_acrylic_bubble_counter_ista_03.jpg\",\"width\":1250,\"height\":1250},{\"@type\":\"BreadcrumbList\",\"@id\":\"https:\\\/\\\/acuariosupremus.com\\\/?product=mini-contador-de-burbujas-de-co2-de-plastico#breadcrumb\",\"itemListElement\":[{\"@type\":\"ListItem\",\"position\":1,\"name\":\"Portada\",\"item\":\"https:\\\/\\\/acuariosupremus.com\\\/\"},{\"@type\":\"ListItem\",\"position\":2,\"name\":\"Tienda\",\"item\":\"https:\\\/\\\/acuariosupremus.com\\\/tienda\\\/\"},{\"@type\":\"ListItem\",\"position\":3,\"name\":\"Mini-contador de burbujas de CO2 de pl\u00e1stico.\"}]},{\"@type\":\"WebSite\",\"@id\":\"https:\\\/\\\/acuariosupremus.com\\\/#website\",\"url\":\"https:\\\/\\\/acuariosupremus.com\\\/\",\"name\":\"Acuario Supremus\",\"description\":\"Peces, Peceras y Mascotas.\",\"publisher\":{\"@id\":\"https:\\\/\\\/acuariosupremus.com\\\/#organization\"},\"potentialAction\":[{\"@type\":\"SearchAction\",\"target\":{\"@type\":\"EntryPoint\",\"urlTemplate\":\"https:\\\/\\\/acuariosupremus.com\\\/?s={search_term_string}\"},\"query-input\":{\"@type\":\"PropertyValueSpecification\",\"valueRequired\":true,\"valueName\":\"search_term_string\"}}],\"inLanguage\":\"es\"},{\"@type\":\"Organization\",\"@id\":\"https:\\\/\\\/acuariosupremus.com\\\/#organization\",\"name\":\"Acuario Supremus\",\"url\":\"https:\\\/\\\/acuariosupremus.com\\\/\",\"logo\":{\"@type\":\"ImageObject\",\"inLanguage\":\"es\",\"@id\":\"https:\\\/\\\/acuariosupremus.com\\\/#\\\/schema\\\/logo\\\/image\\\/\",\"url\":\"https:\\\/\\\/acuariosupremus.com\\\/wp-content\\\/uploads\\\/2021\\\/12\\\/cropped-logo_acuario_supremus_fn-2.png\",\"contentUrl\":\"https:\\\/\\\/acuariosupremus.com\\\/wp-content\\\/uploads\\\/2021\\\/12\\\/cropped-logo_acuario_supremus_fn-2.png\",\"width\":1000,\"height\":318,\"caption\":\"Acuario Supremus\"},\"image\":{\"@id\":\"https:\\\/\\\/acuariosupremus.com\\\/#\\\/schema\\\/logo\\\/image\\\/\"},\"sameAs\":[\"https:\\\/\\\/www.facebook.com\\\/AcuarioSupremus\",\"https:\\\/\\\/x.com\\\/AcuarioSupremus\",\"https:\\\/\\\/www.instagram.com\\\/acuariosupremus\\\/?hl=es\"]}]}<\/script>\n<!-- \/ Yoast SEO plugin. -->","yoast_head_json":{"title":"Mini-contador de burbujas de CO2 de pl\u00e1stico. | Acuario Supremus","description":"Contador de burbujas profesional fabricado en material acr\u00edlico de gran calidad. Est\u00e1 dise\u00f1ado verticalmente y conectado en l\u00ednea con la manguera de CO2.","robots":{"index":"index","follow":"follow","max-snippet":"max-snippet:-1","max-image-preview":"max-image-preview:large","max-video-preview":"max-video-preview:-1"},"canonical":"https:\/\/acuariosupremus.com\/?product=mini-contador-de-burbujas-de-co2-de-plastico","og_locale":"es_MX","og_type":"article","og_title":"Mini-contador de burbujas de CO2 de pl\u00e1stico. | Acuario Supremus","og_description":"Contador de burbujas profesional fabricado en material acr\u00edlico de gran calidad. Est\u00e1 dise\u00f1ado verticalmente y conectado en l\u00ednea con la manguera de CO2.","og_url":"https:\/\/acuariosupremus.com\/?product=mini-contador-de-burbujas-de-co2-de-plastico","og_site_name":"Acuario Supremus","article_publisher":"https:\/\/www.facebook.com\/AcuarioSupremus","article_modified_time":"2025-12-30T22:20:56+00:00","og_image":[{"width":1250,"height":1250,"url":"https:\/\/acuariosupremus.com\/wp-content\/uploads\/2022\/05\/i-565_co2_acrylic_bubble_counter_ista_03.jpg","type":"image\/jpeg"}],"twitter_card":"summary_large_image","twitter_site":"@AcuarioSupremus","twitter_misc":{"Tiempo de lectura":"1 minuto"},"schema":{"@context":"https:\/\/schema.org","@graph":[{"@type":"WebPage","@id":"https:\/\/acuariosupremus.com\/?product=mini-contador-de-burbujas-de-co2-de-plastico","url":"https:\/\/acuariosupremus.com\/?product=mini-contador-de-burbujas-de-co2-de-plastico","name":"Mini-contador de burbujas de CO2 de pl\u00e1stico. | Acuario Supremus","isPartOf":{"@id":"https:\/\/acuariosupremus.com\/#website"},"primaryImageOfPage":{"@id":"https:\/\/acuariosupremus.com\/?product=mini-contador-de-burbujas-de-co2-de-plastico#primaryimage"},"image":{"@id":"https:\/\/acuariosupremus.com\/?product=mini-contador-de-burbujas-de-co2-de-plastico#primaryimage"},"thumbnailUrl":"https:\/\/acuariosupremus.com\/wp-content\/uploads\/2022\/05\/i-565_co2_acrylic_bubble_counter_ista_03.jpg","datePublished":"2022-05-18T21:28:23+00:00","dateModified":"2025-12-30T22:20:56+00:00","description":"Contador de burbujas profesional fabricado en material acr\u00edlico de gran calidad. Est\u00e1 dise\u00f1ado verticalmente y conectado en l\u00ednea con la manguera de CO2.","breadcrumb":{"@id":"https:\/\/acuariosupremus.com\/?product=mini-contador-de-burbujas-de-co2-de-plastico#breadcrumb"},"inLanguage":"es","potentialAction":[{"@type":"ReadAction","target":["https:\/\/acuariosupremus.com\/?product=mini-contador-de-burbujas-de-co2-de-plastico"]}]},{"@type":"ImageObject","inLanguage":"es","@id":"https:\/\/acuariosupremus.com\/?product=mini-contador-de-burbujas-de-co2-de-plastico#primaryimage","url":"https:\/\/acuariosupremus.com\/wp-content\/uploads\/2022\/05\/i-565_co2_acrylic_bubble_counter_ista_03.jpg","contentUrl":"https:\/\/acuariosupremus.com\/wp-content\/uploads\/2022\/05\/i-565_co2_acrylic_bubble_counter_ista_03.jpg","width":1250,"height":1250},{"@type":"BreadcrumbList","@id":"https:\/\/acuariosupremus.com\/?product=mini-contador-de-burbujas-de-co2-de-plastico#breadcrumb","itemListElement":[{"@type":"ListItem","position":1,"name":"Portada","item":"https:\/\/acuariosupremus.com\/"},{"@type":"ListItem","position":2,"name":"Tienda","item":"https:\/\/acuariosupremus.com\/tienda\/"},{"@type":"ListItem","position":3,"name":"Mini-contador de burbujas de CO2 de pl\u00e1stico."}]},{"@type":"WebSite","@id":"https:\/\/acuariosupremus.com\/#website","url":"https:\/\/acuariosupremus.com\/","name":"Acuario Supremus","description":"Peces, Peceras y Mascotas.","publisher":{"@id":"https:\/\/acuariosupremus.com\/#organization"},"potentialAction":[{"@type":"SearchAction","target":{"@type":"EntryPoint","urlTemplate":"https:\/\/acuariosupremus.com\/?s={search_term_string}"},"query-input":{"@type":"PropertyValueSpecification","valueRequired":true,"valueName":"search_term_string"}}],"inLanguage":"es"},{"@type":"Organization","@id":"https:\/\/acuariosupremus.com\/#organization","name":"Acuario Supremus","url":"https:\/\/acuariosupremus.com\/","logo":{"@type":"ImageObject","inLanguage":"es","@id":"https:\/\/acuariosupremus.com\/#\/schema\/logo\/image\/","url":"https:\/\/acuariosupremus.com\/wp-content\/uploads\/2021\/12\/cropped-logo_acuario_supremus_fn-2.png","contentUrl":"https:\/\/acuariosupremus.com\/wp-content\/uploads\/2021\/12\/cropped-logo_acuario_supremus_fn-2.png","width":1000,"height":318,"caption":"Acuario Supremus"},"image":{"@id":"https:\/\/acuariosupremus.com\/#\/schema\/logo\/image\/"},"sameAs":["https:\/\/www.facebook.com\/AcuarioSupremus","https:\/\/x.com\/AcuarioSupremus","https:\/\/www.instagram.com\/acuariosupremus\/?hl=es"]}]}},"jetpack_sharing_enabled":true,"_links":{"self":[{"href":"https:\/\/acuariosupremus.com\/index.php?rest_route=\/wp\/v2\/product\/9789","targetHints":{"allow":["GET"]}}],"collection":[{"href":"https:\/\/acuariosupremus.com\/index.php?rest_route=\/wp\/v2\/product"}],"about":[{"href":"https:\/\/acuariosupremus.com\/index.php?rest_route=\/wp\/v2\/types\/product"}],"wp:featuredmedia":[{"embeddable":true,"href":"https:\/\/acuariosupremus.com\/index.php?rest_route=\/wp\/v2\/media\/9793"}],"wp:attachment":[{"href":"https:\/\/acuariosupremus.com\/index.php?rest_route=%2Fwp%2Fv2%2Fmedia&parent=9789"}],"wp:term":[{"taxonomy":"product_brand","embeddable":true,"href":"https:\/\/acuariosupremus.com\/index.php?rest_route=%2Fwp%2Fv2%2Fproduct_brand&post=9789"},{"taxonomy":"product_cat","embeddable":true,"href":"https:\/\/acuariosupremus.com\/index.php?rest_route=%2Fwp%2Fv2%2Fproduct_cat&post=9789"},{"taxonomy":"product_tag","embeddable":true,"href":"https:\/\/acuariosupremus.com\/index.php?rest_route=%2Fwp%2Fv2%2Fproduct_tag&post=9789"}],"curies":[{"name":"wp","href":"https:\/\/api.w.org\/{rel}","templated":true}]}}