{"id":9800,"date":"2022-05-18T16:56:11","date_gmt":"2022-05-18T21:56:11","guid":{"rendered":"https:\/\/acuariosupremus.com\/?post_type=product&#038;p=9800"},"modified":"2025-12-30T16:21:34","modified_gmt":"2025-12-30T22:21:34","slug":"divisores-metalicos-de-flujo-de-co2-con-3-salidas","status":"publish","type":"product","link":"https:\/\/acuariosupremus.com\/?product=divisores-metalicos-de-flujo-de-co2-con-3-salidas","title":{"rendered":"Divisores met\u00e1licos de flujo de CO2 con 3 salidas."},"content":{"rendered":"<p>Tienen una c\u00e1mara intermedia que reparte la presi\u00f3n y caudal de gas de forma homog\u00e9nea, permitiendo regular todas las salidas simult\u00e1neamente con la misma presi\u00f3n. Su conexi\u00f3n de entrada es universal para todos los reguladores de CO2, mientras que sus salidas para manguera de 4\/6 mil\u00edmetros cuentan con una tuerca de seguridad y una v\u00e1lvula de precisi\u00f3n individual para permitir administrar las burbujas de CO2 de forma independiente. Equipan un adaptador de conexi\u00f3n al regulador tipo hembra\/hembra que extiende 30 mil\u00edmetros la distancia del cuerpo del divisor. Cuenta con empaques de tipo t\u00f3rico en sus conexiones y en todas sus v\u00e1lvulas de tipo aguja<\/p>\n<p>N\u00famero de salidas: 3 Peso: 260 (grs.) Peso con embalaje: 275 (grs.) Presi\u00f3n m\u00e1xima: 302 (kg\/cm2) Dimensiones 100 x 100 x 90 (l x a x h, mm) Dim. embalaje: 100 x 100 x 35 (l x a x h, mm).<\/p>\n","protected":false},"excerpt":{"rendered":"<p>Estos adaptadores Premium fabricados en lat\u00f3n mecanizado multiplican por tres o por seis la salida de flujo de CO2 que entregan los reguladores de presi\u00f3n por defecto. Es ideal para las instalaciones profesionales, ya que ahorran espacio y dinero al emplear un solo cilindro con un \u00fanico regulador para suministrar a varios sistemas.<\/p>\n","protected":false},"featured_media":9801,"template":"","meta":[],"product_brand":[127],"product_cat":[40,56],"product_tag":[895],"class_list":{"0":"post-9800","1":"product","2":"type-product","3":"status-publish","4":"has-post-thumbnail","6":"product_brand-ista","7":"product_cat-peces","8":"product_cat-plantas-naturales","9":"product_tag-divisores-metalicos-de-flujo-de-co2","11":"first","12":"instock","13":"sale","14":"shipping-taxable","15":"purchasable","16":"product-type-simple"},"yoast_head":"<!-- This site is optimized with the Yoast SEO plugin v27.4 - https:\/\/yoast.com\/product\/yoast-seo-wordpress\/ -->\n<title>Divisores met\u00e1licos de flujo de CO2 con 3 salidas. | Acuario Supremus<\/title>\n<meta name=\"description\" content=\"Estos adaptadores Premium fabricados en lat\u00f3n mecanizado multiplican por tres la salida de flujo de CO2 que entregan los reguladores de presi\u00f3n por defecto.\" \/>\n<meta name=\"robots\" content=\"index, follow, max-snippet:-1, max-image-preview:large, max-video-preview:-1\" \/>\n<link rel=\"canonical\" href=\"https:\/\/acuariosupremus.com\/?product=divisores-metalicos-de-flujo-de-co2-con-3-salidas\" \/>\n<meta property=\"og:locale\" content=\"es_MX\" \/>\n<meta property=\"og:type\" content=\"article\" \/>\n<meta property=\"og:title\" content=\"Divisores met\u00e1licos de flujo de CO2 con 3 salidas. | Acuario Supremus\" \/>\n<meta property=\"og:description\" content=\"Estos adaptadores Premium fabricados en lat\u00f3n mecanizado multiplican por tres la salida de flujo de CO2 que entregan los reguladores de presi\u00f3n por defecto.\" \/>\n<meta property=\"og:url\" content=\"https:\/\/acuariosupremus.com\/?product=divisores-metalicos-de-flujo-de-co2-con-3-salidas\" \/>\n<meta property=\"og:site_name\" content=\"Acuario Supremus\" \/>\n<meta property=\"article:publisher\" content=\"https:\/\/www.facebook.com\/AcuarioSupremus\" \/>\n<meta property=\"article:modified_time\" content=\"2025-12-30T22:21:34+00:00\" \/>\n<meta property=\"og:image\" content=\"https:\/\/acuariosupremus.com\/wp-content\/uploads\/2022\/05\/i-567_divisor_metalico_co2_3_salidas_ista_01.jpg\" \/>\n\t<meta property=\"og:image:width\" content=\"1250\" \/>\n\t<meta property=\"og:image:height\" content=\"1250\" \/>\n\t<meta property=\"og:image:type\" content=\"image\/jpeg\" \/>\n<meta name=\"twitter:card\" content=\"summary_large_image\" \/>\n<meta name=\"twitter:site\" content=\"@AcuarioSupremus\" \/>\n<meta name=\"twitter:label1\" content=\"Tiempo de lectura\" \/>\n\t<meta name=\"twitter:data1\" content=\"1 minuto\" \/>\n<script type=\"application\/ld+json\" class=\"yoast-schema-graph\">{\"@context\":\"https:\\\/\\\/schema.org\",\"@graph\":[{\"@type\":\"WebPage\",\"@id\":\"https:\\\/\\\/acuariosupremus.com\\\/?product=divisores-metalicos-de-flujo-de-co2-con-3-salidas\",\"url\":\"https:\\\/\\\/acuariosupremus.com\\\/?product=divisores-metalicos-de-flujo-de-co2-con-3-salidas\",\"name\":\"Divisores met\u00e1licos de flujo de CO2 con 3 salidas. | Acuario Supremus\",\"isPartOf\":{\"@id\":\"https:\\\/\\\/acuariosupremus.com\\\/#website\"},\"primaryImageOfPage\":{\"@id\":\"https:\\\/\\\/acuariosupremus.com\\\/?product=divisores-metalicos-de-flujo-de-co2-con-3-salidas#primaryimage\"},\"image\":{\"@id\":\"https:\\\/\\\/acuariosupremus.com\\\/?product=divisores-metalicos-de-flujo-de-co2-con-3-salidas#primaryimage\"},\"thumbnailUrl\":\"https:\\\/\\\/acuariosupremus.com\\\/wp-content\\\/uploads\\\/2022\\\/05\\\/i-567_divisor_metalico_co2_3_salidas_ista_01.jpg\",\"datePublished\":\"2022-05-18T21:56:11+00:00\",\"dateModified\":\"2025-12-30T22:21:34+00:00\",\"description\":\"Estos adaptadores Premium fabricados en lat\u00f3n mecanizado multiplican por tres la salida de flujo de CO2 que entregan los reguladores de presi\u00f3n por defecto.\",\"breadcrumb\":{\"@id\":\"https:\\\/\\\/acuariosupremus.com\\\/?product=divisores-metalicos-de-flujo-de-co2-con-3-salidas#breadcrumb\"},\"inLanguage\":\"es\",\"potentialAction\":[{\"@type\":\"ReadAction\",\"target\":[\"https:\\\/\\\/acuariosupremus.com\\\/?product=divisores-metalicos-de-flujo-de-co2-con-3-salidas\"]}]},{\"@type\":\"ImageObject\",\"inLanguage\":\"es\",\"@id\":\"https:\\\/\\\/acuariosupremus.com\\\/?product=divisores-metalicos-de-flujo-de-co2-con-3-salidas#primaryimage\",\"url\":\"https:\\\/\\\/acuariosupremus.com\\\/wp-content\\\/uploads\\\/2022\\\/05\\\/i-567_divisor_metalico_co2_3_salidas_ista_01.jpg\",\"contentUrl\":\"https:\\\/\\\/acuariosupremus.com\\\/wp-content\\\/uploads\\\/2022\\\/05\\\/i-567_divisor_metalico_co2_3_salidas_ista_01.jpg\",\"width\":1250,\"height\":1250},{\"@type\":\"BreadcrumbList\",\"@id\":\"https:\\\/\\\/acuariosupremus.com\\\/?product=divisores-metalicos-de-flujo-de-co2-con-3-salidas#breadcrumb\",\"itemListElement\":[{\"@type\":\"ListItem\",\"position\":1,\"name\":\"Portada\",\"item\":\"https:\\\/\\\/acuariosupremus.com\\\/\"},{\"@type\":\"ListItem\",\"position\":2,\"name\":\"Tienda\",\"item\":\"https:\\\/\\\/acuariosupremus.com\\\/tienda\\\/\"},{\"@type\":\"ListItem\",\"position\":3,\"name\":\"Divisores met\u00e1licos de flujo de CO2 con 3 salidas.\"}]},{\"@type\":\"WebSite\",\"@id\":\"https:\\\/\\\/acuariosupremus.com\\\/#website\",\"url\":\"https:\\\/\\\/acuariosupremus.com\\\/\",\"name\":\"Acuario Supremus\",\"description\":\"Peces, Peceras y Mascotas.\",\"publisher\":{\"@id\":\"https:\\\/\\\/acuariosupremus.com\\\/#organization\"},\"potentialAction\":[{\"@type\":\"SearchAction\",\"target\":{\"@type\":\"EntryPoint\",\"urlTemplate\":\"https:\\\/\\\/acuariosupremus.com\\\/?s={search_term_string}\"},\"query-input\":{\"@type\":\"PropertyValueSpecification\",\"valueRequired\":true,\"valueName\":\"search_term_string\"}}],\"inLanguage\":\"es\"},{\"@type\":\"Organization\",\"@id\":\"https:\\\/\\\/acuariosupremus.com\\\/#organization\",\"name\":\"Acuario Supremus\",\"url\":\"https:\\\/\\\/acuariosupremus.com\\\/\",\"logo\":{\"@type\":\"ImageObject\",\"inLanguage\":\"es\",\"@id\":\"https:\\\/\\\/acuariosupremus.com\\\/#\\\/schema\\\/logo\\\/image\\\/\",\"url\":\"https:\\\/\\\/acuariosupremus.com\\\/wp-content\\\/uploads\\\/2021\\\/12\\\/cropped-logo_acuario_supremus_fn-2.png\",\"contentUrl\":\"https:\\\/\\\/acuariosupremus.com\\\/wp-content\\\/uploads\\\/2021\\\/12\\\/cropped-logo_acuario_supremus_fn-2.png\",\"width\":1000,\"height\":318,\"caption\":\"Acuario Supremus\"},\"image\":{\"@id\":\"https:\\\/\\\/acuariosupremus.com\\\/#\\\/schema\\\/logo\\\/image\\\/\"},\"sameAs\":[\"https:\\\/\\\/www.facebook.com\\\/AcuarioSupremus\",\"https:\\\/\\\/x.com\\\/AcuarioSupremus\",\"https:\\\/\\\/www.instagram.com\\\/acuariosupremus\\\/?hl=es\"]}]}<\/script>\n<!-- \/ Yoast SEO plugin. -->","yoast_head_json":{"title":"Divisores met\u00e1licos de flujo de CO2 con 3 salidas. | Acuario Supremus","description":"Estos adaptadores Premium fabricados en lat\u00f3n mecanizado multiplican por tres la salida de flujo de CO2 que entregan los reguladores de presi\u00f3n por defecto.","robots":{"index":"index","follow":"follow","max-snippet":"max-snippet:-1","max-image-preview":"max-image-preview:large","max-video-preview":"max-video-preview:-1"},"canonical":"https:\/\/acuariosupremus.com\/?product=divisores-metalicos-de-flujo-de-co2-con-3-salidas","og_locale":"es_MX","og_type":"article","og_title":"Divisores met\u00e1licos de flujo de CO2 con 3 salidas. | Acuario Supremus","og_description":"Estos adaptadores Premium fabricados en lat\u00f3n mecanizado multiplican por tres la salida de flujo de CO2 que entregan los reguladores de presi\u00f3n por defecto.","og_url":"https:\/\/acuariosupremus.com\/?product=divisores-metalicos-de-flujo-de-co2-con-3-salidas","og_site_name":"Acuario Supremus","article_publisher":"https:\/\/www.facebook.com\/AcuarioSupremus","article_modified_time":"2025-12-30T22:21:34+00:00","og_image":[{"width":1250,"height":1250,"url":"https:\/\/acuariosupremus.com\/wp-content\/uploads\/2022\/05\/i-567_divisor_metalico_co2_3_salidas_ista_01.jpg","type":"image\/jpeg"}],"twitter_card":"summary_large_image","twitter_site":"@AcuarioSupremus","twitter_misc":{"Tiempo de lectura":"1 minuto"},"schema":{"@context":"https:\/\/schema.org","@graph":[{"@type":"WebPage","@id":"https:\/\/acuariosupremus.com\/?product=divisores-metalicos-de-flujo-de-co2-con-3-salidas","url":"https:\/\/acuariosupremus.com\/?product=divisores-metalicos-de-flujo-de-co2-con-3-salidas","name":"Divisores met\u00e1licos de flujo de CO2 con 3 salidas. | Acuario Supremus","isPartOf":{"@id":"https:\/\/acuariosupremus.com\/#website"},"primaryImageOfPage":{"@id":"https:\/\/acuariosupremus.com\/?product=divisores-metalicos-de-flujo-de-co2-con-3-salidas#primaryimage"},"image":{"@id":"https:\/\/acuariosupremus.com\/?product=divisores-metalicos-de-flujo-de-co2-con-3-salidas#primaryimage"},"thumbnailUrl":"https:\/\/acuariosupremus.com\/wp-content\/uploads\/2022\/05\/i-567_divisor_metalico_co2_3_salidas_ista_01.jpg","datePublished":"2022-05-18T21:56:11+00:00","dateModified":"2025-12-30T22:21:34+00:00","description":"Estos adaptadores Premium fabricados en lat\u00f3n mecanizado multiplican por tres la salida de flujo de CO2 que entregan los reguladores de presi\u00f3n por defecto.","breadcrumb":{"@id":"https:\/\/acuariosupremus.com\/?product=divisores-metalicos-de-flujo-de-co2-con-3-salidas#breadcrumb"},"inLanguage":"es","potentialAction":[{"@type":"ReadAction","target":["https:\/\/acuariosupremus.com\/?product=divisores-metalicos-de-flujo-de-co2-con-3-salidas"]}]},{"@type":"ImageObject","inLanguage":"es","@id":"https:\/\/acuariosupremus.com\/?product=divisores-metalicos-de-flujo-de-co2-con-3-salidas#primaryimage","url":"https:\/\/acuariosupremus.com\/wp-content\/uploads\/2022\/05\/i-567_divisor_metalico_co2_3_salidas_ista_01.jpg","contentUrl":"https:\/\/acuariosupremus.com\/wp-content\/uploads\/2022\/05\/i-567_divisor_metalico_co2_3_salidas_ista_01.jpg","width":1250,"height":1250},{"@type":"BreadcrumbList","@id":"https:\/\/acuariosupremus.com\/?product=divisores-metalicos-de-flujo-de-co2-con-3-salidas#breadcrumb","itemListElement":[{"@type":"ListItem","position":1,"name":"Portada","item":"https:\/\/acuariosupremus.com\/"},{"@type":"ListItem","position":2,"name":"Tienda","item":"https:\/\/acuariosupremus.com\/tienda\/"},{"@type":"ListItem","position":3,"name":"Divisores met\u00e1licos de flujo de CO2 con 3 salidas."}]},{"@type":"WebSite","@id":"https:\/\/acuariosupremus.com\/#website","url":"https:\/\/acuariosupremus.com\/","name":"Acuario Supremus","description":"Peces, Peceras y Mascotas.","publisher":{"@id":"https:\/\/acuariosupremus.com\/#organization"},"potentialAction":[{"@type":"SearchAction","target":{"@type":"EntryPoint","urlTemplate":"https:\/\/acuariosupremus.com\/?s={search_term_string}"},"query-input":{"@type":"PropertyValueSpecification","valueRequired":true,"valueName":"search_term_string"}}],"inLanguage":"es"},{"@type":"Organization","@id":"https:\/\/acuariosupremus.com\/#organization","name":"Acuario Supremus","url":"https:\/\/acuariosupremus.com\/","logo":{"@type":"ImageObject","inLanguage":"es","@id":"https:\/\/acuariosupremus.com\/#\/schema\/logo\/image\/","url":"https:\/\/acuariosupremus.com\/wp-content\/uploads\/2021\/12\/cropped-logo_acuario_supremus_fn-2.png","contentUrl":"https:\/\/acuariosupremus.com\/wp-content\/uploads\/2021\/12\/cropped-logo_acuario_supremus_fn-2.png","width":1000,"height":318,"caption":"Acuario Supremus"},"image":{"@id":"https:\/\/acuariosupremus.com\/#\/schema\/logo\/image\/"},"sameAs":["https:\/\/www.facebook.com\/AcuarioSupremus","https:\/\/x.com\/AcuarioSupremus","https:\/\/www.instagram.com\/acuariosupremus\/?hl=es"]}]}},"jetpack_sharing_enabled":true,"_links":{"self":[{"href":"https:\/\/acuariosupremus.com\/index.php?rest_route=\/wp\/v2\/product\/9800","targetHints":{"allow":["GET"]}}],"collection":[{"href":"https:\/\/acuariosupremus.com\/index.php?rest_route=\/wp\/v2\/product"}],"about":[{"href":"https:\/\/acuariosupremus.com\/index.php?rest_route=\/wp\/v2\/types\/product"}],"wp:featuredmedia":[{"embeddable":true,"href":"https:\/\/acuariosupremus.com\/index.php?rest_route=\/wp\/v2\/media\/9801"}],"wp:attachment":[{"href":"https:\/\/acuariosupremus.com\/index.php?rest_route=%2Fwp%2Fv2%2Fmedia&parent=9800"}],"wp:term":[{"taxonomy":"product_brand","embeddable":true,"href":"https:\/\/acuariosupremus.com\/index.php?rest_route=%2Fwp%2Fv2%2Fproduct_brand&post=9800"},{"taxonomy":"product_cat","embeddable":true,"href":"https:\/\/acuariosupremus.com\/index.php?rest_route=%2Fwp%2Fv2%2Fproduct_cat&post=9800"},{"taxonomy":"product_tag","embeddable":true,"href":"https:\/\/acuariosupremus.com\/index.php?rest_route=%2Fwp%2Fv2%2Fproduct_tag&post=9800"}],"curies":[{"name":"wp","href":"https:\/\/api.w.org\/{rel}","templated":true}]}}