{"id":9813,"date":"2022-05-18T19:01:43","date_gmt":"2022-05-19T00:01:43","guid":{"rendered":"https:\/\/acuariosupremus.com\/?post_type=product&#038;p=9813"},"modified":"2025-09-05T16:45:53","modified_gmt":"2025-09-05T22:45:53","slug":"valvula-anti-retorno-para-co2-acero-inoxidable","status":"publish","type":"product","link":"https:\/\/acuariosupremus.com\/?product=valvula-anti-retorno-para-co2-acero-inoxidable","title":{"rendered":"V\u00e1lvula anti-retorno para CO2 acero inoxidable."},"content":{"rendered":"<p>Las v\u00e1lvulas anti-retorno impiden que el flujo de aire pueda invertirse en una manguera de aire o de gas CO2. Un accidente frecuente en los acuarios suele producirse al interrumpir la corriente el\u00e9ctrica de nuestra bomba de aire cuando se encuentra situada por debajo del nivel m\u00e1ximo de agua en nuestro acuario o al bajar la presi\u00f3n del gas CO2 en un sistema de suministro. En esos casos, debido la ley de vasos comunicantes el agua de nuestro acuario puede introducirse por el difusor o reactor y alcanzar la bomba de aire o el regulador a trav\u00e9s de la manguera, provocando un derramamiento de agua con consecuencias que ponen en riesgo nuestra seguridad y la de nuestro acuario. Para solucionar este problema es necesario contar con una v\u00e1lvula at\u00f3xica y a prueba de fallos, que solo permita el paso de fluidos en una direcci\u00f3n. A parte de su confiabilidad y durabilidad, posee la ventaja de exigir poca presi\u00f3n para su apertura con el fin de no restar demasiado rendimiento a la bomba de aire<\/p>\n<p>Di\u00e1metro cuerpo: 7 (\u00d8 mm) Longitud 38 (mm) Longitud Espiga 13 (mm) Conexi\u00f3n 4\/6 (\u00d8 mm) Peso 5 (grs.) Peso c. embalaje 15\u00a0 (grs.) Material del Muelle: Acero Medidas del embalaje: 100 x 70 x 25 (l x a x h mm).<\/p>\n","protected":false},"excerpt":{"rendered":"<p>V\u00e1lvula \u201ccheck\u201d profesional fabricada en acero inoxidable de alta calidad. Est\u00e1 dise\u00f1ada para trabajar conectada en l\u00ednea con la manguera de CO2 despu\u00e9s de la salida del regulador. Puede funcionar perfectamente fuera del agua sin riesgos de fuga. Esta v\u00e1lvula anti-retorno es de tipo muelle con un empaque de goma a prueba de fallos. Este sistema es el m\u00e1s seguro para evitar que el agua procedente del acuario o del dispositivo cuenta-burbujas pueda retornar al regulador da\u00f1ando el filtro de part\u00edculas. Esta v\u00e1lvula no es reversible y sus conexiones de entrada y salida son de tipo espiga con di\u00e1metro standard para mangueras flexibles de 4\/6 mm.<\/p>\n","protected":false},"featured_media":9815,"template":"","meta":[],"product_brand":[127],"product_cat":[40,42,56],"product_tag":[897],"class_list":{"0":"post-9813","1":"product","2":"type-product","3":"status-publish","4":"has-post-thumbnail","6":"product_brand-ista","7":"product_cat-peces","8":"product_cat-aireacion","9":"product_cat-plantas-naturales","10":"product_tag-valvula-check-para-co2-acero-inoxidable","12":"first","13":"instock","14":"sale","15":"shipping-taxable","16":"purchasable","17":"product-type-simple"},"yoast_head":"<!-- This site is optimized with the Yoast SEO plugin v27.4 - https:\/\/yoast.com\/product\/yoast-seo-wordpress\/ -->\n<title>V\u00e1lvula anti-retorno para CO2 acero inoxidable. | Acuario Supremus<\/title>\n<meta name=\"description\" content=\"V\u00e1lvula \u201ccheck\u201d profesional acero inoxidable de alta calidad. Est\u00e1 dise\u00f1ada conectada en l\u00ednea con la manguera de CO2 despu\u00e9s de la salida del regulador.\" \/>\n<meta name=\"robots\" content=\"index, follow, max-snippet:-1, max-image-preview:large, max-video-preview:-1\" \/>\n<link rel=\"canonical\" href=\"https:\/\/acuariosupremus.com\/producto\/valvula-anti-retorno-para-co2-acero-inoxidable\/\" \/>\n<meta property=\"og:locale\" content=\"es_MX\" \/>\n<meta property=\"og:type\" content=\"article\" \/>\n<meta property=\"og:title\" content=\"V\u00e1lvula anti-retorno para CO2 acero inoxidable. | Acuario Supremus\" \/>\n<meta property=\"og:description\" content=\"V\u00e1lvula \u201ccheck\u201d profesional acero inoxidable de alta calidad. Est\u00e1 dise\u00f1ada conectada en l\u00ednea con la manguera de CO2 despu\u00e9s de la salida del regulador.\" \/>\n<meta property=\"og:url\" content=\"https:\/\/acuariosupremus.com\/producto\/valvula-anti-retorno-para-co2-acero-inoxidable\/\" \/>\n<meta property=\"og:site_name\" content=\"Acuario Supremus\" \/>\n<meta property=\"article:publisher\" content=\"https:\/\/www.facebook.com\/AcuarioSupremus\" \/>\n<meta property=\"article:modified_time\" content=\"2025-09-05T22:45:53+00:00\" \/>\n<meta property=\"og:image\" content=\"https:\/\/acuariosupremus.com\/wp-content\/uploads\/2022\/05\/i-962_valvula_check_metalica_ista_02.jpg\" \/>\n\t<meta property=\"og:image:width\" content=\"1250\" \/>\n\t<meta property=\"og:image:height\" content=\"1250\" \/>\n\t<meta property=\"og:image:type\" content=\"image\/jpeg\" \/>\n<meta name=\"twitter:card\" content=\"summary_large_image\" \/>\n<meta name=\"twitter:site\" content=\"@AcuarioSupremus\" \/>\n<meta name=\"twitter:label1\" content=\"Tiempo de lectura\" \/>\n\t<meta name=\"twitter:data1\" content=\"1 minuto\" \/>\n<script type=\"application\/ld+json\" class=\"yoast-schema-graph\">{\"@context\":\"https:\\\/\\\/schema.org\",\"@graph\":[{\"@type\":\"WebPage\",\"@id\":\"https:\\\/\\\/acuariosupremus.com\\\/producto\\\/valvula-anti-retorno-para-co2-acero-inoxidable\\\/\",\"url\":\"https:\\\/\\\/acuariosupremus.com\\\/producto\\\/valvula-anti-retorno-para-co2-acero-inoxidable\\\/\",\"name\":\"V\u00e1lvula anti-retorno para CO2 acero inoxidable. | Acuario Supremus\",\"isPartOf\":{\"@id\":\"https:\\\/\\\/acuariosupremus.com\\\/#website\"},\"primaryImageOfPage\":{\"@id\":\"https:\\\/\\\/acuariosupremus.com\\\/producto\\\/valvula-anti-retorno-para-co2-acero-inoxidable\\\/#primaryimage\"},\"image\":{\"@id\":\"https:\\\/\\\/acuariosupremus.com\\\/producto\\\/valvula-anti-retorno-para-co2-acero-inoxidable\\\/#primaryimage\"},\"thumbnailUrl\":\"https:\\\/\\\/acuariosupremus.com\\\/wp-content\\\/uploads\\\/2022\\\/05\\\/i-962_valvula_check_metalica_ista_02.jpg\",\"datePublished\":\"2022-05-19T00:01:43+00:00\",\"dateModified\":\"2025-09-05T22:45:53+00:00\",\"description\":\"V\u00e1lvula \u201ccheck\u201d profesional acero inoxidable de alta calidad. Est\u00e1 dise\u00f1ada conectada en l\u00ednea con la manguera de CO2 despu\u00e9s de la salida del regulador.\",\"breadcrumb\":{\"@id\":\"https:\\\/\\\/acuariosupremus.com\\\/producto\\\/valvula-anti-retorno-para-co2-acero-inoxidable\\\/#breadcrumb\"},\"inLanguage\":\"es\",\"potentialAction\":[{\"@type\":\"ReadAction\",\"target\":[\"https:\\\/\\\/acuariosupremus.com\\\/producto\\\/valvula-anti-retorno-para-co2-acero-inoxidable\\\/\"]}]},{\"@type\":\"ImageObject\",\"inLanguage\":\"es\",\"@id\":\"https:\\\/\\\/acuariosupremus.com\\\/producto\\\/valvula-anti-retorno-para-co2-acero-inoxidable\\\/#primaryimage\",\"url\":\"https:\\\/\\\/acuariosupremus.com\\\/wp-content\\\/uploads\\\/2022\\\/05\\\/i-962_valvula_check_metalica_ista_02.jpg\",\"contentUrl\":\"https:\\\/\\\/acuariosupremus.com\\\/wp-content\\\/uploads\\\/2022\\\/05\\\/i-962_valvula_check_metalica_ista_02.jpg\",\"width\":1250,\"height\":1250},{\"@type\":\"BreadcrumbList\",\"@id\":\"https:\\\/\\\/acuariosupremus.com\\\/producto\\\/valvula-anti-retorno-para-co2-acero-inoxidable\\\/#breadcrumb\",\"itemListElement\":[{\"@type\":\"ListItem\",\"position\":1,\"name\":\"Portada\",\"item\":\"https:\\\/\\\/acuariosupremus.com\\\/\"},{\"@type\":\"ListItem\",\"position\":2,\"name\":\"Tienda\",\"item\":\"https:\\\/\\\/acuariosupremus.com\\\/tienda\\\/\"},{\"@type\":\"ListItem\",\"position\":3,\"name\":\"V\u00e1lvula anti-retorno para CO2 acero inoxidable.\"}]},{\"@type\":\"WebSite\",\"@id\":\"https:\\\/\\\/acuariosupremus.com\\\/#website\",\"url\":\"https:\\\/\\\/acuariosupremus.com\\\/\",\"name\":\"Acuario Supremus\",\"description\":\"Peces, Peceras y Mascotas.\",\"publisher\":{\"@id\":\"https:\\\/\\\/acuariosupremus.com\\\/#organization\"},\"potentialAction\":[{\"@type\":\"SearchAction\",\"target\":{\"@type\":\"EntryPoint\",\"urlTemplate\":\"https:\\\/\\\/acuariosupremus.com\\\/?s={search_term_string}\"},\"query-input\":{\"@type\":\"PropertyValueSpecification\",\"valueRequired\":true,\"valueName\":\"search_term_string\"}}],\"inLanguage\":\"es\"},{\"@type\":\"Organization\",\"@id\":\"https:\\\/\\\/acuariosupremus.com\\\/#organization\",\"name\":\"Acuario Supremus\",\"url\":\"https:\\\/\\\/acuariosupremus.com\\\/\",\"logo\":{\"@type\":\"ImageObject\",\"inLanguage\":\"es\",\"@id\":\"https:\\\/\\\/acuariosupremus.com\\\/#\\\/schema\\\/logo\\\/image\\\/\",\"url\":\"https:\\\/\\\/acuariosupremus.com\\\/wp-content\\\/uploads\\\/2021\\\/12\\\/cropped-logo_acuario_supremus_fn-2.png\",\"contentUrl\":\"https:\\\/\\\/acuariosupremus.com\\\/wp-content\\\/uploads\\\/2021\\\/12\\\/cropped-logo_acuario_supremus_fn-2.png\",\"width\":1000,\"height\":318,\"caption\":\"Acuario Supremus\"},\"image\":{\"@id\":\"https:\\\/\\\/acuariosupremus.com\\\/#\\\/schema\\\/logo\\\/image\\\/\"},\"sameAs\":[\"https:\\\/\\\/www.facebook.com\\\/AcuarioSupremus\",\"https:\\\/\\\/x.com\\\/AcuarioSupremus\",\"https:\\\/\\\/www.instagram.com\\\/acuariosupremus\\\/?hl=es\"]}]}<\/script>\n<!-- \/ Yoast SEO plugin. -->","yoast_head_json":{"title":"V\u00e1lvula anti-retorno para CO2 acero inoxidable. | Acuario Supremus","description":"V\u00e1lvula \u201ccheck\u201d profesional acero inoxidable de alta calidad. Est\u00e1 dise\u00f1ada conectada en l\u00ednea con la manguera de CO2 despu\u00e9s de la salida del regulador.","robots":{"index":"index","follow":"follow","max-snippet":"max-snippet:-1","max-image-preview":"max-image-preview:large","max-video-preview":"max-video-preview:-1"},"canonical":"https:\/\/acuariosupremus.com\/producto\/valvula-anti-retorno-para-co2-acero-inoxidable\/","og_locale":"es_MX","og_type":"article","og_title":"V\u00e1lvula anti-retorno para CO2 acero inoxidable. | Acuario Supremus","og_description":"V\u00e1lvula \u201ccheck\u201d profesional acero inoxidable de alta calidad. Est\u00e1 dise\u00f1ada conectada en l\u00ednea con la manguera de CO2 despu\u00e9s de la salida del regulador.","og_url":"https:\/\/acuariosupremus.com\/producto\/valvula-anti-retorno-para-co2-acero-inoxidable\/","og_site_name":"Acuario Supremus","article_publisher":"https:\/\/www.facebook.com\/AcuarioSupremus","article_modified_time":"2025-09-05T22:45:53+00:00","og_image":[{"width":1250,"height":1250,"url":"https:\/\/acuariosupremus.com\/wp-content\/uploads\/2022\/05\/i-962_valvula_check_metalica_ista_02.jpg","type":"image\/jpeg"}],"twitter_card":"summary_large_image","twitter_site":"@AcuarioSupremus","twitter_misc":{"Tiempo de lectura":"1 minuto"},"schema":{"@context":"https:\/\/schema.org","@graph":[{"@type":"WebPage","@id":"https:\/\/acuariosupremus.com\/producto\/valvula-anti-retorno-para-co2-acero-inoxidable\/","url":"https:\/\/acuariosupremus.com\/producto\/valvula-anti-retorno-para-co2-acero-inoxidable\/","name":"V\u00e1lvula anti-retorno para CO2 acero inoxidable. | Acuario Supremus","isPartOf":{"@id":"https:\/\/acuariosupremus.com\/#website"},"primaryImageOfPage":{"@id":"https:\/\/acuariosupremus.com\/producto\/valvula-anti-retorno-para-co2-acero-inoxidable\/#primaryimage"},"image":{"@id":"https:\/\/acuariosupremus.com\/producto\/valvula-anti-retorno-para-co2-acero-inoxidable\/#primaryimage"},"thumbnailUrl":"https:\/\/acuariosupremus.com\/wp-content\/uploads\/2022\/05\/i-962_valvula_check_metalica_ista_02.jpg","datePublished":"2022-05-19T00:01:43+00:00","dateModified":"2025-09-05T22:45:53+00:00","description":"V\u00e1lvula \u201ccheck\u201d profesional acero inoxidable de alta calidad. Est\u00e1 dise\u00f1ada conectada en l\u00ednea con la manguera de CO2 despu\u00e9s de la salida del regulador.","breadcrumb":{"@id":"https:\/\/acuariosupremus.com\/producto\/valvula-anti-retorno-para-co2-acero-inoxidable\/#breadcrumb"},"inLanguage":"es","potentialAction":[{"@type":"ReadAction","target":["https:\/\/acuariosupremus.com\/producto\/valvula-anti-retorno-para-co2-acero-inoxidable\/"]}]},{"@type":"ImageObject","inLanguage":"es","@id":"https:\/\/acuariosupremus.com\/producto\/valvula-anti-retorno-para-co2-acero-inoxidable\/#primaryimage","url":"https:\/\/acuariosupremus.com\/wp-content\/uploads\/2022\/05\/i-962_valvula_check_metalica_ista_02.jpg","contentUrl":"https:\/\/acuariosupremus.com\/wp-content\/uploads\/2022\/05\/i-962_valvula_check_metalica_ista_02.jpg","width":1250,"height":1250},{"@type":"BreadcrumbList","@id":"https:\/\/acuariosupremus.com\/producto\/valvula-anti-retorno-para-co2-acero-inoxidable\/#breadcrumb","itemListElement":[{"@type":"ListItem","position":1,"name":"Portada","item":"https:\/\/acuariosupremus.com\/"},{"@type":"ListItem","position":2,"name":"Tienda","item":"https:\/\/acuariosupremus.com\/tienda\/"},{"@type":"ListItem","position":3,"name":"V\u00e1lvula anti-retorno para CO2 acero inoxidable."}]},{"@type":"WebSite","@id":"https:\/\/acuariosupremus.com\/#website","url":"https:\/\/acuariosupremus.com\/","name":"Acuario Supremus","description":"Peces, Peceras y Mascotas.","publisher":{"@id":"https:\/\/acuariosupremus.com\/#organization"},"potentialAction":[{"@type":"SearchAction","target":{"@type":"EntryPoint","urlTemplate":"https:\/\/acuariosupremus.com\/?s={search_term_string}"},"query-input":{"@type":"PropertyValueSpecification","valueRequired":true,"valueName":"search_term_string"}}],"inLanguage":"es"},{"@type":"Organization","@id":"https:\/\/acuariosupremus.com\/#organization","name":"Acuario Supremus","url":"https:\/\/acuariosupremus.com\/","logo":{"@type":"ImageObject","inLanguage":"es","@id":"https:\/\/acuariosupremus.com\/#\/schema\/logo\/image\/","url":"https:\/\/acuariosupremus.com\/wp-content\/uploads\/2021\/12\/cropped-logo_acuario_supremus_fn-2.png","contentUrl":"https:\/\/acuariosupremus.com\/wp-content\/uploads\/2021\/12\/cropped-logo_acuario_supremus_fn-2.png","width":1000,"height":318,"caption":"Acuario Supremus"},"image":{"@id":"https:\/\/acuariosupremus.com\/#\/schema\/logo\/image\/"},"sameAs":["https:\/\/www.facebook.com\/AcuarioSupremus","https:\/\/x.com\/AcuarioSupremus","https:\/\/www.instagram.com\/acuariosupremus\/?hl=es"]}]}},"jetpack_sharing_enabled":true,"_links":{"self":[{"href":"https:\/\/acuariosupremus.com\/index.php?rest_route=\/wp\/v2\/product\/9813","targetHints":{"allow":["GET"]}}],"collection":[{"href":"https:\/\/acuariosupremus.com\/index.php?rest_route=\/wp\/v2\/product"}],"about":[{"href":"https:\/\/acuariosupremus.com\/index.php?rest_route=\/wp\/v2\/types\/product"}],"wp:featuredmedia":[{"embeddable":true,"href":"https:\/\/acuariosupremus.com\/index.php?rest_route=\/wp\/v2\/media\/9815"}],"wp:attachment":[{"href":"https:\/\/acuariosupremus.com\/index.php?rest_route=%2Fwp%2Fv2%2Fmedia&parent=9813"}],"wp:term":[{"taxonomy":"product_brand","embeddable":true,"href":"https:\/\/acuariosupremus.com\/index.php?rest_route=%2Fwp%2Fv2%2Fproduct_brand&post=9813"},{"taxonomy":"product_cat","embeddable":true,"href":"https:\/\/acuariosupremus.com\/index.php?rest_route=%2Fwp%2Fv2%2Fproduct_cat&post=9813"},{"taxonomy":"product_tag","embeddable":true,"href":"https:\/\/acuariosupremus.com\/index.php?rest_route=%2Fwp%2Fv2%2Fproduct_tag&post=9813"}],"curies":[{"name":"wp","href":"https:\/\/api.w.org\/{rel}","templated":true}]}}