{"id":9840,"date":"2022-05-18T19:43:35","date_gmt":"2022-05-19T00:43:35","guid":{"rendered":"https:\/\/acuariosupremus.com\/?post_type=product&#038;p=9840"},"modified":"2025-12-30T16:26:25","modified_gmt":"2025-12-30T22:26:25","slug":"regulador-de-presion-horizontal-para-co2","status":"publish","type":"product","link":"https:\/\/acuariosupremus.com\/?product=regulador-de-presion-horizontal-para-co2","title":{"rendered":"Regulador de presi\u00f3n horizontal para CO2"},"content":{"rendered":"<p>El cuerpo est\u00e1 realizado en aluminio mecanizado con acabado en anodizado blanco. Est\u00e1 equipado con un microfiltro para gases inertes en la entrada y sistema autom\u00e1tico de seguridad en la rosca hembra en caso de sobrepresi\u00f3n. Est\u00e1 construido con materiales y procesos industriales de alta calidad que aseguran una operatividad confiable, segura y durable<\/p>\n<p>Peso: 120 (grs.) Dimensiones: 48 x 67 x 62 (l x a x h, mm) Peso c. embalaje: 135 (grs.)<\/p>\n","protected":false},"excerpt":{"rendered":"<p>Regulador profesional para CO2.<br \/>\nRegulador Premium de montaje lateral para dosificaci\u00f3n de gas CO2 en acuarios plantados dise\u00f1ado para montaje en cilindros con la conexi\u00f3n horizontal, Posee un man\u00f3metro de baja presi\u00f3n y otro de alta, ambos de gran precisi\u00f3n. El regulador es de tipo aguja con reductor de presi\u00f3n autom\u00e1tico (hasta 1500 psi). Cuenta con una v\u00e1lvula de alta precisi\u00f3n para la regulaci\u00f3n manual del caudal de gas.<\/p>\n","protected":false},"featured_media":9841,"template":"","meta":[],"product_brand":[127],"product_cat":[40,56],"product_tag":[902],"class_list":{"0":"post-9840","1":"product","2":"type-product","3":"status-publish","4":"has-post-thumbnail","6":"product_brand-ista","7":"product_cat-peces","8":"product_cat-plantas-naturales","9":"product_tag-regulador-de-presion-horizontal-para-co2","11":"first","12":"instock","13":"sale","14":"shipping-taxable","15":"purchasable","16":"product-type-simple"},"yoast_head":"<!-- This site is optimized with the Yoast SEO plugin v27.4 - https:\/\/yoast.com\/product\/yoast-seo-wordpress\/ -->\n<title>Regulador de presi\u00f3n horizontal para CO2 | Acuario Supremus<\/title>\n<meta name=\"description\" content=\"Regulador Premium de montaje lateral para dosificaci\u00f3n de gas CO2 en acuarios plantados dise\u00f1ado para montaje en cilindros con la conexi\u00f3n horizontal.\" \/>\n<meta name=\"robots\" content=\"index, follow, max-snippet:-1, max-image-preview:large, max-video-preview:-1\" \/>\n<link rel=\"canonical\" href=\"https:\/\/acuariosupremus.com\/?product=regulador-de-presion-horizontal-para-co2\" \/>\n<meta property=\"og:locale\" content=\"es_MX\" \/>\n<meta property=\"og:type\" content=\"article\" \/>\n<meta property=\"og:title\" content=\"Regulador de presi\u00f3n horizontal para CO2 | Acuario Supremus\" \/>\n<meta property=\"og:description\" content=\"Regulador Premium de montaje lateral para dosificaci\u00f3n de gas CO2 en acuarios plantados dise\u00f1ado para montaje en cilindros con la conexi\u00f3n horizontal.\" \/>\n<meta property=\"og:url\" content=\"https:\/\/acuariosupremus.com\/?product=regulador-de-presion-horizontal-para-co2\" \/>\n<meta property=\"og:site_name\" content=\"Acuario Supremus\" \/>\n<meta property=\"article:publisher\" content=\"https:\/\/www.facebook.com\/AcuarioSupremus\" \/>\n<meta property=\"article:modified_time\" content=\"2025-12-30T22:26:25+00:00\" \/>\n<meta property=\"og:image\" content=\"https:\/\/acuariosupremus.com\/wp-content\/uploads\/2022\/05\/i-647_regulador-co2_ista_01.jpg\" \/>\n\t<meta property=\"og:image:width\" content=\"1250\" \/>\n\t<meta property=\"og:image:height\" content=\"1250\" \/>\n\t<meta property=\"og:image:type\" content=\"image\/jpeg\" \/>\n<meta name=\"twitter:card\" content=\"summary_large_image\" \/>\n<meta name=\"twitter:site\" content=\"@AcuarioSupremus\" \/>\n<meta name=\"twitter:label1\" content=\"Tiempo de lectura\" \/>\n\t<meta name=\"twitter:data1\" content=\"1 minuto\" \/>\n<script type=\"application\/ld+json\" class=\"yoast-schema-graph\">{\"@context\":\"https:\\\/\\\/schema.org\",\"@graph\":[{\"@type\":\"WebPage\",\"@id\":\"https:\\\/\\\/acuariosupremus.com\\\/?product=regulador-de-presion-horizontal-para-co2\",\"url\":\"https:\\\/\\\/acuariosupremus.com\\\/?product=regulador-de-presion-horizontal-para-co2\",\"name\":\"Regulador de presi\u00f3n horizontal para CO2 | Acuario Supremus\",\"isPartOf\":{\"@id\":\"https:\\\/\\\/acuariosupremus.com\\\/#website\"},\"primaryImageOfPage\":{\"@id\":\"https:\\\/\\\/acuariosupremus.com\\\/?product=regulador-de-presion-horizontal-para-co2#primaryimage\"},\"image\":{\"@id\":\"https:\\\/\\\/acuariosupremus.com\\\/?product=regulador-de-presion-horizontal-para-co2#primaryimage\"},\"thumbnailUrl\":\"https:\\\/\\\/acuariosupremus.com\\\/wp-content\\\/uploads\\\/2022\\\/05\\\/i-647_regulador-co2_ista_01.jpg\",\"datePublished\":\"2022-05-19T00:43:35+00:00\",\"dateModified\":\"2025-12-30T22:26:25+00:00\",\"description\":\"Regulador Premium de montaje lateral para dosificaci\u00f3n de gas CO2 en acuarios plantados dise\u00f1ado para montaje en cilindros con la conexi\u00f3n horizontal.\",\"breadcrumb\":{\"@id\":\"https:\\\/\\\/acuariosupremus.com\\\/?product=regulador-de-presion-horizontal-para-co2#breadcrumb\"},\"inLanguage\":\"es\",\"potentialAction\":[{\"@type\":\"ReadAction\",\"target\":[\"https:\\\/\\\/acuariosupremus.com\\\/?product=regulador-de-presion-horizontal-para-co2\"]}]},{\"@type\":\"ImageObject\",\"inLanguage\":\"es\",\"@id\":\"https:\\\/\\\/acuariosupremus.com\\\/?product=regulador-de-presion-horizontal-para-co2#primaryimage\",\"url\":\"https:\\\/\\\/acuariosupremus.com\\\/wp-content\\\/uploads\\\/2022\\\/05\\\/i-647_regulador-co2_ista_01.jpg\",\"contentUrl\":\"https:\\\/\\\/acuariosupremus.com\\\/wp-content\\\/uploads\\\/2022\\\/05\\\/i-647_regulador-co2_ista_01.jpg\",\"width\":1250,\"height\":1250},{\"@type\":\"BreadcrumbList\",\"@id\":\"https:\\\/\\\/acuariosupremus.com\\\/?product=regulador-de-presion-horizontal-para-co2#breadcrumb\",\"itemListElement\":[{\"@type\":\"ListItem\",\"position\":1,\"name\":\"Portada\",\"item\":\"https:\\\/\\\/acuariosupremus.com\\\/\"},{\"@type\":\"ListItem\",\"position\":2,\"name\":\"Tienda\",\"item\":\"https:\\\/\\\/acuariosupremus.com\\\/tienda\\\/\"},{\"@type\":\"ListItem\",\"position\":3,\"name\":\"Regulador de presi\u00f3n horizontal para CO2\"}]},{\"@type\":\"WebSite\",\"@id\":\"https:\\\/\\\/acuariosupremus.com\\\/#website\",\"url\":\"https:\\\/\\\/acuariosupremus.com\\\/\",\"name\":\"Acuario Supremus\",\"description\":\"Peces, Peceras y Mascotas.\",\"publisher\":{\"@id\":\"https:\\\/\\\/acuariosupremus.com\\\/#organization\"},\"potentialAction\":[{\"@type\":\"SearchAction\",\"target\":{\"@type\":\"EntryPoint\",\"urlTemplate\":\"https:\\\/\\\/acuariosupremus.com\\\/?s={search_term_string}\"},\"query-input\":{\"@type\":\"PropertyValueSpecification\",\"valueRequired\":true,\"valueName\":\"search_term_string\"}}],\"inLanguage\":\"es\"},{\"@type\":\"Organization\",\"@id\":\"https:\\\/\\\/acuariosupremus.com\\\/#organization\",\"name\":\"Acuario Supremus\",\"url\":\"https:\\\/\\\/acuariosupremus.com\\\/\",\"logo\":{\"@type\":\"ImageObject\",\"inLanguage\":\"es\",\"@id\":\"https:\\\/\\\/acuariosupremus.com\\\/#\\\/schema\\\/logo\\\/image\\\/\",\"url\":\"https:\\\/\\\/acuariosupremus.com\\\/wp-content\\\/uploads\\\/2021\\\/12\\\/cropped-logo_acuario_supremus_fn-2.png\",\"contentUrl\":\"https:\\\/\\\/acuariosupremus.com\\\/wp-content\\\/uploads\\\/2021\\\/12\\\/cropped-logo_acuario_supremus_fn-2.png\",\"width\":1000,\"height\":318,\"caption\":\"Acuario Supremus\"},\"image\":{\"@id\":\"https:\\\/\\\/acuariosupremus.com\\\/#\\\/schema\\\/logo\\\/image\\\/\"},\"sameAs\":[\"https:\\\/\\\/www.facebook.com\\\/AcuarioSupremus\",\"https:\\\/\\\/x.com\\\/AcuarioSupremus\",\"https:\\\/\\\/www.instagram.com\\\/acuariosupremus\\\/?hl=es\"]}]}<\/script>\n<!-- \/ Yoast SEO plugin. -->","yoast_head_json":{"title":"Regulador de presi\u00f3n horizontal para CO2 | Acuario Supremus","description":"Regulador Premium de montaje lateral para dosificaci\u00f3n de gas CO2 en acuarios plantados dise\u00f1ado para montaje en cilindros con la conexi\u00f3n horizontal.","robots":{"index":"index","follow":"follow","max-snippet":"max-snippet:-1","max-image-preview":"max-image-preview:large","max-video-preview":"max-video-preview:-1"},"canonical":"https:\/\/acuariosupremus.com\/?product=regulador-de-presion-horizontal-para-co2","og_locale":"es_MX","og_type":"article","og_title":"Regulador de presi\u00f3n horizontal para CO2 | Acuario Supremus","og_description":"Regulador Premium de montaje lateral para dosificaci\u00f3n de gas CO2 en acuarios plantados dise\u00f1ado para montaje en cilindros con la conexi\u00f3n horizontal.","og_url":"https:\/\/acuariosupremus.com\/?product=regulador-de-presion-horizontal-para-co2","og_site_name":"Acuario Supremus","article_publisher":"https:\/\/www.facebook.com\/AcuarioSupremus","article_modified_time":"2025-12-30T22:26:25+00:00","og_image":[{"width":1250,"height":1250,"url":"https:\/\/acuariosupremus.com\/wp-content\/uploads\/2022\/05\/i-647_regulador-co2_ista_01.jpg","type":"image\/jpeg"}],"twitter_card":"summary_large_image","twitter_site":"@AcuarioSupremus","twitter_misc":{"Tiempo de lectura":"1 minuto"},"schema":{"@context":"https:\/\/schema.org","@graph":[{"@type":"WebPage","@id":"https:\/\/acuariosupremus.com\/?product=regulador-de-presion-horizontal-para-co2","url":"https:\/\/acuariosupremus.com\/?product=regulador-de-presion-horizontal-para-co2","name":"Regulador de presi\u00f3n horizontal para CO2 | Acuario Supremus","isPartOf":{"@id":"https:\/\/acuariosupremus.com\/#website"},"primaryImageOfPage":{"@id":"https:\/\/acuariosupremus.com\/?product=regulador-de-presion-horizontal-para-co2#primaryimage"},"image":{"@id":"https:\/\/acuariosupremus.com\/?product=regulador-de-presion-horizontal-para-co2#primaryimage"},"thumbnailUrl":"https:\/\/acuariosupremus.com\/wp-content\/uploads\/2022\/05\/i-647_regulador-co2_ista_01.jpg","datePublished":"2022-05-19T00:43:35+00:00","dateModified":"2025-12-30T22:26:25+00:00","description":"Regulador Premium de montaje lateral para dosificaci\u00f3n de gas CO2 en acuarios plantados dise\u00f1ado para montaje en cilindros con la conexi\u00f3n horizontal.","breadcrumb":{"@id":"https:\/\/acuariosupremus.com\/?product=regulador-de-presion-horizontal-para-co2#breadcrumb"},"inLanguage":"es","potentialAction":[{"@type":"ReadAction","target":["https:\/\/acuariosupremus.com\/?product=regulador-de-presion-horizontal-para-co2"]}]},{"@type":"ImageObject","inLanguage":"es","@id":"https:\/\/acuariosupremus.com\/?product=regulador-de-presion-horizontal-para-co2#primaryimage","url":"https:\/\/acuariosupremus.com\/wp-content\/uploads\/2022\/05\/i-647_regulador-co2_ista_01.jpg","contentUrl":"https:\/\/acuariosupremus.com\/wp-content\/uploads\/2022\/05\/i-647_regulador-co2_ista_01.jpg","width":1250,"height":1250},{"@type":"BreadcrumbList","@id":"https:\/\/acuariosupremus.com\/?product=regulador-de-presion-horizontal-para-co2#breadcrumb","itemListElement":[{"@type":"ListItem","position":1,"name":"Portada","item":"https:\/\/acuariosupremus.com\/"},{"@type":"ListItem","position":2,"name":"Tienda","item":"https:\/\/acuariosupremus.com\/tienda\/"},{"@type":"ListItem","position":3,"name":"Regulador de presi\u00f3n horizontal para CO2"}]},{"@type":"WebSite","@id":"https:\/\/acuariosupremus.com\/#website","url":"https:\/\/acuariosupremus.com\/","name":"Acuario Supremus","description":"Peces, Peceras y Mascotas.","publisher":{"@id":"https:\/\/acuariosupremus.com\/#organization"},"potentialAction":[{"@type":"SearchAction","target":{"@type":"EntryPoint","urlTemplate":"https:\/\/acuariosupremus.com\/?s={search_term_string}"},"query-input":{"@type":"PropertyValueSpecification","valueRequired":true,"valueName":"search_term_string"}}],"inLanguage":"es"},{"@type":"Organization","@id":"https:\/\/acuariosupremus.com\/#organization","name":"Acuario Supremus","url":"https:\/\/acuariosupremus.com\/","logo":{"@type":"ImageObject","inLanguage":"es","@id":"https:\/\/acuariosupremus.com\/#\/schema\/logo\/image\/","url":"https:\/\/acuariosupremus.com\/wp-content\/uploads\/2021\/12\/cropped-logo_acuario_supremus_fn-2.png","contentUrl":"https:\/\/acuariosupremus.com\/wp-content\/uploads\/2021\/12\/cropped-logo_acuario_supremus_fn-2.png","width":1000,"height":318,"caption":"Acuario Supremus"},"image":{"@id":"https:\/\/acuariosupremus.com\/#\/schema\/logo\/image\/"},"sameAs":["https:\/\/www.facebook.com\/AcuarioSupremus","https:\/\/x.com\/AcuarioSupremus","https:\/\/www.instagram.com\/acuariosupremus\/?hl=es"]}]}},"jetpack_sharing_enabled":true,"_links":{"self":[{"href":"https:\/\/acuariosupremus.com\/index.php?rest_route=\/wp\/v2\/product\/9840","targetHints":{"allow":["GET"]}}],"collection":[{"href":"https:\/\/acuariosupremus.com\/index.php?rest_route=\/wp\/v2\/product"}],"about":[{"href":"https:\/\/acuariosupremus.com\/index.php?rest_route=\/wp\/v2\/types\/product"}],"wp:featuredmedia":[{"embeddable":true,"href":"https:\/\/acuariosupremus.com\/index.php?rest_route=\/wp\/v2\/media\/9841"}],"wp:attachment":[{"href":"https:\/\/acuariosupremus.com\/index.php?rest_route=%2Fwp%2Fv2%2Fmedia&parent=9840"}],"wp:term":[{"taxonomy":"product_brand","embeddable":true,"href":"https:\/\/acuariosupremus.com\/index.php?rest_route=%2Fwp%2Fv2%2Fproduct_brand&post=9840"},{"taxonomy":"product_cat","embeddable":true,"href":"https:\/\/acuariosupremus.com\/index.php?rest_route=%2Fwp%2Fv2%2Fproduct_cat&post=9840"},{"taxonomy":"product_tag","embeddable":true,"href":"https:\/\/acuariosupremus.com\/index.php?rest_route=%2Fwp%2Fv2%2Fproduct_tag&post=9840"}],"curies":[{"name":"wp","href":"https:\/\/api.w.org\/{rel}","templated":true}]}}