{"id":9860,"date":"2022-05-19T13:25:33","date_gmt":"2022-05-19T18:25:33","guid":{"rendered":"https:\/\/acuariosupremus.com\/?post_type=product&#038;p=9860"},"modified":"2025-12-30T16:27:28","modified_gmt":"2025-12-30T22:27:28","slug":"solucion-para-indicador-continuo-de-co2","status":"publish","type":"product","link":"https:\/\/acuariosupremus.com\/?product=solucion-para-indicador-continuo-de-co2","title":{"rendered":"Soluci\u00f3n para indicador continuo de CO2"},"content":{"rendered":"<p>La soluci\u00f3n indicadora ISTA reacciona al valor del pH y a la presencia del CO2 libre y \u00e1cido carb\u00f3nico resultante de su disoluci\u00f3n del CO2 en el agua, cambiando desde un tono amarillo, pasando por un color verde hasta alcanzar un azul intenso. El color verde determina el \u00edndice de saturaci\u00f3n ideal de CO2 bajo condiciones \u00f3ptimas para el crecimiento de sus plantas, mientras que un color azul indicar\u00eda insuficiencia de gas CO2 y un color amarillo indicar\u00eda un exceso de este gas. (o tambi\u00e9n un pH demasiado bajo). Esta soluci\u00f3n le permite interpretar el nivel de CO2 de su acuario en todo momento con tan solo echar un vistazo. Aunque est\u00e1 dise\u00f1ado para el medidor continuo de CO2 de ISTA, puede ser usado con dispositivos similares del resto de marcas<\/p>\n<p>Peso del envase: 15 (g) Capacidad de l\u00edquido reactivo: 10 (ml) Peso con embalaje: 25 (g) Dimensiones envase 22 x 22 x 70 (l x a x h, mm) Dimensiones con embalaje: 70 x 120 x 25 (l x a x h, mm).<\/p>\n","protected":false},"excerpt":{"rendered":"<p>La soluci\u00f3n de repuesto para Kit indicador continuo del nivel de CO2 para acuarios plantados es un consumible que se utiliza para introducirlo en la c\u00e1mara de reacci\u00f3n del indicador de CO2 continuo de ISTA. El valor del pH del agua de su acuario afecta de forma directa la capacidad de saturaci\u00f3n del gas CO2 debido a su nivel de carbonatos (dKH) y en menor medida a su dureza total (dGH).<\/p>\n","protected":false},"featured_media":9862,"template":"","meta":[],"product_brand":[127,123],"product_cat":[40,56],"product_tag":[592,904],"class_list":{"0":"post-9860","1":"product","2":"type-product","3":"status-publish","4":"has-post-thumbnail","6":"product_brand-ista","7":"product_brand-seachem","8":"product_cat-peces","9":"product_cat-plantas-naturales","10":"product_tag-medidor-co2","11":"product_tag-solucion-para-indicador-continuo-de-co2","13":"first","14":"instock","15":"sale","16":"shipping-taxable","17":"purchasable","18":"product-type-simple"},"yoast_head":"<!-- This site is optimized with the Yoast SEO plugin v27.4 - https:\/\/yoast.com\/product\/yoast-seo-wordpress\/ -->\n<title>Soluci\u00f3n para indicador continuo de CO2 | Acuario Supremus<\/title>\n<meta name=\"description\" content=\"La soluci\u00f3n de repuesto para Kit indicador continuo del nivel de CO2 para acuarios plantados, marca ISTA.\" \/>\n<meta name=\"robots\" content=\"index, follow, max-snippet:-1, max-image-preview:large, max-video-preview:-1\" \/>\n<link rel=\"canonical\" href=\"https:\/\/acuariosupremus.com\/?product=solucion-para-indicador-continuo-de-co2\" \/>\n<meta property=\"og:locale\" content=\"es_MX\" \/>\n<meta property=\"og:type\" content=\"article\" \/>\n<meta property=\"og:title\" content=\"Soluci\u00f3n para indicador continuo de CO2 | Acuario Supremus\" \/>\n<meta property=\"og:description\" content=\"La soluci\u00f3n de repuesto para Kit indicador continuo del nivel de CO2 para acuarios plantados, marca ISTA.\" \/>\n<meta property=\"og:url\" content=\"https:\/\/acuariosupremus.com\/?product=solucion-para-indicador-continuo-de-co2\" \/>\n<meta property=\"og:site_name\" content=\"Acuario Supremus\" \/>\n<meta property=\"article:publisher\" content=\"https:\/\/www.facebook.com\/AcuarioSupremus\" \/>\n<meta property=\"article:modified_time\" content=\"2025-12-30T22:27:28+00:00\" \/>\n<meta property=\"og:image\" content=\"https:\/\/acuariosupremus.com\/wp-content\/uploads\/2022\/05\/i-691_solucion_indicador_co2_-ista_02.jpg\" \/>\n\t<meta property=\"og:image:width\" content=\"1250\" \/>\n\t<meta property=\"og:image:height\" content=\"1250\" \/>\n\t<meta property=\"og:image:type\" content=\"image\/jpeg\" \/>\n<meta name=\"twitter:card\" content=\"summary_large_image\" \/>\n<meta name=\"twitter:site\" content=\"@AcuarioSupremus\" \/>\n<meta name=\"twitter:label1\" content=\"Tiempo de lectura\" \/>\n\t<meta name=\"twitter:data1\" content=\"1 minuto\" \/>\n<script type=\"application\/ld+json\" class=\"yoast-schema-graph\">{\"@context\":\"https:\\\/\\\/schema.org\",\"@graph\":[{\"@type\":\"WebPage\",\"@id\":\"https:\\\/\\\/acuariosupremus.com\\\/?product=solucion-para-indicador-continuo-de-co2\",\"url\":\"https:\\\/\\\/acuariosupremus.com\\\/?product=solucion-para-indicador-continuo-de-co2\",\"name\":\"Soluci\u00f3n para indicador continuo de CO2 | Acuario Supremus\",\"isPartOf\":{\"@id\":\"https:\\\/\\\/acuariosupremus.com\\\/#website\"},\"primaryImageOfPage\":{\"@id\":\"https:\\\/\\\/acuariosupremus.com\\\/?product=solucion-para-indicador-continuo-de-co2#primaryimage\"},\"image\":{\"@id\":\"https:\\\/\\\/acuariosupremus.com\\\/?product=solucion-para-indicador-continuo-de-co2#primaryimage\"},\"thumbnailUrl\":\"https:\\\/\\\/acuariosupremus.com\\\/wp-content\\\/uploads\\\/2022\\\/05\\\/i-691_solucion_indicador_co2_-ista_02.jpg\",\"datePublished\":\"2022-05-19T18:25:33+00:00\",\"dateModified\":\"2025-12-30T22:27:28+00:00\",\"description\":\"La soluci\u00f3n de repuesto para Kit indicador continuo del nivel de CO2 para acuarios plantados, marca ISTA.\",\"breadcrumb\":{\"@id\":\"https:\\\/\\\/acuariosupremus.com\\\/?product=solucion-para-indicador-continuo-de-co2#breadcrumb\"},\"inLanguage\":\"es\",\"potentialAction\":[{\"@type\":\"ReadAction\",\"target\":[\"https:\\\/\\\/acuariosupremus.com\\\/?product=solucion-para-indicador-continuo-de-co2\"]}]},{\"@type\":\"ImageObject\",\"inLanguage\":\"es\",\"@id\":\"https:\\\/\\\/acuariosupremus.com\\\/?product=solucion-para-indicador-continuo-de-co2#primaryimage\",\"url\":\"https:\\\/\\\/acuariosupremus.com\\\/wp-content\\\/uploads\\\/2022\\\/05\\\/i-691_solucion_indicador_co2_-ista_02.jpg\",\"contentUrl\":\"https:\\\/\\\/acuariosupremus.com\\\/wp-content\\\/uploads\\\/2022\\\/05\\\/i-691_solucion_indicador_co2_-ista_02.jpg\",\"width\":1250,\"height\":1250},{\"@type\":\"BreadcrumbList\",\"@id\":\"https:\\\/\\\/acuariosupremus.com\\\/?product=solucion-para-indicador-continuo-de-co2#breadcrumb\",\"itemListElement\":[{\"@type\":\"ListItem\",\"position\":1,\"name\":\"Portada\",\"item\":\"https:\\\/\\\/acuariosupremus.com\\\/\"},{\"@type\":\"ListItem\",\"position\":2,\"name\":\"Tienda\",\"item\":\"https:\\\/\\\/acuariosupremus.com\\\/tienda\\\/\"},{\"@type\":\"ListItem\",\"position\":3,\"name\":\"Soluci\u00f3n para indicador continuo de CO2\"}]},{\"@type\":\"WebSite\",\"@id\":\"https:\\\/\\\/acuariosupremus.com\\\/#website\",\"url\":\"https:\\\/\\\/acuariosupremus.com\\\/\",\"name\":\"Acuario Supremus\",\"description\":\"Peces, Peceras y Mascotas.\",\"publisher\":{\"@id\":\"https:\\\/\\\/acuariosupremus.com\\\/#organization\"},\"potentialAction\":[{\"@type\":\"SearchAction\",\"target\":{\"@type\":\"EntryPoint\",\"urlTemplate\":\"https:\\\/\\\/acuariosupremus.com\\\/?s={search_term_string}\"},\"query-input\":{\"@type\":\"PropertyValueSpecification\",\"valueRequired\":true,\"valueName\":\"search_term_string\"}}],\"inLanguage\":\"es\"},{\"@type\":\"Organization\",\"@id\":\"https:\\\/\\\/acuariosupremus.com\\\/#organization\",\"name\":\"Acuario Supremus\",\"url\":\"https:\\\/\\\/acuariosupremus.com\\\/\",\"logo\":{\"@type\":\"ImageObject\",\"inLanguage\":\"es\",\"@id\":\"https:\\\/\\\/acuariosupremus.com\\\/#\\\/schema\\\/logo\\\/image\\\/\",\"url\":\"https:\\\/\\\/acuariosupremus.com\\\/wp-content\\\/uploads\\\/2021\\\/12\\\/cropped-logo_acuario_supremus_fn-2.png\",\"contentUrl\":\"https:\\\/\\\/acuariosupremus.com\\\/wp-content\\\/uploads\\\/2021\\\/12\\\/cropped-logo_acuario_supremus_fn-2.png\",\"width\":1000,\"height\":318,\"caption\":\"Acuario Supremus\"},\"image\":{\"@id\":\"https:\\\/\\\/acuariosupremus.com\\\/#\\\/schema\\\/logo\\\/image\\\/\"},\"sameAs\":[\"https:\\\/\\\/www.facebook.com\\\/AcuarioSupremus\",\"https:\\\/\\\/x.com\\\/AcuarioSupremus\",\"https:\\\/\\\/www.instagram.com\\\/acuariosupremus\\\/?hl=es\"]}]}<\/script>\n<!-- \/ Yoast SEO plugin. -->","yoast_head_json":{"title":"Soluci\u00f3n para indicador continuo de CO2 | Acuario Supremus","description":"La soluci\u00f3n de repuesto para Kit indicador continuo del nivel de CO2 para acuarios plantados, marca ISTA.","robots":{"index":"index","follow":"follow","max-snippet":"max-snippet:-1","max-image-preview":"max-image-preview:large","max-video-preview":"max-video-preview:-1"},"canonical":"https:\/\/acuariosupremus.com\/?product=solucion-para-indicador-continuo-de-co2","og_locale":"es_MX","og_type":"article","og_title":"Soluci\u00f3n para indicador continuo de CO2 | Acuario Supremus","og_description":"La soluci\u00f3n de repuesto para Kit indicador continuo del nivel de CO2 para acuarios plantados, marca ISTA.","og_url":"https:\/\/acuariosupremus.com\/?product=solucion-para-indicador-continuo-de-co2","og_site_name":"Acuario Supremus","article_publisher":"https:\/\/www.facebook.com\/AcuarioSupremus","article_modified_time":"2025-12-30T22:27:28+00:00","og_image":[{"width":1250,"height":1250,"url":"https:\/\/acuariosupremus.com\/wp-content\/uploads\/2022\/05\/i-691_solucion_indicador_co2_-ista_02.jpg","type":"image\/jpeg"}],"twitter_card":"summary_large_image","twitter_site":"@AcuarioSupremus","twitter_misc":{"Tiempo de lectura":"1 minuto"},"schema":{"@context":"https:\/\/schema.org","@graph":[{"@type":"WebPage","@id":"https:\/\/acuariosupremus.com\/?product=solucion-para-indicador-continuo-de-co2","url":"https:\/\/acuariosupremus.com\/?product=solucion-para-indicador-continuo-de-co2","name":"Soluci\u00f3n para indicador continuo de CO2 | Acuario Supremus","isPartOf":{"@id":"https:\/\/acuariosupremus.com\/#website"},"primaryImageOfPage":{"@id":"https:\/\/acuariosupremus.com\/?product=solucion-para-indicador-continuo-de-co2#primaryimage"},"image":{"@id":"https:\/\/acuariosupremus.com\/?product=solucion-para-indicador-continuo-de-co2#primaryimage"},"thumbnailUrl":"https:\/\/acuariosupremus.com\/wp-content\/uploads\/2022\/05\/i-691_solucion_indicador_co2_-ista_02.jpg","datePublished":"2022-05-19T18:25:33+00:00","dateModified":"2025-12-30T22:27:28+00:00","description":"La soluci\u00f3n de repuesto para Kit indicador continuo del nivel de CO2 para acuarios plantados, marca ISTA.","breadcrumb":{"@id":"https:\/\/acuariosupremus.com\/?product=solucion-para-indicador-continuo-de-co2#breadcrumb"},"inLanguage":"es","potentialAction":[{"@type":"ReadAction","target":["https:\/\/acuariosupremus.com\/?product=solucion-para-indicador-continuo-de-co2"]}]},{"@type":"ImageObject","inLanguage":"es","@id":"https:\/\/acuariosupremus.com\/?product=solucion-para-indicador-continuo-de-co2#primaryimage","url":"https:\/\/acuariosupremus.com\/wp-content\/uploads\/2022\/05\/i-691_solucion_indicador_co2_-ista_02.jpg","contentUrl":"https:\/\/acuariosupremus.com\/wp-content\/uploads\/2022\/05\/i-691_solucion_indicador_co2_-ista_02.jpg","width":1250,"height":1250},{"@type":"BreadcrumbList","@id":"https:\/\/acuariosupremus.com\/?product=solucion-para-indicador-continuo-de-co2#breadcrumb","itemListElement":[{"@type":"ListItem","position":1,"name":"Portada","item":"https:\/\/acuariosupremus.com\/"},{"@type":"ListItem","position":2,"name":"Tienda","item":"https:\/\/acuariosupremus.com\/tienda\/"},{"@type":"ListItem","position":3,"name":"Soluci\u00f3n para indicador continuo de CO2"}]},{"@type":"WebSite","@id":"https:\/\/acuariosupremus.com\/#website","url":"https:\/\/acuariosupremus.com\/","name":"Acuario Supremus","description":"Peces, Peceras y Mascotas.","publisher":{"@id":"https:\/\/acuariosupremus.com\/#organization"},"potentialAction":[{"@type":"SearchAction","target":{"@type":"EntryPoint","urlTemplate":"https:\/\/acuariosupremus.com\/?s={search_term_string}"},"query-input":{"@type":"PropertyValueSpecification","valueRequired":true,"valueName":"search_term_string"}}],"inLanguage":"es"},{"@type":"Organization","@id":"https:\/\/acuariosupremus.com\/#organization","name":"Acuario Supremus","url":"https:\/\/acuariosupremus.com\/","logo":{"@type":"ImageObject","inLanguage":"es","@id":"https:\/\/acuariosupremus.com\/#\/schema\/logo\/image\/","url":"https:\/\/acuariosupremus.com\/wp-content\/uploads\/2021\/12\/cropped-logo_acuario_supremus_fn-2.png","contentUrl":"https:\/\/acuariosupremus.com\/wp-content\/uploads\/2021\/12\/cropped-logo_acuario_supremus_fn-2.png","width":1000,"height":318,"caption":"Acuario Supremus"},"image":{"@id":"https:\/\/acuariosupremus.com\/#\/schema\/logo\/image\/"},"sameAs":["https:\/\/www.facebook.com\/AcuarioSupremus","https:\/\/x.com\/AcuarioSupremus","https:\/\/www.instagram.com\/acuariosupremus\/?hl=es"]}]}},"jetpack_sharing_enabled":true,"_links":{"self":[{"href":"https:\/\/acuariosupremus.com\/index.php?rest_route=\/wp\/v2\/product\/9860","targetHints":{"allow":["GET"]}}],"collection":[{"href":"https:\/\/acuariosupremus.com\/index.php?rest_route=\/wp\/v2\/product"}],"about":[{"href":"https:\/\/acuariosupremus.com\/index.php?rest_route=\/wp\/v2\/types\/product"}],"wp:featuredmedia":[{"embeddable":true,"href":"https:\/\/acuariosupremus.com\/index.php?rest_route=\/wp\/v2\/media\/9862"}],"wp:attachment":[{"href":"https:\/\/acuariosupremus.com\/index.php?rest_route=%2Fwp%2Fv2%2Fmedia&parent=9860"}],"wp:term":[{"taxonomy":"product_brand","embeddable":true,"href":"https:\/\/acuariosupremus.com\/index.php?rest_route=%2Fwp%2Fv2%2Fproduct_brand&post=9860"},{"taxonomy":"product_cat","embeddable":true,"href":"https:\/\/acuariosupremus.com\/index.php?rest_route=%2Fwp%2Fv2%2Fproduct_cat&post=9860"},{"taxonomy":"product_tag","embeddable":true,"href":"https:\/\/acuariosupremus.com\/index.php?rest_route=%2Fwp%2Fv2%2Fproduct_tag&post=9860"}],"curies":[{"name":"wp","href":"https:\/\/api.w.org\/{rel}","templated":true}]}}