{"id":9866,"date":"2022-05-19T13:38:08","date_gmt":"2022-05-19T18:38:08","guid":{"rendered":"https:\/\/acuariosupremus.com\/?post_type=product&#038;p=9866"},"modified":"2025-12-30T16:27:41","modified_gmt":"2025-12-30T22:27:41","slug":"temporizador-digital-con-doble-contacto","status":"publish","type":"product","link":"https:\/\/acuariosupremus.com\/?product=temporizador-digital-con-doble-contacto","title":{"rendered":"Temporizador digital con doble contacto."},"content":{"rendered":"<p>Es ideal para automatizar el foto-per\u00edodo de su acuario plantado sincroniz\u00e1ndolo con el suministro de CO2 mediante una electro-v\u00e1lvula, o en un estanque para temporizar las luces y las bombas de agua. Simplemente conecte los dos aparatos que desee a este temporizador y programe un ciclo de encendido\/apagado para cada uno de forma independiente<\/p>\n<p>Corriente: 127V\/60Hz (V\/HZ) Consumo &lt;0.1(W\/h) Long.\u00a0 Tipo de enchufe \u201cA\u201d 2 pine Peso: 160 (grs.) Dimensiones: 85 x 170 x 75 (l x a x h, mm) Peso c. embalaje: 220 (grs.) Dim. embalaje: 90 x 75 x 215 (l x a x h, mm) Capacidad m\u00e1x. del temporizador 1,000 (w\/A) Temperatura de trabajo: 0-50 (\u00b0C) Canales de temporizaci\u00f3n: 2 Resoluci\u00f3n del Temporizador: 1 minuto.<\/p>\n","protected":false},"excerpt":{"rendered":"<p>Dispositivo electr\u00f3nico para temporizaci\u00f3n de dos canales con un m\u00e1ximo de 1,000 vatios en total. Este temporizador digital le permite automatizar los ciclos de encendido y apagado de dos dispositivos el\u00e9ctricos con sincronizaciones distintas. Cuenta con un amplio display luminoso de cuarzo con una interface de programaci\u00f3n muy sencilla de ajustar. Una vez conectado se puede programar en pocos segundos y el temporizador comenzar\u00e1 a trabajar de forma confiable y segura<\/p>\n","protected":false},"featured_media":9867,"template":"","meta":[],"product_brand":[127],"product_cat":[40,56],"product_tag":[905],"class_list":{"0":"post-9866","1":"product","2":"type-product","3":"status-publish","4":"has-post-thumbnail","6":"product_brand-ista","7":"product_cat-peces","8":"product_cat-plantas-naturales","9":"product_tag-temporizador-digital-doble-contacto","11":"first","12":"instock","13":"sale","14":"shipping-taxable","15":"purchasable","16":"product-type-simple"},"yoast_head":"<!-- This site is optimized with the Yoast SEO plugin v27.4 - https:\/\/yoast.com\/product\/yoast-seo-wordpress\/ -->\n<title>Temporizador digital con doble contacto. | Acuario Supremus<\/title>\n<meta name=\"description\" content=\"Dispositivo electr\u00f3nico para temporizaci\u00f3n de dos canales con un m\u00e1ximo de 1,000 vatios en total, cuenta con un amplio display luminoso de cuarzo.\" \/>\n<meta name=\"robots\" content=\"index, follow, max-snippet:-1, max-image-preview:large, max-video-preview:-1\" \/>\n<link rel=\"canonical\" href=\"https:\/\/acuariosupremus.com\/?product=temporizador-digital-con-doble-contacto\" \/>\n<meta property=\"og:locale\" content=\"es_MX\" \/>\n<meta property=\"og:type\" content=\"article\" \/>\n<meta property=\"og:title\" content=\"Temporizador digital con doble contacto. | Acuario Supremus\" \/>\n<meta property=\"og:description\" content=\"Dispositivo electr\u00f3nico para temporizaci\u00f3n de dos canales con un m\u00e1ximo de 1,000 vatios en total, cuenta con un amplio display luminoso de cuarzo.\" \/>\n<meta property=\"og:url\" content=\"https:\/\/acuariosupremus.com\/?product=temporizador-digital-con-doble-contacto\" \/>\n<meta property=\"og:site_name\" content=\"Acuario Supremus\" \/>\n<meta property=\"article:publisher\" content=\"https:\/\/www.facebook.com\/AcuarioSupremus\" \/>\n<meta property=\"article:modified_time\" content=\"2025-12-30T22:27:41+00:00\" \/>\n<meta property=\"og:image\" content=\"https:\/\/acuariosupremus.com\/wp-content\/uploads\/2022\/05\/i-901_temporizador_doble_canal_ista_01.jpg\" \/>\n\t<meta property=\"og:image:width\" content=\"1250\" \/>\n\t<meta property=\"og:image:height\" content=\"1250\" \/>\n\t<meta property=\"og:image:type\" content=\"image\/jpeg\" \/>\n<meta name=\"twitter:card\" content=\"summary_large_image\" \/>\n<meta name=\"twitter:site\" content=\"@AcuarioSupremus\" \/>\n<meta name=\"twitter:label1\" content=\"Tiempo de lectura\" \/>\n\t<meta name=\"twitter:data1\" content=\"1 minuto\" \/>\n<script type=\"application\/ld+json\" class=\"yoast-schema-graph\">{\"@context\":\"https:\\\/\\\/schema.org\",\"@graph\":[{\"@type\":\"WebPage\",\"@id\":\"https:\\\/\\\/acuariosupremus.com\\\/?product=temporizador-digital-con-doble-contacto\",\"url\":\"https:\\\/\\\/acuariosupremus.com\\\/?product=temporizador-digital-con-doble-contacto\",\"name\":\"Temporizador digital con doble contacto. | Acuario Supremus\",\"isPartOf\":{\"@id\":\"https:\\\/\\\/acuariosupremus.com\\\/#website\"},\"primaryImageOfPage\":{\"@id\":\"https:\\\/\\\/acuariosupremus.com\\\/?product=temporizador-digital-con-doble-contacto#primaryimage\"},\"image\":{\"@id\":\"https:\\\/\\\/acuariosupremus.com\\\/?product=temporizador-digital-con-doble-contacto#primaryimage\"},\"thumbnailUrl\":\"https:\\\/\\\/acuariosupremus.com\\\/wp-content\\\/uploads\\\/2022\\\/05\\\/i-901_temporizador_doble_canal_ista_01.jpg\",\"datePublished\":\"2022-05-19T18:38:08+00:00\",\"dateModified\":\"2025-12-30T22:27:41+00:00\",\"description\":\"Dispositivo electr\u00f3nico para temporizaci\u00f3n de dos canales con un m\u00e1ximo de 1,000 vatios en total, cuenta con un amplio display luminoso de cuarzo.\",\"breadcrumb\":{\"@id\":\"https:\\\/\\\/acuariosupremus.com\\\/?product=temporizador-digital-con-doble-contacto#breadcrumb\"},\"inLanguage\":\"es\",\"potentialAction\":[{\"@type\":\"ReadAction\",\"target\":[\"https:\\\/\\\/acuariosupremus.com\\\/?product=temporizador-digital-con-doble-contacto\"]}]},{\"@type\":\"ImageObject\",\"inLanguage\":\"es\",\"@id\":\"https:\\\/\\\/acuariosupremus.com\\\/?product=temporizador-digital-con-doble-contacto#primaryimage\",\"url\":\"https:\\\/\\\/acuariosupremus.com\\\/wp-content\\\/uploads\\\/2022\\\/05\\\/i-901_temporizador_doble_canal_ista_01.jpg\",\"contentUrl\":\"https:\\\/\\\/acuariosupremus.com\\\/wp-content\\\/uploads\\\/2022\\\/05\\\/i-901_temporizador_doble_canal_ista_01.jpg\",\"width\":1250,\"height\":1250},{\"@type\":\"BreadcrumbList\",\"@id\":\"https:\\\/\\\/acuariosupremus.com\\\/?product=temporizador-digital-con-doble-contacto#breadcrumb\",\"itemListElement\":[{\"@type\":\"ListItem\",\"position\":1,\"name\":\"Portada\",\"item\":\"https:\\\/\\\/acuariosupremus.com\\\/\"},{\"@type\":\"ListItem\",\"position\":2,\"name\":\"Tienda\",\"item\":\"https:\\\/\\\/acuariosupremus.com\\\/tienda\\\/\"},{\"@type\":\"ListItem\",\"position\":3,\"name\":\"Temporizador digital con doble contacto.\"}]},{\"@type\":\"WebSite\",\"@id\":\"https:\\\/\\\/acuariosupremus.com\\\/#website\",\"url\":\"https:\\\/\\\/acuariosupremus.com\\\/\",\"name\":\"Acuario Supremus\",\"description\":\"Peces, Peceras y Mascotas.\",\"publisher\":{\"@id\":\"https:\\\/\\\/acuariosupremus.com\\\/#organization\"},\"potentialAction\":[{\"@type\":\"SearchAction\",\"target\":{\"@type\":\"EntryPoint\",\"urlTemplate\":\"https:\\\/\\\/acuariosupremus.com\\\/?s={search_term_string}\"},\"query-input\":{\"@type\":\"PropertyValueSpecification\",\"valueRequired\":true,\"valueName\":\"search_term_string\"}}],\"inLanguage\":\"es\"},{\"@type\":\"Organization\",\"@id\":\"https:\\\/\\\/acuariosupremus.com\\\/#organization\",\"name\":\"Acuario Supremus\",\"url\":\"https:\\\/\\\/acuariosupremus.com\\\/\",\"logo\":{\"@type\":\"ImageObject\",\"inLanguage\":\"es\",\"@id\":\"https:\\\/\\\/acuariosupremus.com\\\/#\\\/schema\\\/logo\\\/image\\\/\",\"url\":\"https:\\\/\\\/acuariosupremus.com\\\/wp-content\\\/uploads\\\/2021\\\/12\\\/cropped-logo_acuario_supremus_fn-2.png\",\"contentUrl\":\"https:\\\/\\\/acuariosupremus.com\\\/wp-content\\\/uploads\\\/2021\\\/12\\\/cropped-logo_acuario_supremus_fn-2.png\",\"width\":1000,\"height\":318,\"caption\":\"Acuario Supremus\"},\"image\":{\"@id\":\"https:\\\/\\\/acuariosupremus.com\\\/#\\\/schema\\\/logo\\\/image\\\/\"},\"sameAs\":[\"https:\\\/\\\/www.facebook.com\\\/AcuarioSupremus\",\"https:\\\/\\\/x.com\\\/AcuarioSupremus\",\"https:\\\/\\\/www.instagram.com\\\/acuariosupremus\\\/?hl=es\"]}]}<\/script>\n<!-- \/ Yoast SEO plugin. -->","yoast_head_json":{"title":"Temporizador digital con doble contacto. | Acuario Supremus","description":"Dispositivo electr\u00f3nico para temporizaci\u00f3n de dos canales con un m\u00e1ximo de 1,000 vatios en total, cuenta con un amplio display luminoso de cuarzo.","robots":{"index":"index","follow":"follow","max-snippet":"max-snippet:-1","max-image-preview":"max-image-preview:large","max-video-preview":"max-video-preview:-1"},"canonical":"https:\/\/acuariosupremus.com\/?product=temporizador-digital-con-doble-contacto","og_locale":"es_MX","og_type":"article","og_title":"Temporizador digital con doble contacto. | Acuario Supremus","og_description":"Dispositivo electr\u00f3nico para temporizaci\u00f3n de dos canales con un m\u00e1ximo de 1,000 vatios en total, cuenta con un amplio display luminoso de cuarzo.","og_url":"https:\/\/acuariosupremus.com\/?product=temporizador-digital-con-doble-contacto","og_site_name":"Acuario Supremus","article_publisher":"https:\/\/www.facebook.com\/AcuarioSupremus","article_modified_time":"2025-12-30T22:27:41+00:00","og_image":[{"width":1250,"height":1250,"url":"https:\/\/acuariosupremus.com\/wp-content\/uploads\/2022\/05\/i-901_temporizador_doble_canal_ista_01.jpg","type":"image\/jpeg"}],"twitter_card":"summary_large_image","twitter_site":"@AcuarioSupremus","twitter_misc":{"Tiempo de lectura":"1 minuto"},"schema":{"@context":"https:\/\/schema.org","@graph":[{"@type":"WebPage","@id":"https:\/\/acuariosupremus.com\/?product=temporizador-digital-con-doble-contacto","url":"https:\/\/acuariosupremus.com\/?product=temporizador-digital-con-doble-contacto","name":"Temporizador digital con doble contacto. | Acuario Supremus","isPartOf":{"@id":"https:\/\/acuariosupremus.com\/#website"},"primaryImageOfPage":{"@id":"https:\/\/acuariosupremus.com\/?product=temporizador-digital-con-doble-contacto#primaryimage"},"image":{"@id":"https:\/\/acuariosupremus.com\/?product=temporizador-digital-con-doble-contacto#primaryimage"},"thumbnailUrl":"https:\/\/acuariosupremus.com\/wp-content\/uploads\/2022\/05\/i-901_temporizador_doble_canal_ista_01.jpg","datePublished":"2022-05-19T18:38:08+00:00","dateModified":"2025-12-30T22:27:41+00:00","description":"Dispositivo electr\u00f3nico para temporizaci\u00f3n de dos canales con un m\u00e1ximo de 1,000 vatios en total, cuenta con un amplio display luminoso de cuarzo.","breadcrumb":{"@id":"https:\/\/acuariosupremus.com\/?product=temporizador-digital-con-doble-contacto#breadcrumb"},"inLanguage":"es","potentialAction":[{"@type":"ReadAction","target":["https:\/\/acuariosupremus.com\/?product=temporizador-digital-con-doble-contacto"]}]},{"@type":"ImageObject","inLanguage":"es","@id":"https:\/\/acuariosupremus.com\/?product=temporizador-digital-con-doble-contacto#primaryimage","url":"https:\/\/acuariosupremus.com\/wp-content\/uploads\/2022\/05\/i-901_temporizador_doble_canal_ista_01.jpg","contentUrl":"https:\/\/acuariosupremus.com\/wp-content\/uploads\/2022\/05\/i-901_temporizador_doble_canal_ista_01.jpg","width":1250,"height":1250},{"@type":"BreadcrumbList","@id":"https:\/\/acuariosupremus.com\/?product=temporizador-digital-con-doble-contacto#breadcrumb","itemListElement":[{"@type":"ListItem","position":1,"name":"Portada","item":"https:\/\/acuariosupremus.com\/"},{"@type":"ListItem","position":2,"name":"Tienda","item":"https:\/\/acuariosupremus.com\/tienda\/"},{"@type":"ListItem","position":3,"name":"Temporizador digital con doble contacto."}]},{"@type":"WebSite","@id":"https:\/\/acuariosupremus.com\/#website","url":"https:\/\/acuariosupremus.com\/","name":"Acuario Supremus","description":"Peces, Peceras y Mascotas.","publisher":{"@id":"https:\/\/acuariosupremus.com\/#organization"},"potentialAction":[{"@type":"SearchAction","target":{"@type":"EntryPoint","urlTemplate":"https:\/\/acuariosupremus.com\/?s={search_term_string}"},"query-input":{"@type":"PropertyValueSpecification","valueRequired":true,"valueName":"search_term_string"}}],"inLanguage":"es"},{"@type":"Organization","@id":"https:\/\/acuariosupremus.com\/#organization","name":"Acuario Supremus","url":"https:\/\/acuariosupremus.com\/","logo":{"@type":"ImageObject","inLanguage":"es","@id":"https:\/\/acuariosupremus.com\/#\/schema\/logo\/image\/","url":"https:\/\/acuariosupremus.com\/wp-content\/uploads\/2021\/12\/cropped-logo_acuario_supremus_fn-2.png","contentUrl":"https:\/\/acuariosupremus.com\/wp-content\/uploads\/2021\/12\/cropped-logo_acuario_supremus_fn-2.png","width":1000,"height":318,"caption":"Acuario Supremus"},"image":{"@id":"https:\/\/acuariosupremus.com\/#\/schema\/logo\/image\/"},"sameAs":["https:\/\/www.facebook.com\/AcuarioSupremus","https:\/\/x.com\/AcuarioSupremus","https:\/\/www.instagram.com\/acuariosupremus\/?hl=es"]}]}},"jetpack_sharing_enabled":true,"_links":{"self":[{"href":"https:\/\/acuariosupremus.com\/index.php?rest_route=\/wp\/v2\/product\/9866","targetHints":{"allow":["GET"]}}],"collection":[{"href":"https:\/\/acuariosupremus.com\/index.php?rest_route=\/wp\/v2\/product"}],"about":[{"href":"https:\/\/acuariosupremus.com\/index.php?rest_route=\/wp\/v2\/types\/product"}],"wp:featuredmedia":[{"embeddable":true,"href":"https:\/\/acuariosupremus.com\/index.php?rest_route=\/wp\/v2\/media\/9867"}],"wp:attachment":[{"href":"https:\/\/acuariosupremus.com\/index.php?rest_route=%2Fwp%2Fv2%2Fmedia&parent=9866"}],"wp:term":[{"taxonomy":"product_brand","embeddable":true,"href":"https:\/\/acuariosupremus.com\/index.php?rest_route=%2Fwp%2Fv2%2Fproduct_brand&post=9866"},{"taxonomy":"product_cat","embeddable":true,"href":"https:\/\/acuariosupremus.com\/index.php?rest_route=%2Fwp%2Fv2%2Fproduct_cat&post=9866"},{"taxonomy":"product_tag","embeddable":true,"href":"https:\/\/acuariosupremus.com\/index.php?rest_route=%2Fwp%2Fv2%2Fproduct_tag&post=9866"}],"curies":[{"name":"wp","href":"https:\/\/api.w.org\/{rel}","templated":true}]}}