{"id":9903,"date":"2022-05-19T15:16:34","date_gmt":"2022-05-19T20:16:34","guid":{"rendered":"https:\/\/acuariosupremus.com\/?post_type=product&#038;p=9903"},"modified":"2025-12-30T16:29:54","modified_gmt":"2025-12-30T22:29:54","slug":"set-para-mantenimiento-de-acuarios-todo-en-1","status":"publish","type":"product","link":"https:\/\/acuariosupremus.com\/?product=set-para-mantenimiento-de-acuarios-todo-en-1","title":{"rendered":"Set para mantenimiento de acuarios \u201cTodo en 1\u201d"},"content":{"rendered":"<p>Posee un sifonador completo con coladera de seguridad elaborado en material acr\u00edlico transparente y un potente sistema de cebado con doble llave de regulaci\u00f3n. De esta forma podr\u00e1 cortar el flujo de agua en la primera llave sin perder el ajuste de caudal que fij\u00f3 en la segunda llave, o usar este complemento para realizar cambios y trasvases de agua. Tambi\u00e9n presenta un set de tres tramos de mango modulares y flotantes para intercambiarlos con tres herramientas diferentes: una rasqueta de goma para eliminar las algas sin rayar vidrio o acr\u00edlico, una esponja basculante de 90\u00b0 para retirar las algas de las paredes de vidrio y una cuchilla de acero para eliminar las algas m\u00e1s resistentes en acuarios de vidrio. Esta propiedad modular le permite limpiar las paredes del acuario mientras que sifona la suciedad extra\u00edda.<\/p>\n<p>N\u00famero de piezas: 9 Longitud del sif\u00f3n: 1000 + 260 (mm) Di\u00e1metro del sif\u00f3n: 60 (mm.) Longitud cuchilla 70 (mm) Longitud m\u00e1xima del mango: 400 (mm) Peso 545 (grs.) Peso con embalaje 750 Medidas VARIAS (mm) Medidas con embalaje 500 x 395 x 60 (mm).<\/p>\n","protected":false},"excerpt":{"rendered":"<p>Set profesional de herramientas para el mantenimiento de todo tipo de acuarios. Este conjunto de herramientas se centra en las labores de mantenimiento m\u00e1s comunes en los acuarios: el cambio de agua y la limpieza de las paredes.<\/p>\n","protected":false},"featured_media":9904,"template":"","meta":[],"product_brand":[127],"product_cat":[40,62],"product_tag":[908,259,910,240,597],"class_list":{"0":"post-9903","1":"product","2":"type-product","3":"status-publish","4":"has-post-thumbnail","6":"product_brand-ista","7":"product_cat-peces","8":"product_cat-sifon-rasquetas-mantenimiento","9":"product_tag-herramienta-ista","10":"product_tag-rasqueta-acuario","11":"product_tag-set-mantenimiento-acuarios-todo-en-1","12":"product_tag-sifon-para-pecera","13":"product_tag-super-sifon","15":"first","16":"instock","17":"sale","18":"shipping-taxable","19":"purchasable","20":"product-type-simple"},"yoast_head":"<!-- This site is optimized with the Yoast SEO plugin v27.4 - https:\/\/yoast.com\/product\/yoast-seo-wordpress\/ -->\n<title>Set para mantenimiento de acuarios \u201cTodo en 1\u201d | Acuario Supremus<\/title>\n<meta name=\"description\" content=\"Set profesional de herramientas para el mantenimiento de todo tipo de acuarios para, el cambio de agua y la limpieza de las paredes.\" \/>\n<meta name=\"robots\" content=\"index, follow, max-snippet:-1, max-image-preview:large, max-video-preview:-1\" \/>\n<link rel=\"canonical\" href=\"https:\/\/acuariosupremus.com\/?product=set-para-mantenimiento-de-acuarios-todo-en-1\" \/>\n<meta property=\"og:locale\" content=\"es_MX\" \/>\n<meta property=\"og:type\" content=\"article\" \/>\n<meta property=\"og:title\" content=\"Set para mantenimiento de acuarios \u201cTodo en 1\u201d | Acuario Supremus\" \/>\n<meta property=\"og:description\" content=\"Set profesional de herramientas para el mantenimiento de todo tipo de acuarios para, el cambio de agua y la limpieza de las paredes.\" \/>\n<meta property=\"og:url\" content=\"https:\/\/acuariosupremus.com\/?product=set-para-mantenimiento-de-acuarios-todo-en-1\" \/>\n<meta property=\"og:site_name\" content=\"Acuario Supremus\" \/>\n<meta property=\"article:publisher\" content=\"https:\/\/www.facebook.com\/AcuarioSupremus\" \/>\n<meta property=\"article:modified_time\" content=\"2025-12-30T22:29:54+00:00\" \/>\n<meta property=\"og:image\" content=\"https:\/\/acuariosupremus.com\/wp-content\/uploads\/2022\/05\/I-055-00.jpg\" \/>\n\t<meta property=\"og:image:width\" content=\"560\" \/>\n\t<meta property=\"og:image:height\" content=\"560\" \/>\n\t<meta property=\"og:image:type\" content=\"image\/jpeg\" \/>\n<meta name=\"twitter:card\" content=\"summary_large_image\" \/>\n<meta name=\"twitter:site\" content=\"@AcuarioSupremus\" \/>\n<meta name=\"twitter:label1\" content=\"Tiempo de lectura\" \/>\n\t<meta name=\"twitter:data1\" content=\"2 minutos\" \/>\n<script type=\"application\/ld+json\" class=\"yoast-schema-graph\">{\"@context\":\"https:\\\/\\\/schema.org\",\"@graph\":[{\"@type\":\"WebPage\",\"@id\":\"https:\\\/\\\/acuariosupremus.com\\\/?product=set-para-mantenimiento-de-acuarios-todo-en-1\",\"url\":\"https:\\\/\\\/acuariosupremus.com\\\/?product=set-para-mantenimiento-de-acuarios-todo-en-1\",\"name\":\"Set para mantenimiento de acuarios \u201cTodo en 1\u201d | Acuario Supremus\",\"isPartOf\":{\"@id\":\"https:\\\/\\\/acuariosupremus.com\\\/#website\"},\"primaryImageOfPage\":{\"@id\":\"https:\\\/\\\/acuariosupremus.com\\\/?product=set-para-mantenimiento-de-acuarios-todo-en-1#primaryimage\"},\"image\":{\"@id\":\"https:\\\/\\\/acuariosupremus.com\\\/?product=set-para-mantenimiento-de-acuarios-todo-en-1#primaryimage\"},\"thumbnailUrl\":\"https:\\\/\\\/acuariosupremus.com\\\/wp-content\\\/uploads\\\/2022\\\/05\\\/I-055-00.jpg\",\"datePublished\":\"2022-05-19T20:16:34+00:00\",\"dateModified\":\"2025-12-30T22:29:54+00:00\",\"description\":\"Set profesional de herramientas para el mantenimiento de todo tipo de acuarios para, el cambio de agua y la limpieza de las paredes.\",\"breadcrumb\":{\"@id\":\"https:\\\/\\\/acuariosupremus.com\\\/?product=set-para-mantenimiento-de-acuarios-todo-en-1#breadcrumb\"},\"inLanguage\":\"es\",\"potentialAction\":[{\"@type\":\"ReadAction\",\"target\":[\"https:\\\/\\\/acuariosupremus.com\\\/?product=set-para-mantenimiento-de-acuarios-todo-en-1\"]}]},{\"@type\":\"ImageObject\",\"inLanguage\":\"es\",\"@id\":\"https:\\\/\\\/acuariosupremus.com\\\/?product=set-para-mantenimiento-de-acuarios-todo-en-1#primaryimage\",\"url\":\"https:\\\/\\\/acuariosupremus.com\\\/wp-content\\\/uploads\\\/2022\\\/05\\\/I-055-00.jpg\",\"contentUrl\":\"https:\\\/\\\/acuariosupremus.com\\\/wp-content\\\/uploads\\\/2022\\\/05\\\/I-055-00.jpg\",\"width\":560,\"height\":560},{\"@type\":\"BreadcrumbList\",\"@id\":\"https:\\\/\\\/acuariosupremus.com\\\/?product=set-para-mantenimiento-de-acuarios-todo-en-1#breadcrumb\",\"itemListElement\":[{\"@type\":\"ListItem\",\"position\":1,\"name\":\"Portada\",\"item\":\"https:\\\/\\\/acuariosupremus.com\\\/\"},{\"@type\":\"ListItem\",\"position\":2,\"name\":\"Tienda\",\"item\":\"https:\\\/\\\/acuariosupremus.com\\\/tienda\\\/\"},{\"@type\":\"ListItem\",\"position\":3,\"name\":\"Set para mantenimiento de acuarios \u201cTodo en 1\u201d\"}]},{\"@type\":\"WebSite\",\"@id\":\"https:\\\/\\\/acuariosupremus.com\\\/#website\",\"url\":\"https:\\\/\\\/acuariosupremus.com\\\/\",\"name\":\"Acuario Supremus\",\"description\":\"Peces, Peceras y Mascotas.\",\"publisher\":{\"@id\":\"https:\\\/\\\/acuariosupremus.com\\\/#organization\"},\"potentialAction\":[{\"@type\":\"SearchAction\",\"target\":{\"@type\":\"EntryPoint\",\"urlTemplate\":\"https:\\\/\\\/acuariosupremus.com\\\/?s={search_term_string}\"},\"query-input\":{\"@type\":\"PropertyValueSpecification\",\"valueRequired\":true,\"valueName\":\"search_term_string\"}}],\"inLanguage\":\"es\"},{\"@type\":\"Organization\",\"@id\":\"https:\\\/\\\/acuariosupremus.com\\\/#organization\",\"name\":\"Acuario Supremus\",\"url\":\"https:\\\/\\\/acuariosupremus.com\\\/\",\"logo\":{\"@type\":\"ImageObject\",\"inLanguage\":\"es\",\"@id\":\"https:\\\/\\\/acuariosupremus.com\\\/#\\\/schema\\\/logo\\\/image\\\/\",\"url\":\"https:\\\/\\\/acuariosupremus.com\\\/wp-content\\\/uploads\\\/2021\\\/12\\\/cropped-logo_acuario_supremus_fn-2.png\",\"contentUrl\":\"https:\\\/\\\/acuariosupremus.com\\\/wp-content\\\/uploads\\\/2021\\\/12\\\/cropped-logo_acuario_supremus_fn-2.png\",\"width\":1000,\"height\":318,\"caption\":\"Acuario Supremus\"},\"image\":{\"@id\":\"https:\\\/\\\/acuariosupremus.com\\\/#\\\/schema\\\/logo\\\/image\\\/\"},\"sameAs\":[\"https:\\\/\\\/www.facebook.com\\\/AcuarioSupremus\",\"https:\\\/\\\/x.com\\\/AcuarioSupremus\",\"https:\\\/\\\/www.instagram.com\\\/acuariosupremus\\\/?hl=es\"]}]}<\/script>\n<!-- \/ Yoast SEO plugin. -->","yoast_head_json":{"title":"Set para mantenimiento de acuarios \u201cTodo en 1\u201d | Acuario Supremus","description":"Set profesional de herramientas para el mantenimiento de todo tipo de acuarios para, el cambio de agua y la limpieza de las paredes.","robots":{"index":"index","follow":"follow","max-snippet":"max-snippet:-1","max-image-preview":"max-image-preview:large","max-video-preview":"max-video-preview:-1"},"canonical":"https:\/\/acuariosupremus.com\/?product=set-para-mantenimiento-de-acuarios-todo-en-1","og_locale":"es_MX","og_type":"article","og_title":"Set para mantenimiento de acuarios \u201cTodo en 1\u201d | Acuario Supremus","og_description":"Set profesional de herramientas para el mantenimiento de todo tipo de acuarios para, el cambio de agua y la limpieza de las paredes.","og_url":"https:\/\/acuariosupremus.com\/?product=set-para-mantenimiento-de-acuarios-todo-en-1","og_site_name":"Acuario Supremus","article_publisher":"https:\/\/www.facebook.com\/AcuarioSupremus","article_modified_time":"2025-12-30T22:29:54+00:00","og_image":[{"width":560,"height":560,"url":"https:\/\/acuariosupremus.com\/wp-content\/uploads\/2022\/05\/I-055-00.jpg","type":"image\/jpeg"}],"twitter_card":"summary_large_image","twitter_site":"@AcuarioSupremus","twitter_misc":{"Tiempo de lectura":"2 minutos"},"schema":{"@context":"https:\/\/schema.org","@graph":[{"@type":"WebPage","@id":"https:\/\/acuariosupremus.com\/?product=set-para-mantenimiento-de-acuarios-todo-en-1","url":"https:\/\/acuariosupremus.com\/?product=set-para-mantenimiento-de-acuarios-todo-en-1","name":"Set para mantenimiento de acuarios \u201cTodo en 1\u201d | Acuario Supremus","isPartOf":{"@id":"https:\/\/acuariosupremus.com\/#website"},"primaryImageOfPage":{"@id":"https:\/\/acuariosupremus.com\/?product=set-para-mantenimiento-de-acuarios-todo-en-1#primaryimage"},"image":{"@id":"https:\/\/acuariosupremus.com\/?product=set-para-mantenimiento-de-acuarios-todo-en-1#primaryimage"},"thumbnailUrl":"https:\/\/acuariosupremus.com\/wp-content\/uploads\/2022\/05\/I-055-00.jpg","datePublished":"2022-05-19T20:16:34+00:00","dateModified":"2025-12-30T22:29:54+00:00","description":"Set profesional de herramientas para el mantenimiento de todo tipo de acuarios para, el cambio de agua y la limpieza de las paredes.","breadcrumb":{"@id":"https:\/\/acuariosupremus.com\/?product=set-para-mantenimiento-de-acuarios-todo-en-1#breadcrumb"},"inLanguage":"es","potentialAction":[{"@type":"ReadAction","target":["https:\/\/acuariosupremus.com\/?product=set-para-mantenimiento-de-acuarios-todo-en-1"]}]},{"@type":"ImageObject","inLanguage":"es","@id":"https:\/\/acuariosupremus.com\/?product=set-para-mantenimiento-de-acuarios-todo-en-1#primaryimage","url":"https:\/\/acuariosupremus.com\/wp-content\/uploads\/2022\/05\/I-055-00.jpg","contentUrl":"https:\/\/acuariosupremus.com\/wp-content\/uploads\/2022\/05\/I-055-00.jpg","width":560,"height":560},{"@type":"BreadcrumbList","@id":"https:\/\/acuariosupremus.com\/?product=set-para-mantenimiento-de-acuarios-todo-en-1#breadcrumb","itemListElement":[{"@type":"ListItem","position":1,"name":"Portada","item":"https:\/\/acuariosupremus.com\/"},{"@type":"ListItem","position":2,"name":"Tienda","item":"https:\/\/acuariosupremus.com\/tienda\/"},{"@type":"ListItem","position":3,"name":"Set para mantenimiento de acuarios \u201cTodo en 1\u201d"}]},{"@type":"WebSite","@id":"https:\/\/acuariosupremus.com\/#website","url":"https:\/\/acuariosupremus.com\/","name":"Acuario Supremus","description":"Peces, Peceras y Mascotas.","publisher":{"@id":"https:\/\/acuariosupremus.com\/#organization"},"potentialAction":[{"@type":"SearchAction","target":{"@type":"EntryPoint","urlTemplate":"https:\/\/acuariosupremus.com\/?s={search_term_string}"},"query-input":{"@type":"PropertyValueSpecification","valueRequired":true,"valueName":"search_term_string"}}],"inLanguage":"es"},{"@type":"Organization","@id":"https:\/\/acuariosupremus.com\/#organization","name":"Acuario Supremus","url":"https:\/\/acuariosupremus.com\/","logo":{"@type":"ImageObject","inLanguage":"es","@id":"https:\/\/acuariosupremus.com\/#\/schema\/logo\/image\/","url":"https:\/\/acuariosupremus.com\/wp-content\/uploads\/2021\/12\/cropped-logo_acuario_supremus_fn-2.png","contentUrl":"https:\/\/acuariosupremus.com\/wp-content\/uploads\/2021\/12\/cropped-logo_acuario_supremus_fn-2.png","width":1000,"height":318,"caption":"Acuario Supremus"},"image":{"@id":"https:\/\/acuariosupremus.com\/#\/schema\/logo\/image\/"},"sameAs":["https:\/\/www.facebook.com\/AcuarioSupremus","https:\/\/x.com\/AcuarioSupremus","https:\/\/www.instagram.com\/acuariosupremus\/?hl=es"]}]}},"jetpack_sharing_enabled":true,"_links":{"self":[{"href":"https:\/\/acuariosupremus.com\/index.php?rest_route=\/wp\/v2\/product\/9903","targetHints":{"allow":["GET"]}}],"collection":[{"href":"https:\/\/acuariosupremus.com\/index.php?rest_route=\/wp\/v2\/product"}],"about":[{"href":"https:\/\/acuariosupremus.com\/index.php?rest_route=\/wp\/v2\/types\/product"}],"wp:featuredmedia":[{"embeddable":true,"href":"https:\/\/acuariosupremus.com\/index.php?rest_route=\/wp\/v2\/media\/9904"}],"wp:attachment":[{"href":"https:\/\/acuariosupremus.com\/index.php?rest_route=%2Fwp%2Fv2%2Fmedia&parent=9903"}],"wp:term":[{"taxonomy":"product_brand","embeddable":true,"href":"https:\/\/acuariosupremus.com\/index.php?rest_route=%2Fwp%2Fv2%2Fproduct_brand&post=9903"},{"taxonomy":"product_cat","embeddable":true,"href":"https:\/\/acuariosupremus.com\/index.php?rest_route=%2Fwp%2Fv2%2Fproduct_cat&post=9903"},{"taxonomy":"product_tag","embeddable":true,"href":"https:\/\/acuariosupremus.com\/index.php?rest_route=%2Fwp%2Fv2%2Fproduct_tag&post=9903"}],"curies":[{"name":"wp","href":"https:\/\/api.w.org\/{rel}","templated":true}]}}