{"id":9924,"date":"2022-05-19T15:49:37","date_gmt":"2022-05-19T20:49:37","guid":{"rendered":"https:\/\/acuariosupremus.com\/?post_type=product&#038;p=9924"},"modified":"2025-12-30T16:44:34","modified_gmt":"2025-12-30T22:44:34","slug":"termometro-para-acuario-display-temperatura-exterior-e-interior","status":"publish","type":"product","link":"https:\/\/acuariosupremus.com\/?product=termometro-para-acuario-display-temperatura-exterior-e-interior","title":{"rendered":"Term\u00f3metro para acuario display temperatura exterior e interior."},"content":{"rendered":"<p>Puede medir grados celsius (\u00b0C) o grados Fahrenheit (\u00b0F) con una precisi\u00f3n de 0.1\u00b0C\/\u00b0F y un rango desde -50 a +70 \u00b0C. Funciona con una bater\u00eda tipo bot\u00f3n (L-1154C) que le confiere una gran autonom\u00eda de uso sin la necesidad de usar cables ni conexiones el\u00e9ctricas. Se fija a la pared del acuario mediante dos bandas de alto poder adhesivo.<\/p>\n<p>Tipo de bater\u00eda: L-1155C Voltaje: 1.5 (V) Tipo de soporte: Adhesivo Peso 30 (grs.) Peso con embalaje: 35 (grs.)Medidas 42 x 80 x 12 (mm) Medidas con embalaje 70 x 125 x 15 (mm) Precisi\u00f3n: \u00b1 1 (\u00b0C) Resoluci\u00f3n: 0.1 (\u00b0C) Rango temperatura acuario &#8211; 50 ~ +70 (\u00b0C) Rango temperatura ambiente &#8211; 10 ~ +50 (\u00b0C).<\/p>\n","protected":false},"excerpt":{"rendered":"<p>Term\u00f3metro digital con funcionamiento a pilas para acuarios. Este term\u00f3metro compacto cuenta con un amplio display de cuarzo que registra en todo momento la temperatura ambiente y la temperatura del acuario de forma simult\u00e1nea. A diferencia de otros term\u00f3metros electr\u00f3nicos, El term\u00f3metro LDC Twin Display no utiliza un sensor dentro del agua. En su lugar equipa un disco de aluminio como sensor que presiona levemente sobre la superficie de la pared del acuario para detectar su temperatura, siendo esta pr\u00e1cticamente la misma que la que presenta el agua del acuario.<\/p>\n","protected":false},"featured_media":9925,"template":"","meta":[],"product_brand":[127],"product_cat":[40,64],"product_tag":[243,911],"class_list":{"0":"post-9924","1":"product","2":"type-product","3":"status-publish","4":"has-post-thumbnail","6":"product_brand-ista","7":"product_cat-peces","8":"product_cat-termometros-y-densimetros","9":"product_tag-termometro","10":"product_tag-termometro-acuario-temperatura-exterior-e-interior","12":"first","13":"instock","14":"sale","15":"shipping-taxable","16":"purchasable","17":"product-type-simple"},"yoast_head":"<!-- This site is optimized with the Yoast SEO plugin v27.4 - https:\/\/yoast.com\/product\/yoast-seo-wordpress\/ -->\n<title>Term\u00f3metro para acuario display temperatura exterior e interior. | Acuario Supremus<\/title>\n<meta name=\"description\" content=\"Term\u00f3metro compacto cuenta con un display de cuarzo que registra en todo momento la temperatura ambiente y la temperatura del acuario de forma simult\u00e1nea.\" \/>\n<meta name=\"robots\" content=\"index, follow, max-snippet:-1, max-image-preview:large, max-video-preview:-1\" \/>\n<link rel=\"canonical\" href=\"https:\/\/acuariosupremus.com\/?product=termometro-para-acuario-display-temperatura-exterior-e-interior\" \/>\n<meta property=\"og:locale\" content=\"es_MX\" \/>\n<meta property=\"og:type\" content=\"article\" \/>\n<meta property=\"og:title\" content=\"Term\u00f3metro para acuario display temperatura exterior e interior. | Acuario Supremus\" \/>\n<meta property=\"og:description\" content=\"Term\u00f3metro compacto cuenta con un display de cuarzo que registra en todo momento la temperatura ambiente y la temperatura del acuario de forma simult\u00e1nea.\" \/>\n<meta property=\"og:url\" content=\"https:\/\/acuariosupremus.com\/?product=termometro-para-acuario-display-temperatura-exterior-e-interior\" \/>\n<meta property=\"og:site_name\" content=\"Acuario Supremus\" \/>\n<meta property=\"article:publisher\" content=\"https:\/\/www.facebook.com\/AcuarioSupremus\" \/>\n<meta property=\"article:modified_time\" content=\"2025-12-30T22:44:34+00:00\" \/>\n<meta property=\"og:image\" content=\"https:\/\/acuariosupremus.com\/wp-content\/uploads\/2022\/05\/i-619_termometro_digital_exterior-interior_ista_01.jpg\" \/>\n\t<meta property=\"og:image:width\" content=\"1250\" \/>\n\t<meta property=\"og:image:height\" content=\"1250\" \/>\n\t<meta property=\"og:image:type\" content=\"image\/jpeg\" \/>\n<meta name=\"twitter:card\" content=\"summary_large_image\" \/>\n<meta name=\"twitter:site\" content=\"@AcuarioSupremus\" \/>\n<meta name=\"twitter:label1\" content=\"Tiempo de lectura\" \/>\n\t<meta name=\"twitter:data1\" content=\"1 minuto\" \/>\n<script type=\"application\/ld+json\" class=\"yoast-schema-graph\">{\"@context\":\"https:\\\/\\\/schema.org\",\"@graph\":[{\"@type\":\"WebPage\",\"@id\":\"https:\\\/\\\/acuariosupremus.com\\\/?product=termometro-para-acuario-display-temperatura-exterior-e-interior\",\"url\":\"https:\\\/\\\/acuariosupremus.com\\\/?product=termometro-para-acuario-display-temperatura-exterior-e-interior\",\"name\":\"Term\u00f3metro para acuario display temperatura exterior e interior. | Acuario Supremus\",\"isPartOf\":{\"@id\":\"https:\\\/\\\/acuariosupremus.com\\\/#website\"},\"primaryImageOfPage\":{\"@id\":\"https:\\\/\\\/acuariosupremus.com\\\/?product=termometro-para-acuario-display-temperatura-exterior-e-interior#primaryimage\"},\"image\":{\"@id\":\"https:\\\/\\\/acuariosupremus.com\\\/?product=termometro-para-acuario-display-temperatura-exterior-e-interior#primaryimage\"},\"thumbnailUrl\":\"https:\\\/\\\/acuariosupremus.com\\\/wp-content\\\/uploads\\\/2022\\\/05\\\/i-619_termometro_digital_exterior-interior_ista_01.jpg\",\"datePublished\":\"2022-05-19T20:49:37+00:00\",\"dateModified\":\"2025-12-30T22:44:34+00:00\",\"description\":\"Term\u00f3metro compacto cuenta con un display de cuarzo que registra en todo momento la temperatura ambiente y la temperatura del acuario de forma simult\u00e1nea.\",\"breadcrumb\":{\"@id\":\"https:\\\/\\\/acuariosupremus.com\\\/?product=termometro-para-acuario-display-temperatura-exterior-e-interior#breadcrumb\"},\"inLanguage\":\"es\",\"potentialAction\":[{\"@type\":\"ReadAction\",\"target\":[\"https:\\\/\\\/acuariosupremus.com\\\/?product=termometro-para-acuario-display-temperatura-exterior-e-interior\"]}]},{\"@type\":\"ImageObject\",\"inLanguage\":\"es\",\"@id\":\"https:\\\/\\\/acuariosupremus.com\\\/?product=termometro-para-acuario-display-temperatura-exterior-e-interior#primaryimage\",\"url\":\"https:\\\/\\\/acuariosupremus.com\\\/wp-content\\\/uploads\\\/2022\\\/05\\\/i-619_termometro_digital_exterior-interior_ista_01.jpg\",\"contentUrl\":\"https:\\\/\\\/acuariosupremus.com\\\/wp-content\\\/uploads\\\/2022\\\/05\\\/i-619_termometro_digital_exterior-interior_ista_01.jpg\",\"width\":1250,\"height\":1250},{\"@type\":\"BreadcrumbList\",\"@id\":\"https:\\\/\\\/acuariosupremus.com\\\/?product=termometro-para-acuario-display-temperatura-exterior-e-interior#breadcrumb\",\"itemListElement\":[{\"@type\":\"ListItem\",\"position\":1,\"name\":\"Portada\",\"item\":\"https:\\\/\\\/acuariosupremus.com\\\/\"},{\"@type\":\"ListItem\",\"position\":2,\"name\":\"Tienda\",\"item\":\"https:\\\/\\\/acuariosupremus.com\\\/tienda\\\/\"},{\"@type\":\"ListItem\",\"position\":3,\"name\":\"Term\u00f3metro para acuario display temperatura exterior e interior.\"}]},{\"@type\":\"WebSite\",\"@id\":\"https:\\\/\\\/acuariosupremus.com\\\/#website\",\"url\":\"https:\\\/\\\/acuariosupremus.com\\\/\",\"name\":\"Acuario Supremus\",\"description\":\"Peces, Peceras y Mascotas.\",\"publisher\":{\"@id\":\"https:\\\/\\\/acuariosupremus.com\\\/#organization\"},\"potentialAction\":[{\"@type\":\"SearchAction\",\"target\":{\"@type\":\"EntryPoint\",\"urlTemplate\":\"https:\\\/\\\/acuariosupremus.com\\\/?s={search_term_string}\"},\"query-input\":{\"@type\":\"PropertyValueSpecification\",\"valueRequired\":true,\"valueName\":\"search_term_string\"}}],\"inLanguage\":\"es\"},{\"@type\":\"Organization\",\"@id\":\"https:\\\/\\\/acuariosupremus.com\\\/#organization\",\"name\":\"Acuario Supremus\",\"url\":\"https:\\\/\\\/acuariosupremus.com\\\/\",\"logo\":{\"@type\":\"ImageObject\",\"inLanguage\":\"es\",\"@id\":\"https:\\\/\\\/acuariosupremus.com\\\/#\\\/schema\\\/logo\\\/image\\\/\",\"url\":\"https:\\\/\\\/acuariosupremus.com\\\/wp-content\\\/uploads\\\/2021\\\/12\\\/cropped-logo_acuario_supremus_fn-2.png\",\"contentUrl\":\"https:\\\/\\\/acuariosupremus.com\\\/wp-content\\\/uploads\\\/2021\\\/12\\\/cropped-logo_acuario_supremus_fn-2.png\",\"width\":1000,\"height\":318,\"caption\":\"Acuario Supremus\"},\"image\":{\"@id\":\"https:\\\/\\\/acuariosupremus.com\\\/#\\\/schema\\\/logo\\\/image\\\/\"},\"sameAs\":[\"https:\\\/\\\/www.facebook.com\\\/AcuarioSupremus\",\"https:\\\/\\\/x.com\\\/AcuarioSupremus\",\"https:\\\/\\\/www.instagram.com\\\/acuariosupremus\\\/?hl=es\"]}]}<\/script>\n<!-- \/ Yoast SEO plugin. -->","yoast_head_json":{"title":"Term\u00f3metro para acuario display temperatura exterior e interior. | Acuario Supremus","description":"Term\u00f3metro compacto cuenta con un display de cuarzo que registra en todo momento la temperatura ambiente y la temperatura del acuario de forma simult\u00e1nea.","robots":{"index":"index","follow":"follow","max-snippet":"max-snippet:-1","max-image-preview":"max-image-preview:large","max-video-preview":"max-video-preview:-1"},"canonical":"https:\/\/acuariosupremus.com\/?product=termometro-para-acuario-display-temperatura-exterior-e-interior","og_locale":"es_MX","og_type":"article","og_title":"Term\u00f3metro para acuario display temperatura exterior e interior. | Acuario Supremus","og_description":"Term\u00f3metro compacto cuenta con un display de cuarzo que registra en todo momento la temperatura ambiente y la temperatura del acuario de forma simult\u00e1nea.","og_url":"https:\/\/acuariosupremus.com\/?product=termometro-para-acuario-display-temperatura-exterior-e-interior","og_site_name":"Acuario Supremus","article_publisher":"https:\/\/www.facebook.com\/AcuarioSupremus","article_modified_time":"2025-12-30T22:44:34+00:00","og_image":[{"width":1250,"height":1250,"url":"https:\/\/acuariosupremus.com\/wp-content\/uploads\/2022\/05\/i-619_termometro_digital_exterior-interior_ista_01.jpg","type":"image\/jpeg"}],"twitter_card":"summary_large_image","twitter_site":"@AcuarioSupremus","twitter_misc":{"Tiempo de lectura":"1 minuto"},"schema":{"@context":"https:\/\/schema.org","@graph":[{"@type":"WebPage","@id":"https:\/\/acuariosupremus.com\/?product=termometro-para-acuario-display-temperatura-exterior-e-interior","url":"https:\/\/acuariosupremus.com\/?product=termometro-para-acuario-display-temperatura-exterior-e-interior","name":"Term\u00f3metro para acuario display temperatura exterior e interior. | Acuario Supremus","isPartOf":{"@id":"https:\/\/acuariosupremus.com\/#website"},"primaryImageOfPage":{"@id":"https:\/\/acuariosupremus.com\/?product=termometro-para-acuario-display-temperatura-exterior-e-interior#primaryimage"},"image":{"@id":"https:\/\/acuariosupremus.com\/?product=termometro-para-acuario-display-temperatura-exterior-e-interior#primaryimage"},"thumbnailUrl":"https:\/\/acuariosupremus.com\/wp-content\/uploads\/2022\/05\/i-619_termometro_digital_exterior-interior_ista_01.jpg","datePublished":"2022-05-19T20:49:37+00:00","dateModified":"2025-12-30T22:44:34+00:00","description":"Term\u00f3metro compacto cuenta con un display de cuarzo que registra en todo momento la temperatura ambiente y la temperatura del acuario de forma simult\u00e1nea.","breadcrumb":{"@id":"https:\/\/acuariosupremus.com\/?product=termometro-para-acuario-display-temperatura-exterior-e-interior#breadcrumb"},"inLanguage":"es","potentialAction":[{"@type":"ReadAction","target":["https:\/\/acuariosupremus.com\/?product=termometro-para-acuario-display-temperatura-exterior-e-interior"]}]},{"@type":"ImageObject","inLanguage":"es","@id":"https:\/\/acuariosupremus.com\/?product=termometro-para-acuario-display-temperatura-exterior-e-interior#primaryimage","url":"https:\/\/acuariosupremus.com\/wp-content\/uploads\/2022\/05\/i-619_termometro_digital_exterior-interior_ista_01.jpg","contentUrl":"https:\/\/acuariosupremus.com\/wp-content\/uploads\/2022\/05\/i-619_termometro_digital_exterior-interior_ista_01.jpg","width":1250,"height":1250},{"@type":"BreadcrumbList","@id":"https:\/\/acuariosupremus.com\/?product=termometro-para-acuario-display-temperatura-exterior-e-interior#breadcrumb","itemListElement":[{"@type":"ListItem","position":1,"name":"Portada","item":"https:\/\/acuariosupremus.com\/"},{"@type":"ListItem","position":2,"name":"Tienda","item":"https:\/\/acuariosupremus.com\/tienda\/"},{"@type":"ListItem","position":3,"name":"Term\u00f3metro para acuario display temperatura exterior e interior."}]},{"@type":"WebSite","@id":"https:\/\/acuariosupremus.com\/#website","url":"https:\/\/acuariosupremus.com\/","name":"Acuario Supremus","description":"Peces, Peceras y Mascotas.","publisher":{"@id":"https:\/\/acuariosupremus.com\/#organization"},"potentialAction":[{"@type":"SearchAction","target":{"@type":"EntryPoint","urlTemplate":"https:\/\/acuariosupremus.com\/?s={search_term_string}"},"query-input":{"@type":"PropertyValueSpecification","valueRequired":true,"valueName":"search_term_string"}}],"inLanguage":"es"},{"@type":"Organization","@id":"https:\/\/acuariosupremus.com\/#organization","name":"Acuario Supremus","url":"https:\/\/acuariosupremus.com\/","logo":{"@type":"ImageObject","inLanguage":"es","@id":"https:\/\/acuariosupremus.com\/#\/schema\/logo\/image\/","url":"https:\/\/acuariosupremus.com\/wp-content\/uploads\/2021\/12\/cropped-logo_acuario_supremus_fn-2.png","contentUrl":"https:\/\/acuariosupremus.com\/wp-content\/uploads\/2021\/12\/cropped-logo_acuario_supremus_fn-2.png","width":1000,"height":318,"caption":"Acuario Supremus"},"image":{"@id":"https:\/\/acuariosupremus.com\/#\/schema\/logo\/image\/"},"sameAs":["https:\/\/www.facebook.com\/AcuarioSupremus","https:\/\/x.com\/AcuarioSupremus","https:\/\/www.instagram.com\/acuariosupremus\/?hl=es"]}]}},"jetpack_sharing_enabled":true,"_links":{"self":[{"href":"https:\/\/acuariosupremus.com\/index.php?rest_route=\/wp\/v2\/product\/9924","targetHints":{"allow":["GET"]}}],"collection":[{"href":"https:\/\/acuariosupremus.com\/index.php?rest_route=\/wp\/v2\/product"}],"about":[{"href":"https:\/\/acuariosupremus.com\/index.php?rest_route=\/wp\/v2\/types\/product"}],"wp:featuredmedia":[{"embeddable":true,"href":"https:\/\/acuariosupremus.com\/index.php?rest_route=\/wp\/v2\/media\/9925"}],"wp:attachment":[{"href":"https:\/\/acuariosupremus.com\/index.php?rest_route=%2Fwp%2Fv2%2Fmedia&parent=9924"}],"wp:term":[{"taxonomy":"product_brand","embeddable":true,"href":"https:\/\/acuariosupremus.com\/index.php?rest_route=%2Fwp%2Fv2%2Fproduct_brand&post=9924"},{"taxonomy":"product_cat","embeddable":true,"href":"https:\/\/acuariosupremus.com\/index.php?rest_route=%2Fwp%2Fv2%2Fproduct_cat&post=9924"},{"taxonomy":"product_tag","embeddable":true,"href":"https:\/\/acuariosupremus.com\/index.php?rest_route=%2Fwp%2Fv2%2Fproduct_tag&post=9924"}],"curies":[{"name":"wp","href":"https:\/\/api.w.org\/{rel}","templated":true}]}}