{"id":9936,"date":"2022-05-19T16:07:08","date_gmt":"2022-05-19T21:07:08","guid":{"rendered":"https:\/\/acuariosupremus.com\/?post_type=product&#038;p=9936"},"modified":"2025-12-30T16:46:02","modified_gmt":"2025-12-30T22:46:02","slug":"hidrometro-de-caja-con-aguja-flotante","status":"publish","type":"product","link":"https:\/\/acuariosupremus.com\/?product=hidrometro-de-caja-con-aguja-flotante","title":{"rendered":"Hidr\u00f3metro de caja con aguja flotante"},"content":{"rendered":"<p>Este hidr\u00f3metro tiene una aguja indicadora con una flotabilidad constante y una escala num\u00e9rica para determinar la gravedad espec\u00edfica del agua. De este modo podemos obtener la cantidad de sal disuelta que contiene el agua en funci\u00f3n a su gravedad espec\u00edfica. Presenta dos hendiduras en la parte superior para poder sujetar el medidor c\u00f3modamente con dos dedos mientras lo sumerge en el agua para llenarlo. El factor de la densidad del agua (su salinidad) es con mucho el m\u00e1s importante de un acuario de agua salada.<\/p>\n<p>Peso: 50 (grs.) Dimensiones:\u00a0 90 x 125 x 15 (l x a x h, mm) Capacidad de la muestra: 45 (ml) Rango de medici\u00f3n 1.010 \u2013 1.030 (grav. Esp.) Precisi\u00f3n: 1.002 (grav. Esp.)<\/p>\n","protected":false},"excerpt":{"rendered":"<p>Instrumento muy preciso y confiable para determinar la cantidad de sal que contiene el agua en un acuario marino. Posee dos ductos especiales para el llenado que evitan la formaci\u00f3n de burbujas que puedan fijarse a la aguja indicadora, as\u00ed como un dise\u00f1o muy f\u00e1cil de enjuagar para evitar la acumulaci\u00f3n de cristales salinos. Estas dos caracter\u00edsticas son cruciales para evitar graves errores en nuestras mediciones.<\/p>\n","protected":false},"featured_media":9937,"template":"","meta":[],"product_brand":[127],"product_cat":[40,64],"product_tag":[244],"class_list":{"0":"post-9936","1":"product","2":"type-product","3":"status-publish","4":"has-post-thumbnail","6":"product_brand-ista","7":"product_cat-peces","8":"product_cat-termometros-y-densimetros","9":"product_tag-medidor-de-salinidad","11":"first","12":"instock","13":"sale","14":"shipping-taxable","15":"purchasable","16":"product-type-simple"},"yoast_head":"<!-- This site is optimized with the Yoast SEO plugin v27.4 - https:\/\/yoast.com\/product\/yoast-seo-wordpress\/ -->\n<title>Hidr\u00f3metro de caja con aguja flotante | Acuario Supremus<\/title>\n<meta name=\"description\" content=\"Instrumento anti formaci\u00f3n de burbujas muy preciso y confiable para determinar la cantidad de sal que contiene el agua en un acuario marino.\" \/>\n<meta name=\"robots\" content=\"index, follow, max-snippet:-1, max-image-preview:large, max-video-preview:-1\" \/>\n<link rel=\"canonical\" href=\"https:\/\/acuariosupremus.com\/?product=hidrometro-de-caja-con-aguja-flotante\" \/>\n<meta property=\"og:locale\" content=\"es_MX\" \/>\n<meta property=\"og:type\" content=\"article\" \/>\n<meta property=\"og:title\" content=\"Hidr\u00f3metro de caja con aguja flotante | Acuario Supremus\" \/>\n<meta property=\"og:description\" content=\"Instrumento anti formaci\u00f3n de burbujas muy preciso y confiable para determinar la cantidad de sal que contiene el agua en un acuario marino.\" \/>\n<meta property=\"og:url\" content=\"https:\/\/acuariosupremus.com\/?product=hidrometro-de-caja-con-aguja-flotante\" \/>\n<meta property=\"og:site_name\" content=\"Acuario Supremus\" \/>\n<meta property=\"article:publisher\" content=\"https:\/\/www.facebook.com\/AcuarioSupremus\" \/>\n<meta property=\"article:modified_time\" content=\"2025-12-30T22:46:02+00:00\" \/>\n<meta property=\"og:image\" content=\"https:\/\/acuariosupremus.com\/wp-content\/uploads\/2022\/05\/i-808_hidrometro_aguja_ista_01.jpg\" \/>\n\t<meta property=\"og:image:width\" content=\"1250\" \/>\n\t<meta property=\"og:image:height\" content=\"1250\" \/>\n\t<meta property=\"og:image:type\" content=\"image\/jpeg\" \/>\n<meta name=\"twitter:card\" content=\"summary_large_image\" \/>\n<meta name=\"twitter:site\" content=\"@AcuarioSupremus\" \/>\n<meta name=\"twitter:label1\" content=\"Tiempo de lectura\" \/>\n\t<meta name=\"twitter:data1\" content=\"1 minuto\" \/>\n<script type=\"application\/ld+json\" class=\"yoast-schema-graph\">{\"@context\":\"https:\\\/\\\/schema.org\",\"@graph\":[{\"@type\":\"WebPage\",\"@id\":\"https:\\\/\\\/acuariosupremus.com\\\/?product=hidrometro-de-caja-con-aguja-flotante\",\"url\":\"https:\\\/\\\/acuariosupremus.com\\\/?product=hidrometro-de-caja-con-aguja-flotante\",\"name\":\"Hidr\u00f3metro de caja con aguja flotante | Acuario Supremus\",\"isPartOf\":{\"@id\":\"https:\\\/\\\/acuariosupremus.com\\\/#website\"},\"primaryImageOfPage\":{\"@id\":\"https:\\\/\\\/acuariosupremus.com\\\/?product=hidrometro-de-caja-con-aguja-flotante#primaryimage\"},\"image\":{\"@id\":\"https:\\\/\\\/acuariosupremus.com\\\/?product=hidrometro-de-caja-con-aguja-flotante#primaryimage\"},\"thumbnailUrl\":\"https:\\\/\\\/acuariosupremus.com\\\/wp-content\\\/uploads\\\/2022\\\/05\\\/i-808_hidrometro_aguja_ista_01.jpg\",\"datePublished\":\"2022-05-19T21:07:08+00:00\",\"dateModified\":\"2025-12-30T22:46:02+00:00\",\"description\":\"Instrumento anti formaci\u00f3n de burbujas muy preciso y confiable para determinar la cantidad de sal que contiene el agua en un acuario marino.\",\"breadcrumb\":{\"@id\":\"https:\\\/\\\/acuariosupremus.com\\\/?product=hidrometro-de-caja-con-aguja-flotante#breadcrumb\"},\"inLanguage\":\"es\",\"potentialAction\":[{\"@type\":\"ReadAction\",\"target\":[\"https:\\\/\\\/acuariosupremus.com\\\/?product=hidrometro-de-caja-con-aguja-flotante\"]}]},{\"@type\":\"ImageObject\",\"inLanguage\":\"es\",\"@id\":\"https:\\\/\\\/acuariosupremus.com\\\/?product=hidrometro-de-caja-con-aguja-flotante#primaryimage\",\"url\":\"https:\\\/\\\/acuariosupremus.com\\\/wp-content\\\/uploads\\\/2022\\\/05\\\/i-808_hidrometro_aguja_ista_01.jpg\",\"contentUrl\":\"https:\\\/\\\/acuariosupremus.com\\\/wp-content\\\/uploads\\\/2022\\\/05\\\/i-808_hidrometro_aguja_ista_01.jpg\",\"width\":1250,\"height\":1250},{\"@type\":\"BreadcrumbList\",\"@id\":\"https:\\\/\\\/acuariosupremus.com\\\/?product=hidrometro-de-caja-con-aguja-flotante#breadcrumb\",\"itemListElement\":[{\"@type\":\"ListItem\",\"position\":1,\"name\":\"Portada\",\"item\":\"https:\\\/\\\/acuariosupremus.com\\\/\"},{\"@type\":\"ListItem\",\"position\":2,\"name\":\"Tienda\",\"item\":\"https:\\\/\\\/acuariosupremus.com\\\/tienda\\\/\"},{\"@type\":\"ListItem\",\"position\":3,\"name\":\"Hidr\u00f3metro de caja con aguja flotante\"}]},{\"@type\":\"WebSite\",\"@id\":\"https:\\\/\\\/acuariosupremus.com\\\/#website\",\"url\":\"https:\\\/\\\/acuariosupremus.com\\\/\",\"name\":\"Acuario Supremus\",\"description\":\"Peces, Peceras y Mascotas.\",\"publisher\":{\"@id\":\"https:\\\/\\\/acuariosupremus.com\\\/#organization\"},\"potentialAction\":[{\"@type\":\"SearchAction\",\"target\":{\"@type\":\"EntryPoint\",\"urlTemplate\":\"https:\\\/\\\/acuariosupremus.com\\\/?s={search_term_string}\"},\"query-input\":{\"@type\":\"PropertyValueSpecification\",\"valueRequired\":true,\"valueName\":\"search_term_string\"}}],\"inLanguage\":\"es\"},{\"@type\":\"Organization\",\"@id\":\"https:\\\/\\\/acuariosupremus.com\\\/#organization\",\"name\":\"Acuario Supremus\",\"url\":\"https:\\\/\\\/acuariosupremus.com\\\/\",\"logo\":{\"@type\":\"ImageObject\",\"inLanguage\":\"es\",\"@id\":\"https:\\\/\\\/acuariosupremus.com\\\/#\\\/schema\\\/logo\\\/image\\\/\",\"url\":\"https:\\\/\\\/acuariosupremus.com\\\/wp-content\\\/uploads\\\/2021\\\/12\\\/cropped-logo_acuario_supremus_fn-2.png\",\"contentUrl\":\"https:\\\/\\\/acuariosupremus.com\\\/wp-content\\\/uploads\\\/2021\\\/12\\\/cropped-logo_acuario_supremus_fn-2.png\",\"width\":1000,\"height\":318,\"caption\":\"Acuario Supremus\"},\"image\":{\"@id\":\"https:\\\/\\\/acuariosupremus.com\\\/#\\\/schema\\\/logo\\\/image\\\/\"},\"sameAs\":[\"https:\\\/\\\/www.facebook.com\\\/AcuarioSupremus\",\"https:\\\/\\\/x.com\\\/AcuarioSupremus\",\"https:\\\/\\\/www.instagram.com\\\/acuariosupremus\\\/?hl=es\"]}]}<\/script>\n<!-- \/ Yoast SEO plugin. -->","yoast_head_json":{"title":"Hidr\u00f3metro de caja con aguja flotante | Acuario Supremus","description":"Instrumento anti formaci\u00f3n de burbujas muy preciso y confiable para determinar la cantidad de sal que contiene el agua en un acuario marino.","robots":{"index":"index","follow":"follow","max-snippet":"max-snippet:-1","max-image-preview":"max-image-preview:large","max-video-preview":"max-video-preview:-1"},"canonical":"https:\/\/acuariosupremus.com\/?product=hidrometro-de-caja-con-aguja-flotante","og_locale":"es_MX","og_type":"article","og_title":"Hidr\u00f3metro de caja con aguja flotante | Acuario Supremus","og_description":"Instrumento anti formaci\u00f3n de burbujas muy preciso y confiable para determinar la cantidad de sal que contiene el agua en un acuario marino.","og_url":"https:\/\/acuariosupremus.com\/?product=hidrometro-de-caja-con-aguja-flotante","og_site_name":"Acuario Supremus","article_publisher":"https:\/\/www.facebook.com\/AcuarioSupremus","article_modified_time":"2025-12-30T22:46:02+00:00","og_image":[{"width":1250,"height":1250,"url":"https:\/\/acuariosupremus.com\/wp-content\/uploads\/2022\/05\/i-808_hidrometro_aguja_ista_01.jpg","type":"image\/jpeg"}],"twitter_card":"summary_large_image","twitter_site":"@AcuarioSupremus","twitter_misc":{"Tiempo de lectura":"1 minuto"},"schema":{"@context":"https:\/\/schema.org","@graph":[{"@type":"WebPage","@id":"https:\/\/acuariosupremus.com\/?product=hidrometro-de-caja-con-aguja-flotante","url":"https:\/\/acuariosupremus.com\/?product=hidrometro-de-caja-con-aguja-flotante","name":"Hidr\u00f3metro de caja con aguja flotante | Acuario Supremus","isPartOf":{"@id":"https:\/\/acuariosupremus.com\/#website"},"primaryImageOfPage":{"@id":"https:\/\/acuariosupremus.com\/?product=hidrometro-de-caja-con-aguja-flotante#primaryimage"},"image":{"@id":"https:\/\/acuariosupremus.com\/?product=hidrometro-de-caja-con-aguja-flotante#primaryimage"},"thumbnailUrl":"https:\/\/acuariosupremus.com\/wp-content\/uploads\/2022\/05\/i-808_hidrometro_aguja_ista_01.jpg","datePublished":"2022-05-19T21:07:08+00:00","dateModified":"2025-12-30T22:46:02+00:00","description":"Instrumento anti formaci\u00f3n de burbujas muy preciso y confiable para determinar la cantidad de sal que contiene el agua en un acuario marino.","breadcrumb":{"@id":"https:\/\/acuariosupremus.com\/?product=hidrometro-de-caja-con-aguja-flotante#breadcrumb"},"inLanguage":"es","potentialAction":[{"@type":"ReadAction","target":["https:\/\/acuariosupremus.com\/?product=hidrometro-de-caja-con-aguja-flotante"]}]},{"@type":"ImageObject","inLanguage":"es","@id":"https:\/\/acuariosupremus.com\/?product=hidrometro-de-caja-con-aguja-flotante#primaryimage","url":"https:\/\/acuariosupremus.com\/wp-content\/uploads\/2022\/05\/i-808_hidrometro_aguja_ista_01.jpg","contentUrl":"https:\/\/acuariosupremus.com\/wp-content\/uploads\/2022\/05\/i-808_hidrometro_aguja_ista_01.jpg","width":1250,"height":1250},{"@type":"BreadcrumbList","@id":"https:\/\/acuariosupremus.com\/?product=hidrometro-de-caja-con-aguja-flotante#breadcrumb","itemListElement":[{"@type":"ListItem","position":1,"name":"Portada","item":"https:\/\/acuariosupremus.com\/"},{"@type":"ListItem","position":2,"name":"Tienda","item":"https:\/\/acuariosupremus.com\/tienda\/"},{"@type":"ListItem","position":3,"name":"Hidr\u00f3metro de caja con aguja flotante"}]},{"@type":"WebSite","@id":"https:\/\/acuariosupremus.com\/#website","url":"https:\/\/acuariosupremus.com\/","name":"Acuario Supremus","description":"Peces, Peceras y Mascotas.","publisher":{"@id":"https:\/\/acuariosupremus.com\/#organization"},"potentialAction":[{"@type":"SearchAction","target":{"@type":"EntryPoint","urlTemplate":"https:\/\/acuariosupremus.com\/?s={search_term_string}"},"query-input":{"@type":"PropertyValueSpecification","valueRequired":true,"valueName":"search_term_string"}}],"inLanguage":"es"},{"@type":"Organization","@id":"https:\/\/acuariosupremus.com\/#organization","name":"Acuario Supremus","url":"https:\/\/acuariosupremus.com\/","logo":{"@type":"ImageObject","inLanguage":"es","@id":"https:\/\/acuariosupremus.com\/#\/schema\/logo\/image\/","url":"https:\/\/acuariosupremus.com\/wp-content\/uploads\/2021\/12\/cropped-logo_acuario_supremus_fn-2.png","contentUrl":"https:\/\/acuariosupremus.com\/wp-content\/uploads\/2021\/12\/cropped-logo_acuario_supremus_fn-2.png","width":1000,"height":318,"caption":"Acuario Supremus"},"image":{"@id":"https:\/\/acuariosupremus.com\/#\/schema\/logo\/image\/"},"sameAs":["https:\/\/www.facebook.com\/AcuarioSupremus","https:\/\/x.com\/AcuarioSupremus","https:\/\/www.instagram.com\/acuariosupremus\/?hl=es"]}]}},"jetpack_sharing_enabled":true,"_links":{"self":[{"href":"https:\/\/acuariosupremus.com\/index.php?rest_route=\/wp\/v2\/product\/9936","targetHints":{"allow":["GET"]}}],"collection":[{"href":"https:\/\/acuariosupremus.com\/index.php?rest_route=\/wp\/v2\/product"}],"about":[{"href":"https:\/\/acuariosupremus.com\/index.php?rest_route=\/wp\/v2\/types\/product"}],"wp:featuredmedia":[{"embeddable":true,"href":"https:\/\/acuariosupremus.com\/index.php?rest_route=\/wp\/v2\/media\/9937"}],"wp:attachment":[{"href":"https:\/\/acuariosupremus.com\/index.php?rest_route=%2Fwp%2Fv2%2Fmedia&parent=9936"}],"wp:term":[{"taxonomy":"product_brand","embeddable":true,"href":"https:\/\/acuariosupremus.com\/index.php?rest_route=%2Fwp%2Fv2%2Fproduct_brand&post=9936"},{"taxonomy":"product_cat","embeddable":true,"href":"https:\/\/acuariosupremus.com\/index.php?rest_route=%2Fwp%2Fv2%2Fproduct_cat&post=9936"},{"taxonomy":"product_tag","embeddable":true,"href":"https:\/\/acuariosupremus.com\/index.php?rest_route=%2Fwp%2Fv2%2Fproduct_tag&post=9936"}],"curies":[{"name":"wp","href":"https:\/\/api.w.org\/{rel}","templated":true}]}}