{"id":9962,"date":"2022-05-19T17:04:56","date_gmt":"2022-05-19T22:04:56","guid":{"rendered":"https:\/\/acuariosupremus.com\/?post_type=product&#038;p=9962"},"modified":"2025-12-30T16:51:20","modified_gmt":"2025-12-30T22:51:20","slug":"maternidades-flotantes-de-plastico-breeding-box-mediana","status":"publish","type":"product","link":"https:\/\/acuariosupremus.com\/?product=maternidades-flotantes-de-plastico-breeding-box-mediana","title":{"rendered":"Maternidades Flotantes de pl\u00e1stico \u201cBreeding BOX\u201d mediana."},"content":{"rendered":"<p>El sistema de colecci\u00f3n recoge a los alevines reci\u00e9n nacidos por gravedad para protegerlos en su recept\u00e1culo mediante una apertura de 2 mil\u00edmetros. Cuenta con un sistema de sujeci\u00f3n lateral mediante dos ventosas. Proporciona un h\u00e1bitat ideal para aislar a las hembras de peces viv\u00edparos y colectar sus cr\u00edas. Estas maternidades son desmontables para facilitar una perfecta limpieza y mantenimiento. La flotabilidad y estabilidad en el agua reside en sus dos c\u00e1maras verticales de aire situadas en las esquinas superiores en ambos extremos. Para garantizar una renovaci\u00f3n del agua homog\u00e9nea presenta una zona amplia de ranuras estrechas en la base del recipiente, mediante los cuales entra agua procedente del acuario. La circulaci\u00f3n de agua se genera con el movimiento natatorio de los peces en su interior precisi\u00f3n la relaci\u00f3n de agua aspirada entre fondo y la superficie para adaptarse perfectamente al caudal del filtro.<\/p>\n<p>Material (\u00d8mm) Acrilico\u00a0 Compartimentos 3 (n\u00famero) Medidas 100 x 70 x 130 (l x a x h mm) Medidas con embalaje 105 x 135 x 70 (mm) Peso 110 (grs.) Peso con embalaje 140 (grs.)<\/p>\n","protected":false},"excerpt":{"rendered":"<p>Maternidades flotantes fabricadas en material pl\u00e1stico de alta transparencia. El modelo mediano \u201cM\u201d cuenta con una c\u00e1mara para las reproductoras y el recept\u00e1culo para las cr\u00edas separado por dos tolvas. El modelo grande \u201cL\u201d tiene dos c\u00e1maras para las hembras reproductoras y su recept\u00e1culo para cr\u00edas separado por una sola tolva. Proveen de oxigenaci\u00f3n pasiva mediante ranuras en todas sus caras.<\/p>\n","protected":false},"featured_media":9963,"template":"","meta":[],"product_brand":[127],"product_cat":[40,66],"product_tag":[247],"class_list":{"0":"post-9962","1":"product","2":"type-product","3":"status-publish","4":"has-post-thumbnail","6":"product_brand-ista","7":"product_cat-peces","8":"product_cat-varios","9":"product_tag-maternidad","11":"first","12":"instock","13":"sale","14":"shipping-taxable","15":"purchasable","16":"product-type-simple"},"yoast_head":"<!-- This site is optimized with the Yoast SEO plugin v27.4 - https:\/\/yoast.com\/product\/yoast-seo-wordpress\/ -->\n<title>Maternidades Flotantes de pl\u00e1stico \u201cBreeding BOX\u201d mediana. | Acuario Supremus<\/title>\n<meta name=\"description\" content=\"Maternidades flotantes fabricadas en material pl\u00e1stico de alta transparencia,El modelo mediano \u201cM\u201d cuenta con una c\u00e1mara y su recept\u00e1culo.\" \/>\n<meta name=\"robots\" content=\"index, follow, max-snippet:-1, max-image-preview:large, max-video-preview:-1\" \/>\n<link rel=\"canonical\" href=\"https:\/\/acuariosupremus.com\/?product=maternidades-flotantes-de-plastico-breeding-box-mediana\" \/>\n<meta property=\"og:locale\" content=\"es_MX\" \/>\n<meta property=\"og:type\" content=\"article\" \/>\n<meta property=\"og:title\" content=\"Maternidades Flotantes de pl\u00e1stico \u201cBreeding BOX\u201d mediana. | Acuario Supremus\" \/>\n<meta property=\"og:description\" content=\"Maternidades flotantes fabricadas en material pl\u00e1stico de alta transparencia,El modelo mediano \u201cM\u201d cuenta con una c\u00e1mara y su recept\u00e1culo.\" \/>\n<meta property=\"og:url\" content=\"https:\/\/acuariosupremus.com\/?product=maternidades-flotantes-de-plastico-breeding-box-mediana\" \/>\n<meta property=\"og:site_name\" content=\"Acuario Supremus\" \/>\n<meta property=\"article:publisher\" content=\"https:\/\/www.facebook.com\/AcuarioSupremus\" \/>\n<meta property=\"article:modified_time\" content=\"2025-12-30T22:51:20+00:00\" \/>\n<meta property=\"og:image\" content=\"https:\/\/acuariosupremus.com\/wp-content\/uploads\/2022\/05\/if-736_maternidad_plastico_mediana_01.jpg\" \/>\n\t<meta property=\"og:image:width\" content=\"1250\" \/>\n\t<meta property=\"og:image:height\" content=\"1250\" \/>\n\t<meta property=\"og:image:type\" content=\"image\/jpeg\" \/>\n<meta name=\"twitter:card\" content=\"summary_large_image\" \/>\n<meta name=\"twitter:site\" content=\"@AcuarioSupremus\" \/>\n<meta name=\"twitter:label1\" content=\"Tiempo de lectura\" \/>\n\t<meta name=\"twitter:data1\" content=\"1 minuto\" \/>\n<script type=\"application\/ld+json\" class=\"yoast-schema-graph\">{\"@context\":\"https:\\\/\\\/schema.org\",\"@graph\":[{\"@type\":\"WebPage\",\"@id\":\"https:\\\/\\\/acuariosupremus.com\\\/?product=maternidades-flotantes-de-plastico-breeding-box-mediana\",\"url\":\"https:\\\/\\\/acuariosupremus.com\\\/?product=maternidades-flotantes-de-plastico-breeding-box-mediana\",\"name\":\"Maternidades Flotantes de pl\u00e1stico \u201cBreeding BOX\u201d mediana. | Acuario Supremus\",\"isPartOf\":{\"@id\":\"https:\\\/\\\/acuariosupremus.com\\\/#website\"},\"primaryImageOfPage\":{\"@id\":\"https:\\\/\\\/acuariosupremus.com\\\/?product=maternidades-flotantes-de-plastico-breeding-box-mediana#primaryimage\"},\"image\":{\"@id\":\"https:\\\/\\\/acuariosupremus.com\\\/?product=maternidades-flotantes-de-plastico-breeding-box-mediana#primaryimage\"},\"thumbnailUrl\":\"https:\\\/\\\/acuariosupremus.com\\\/wp-content\\\/uploads\\\/2022\\\/05\\\/if-736_maternidad_plastico_mediana_01.jpg\",\"datePublished\":\"2022-05-19T22:04:56+00:00\",\"dateModified\":\"2025-12-30T22:51:20+00:00\",\"description\":\"Maternidades flotantes fabricadas en material pl\u00e1stico de alta transparencia,El modelo mediano \u201cM\u201d cuenta con una c\u00e1mara y su recept\u00e1culo.\",\"breadcrumb\":{\"@id\":\"https:\\\/\\\/acuariosupremus.com\\\/?product=maternidades-flotantes-de-plastico-breeding-box-mediana#breadcrumb\"},\"inLanguage\":\"es\",\"potentialAction\":[{\"@type\":\"ReadAction\",\"target\":[\"https:\\\/\\\/acuariosupremus.com\\\/?product=maternidades-flotantes-de-plastico-breeding-box-mediana\"]}]},{\"@type\":\"ImageObject\",\"inLanguage\":\"es\",\"@id\":\"https:\\\/\\\/acuariosupremus.com\\\/?product=maternidades-flotantes-de-plastico-breeding-box-mediana#primaryimage\",\"url\":\"https:\\\/\\\/acuariosupremus.com\\\/wp-content\\\/uploads\\\/2022\\\/05\\\/if-736_maternidad_plastico_mediana_01.jpg\",\"contentUrl\":\"https:\\\/\\\/acuariosupremus.com\\\/wp-content\\\/uploads\\\/2022\\\/05\\\/if-736_maternidad_plastico_mediana_01.jpg\",\"width\":1250,\"height\":1250},{\"@type\":\"BreadcrumbList\",\"@id\":\"https:\\\/\\\/acuariosupremus.com\\\/?product=maternidades-flotantes-de-plastico-breeding-box-mediana#breadcrumb\",\"itemListElement\":[{\"@type\":\"ListItem\",\"position\":1,\"name\":\"Portada\",\"item\":\"https:\\\/\\\/acuariosupremus.com\\\/\"},{\"@type\":\"ListItem\",\"position\":2,\"name\":\"Tienda\",\"item\":\"https:\\\/\\\/acuariosupremus.com\\\/tienda\\\/\"},{\"@type\":\"ListItem\",\"position\":3,\"name\":\"Maternidades Flotantes de pl\u00e1stico \u201cBreeding BOX\u201d mediana.\"}]},{\"@type\":\"WebSite\",\"@id\":\"https:\\\/\\\/acuariosupremus.com\\\/#website\",\"url\":\"https:\\\/\\\/acuariosupremus.com\\\/\",\"name\":\"Acuario Supremus\",\"description\":\"Peces, Peceras y Mascotas.\",\"publisher\":{\"@id\":\"https:\\\/\\\/acuariosupremus.com\\\/#organization\"},\"potentialAction\":[{\"@type\":\"SearchAction\",\"target\":{\"@type\":\"EntryPoint\",\"urlTemplate\":\"https:\\\/\\\/acuariosupremus.com\\\/?s={search_term_string}\"},\"query-input\":{\"@type\":\"PropertyValueSpecification\",\"valueRequired\":true,\"valueName\":\"search_term_string\"}}],\"inLanguage\":\"es\"},{\"@type\":\"Organization\",\"@id\":\"https:\\\/\\\/acuariosupremus.com\\\/#organization\",\"name\":\"Acuario Supremus\",\"url\":\"https:\\\/\\\/acuariosupremus.com\\\/\",\"logo\":{\"@type\":\"ImageObject\",\"inLanguage\":\"es\",\"@id\":\"https:\\\/\\\/acuariosupremus.com\\\/#\\\/schema\\\/logo\\\/image\\\/\",\"url\":\"https:\\\/\\\/acuariosupremus.com\\\/wp-content\\\/uploads\\\/2021\\\/12\\\/cropped-logo_acuario_supremus_fn-2.png\",\"contentUrl\":\"https:\\\/\\\/acuariosupremus.com\\\/wp-content\\\/uploads\\\/2021\\\/12\\\/cropped-logo_acuario_supremus_fn-2.png\",\"width\":1000,\"height\":318,\"caption\":\"Acuario Supremus\"},\"image\":{\"@id\":\"https:\\\/\\\/acuariosupremus.com\\\/#\\\/schema\\\/logo\\\/image\\\/\"},\"sameAs\":[\"https:\\\/\\\/www.facebook.com\\\/AcuarioSupremus\",\"https:\\\/\\\/x.com\\\/AcuarioSupremus\",\"https:\\\/\\\/www.instagram.com\\\/acuariosupremus\\\/?hl=es\"]}]}<\/script>\n<!-- \/ Yoast SEO plugin. -->","yoast_head_json":{"title":"Maternidades Flotantes de pl\u00e1stico \u201cBreeding BOX\u201d mediana. | Acuario Supremus","description":"Maternidades flotantes fabricadas en material pl\u00e1stico de alta transparencia,El modelo mediano \u201cM\u201d cuenta con una c\u00e1mara y su recept\u00e1culo.","robots":{"index":"index","follow":"follow","max-snippet":"max-snippet:-1","max-image-preview":"max-image-preview:large","max-video-preview":"max-video-preview:-1"},"canonical":"https:\/\/acuariosupremus.com\/?product=maternidades-flotantes-de-plastico-breeding-box-mediana","og_locale":"es_MX","og_type":"article","og_title":"Maternidades Flotantes de pl\u00e1stico \u201cBreeding BOX\u201d mediana. | Acuario Supremus","og_description":"Maternidades flotantes fabricadas en material pl\u00e1stico de alta transparencia,El modelo mediano \u201cM\u201d cuenta con una c\u00e1mara y su recept\u00e1culo.","og_url":"https:\/\/acuariosupremus.com\/?product=maternidades-flotantes-de-plastico-breeding-box-mediana","og_site_name":"Acuario Supremus","article_publisher":"https:\/\/www.facebook.com\/AcuarioSupremus","article_modified_time":"2025-12-30T22:51:20+00:00","og_image":[{"width":1250,"height":1250,"url":"https:\/\/acuariosupremus.com\/wp-content\/uploads\/2022\/05\/if-736_maternidad_plastico_mediana_01.jpg","type":"image\/jpeg"}],"twitter_card":"summary_large_image","twitter_site":"@AcuarioSupremus","twitter_misc":{"Tiempo de lectura":"1 minuto"},"schema":{"@context":"https:\/\/schema.org","@graph":[{"@type":"WebPage","@id":"https:\/\/acuariosupremus.com\/?product=maternidades-flotantes-de-plastico-breeding-box-mediana","url":"https:\/\/acuariosupremus.com\/?product=maternidades-flotantes-de-plastico-breeding-box-mediana","name":"Maternidades Flotantes de pl\u00e1stico \u201cBreeding BOX\u201d mediana. | Acuario Supremus","isPartOf":{"@id":"https:\/\/acuariosupremus.com\/#website"},"primaryImageOfPage":{"@id":"https:\/\/acuariosupremus.com\/?product=maternidades-flotantes-de-plastico-breeding-box-mediana#primaryimage"},"image":{"@id":"https:\/\/acuariosupremus.com\/?product=maternidades-flotantes-de-plastico-breeding-box-mediana#primaryimage"},"thumbnailUrl":"https:\/\/acuariosupremus.com\/wp-content\/uploads\/2022\/05\/if-736_maternidad_plastico_mediana_01.jpg","datePublished":"2022-05-19T22:04:56+00:00","dateModified":"2025-12-30T22:51:20+00:00","description":"Maternidades flotantes fabricadas en material pl\u00e1stico de alta transparencia,El modelo mediano \u201cM\u201d cuenta con una c\u00e1mara y su recept\u00e1culo.","breadcrumb":{"@id":"https:\/\/acuariosupremus.com\/?product=maternidades-flotantes-de-plastico-breeding-box-mediana#breadcrumb"},"inLanguage":"es","potentialAction":[{"@type":"ReadAction","target":["https:\/\/acuariosupremus.com\/?product=maternidades-flotantes-de-plastico-breeding-box-mediana"]}]},{"@type":"ImageObject","inLanguage":"es","@id":"https:\/\/acuariosupremus.com\/?product=maternidades-flotantes-de-plastico-breeding-box-mediana#primaryimage","url":"https:\/\/acuariosupremus.com\/wp-content\/uploads\/2022\/05\/if-736_maternidad_plastico_mediana_01.jpg","contentUrl":"https:\/\/acuariosupremus.com\/wp-content\/uploads\/2022\/05\/if-736_maternidad_plastico_mediana_01.jpg","width":1250,"height":1250},{"@type":"BreadcrumbList","@id":"https:\/\/acuariosupremus.com\/?product=maternidades-flotantes-de-plastico-breeding-box-mediana#breadcrumb","itemListElement":[{"@type":"ListItem","position":1,"name":"Portada","item":"https:\/\/acuariosupremus.com\/"},{"@type":"ListItem","position":2,"name":"Tienda","item":"https:\/\/acuariosupremus.com\/tienda\/"},{"@type":"ListItem","position":3,"name":"Maternidades Flotantes de pl\u00e1stico \u201cBreeding BOX\u201d mediana."}]},{"@type":"WebSite","@id":"https:\/\/acuariosupremus.com\/#website","url":"https:\/\/acuariosupremus.com\/","name":"Acuario Supremus","description":"Peces, Peceras y Mascotas.","publisher":{"@id":"https:\/\/acuariosupremus.com\/#organization"},"potentialAction":[{"@type":"SearchAction","target":{"@type":"EntryPoint","urlTemplate":"https:\/\/acuariosupremus.com\/?s={search_term_string}"},"query-input":{"@type":"PropertyValueSpecification","valueRequired":true,"valueName":"search_term_string"}}],"inLanguage":"es"},{"@type":"Organization","@id":"https:\/\/acuariosupremus.com\/#organization","name":"Acuario Supremus","url":"https:\/\/acuariosupremus.com\/","logo":{"@type":"ImageObject","inLanguage":"es","@id":"https:\/\/acuariosupremus.com\/#\/schema\/logo\/image\/","url":"https:\/\/acuariosupremus.com\/wp-content\/uploads\/2021\/12\/cropped-logo_acuario_supremus_fn-2.png","contentUrl":"https:\/\/acuariosupremus.com\/wp-content\/uploads\/2021\/12\/cropped-logo_acuario_supremus_fn-2.png","width":1000,"height":318,"caption":"Acuario Supremus"},"image":{"@id":"https:\/\/acuariosupremus.com\/#\/schema\/logo\/image\/"},"sameAs":["https:\/\/www.facebook.com\/AcuarioSupremus","https:\/\/x.com\/AcuarioSupremus","https:\/\/www.instagram.com\/acuariosupremus\/?hl=es"]}]}},"jetpack_sharing_enabled":true,"_links":{"self":[{"href":"https:\/\/acuariosupremus.com\/index.php?rest_route=\/wp\/v2\/product\/9962","targetHints":{"allow":["GET"]}}],"collection":[{"href":"https:\/\/acuariosupremus.com\/index.php?rest_route=\/wp\/v2\/product"}],"about":[{"href":"https:\/\/acuariosupremus.com\/index.php?rest_route=\/wp\/v2\/types\/product"}],"wp:featuredmedia":[{"embeddable":true,"href":"https:\/\/acuariosupremus.com\/index.php?rest_route=\/wp\/v2\/media\/9963"}],"wp:attachment":[{"href":"https:\/\/acuariosupremus.com\/index.php?rest_route=%2Fwp%2Fv2%2Fmedia&parent=9962"}],"wp:term":[{"taxonomy":"product_brand","embeddable":true,"href":"https:\/\/acuariosupremus.com\/index.php?rest_route=%2Fwp%2Fv2%2Fproduct_brand&post=9962"},{"taxonomy":"product_cat","embeddable":true,"href":"https:\/\/acuariosupremus.com\/index.php?rest_route=%2Fwp%2Fv2%2Fproduct_cat&post=9962"},{"taxonomy":"product_tag","embeddable":true,"href":"https:\/\/acuariosupremus.com\/index.php?rest_route=%2Fwp%2Fv2%2Fproduct_tag&post=9962"}],"curies":[{"name":"wp","href":"https:\/\/api.w.org\/{rel}","templated":true}]}}