{"id":9968,"date":"2022-05-19T17:30:44","date_gmt":"2022-05-19T22:30:44","guid":{"rendered":"https:\/\/acuariosupremus.com\/?post_type=product&#038;p=9968"},"modified":"2025-12-30T16:54:07","modified_gmt":"2025-12-30T22:54:07","slug":"sujetador-de-plastico-para-manguera","status":"publish","type":"product","link":"https:\/\/acuariosupremus.com\/?product=sujetador-de-plastico-para-manguera","title":{"rendered":"Sujetador de pl\u00e1stico para manguera."},"content":{"rendered":"<p>Se sujeta al borde superior del acuario mediante un tornillo de presi\u00f3n, albergando una anchura m\u00e1xima de hasta 13 mil\u00edmetros, siendo capaz de soportar una manguera de hasta 22 mil\u00edmetros de di\u00e1metro exterior con dos clips de presi\u00f3n que forman una curva de 90\u00b0. Este practico dispositivo est\u00e1 elaborado con pl\u00e1stico ABS de gran calidad para garantizar una larga vida, siendo una herramienta ideal para uso profesional durante las labores de mantenimiento.<\/p>\n<p>Tipo de sujeci\u00f3n: A Presi\u00f3n\u00a0 Material : Pl\u00e1stico ABS Grosor M\u00e1x. manguera: 22 (mm) Grosor M\u00e1x. Vidrio : 13 (mm) Medidas : 120 x 65 x 25 (l x a x h mm) Medidas con embalaje: 150 x 140 x 30 (mm) Peso 20 (grs.) Peso con embalaje 35 (grs.).<\/p>\n","protected":false},"excerpt":{"rendered":"<p>Este dispositivo resuelve de forma sencilla y segura la necesidad de sujetar una manguera al borde superior de un acuario durante un llenado o vaciado sin tener que usar otros medios menos seguros y sin provocar estrangulamientos en la manguera que puedan obstruir el flujo de agua. Mantener una manguera sobre el borde de un acuario sin derramar agua suele presentar una dificultad muy com\u00fan, que muy a menudo requiere que otra persona tenga que ayudarnos durante las tareas de mantenimiento de nuestros acuarios. Con este pr\u00e1ctico dispositivo podremos liberar nuestras manos mientras nos ocupamos de otros asuntos de inter\u00e9s durante un cambio de agua.<\/p>\n","protected":false},"featured_media":9972,"template":"","meta":[],"product_brand":[127],"product_cat":[40,66],"product_tag":[912],"class_list":{"0":"post-9968","1":"product","2":"type-product","3":"status-publish","4":"has-post-thumbnail","6":"product_brand-ista","7":"product_cat-peces","8":"product_cat-varios","9":"product_tag-sujetador-de-plastico-para-manguera","11":"first","12":"instock","13":"sale","14":"shipping-taxable","15":"purchasable","16":"product-type-simple"},"yoast_head":"<!-- This site is optimized with the Yoast SEO plugin v27.4 - https:\/\/yoast.com\/product\/yoast-seo-wordpress\/ -->\n<title>Sujetador de pl\u00e1stico para manguera. | Acuario Supremus<\/title>\n<meta name=\"description\" content=\"Este dispositivo resuelve de forma sencilla y segura la necesidad de sujetar una manguera al borde superior de un acuario durante un llenado o vaciado.\" \/>\n<meta name=\"robots\" content=\"index, follow, max-snippet:-1, max-image-preview:large, max-video-preview:-1\" \/>\n<link rel=\"canonical\" href=\"https:\/\/acuariosupremus.com\/?product=sujetador-de-plastico-para-manguera\" \/>\n<meta property=\"og:locale\" content=\"es_MX\" \/>\n<meta property=\"og:type\" content=\"article\" \/>\n<meta property=\"og:title\" content=\"Sujetador de pl\u00e1stico para manguera. | Acuario Supremus\" \/>\n<meta property=\"og:description\" content=\"Este dispositivo resuelve de forma sencilla y segura la necesidad de sujetar una manguera al borde superior de un acuario durante un llenado o vaciado.\" \/>\n<meta property=\"og:url\" content=\"https:\/\/acuariosupremus.com\/?product=sujetador-de-plastico-para-manguera\" \/>\n<meta property=\"og:site_name\" content=\"Acuario Supremus\" \/>\n<meta property=\"article:publisher\" content=\"https:\/\/www.facebook.com\/AcuarioSupremus\" \/>\n<meta property=\"article:modified_time\" content=\"2025-12-30T22:54:07+00:00\" \/>\n<meta property=\"og:image\" content=\"https:\/\/acuariosupremus.com\/wp-content\/uploads\/2022\/05\/i-976_sujetador_manguera_ista_01.jpg\" \/>\n\t<meta property=\"og:image:width\" content=\"1250\" \/>\n\t<meta property=\"og:image:height\" content=\"1250\" \/>\n\t<meta property=\"og:image:type\" content=\"image\/jpeg\" \/>\n<meta name=\"twitter:card\" content=\"summary_large_image\" \/>\n<meta name=\"twitter:site\" content=\"@AcuarioSupremus\" \/>\n<meta name=\"twitter:label1\" content=\"Tiempo de lectura\" \/>\n\t<meta name=\"twitter:data1\" content=\"1 minuto\" \/>\n<script type=\"application\/ld+json\" class=\"yoast-schema-graph\">{\"@context\":\"https:\\\/\\\/schema.org\",\"@graph\":[{\"@type\":\"WebPage\",\"@id\":\"https:\\\/\\\/acuariosupremus.com\\\/?product=sujetador-de-plastico-para-manguera\",\"url\":\"https:\\\/\\\/acuariosupremus.com\\\/?product=sujetador-de-plastico-para-manguera\",\"name\":\"Sujetador de pl\u00e1stico para manguera. | Acuario Supremus\",\"isPartOf\":{\"@id\":\"https:\\\/\\\/acuariosupremus.com\\\/#website\"},\"primaryImageOfPage\":{\"@id\":\"https:\\\/\\\/acuariosupremus.com\\\/?product=sujetador-de-plastico-para-manguera#primaryimage\"},\"image\":{\"@id\":\"https:\\\/\\\/acuariosupremus.com\\\/?product=sujetador-de-plastico-para-manguera#primaryimage\"},\"thumbnailUrl\":\"https:\\\/\\\/acuariosupremus.com\\\/wp-content\\\/uploads\\\/2022\\\/05\\\/i-976_sujetador_manguera_ista_01.jpg\",\"datePublished\":\"2022-05-19T22:30:44+00:00\",\"dateModified\":\"2025-12-30T22:54:07+00:00\",\"description\":\"Este dispositivo resuelve de forma sencilla y segura la necesidad de sujetar una manguera al borde superior de un acuario durante un llenado o vaciado.\",\"breadcrumb\":{\"@id\":\"https:\\\/\\\/acuariosupremus.com\\\/?product=sujetador-de-plastico-para-manguera#breadcrumb\"},\"inLanguage\":\"es\",\"potentialAction\":[{\"@type\":\"ReadAction\",\"target\":[\"https:\\\/\\\/acuariosupremus.com\\\/?product=sujetador-de-plastico-para-manguera\"]}]},{\"@type\":\"ImageObject\",\"inLanguage\":\"es\",\"@id\":\"https:\\\/\\\/acuariosupremus.com\\\/?product=sujetador-de-plastico-para-manguera#primaryimage\",\"url\":\"https:\\\/\\\/acuariosupremus.com\\\/wp-content\\\/uploads\\\/2022\\\/05\\\/i-976_sujetador_manguera_ista_01.jpg\",\"contentUrl\":\"https:\\\/\\\/acuariosupremus.com\\\/wp-content\\\/uploads\\\/2022\\\/05\\\/i-976_sujetador_manguera_ista_01.jpg\",\"width\":1250,\"height\":1250},{\"@type\":\"BreadcrumbList\",\"@id\":\"https:\\\/\\\/acuariosupremus.com\\\/?product=sujetador-de-plastico-para-manguera#breadcrumb\",\"itemListElement\":[{\"@type\":\"ListItem\",\"position\":1,\"name\":\"Portada\",\"item\":\"https:\\\/\\\/acuariosupremus.com\\\/\"},{\"@type\":\"ListItem\",\"position\":2,\"name\":\"Tienda\",\"item\":\"https:\\\/\\\/acuariosupremus.com\\\/tienda\\\/\"},{\"@type\":\"ListItem\",\"position\":3,\"name\":\"Sujetador de pl\u00e1stico para manguera.\"}]},{\"@type\":\"WebSite\",\"@id\":\"https:\\\/\\\/acuariosupremus.com\\\/#website\",\"url\":\"https:\\\/\\\/acuariosupremus.com\\\/\",\"name\":\"Acuario Supremus\",\"description\":\"Peces, Peceras y Mascotas.\",\"publisher\":{\"@id\":\"https:\\\/\\\/acuariosupremus.com\\\/#organization\"},\"potentialAction\":[{\"@type\":\"SearchAction\",\"target\":{\"@type\":\"EntryPoint\",\"urlTemplate\":\"https:\\\/\\\/acuariosupremus.com\\\/?s={search_term_string}\"},\"query-input\":{\"@type\":\"PropertyValueSpecification\",\"valueRequired\":true,\"valueName\":\"search_term_string\"}}],\"inLanguage\":\"es\"},{\"@type\":\"Organization\",\"@id\":\"https:\\\/\\\/acuariosupremus.com\\\/#organization\",\"name\":\"Acuario Supremus\",\"url\":\"https:\\\/\\\/acuariosupremus.com\\\/\",\"logo\":{\"@type\":\"ImageObject\",\"inLanguage\":\"es\",\"@id\":\"https:\\\/\\\/acuariosupremus.com\\\/#\\\/schema\\\/logo\\\/image\\\/\",\"url\":\"https:\\\/\\\/acuariosupremus.com\\\/wp-content\\\/uploads\\\/2021\\\/12\\\/cropped-logo_acuario_supremus_fn-2.png\",\"contentUrl\":\"https:\\\/\\\/acuariosupremus.com\\\/wp-content\\\/uploads\\\/2021\\\/12\\\/cropped-logo_acuario_supremus_fn-2.png\",\"width\":1000,\"height\":318,\"caption\":\"Acuario Supremus\"},\"image\":{\"@id\":\"https:\\\/\\\/acuariosupremus.com\\\/#\\\/schema\\\/logo\\\/image\\\/\"},\"sameAs\":[\"https:\\\/\\\/www.facebook.com\\\/AcuarioSupremus\",\"https:\\\/\\\/x.com\\\/AcuarioSupremus\",\"https:\\\/\\\/www.instagram.com\\\/acuariosupremus\\\/?hl=es\"]}]}<\/script>\n<!-- \/ Yoast SEO plugin. -->","yoast_head_json":{"title":"Sujetador de pl\u00e1stico para manguera. | Acuario Supremus","description":"Este dispositivo resuelve de forma sencilla y segura la necesidad de sujetar una manguera al borde superior de un acuario durante un llenado o vaciado.","robots":{"index":"index","follow":"follow","max-snippet":"max-snippet:-1","max-image-preview":"max-image-preview:large","max-video-preview":"max-video-preview:-1"},"canonical":"https:\/\/acuariosupremus.com\/?product=sujetador-de-plastico-para-manguera","og_locale":"es_MX","og_type":"article","og_title":"Sujetador de pl\u00e1stico para manguera. | Acuario Supremus","og_description":"Este dispositivo resuelve de forma sencilla y segura la necesidad de sujetar una manguera al borde superior de un acuario durante un llenado o vaciado.","og_url":"https:\/\/acuariosupremus.com\/?product=sujetador-de-plastico-para-manguera","og_site_name":"Acuario Supremus","article_publisher":"https:\/\/www.facebook.com\/AcuarioSupremus","article_modified_time":"2025-12-30T22:54:07+00:00","og_image":[{"width":1250,"height":1250,"url":"https:\/\/acuariosupremus.com\/wp-content\/uploads\/2022\/05\/i-976_sujetador_manguera_ista_01.jpg","type":"image\/jpeg"}],"twitter_card":"summary_large_image","twitter_site":"@AcuarioSupremus","twitter_misc":{"Tiempo de lectura":"1 minuto"},"schema":{"@context":"https:\/\/schema.org","@graph":[{"@type":"WebPage","@id":"https:\/\/acuariosupremus.com\/?product=sujetador-de-plastico-para-manguera","url":"https:\/\/acuariosupremus.com\/?product=sujetador-de-plastico-para-manguera","name":"Sujetador de pl\u00e1stico para manguera. | Acuario Supremus","isPartOf":{"@id":"https:\/\/acuariosupremus.com\/#website"},"primaryImageOfPage":{"@id":"https:\/\/acuariosupremus.com\/?product=sujetador-de-plastico-para-manguera#primaryimage"},"image":{"@id":"https:\/\/acuariosupremus.com\/?product=sujetador-de-plastico-para-manguera#primaryimage"},"thumbnailUrl":"https:\/\/acuariosupremus.com\/wp-content\/uploads\/2022\/05\/i-976_sujetador_manguera_ista_01.jpg","datePublished":"2022-05-19T22:30:44+00:00","dateModified":"2025-12-30T22:54:07+00:00","description":"Este dispositivo resuelve de forma sencilla y segura la necesidad de sujetar una manguera al borde superior de un acuario durante un llenado o vaciado.","breadcrumb":{"@id":"https:\/\/acuariosupremus.com\/?product=sujetador-de-plastico-para-manguera#breadcrumb"},"inLanguage":"es","potentialAction":[{"@type":"ReadAction","target":["https:\/\/acuariosupremus.com\/?product=sujetador-de-plastico-para-manguera"]}]},{"@type":"ImageObject","inLanguage":"es","@id":"https:\/\/acuariosupremus.com\/?product=sujetador-de-plastico-para-manguera#primaryimage","url":"https:\/\/acuariosupremus.com\/wp-content\/uploads\/2022\/05\/i-976_sujetador_manguera_ista_01.jpg","contentUrl":"https:\/\/acuariosupremus.com\/wp-content\/uploads\/2022\/05\/i-976_sujetador_manguera_ista_01.jpg","width":1250,"height":1250},{"@type":"BreadcrumbList","@id":"https:\/\/acuariosupremus.com\/?product=sujetador-de-plastico-para-manguera#breadcrumb","itemListElement":[{"@type":"ListItem","position":1,"name":"Portada","item":"https:\/\/acuariosupremus.com\/"},{"@type":"ListItem","position":2,"name":"Tienda","item":"https:\/\/acuariosupremus.com\/tienda\/"},{"@type":"ListItem","position":3,"name":"Sujetador de pl\u00e1stico para manguera."}]},{"@type":"WebSite","@id":"https:\/\/acuariosupremus.com\/#website","url":"https:\/\/acuariosupremus.com\/","name":"Acuario Supremus","description":"Peces, Peceras y Mascotas.","publisher":{"@id":"https:\/\/acuariosupremus.com\/#organization"},"potentialAction":[{"@type":"SearchAction","target":{"@type":"EntryPoint","urlTemplate":"https:\/\/acuariosupremus.com\/?s={search_term_string}"},"query-input":{"@type":"PropertyValueSpecification","valueRequired":true,"valueName":"search_term_string"}}],"inLanguage":"es"},{"@type":"Organization","@id":"https:\/\/acuariosupremus.com\/#organization","name":"Acuario Supremus","url":"https:\/\/acuariosupremus.com\/","logo":{"@type":"ImageObject","inLanguage":"es","@id":"https:\/\/acuariosupremus.com\/#\/schema\/logo\/image\/","url":"https:\/\/acuariosupremus.com\/wp-content\/uploads\/2021\/12\/cropped-logo_acuario_supremus_fn-2.png","contentUrl":"https:\/\/acuariosupremus.com\/wp-content\/uploads\/2021\/12\/cropped-logo_acuario_supremus_fn-2.png","width":1000,"height":318,"caption":"Acuario Supremus"},"image":{"@id":"https:\/\/acuariosupremus.com\/#\/schema\/logo\/image\/"},"sameAs":["https:\/\/www.facebook.com\/AcuarioSupremus","https:\/\/x.com\/AcuarioSupremus","https:\/\/www.instagram.com\/acuariosupremus\/?hl=es"]}]}},"jetpack_sharing_enabled":true,"_links":{"self":[{"href":"https:\/\/acuariosupremus.com\/index.php?rest_route=\/wp\/v2\/product\/9968","targetHints":{"allow":["GET"]}}],"collection":[{"href":"https:\/\/acuariosupremus.com\/index.php?rest_route=\/wp\/v2\/product"}],"about":[{"href":"https:\/\/acuariosupremus.com\/index.php?rest_route=\/wp\/v2\/types\/product"}],"wp:featuredmedia":[{"embeddable":true,"href":"https:\/\/acuariosupremus.com\/index.php?rest_route=\/wp\/v2\/media\/9972"}],"wp:attachment":[{"href":"https:\/\/acuariosupremus.com\/index.php?rest_route=%2Fwp%2Fv2%2Fmedia&parent=9968"}],"wp:term":[{"taxonomy":"product_brand","embeddable":true,"href":"https:\/\/acuariosupremus.com\/index.php?rest_route=%2Fwp%2Fv2%2Fproduct_brand&post=9968"},{"taxonomy":"product_cat","embeddable":true,"href":"https:\/\/acuariosupremus.com\/index.php?rest_route=%2Fwp%2Fv2%2Fproduct_cat&post=9968"},{"taxonomy":"product_tag","embeddable":true,"href":"https:\/\/acuariosupremus.com\/index.php?rest_route=%2Fwp%2Fv2%2Fproduct_tag&post=9968"}],"curies":[{"name":"wp","href":"https:\/\/api.w.org\/{rel}","templated":true}]}}