{"id":9973,"date":"2022-05-19T17:36:49","date_gmt":"2022-05-19T22:36:49","guid":{"rendered":"https:\/\/acuariosupremus.com\/?post_type=product&#038;p=9973"},"modified":"2025-12-30T16:54:47","modified_gmt":"2025-12-30T22:54:47","slug":"valvula-flotadora-para-llenado-en-sistemas-de-acuarios","status":"publish","type":"product","link":"https:\/\/acuariosupremus.com\/?product=valvula-flotadora-para-llenado-en-sistemas-de-acuarios","title":{"rendered":"V\u00e1lvula flotadora para llenado en sistemas de acuarios."},"content":{"rendered":"<p>El sistema de sujeci\u00f3n al borde superior del acuario es de material acr\u00edlico y es reversible para poder adaptarse a una fijaci\u00f3n tanto horizontal como vertical. Gracias a la gran calidad de los materiales y acabados de esta v\u00e1lvula autom\u00e1tica ofrece al profesional una gran confiabilidad y durabilidad.<\/p>\n<p>Tipo de sujeci\u00f3n: por tornillo\u00a0 Material : Pl\u00e1stico ABS \/ acr\u00edlico Grosor M\u00e1x. manguera: 4-6 (mm) Grosor M\u00e1x. Vidrio : 12 (mm) Medidas : 170 x 22 x 25 (l x a x h mm) Medidas con embalaje: 170 x 140 x 30 (mm) Peso 45 (grs.) Peso con embalaje 80 (grs.).<\/p>\n","protected":false},"excerpt":{"rendered":"<p>V\u00e1lvula autom\u00e1tica de llenado para cortar el flujo de agua cuando el nivel de agua es alcanzado. Funciona con una boya de 130 mil\u00edmetros de longitud con un gran poder de flotabilidad que facilita un cierre herm\u00e9tico de la salida de agua. Para el suministro de agua cuenta con una conexi\u00f3n con toma r\u00e1pida de seguridad con anillo de liberaci\u00f3n para manguera flexible de 4\/6 mm. Este sistema de relleno a prueba de fallos est\u00e1 pensado para ser alimentado por un dep\u00f3sito accionado por desnivel (gravedad), evitando el uso de sistemas electr\u00f3nicos o bombas de agua que dependan de un suministro el\u00e9ctrico. Esta v\u00e1lvula de boya no est\u00e1 dise\u00f1ada para ser conectada a una la red de suministro agua presurizada<\/p>\n","protected":false},"featured_media":9974,"template":"","meta":[],"product_brand":[127],"product_cat":[40,66],"product_tag":[913],"class_list":{"0":"post-9973","1":"product","2":"type-product","3":"status-publish","4":"has-post-thumbnail","6":"product_brand-ista","7":"product_cat-peces","8":"product_cat-varios","9":"product_tag-valvula-flotadora-para-llenado-en-sistemas-de-acuarios","11":"first","12":"instock","13":"sale","14":"shipping-taxable","15":"purchasable","16":"product-type-simple"},"yoast_head":"<!-- This site is optimized with the Yoast SEO plugin v27.4 - https:\/\/yoast.com\/product\/yoast-seo-wordpress\/ -->\n<title>V\u00e1lvula flotadora para llenado en sistemas de acuarios. | Acuario Supremus<\/title>\n<meta name=\"description\" content=\"V\u00e1lvula autom\u00e1tica de llenado para cortar el flujo de agua cuando el nivel de agua es alcanzado. Funciona con una boya de 130 mil\u00edmetros\" \/>\n<meta name=\"robots\" content=\"index, follow, max-snippet:-1, max-image-preview:large, max-video-preview:-1\" \/>\n<link rel=\"canonical\" href=\"https:\/\/acuariosupremus.com\/?product=valvula-flotadora-para-llenado-en-sistemas-de-acuarios\" \/>\n<meta property=\"og:locale\" content=\"es_MX\" \/>\n<meta property=\"og:type\" content=\"article\" \/>\n<meta property=\"og:title\" content=\"V\u00e1lvula flotadora para llenado en sistemas de acuarios. | Acuario Supremus\" \/>\n<meta property=\"og:description\" content=\"V\u00e1lvula autom\u00e1tica de llenado para cortar el flujo de agua cuando el nivel de agua es alcanzado. Funciona con una boya de 130 mil\u00edmetros\" \/>\n<meta property=\"og:url\" content=\"https:\/\/acuariosupremus.com\/?product=valvula-flotadora-para-llenado-en-sistemas-de-acuarios\" \/>\n<meta property=\"og:site_name\" content=\"Acuario Supremus\" \/>\n<meta property=\"article:publisher\" content=\"https:\/\/www.facebook.com\/AcuarioSupremus\" \/>\n<meta property=\"article:modified_time\" content=\"2025-12-30T22:54:47+00:00\" \/>\n<meta property=\"og:image\" content=\"https:\/\/acuariosupremus.com\/wp-content\/uploads\/2022\/05\/i-992_valvula_flotadora_relleno_ista_01.jpg\" \/>\n\t<meta property=\"og:image:width\" content=\"1250\" \/>\n\t<meta property=\"og:image:height\" content=\"1250\" \/>\n\t<meta property=\"og:image:type\" content=\"image\/jpeg\" \/>\n<meta name=\"twitter:card\" content=\"summary_large_image\" \/>\n<meta name=\"twitter:site\" content=\"@AcuarioSupremus\" \/>\n<meta name=\"twitter:label1\" content=\"Tiempo de lectura\" \/>\n\t<meta name=\"twitter:data1\" content=\"1 minuto\" \/>\n<script type=\"application\/ld+json\" class=\"yoast-schema-graph\">{\"@context\":\"https:\\\/\\\/schema.org\",\"@graph\":[{\"@type\":\"WebPage\",\"@id\":\"https:\\\/\\\/acuariosupremus.com\\\/?product=valvula-flotadora-para-llenado-en-sistemas-de-acuarios\",\"url\":\"https:\\\/\\\/acuariosupremus.com\\\/?product=valvula-flotadora-para-llenado-en-sistemas-de-acuarios\",\"name\":\"V\u00e1lvula flotadora para llenado en sistemas de acuarios. | Acuario Supremus\",\"isPartOf\":{\"@id\":\"https:\\\/\\\/acuariosupremus.com\\\/#website\"},\"primaryImageOfPage\":{\"@id\":\"https:\\\/\\\/acuariosupremus.com\\\/?product=valvula-flotadora-para-llenado-en-sistemas-de-acuarios#primaryimage\"},\"image\":{\"@id\":\"https:\\\/\\\/acuariosupremus.com\\\/?product=valvula-flotadora-para-llenado-en-sistemas-de-acuarios#primaryimage\"},\"thumbnailUrl\":\"https:\\\/\\\/acuariosupremus.com\\\/wp-content\\\/uploads\\\/2022\\\/05\\\/i-992_valvula_flotadora_relleno_ista_01.jpg\",\"datePublished\":\"2022-05-19T22:36:49+00:00\",\"dateModified\":\"2025-12-30T22:54:47+00:00\",\"description\":\"V\u00e1lvula autom\u00e1tica de llenado para cortar el flujo de agua cuando el nivel de agua es alcanzado. Funciona con una boya de 130 mil\u00edmetros\",\"breadcrumb\":{\"@id\":\"https:\\\/\\\/acuariosupremus.com\\\/?product=valvula-flotadora-para-llenado-en-sistemas-de-acuarios#breadcrumb\"},\"inLanguage\":\"es\",\"potentialAction\":[{\"@type\":\"ReadAction\",\"target\":[\"https:\\\/\\\/acuariosupremus.com\\\/?product=valvula-flotadora-para-llenado-en-sistemas-de-acuarios\"]}]},{\"@type\":\"ImageObject\",\"inLanguage\":\"es\",\"@id\":\"https:\\\/\\\/acuariosupremus.com\\\/?product=valvula-flotadora-para-llenado-en-sistemas-de-acuarios#primaryimage\",\"url\":\"https:\\\/\\\/acuariosupremus.com\\\/wp-content\\\/uploads\\\/2022\\\/05\\\/i-992_valvula_flotadora_relleno_ista_01.jpg\",\"contentUrl\":\"https:\\\/\\\/acuariosupremus.com\\\/wp-content\\\/uploads\\\/2022\\\/05\\\/i-992_valvula_flotadora_relleno_ista_01.jpg\",\"width\":1250,\"height\":1250},{\"@type\":\"BreadcrumbList\",\"@id\":\"https:\\\/\\\/acuariosupremus.com\\\/?product=valvula-flotadora-para-llenado-en-sistemas-de-acuarios#breadcrumb\",\"itemListElement\":[{\"@type\":\"ListItem\",\"position\":1,\"name\":\"Portada\",\"item\":\"https:\\\/\\\/acuariosupremus.com\\\/\"},{\"@type\":\"ListItem\",\"position\":2,\"name\":\"Tienda\",\"item\":\"https:\\\/\\\/acuariosupremus.com\\\/tienda\\\/\"},{\"@type\":\"ListItem\",\"position\":3,\"name\":\"V\u00e1lvula flotadora para llenado en sistemas de acuarios.\"}]},{\"@type\":\"WebSite\",\"@id\":\"https:\\\/\\\/acuariosupremus.com\\\/#website\",\"url\":\"https:\\\/\\\/acuariosupremus.com\\\/\",\"name\":\"Acuario Supremus\",\"description\":\"Peces, Peceras y Mascotas.\",\"publisher\":{\"@id\":\"https:\\\/\\\/acuariosupremus.com\\\/#organization\"},\"potentialAction\":[{\"@type\":\"SearchAction\",\"target\":{\"@type\":\"EntryPoint\",\"urlTemplate\":\"https:\\\/\\\/acuariosupremus.com\\\/?s={search_term_string}\"},\"query-input\":{\"@type\":\"PropertyValueSpecification\",\"valueRequired\":true,\"valueName\":\"search_term_string\"}}],\"inLanguage\":\"es\"},{\"@type\":\"Organization\",\"@id\":\"https:\\\/\\\/acuariosupremus.com\\\/#organization\",\"name\":\"Acuario Supremus\",\"url\":\"https:\\\/\\\/acuariosupremus.com\\\/\",\"logo\":{\"@type\":\"ImageObject\",\"inLanguage\":\"es\",\"@id\":\"https:\\\/\\\/acuariosupremus.com\\\/#\\\/schema\\\/logo\\\/image\\\/\",\"url\":\"https:\\\/\\\/acuariosupremus.com\\\/wp-content\\\/uploads\\\/2021\\\/12\\\/cropped-logo_acuario_supremus_fn-2.png\",\"contentUrl\":\"https:\\\/\\\/acuariosupremus.com\\\/wp-content\\\/uploads\\\/2021\\\/12\\\/cropped-logo_acuario_supremus_fn-2.png\",\"width\":1000,\"height\":318,\"caption\":\"Acuario Supremus\"},\"image\":{\"@id\":\"https:\\\/\\\/acuariosupremus.com\\\/#\\\/schema\\\/logo\\\/image\\\/\"},\"sameAs\":[\"https:\\\/\\\/www.facebook.com\\\/AcuarioSupremus\",\"https:\\\/\\\/x.com\\\/AcuarioSupremus\",\"https:\\\/\\\/www.instagram.com\\\/acuariosupremus\\\/?hl=es\"]}]}<\/script>\n<!-- \/ Yoast SEO plugin. -->","yoast_head_json":{"title":"V\u00e1lvula flotadora para llenado en sistemas de acuarios. | Acuario Supremus","description":"V\u00e1lvula autom\u00e1tica de llenado para cortar el flujo de agua cuando el nivel de agua es alcanzado. Funciona con una boya de 130 mil\u00edmetros","robots":{"index":"index","follow":"follow","max-snippet":"max-snippet:-1","max-image-preview":"max-image-preview:large","max-video-preview":"max-video-preview:-1"},"canonical":"https:\/\/acuariosupremus.com\/?product=valvula-flotadora-para-llenado-en-sistemas-de-acuarios","og_locale":"es_MX","og_type":"article","og_title":"V\u00e1lvula flotadora para llenado en sistemas de acuarios. | Acuario Supremus","og_description":"V\u00e1lvula autom\u00e1tica de llenado para cortar el flujo de agua cuando el nivel de agua es alcanzado. Funciona con una boya de 130 mil\u00edmetros","og_url":"https:\/\/acuariosupremus.com\/?product=valvula-flotadora-para-llenado-en-sistemas-de-acuarios","og_site_name":"Acuario Supremus","article_publisher":"https:\/\/www.facebook.com\/AcuarioSupremus","article_modified_time":"2025-12-30T22:54:47+00:00","og_image":[{"width":1250,"height":1250,"url":"https:\/\/acuariosupremus.com\/wp-content\/uploads\/2022\/05\/i-992_valvula_flotadora_relleno_ista_01.jpg","type":"image\/jpeg"}],"twitter_card":"summary_large_image","twitter_site":"@AcuarioSupremus","twitter_misc":{"Tiempo de lectura":"1 minuto"},"schema":{"@context":"https:\/\/schema.org","@graph":[{"@type":"WebPage","@id":"https:\/\/acuariosupremus.com\/?product=valvula-flotadora-para-llenado-en-sistemas-de-acuarios","url":"https:\/\/acuariosupremus.com\/?product=valvula-flotadora-para-llenado-en-sistemas-de-acuarios","name":"V\u00e1lvula flotadora para llenado en sistemas de acuarios. | Acuario Supremus","isPartOf":{"@id":"https:\/\/acuariosupremus.com\/#website"},"primaryImageOfPage":{"@id":"https:\/\/acuariosupremus.com\/?product=valvula-flotadora-para-llenado-en-sistemas-de-acuarios#primaryimage"},"image":{"@id":"https:\/\/acuariosupremus.com\/?product=valvula-flotadora-para-llenado-en-sistemas-de-acuarios#primaryimage"},"thumbnailUrl":"https:\/\/acuariosupremus.com\/wp-content\/uploads\/2022\/05\/i-992_valvula_flotadora_relleno_ista_01.jpg","datePublished":"2022-05-19T22:36:49+00:00","dateModified":"2025-12-30T22:54:47+00:00","description":"V\u00e1lvula autom\u00e1tica de llenado para cortar el flujo de agua cuando el nivel de agua es alcanzado. Funciona con una boya de 130 mil\u00edmetros","breadcrumb":{"@id":"https:\/\/acuariosupremus.com\/?product=valvula-flotadora-para-llenado-en-sistemas-de-acuarios#breadcrumb"},"inLanguage":"es","potentialAction":[{"@type":"ReadAction","target":["https:\/\/acuariosupremus.com\/?product=valvula-flotadora-para-llenado-en-sistemas-de-acuarios"]}]},{"@type":"ImageObject","inLanguage":"es","@id":"https:\/\/acuariosupremus.com\/?product=valvula-flotadora-para-llenado-en-sistemas-de-acuarios#primaryimage","url":"https:\/\/acuariosupremus.com\/wp-content\/uploads\/2022\/05\/i-992_valvula_flotadora_relleno_ista_01.jpg","contentUrl":"https:\/\/acuariosupremus.com\/wp-content\/uploads\/2022\/05\/i-992_valvula_flotadora_relleno_ista_01.jpg","width":1250,"height":1250},{"@type":"BreadcrumbList","@id":"https:\/\/acuariosupremus.com\/?product=valvula-flotadora-para-llenado-en-sistemas-de-acuarios#breadcrumb","itemListElement":[{"@type":"ListItem","position":1,"name":"Portada","item":"https:\/\/acuariosupremus.com\/"},{"@type":"ListItem","position":2,"name":"Tienda","item":"https:\/\/acuariosupremus.com\/tienda\/"},{"@type":"ListItem","position":3,"name":"V\u00e1lvula flotadora para llenado en sistemas de acuarios."}]},{"@type":"WebSite","@id":"https:\/\/acuariosupremus.com\/#website","url":"https:\/\/acuariosupremus.com\/","name":"Acuario Supremus","description":"Peces, Peceras y Mascotas.","publisher":{"@id":"https:\/\/acuariosupremus.com\/#organization"},"potentialAction":[{"@type":"SearchAction","target":{"@type":"EntryPoint","urlTemplate":"https:\/\/acuariosupremus.com\/?s={search_term_string}"},"query-input":{"@type":"PropertyValueSpecification","valueRequired":true,"valueName":"search_term_string"}}],"inLanguage":"es"},{"@type":"Organization","@id":"https:\/\/acuariosupremus.com\/#organization","name":"Acuario Supremus","url":"https:\/\/acuariosupremus.com\/","logo":{"@type":"ImageObject","inLanguage":"es","@id":"https:\/\/acuariosupremus.com\/#\/schema\/logo\/image\/","url":"https:\/\/acuariosupremus.com\/wp-content\/uploads\/2021\/12\/cropped-logo_acuario_supremus_fn-2.png","contentUrl":"https:\/\/acuariosupremus.com\/wp-content\/uploads\/2021\/12\/cropped-logo_acuario_supremus_fn-2.png","width":1000,"height":318,"caption":"Acuario Supremus"},"image":{"@id":"https:\/\/acuariosupremus.com\/#\/schema\/logo\/image\/"},"sameAs":["https:\/\/www.facebook.com\/AcuarioSupremus","https:\/\/x.com\/AcuarioSupremus","https:\/\/www.instagram.com\/acuariosupremus\/?hl=es"]}]}},"jetpack_sharing_enabled":true,"_links":{"self":[{"href":"https:\/\/acuariosupremus.com\/index.php?rest_route=\/wp\/v2\/product\/9973","targetHints":{"allow":["GET"]}}],"collection":[{"href":"https:\/\/acuariosupremus.com\/index.php?rest_route=\/wp\/v2\/product"}],"about":[{"href":"https:\/\/acuariosupremus.com\/index.php?rest_route=\/wp\/v2\/types\/product"}],"wp:featuredmedia":[{"embeddable":true,"href":"https:\/\/acuariosupremus.com\/index.php?rest_route=\/wp\/v2\/media\/9974"}],"wp:attachment":[{"href":"https:\/\/acuariosupremus.com\/index.php?rest_route=%2Fwp%2Fv2%2Fmedia&parent=9973"}],"wp:term":[{"taxonomy":"product_brand","embeddable":true,"href":"https:\/\/acuariosupremus.com\/index.php?rest_route=%2Fwp%2Fv2%2Fproduct_brand&post=9973"},{"taxonomy":"product_cat","embeddable":true,"href":"https:\/\/acuariosupremus.com\/index.php?rest_route=%2Fwp%2Fv2%2Fproduct_cat&post=9973"},{"taxonomy":"product_tag","embeddable":true,"href":"https:\/\/acuariosupremus.com\/index.php?rest_route=%2Fwp%2Fv2%2Fproduct_tag&post=9973"}],"curies":[{"name":"wp","href":"https:\/\/api.w.org\/{rel}","templated":true}]}}