{"id":9986,"date":"2022-05-20T14:37:04","date_gmt":"2022-05-20T19:37:04","guid":{"rendered":"https:\/\/acuariosupremus.com\/?post_type=product&#038;p=9986"},"modified":"2025-12-30T17:06:04","modified_gmt":"2025-12-30T23:06:04","slug":"roca-seiryu-scenery-aquarium-rock-kit-100l","status":"publish","type":"product","link":"https:\/\/acuariosupremus.com\/?product=roca-seiryu-scenery-aquarium-rock-kit-100l","title":{"rendered":"Roca Seiryu &#8211; Scenery Aquarium Rock, kit 100L."},"content":{"rendered":"<p>Se presenta en un paquete con una selecci\u00f3n \u00fanica de piezas con vol\u00famenes y formas arm\u00f3nicos entre s\u00ed para armar un bello paisaje para cuatro diferentes tama\u00f1os de acuarios.<br \/>\nRoca Paisaje<br \/>\nUso:Agua dulce y Terrarios.<br \/>\nDensidad: Aprox.1000 kg\/m3<br \/>\nComportamiento qu\u00edmico: Aporta trazas de Calcio<br \/>\nTama\u00f1o de las piezas: Aprox. 5-30 cm.<br \/>\n<strong>NOTA: No existen dos rocas iguales. Cada KIT es \u00fanico y su aspecto est\u00e9tico puede variar. Enjuague cada roca antes de introducirla en el acuario.<\/strong><\/p>\n<p>Descripci\u00f3n: KIT para 100 litros<br \/>\nMedidas de la caja: 36 x 36 x 14 (cm)<br \/>\nPeso total: 12.5 &#8211; 13.5 (Kg) N\u00b0 Piezas:<strong> 10<\/strong><br \/>\nCantidad &#8211; Pesos: 5 &#8211; 0.200(Kg) , 3 &#8211; 0.700(Kg), 1- 2.800(Kg), 1- 7.000(Kg) .<\/p>\n","protected":false},"excerpt":{"rendered":"<p>Actualmente son las rocas naturales m\u00e1s populares en el paisajismo de acuarios. Poseen una caracter\u00edstica textura s\u00f3lida muy rica en tonalidades grises y formas irregulares con vetas ocasionales en tonos blancos. Las complejas formas filosas de estas rocas metam\u00f3rficas evocan las texturas de una gran monta\u00f1a rocosa desnuda. Cierta armon\u00eda en la direcci\u00f3n de las vetas y formas de cada roca facilitan la combinaci\u00f3n de estas para formar paisajes de tendencia japonesa como los paisajes IWAGUMI.<\/p>\n","protected":false},"featured_media":9981,"template":"","meta":[],"product_brand":[128],"product_cat":[40,57],"product_tag":[137,914],"class_list":{"0":"post-9986","1":"product","2":"type-product","3":"status-publish","4":"has-post-thumbnail","6":"product_brand-ideasmarinas","7":"product_cat-peces","8":"product_cat-adornos","9":"product_tag-adorno-para-acuario","10":"product_tag-roca-seiryu","12":"first","13":"instock","14":"sale","15":"shipping-taxable","16":"purchasable","17":"product-type-simple"},"yoast_head":"<!-- This site is optimized with the Yoast SEO plugin v27.4 - https:\/\/yoast.com\/product\/yoast-seo-wordpress\/ -->\n<title>Roca Seiryu - Scenery Aquarium Rock, kit 100L. | Acuario Supremus<\/title>\n<meta name=\"description\" content=\"\u201cRocas Seiryu\u201d. Estos elementos decorativos son probablemente los m\u00e1s populares y demandados en la disciplina del acuascaping.\" \/>\n<meta name=\"robots\" content=\"index, follow, max-snippet:-1, max-image-preview:large, max-video-preview:-1\" \/>\n<link rel=\"canonical\" href=\"https:\/\/acuariosupremus.com\/?product=roca-seiryu-scenery-aquarium-rock-kit-100l\" \/>\n<meta property=\"og:locale\" content=\"es_MX\" \/>\n<meta property=\"og:type\" content=\"article\" \/>\n<meta property=\"og:title\" content=\"Roca Seiryu - Scenery Aquarium Rock, kit 100L. | Acuario Supremus\" \/>\n<meta property=\"og:description\" content=\"\u201cRocas Seiryu\u201d. Estos elementos decorativos son probablemente los m\u00e1s populares y demandados en la disciplina del acuascaping.\" \/>\n<meta property=\"og:url\" content=\"https:\/\/acuariosupremus.com\/?product=roca-seiryu-scenery-aquarium-rock-kit-100l\" \/>\n<meta property=\"og:site_name\" content=\"Acuario Supremus\" \/>\n<meta property=\"article:publisher\" content=\"https:\/\/www.facebook.com\/AcuarioSupremus\" \/>\n<meta property=\"article:modified_time\" content=\"2025-12-30T23:06:04+00:00\" \/>\n<meta property=\"og:image\" content=\"https:\/\/acuariosupremus.com\/wp-content\/uploads\/2022\/05\/roca_paisaje_03.jpg\" \/>\n\t<meta property=\"og:image:width\" content=\"303\" \/>\n\t<meta property=\"og:image:height\" content=\"229\" \/>\n\t<meta property=\"og:image:type\" content=\"image\/jpeg\" \/>\n<meta name=\"twitter:card\" content=\"summary_large_image\" \/>\n<meta name=\"twitter:site\" content=\"@AcuarioSupremus\" \/>\n<meta name=\"twitter:label1\" content=\"Tiempo de lectura\" \/>\n\t<meta name=\"twitter:data1\" content=\"1 minuto\" \/>\n<script type=\"application\/ld+json\" class=\"yoast-schema-graph\">{\"@context\":\"https:\\\/\\\/schema.org\",\"@graph\":[{\"@type\":\"WebPage\",\"@id\":\"https:\\\/\\\/acuariosupremus.com\\\/?product=roca-seiryu-scenery-aquarium-rock-kit-100l\",\"url\":\"https:\\\/\\\/acuariosupremus.com\\\/?product=roca-seiryu-scenery-aquarium-rock-kit-100l\",\"name\":\"Roca Seiryu - Scenery Aquarium Rock, kit 100L. | Acuario Supremus\",\"isPartOf\":{\"@id\":\"https:\\\/\\\/acuariosupremus.com\\\/#website\"},\"primaryImageOfPage\":{\"@id\":\"https:\\\/\\\/acuariosupremus.com\\\/?product=roca-seiryu-scenery-aquarium-rock-kit-100l#primaryimage\"},\"image\":{\"@id\":\"https:\\\/\\\/acuariosupremus.com\\\/?product=roca-seiryu-scenery-aquarium-rock-kit-100l#primaryimage\"},\"thumbnailUrl\":\"https:\\\/\\\/acuariosupremus.com\\\/wp-content\\\/uploads\\\/2022\\\/05\\\/roca_paisaje_03.jpg\",\"datePublished\":\"2022-05-20T19:37:04+00:00\",\"dateModified\":\"2025-12-30T23:06:04+00:00\",\"description\":\"\u201cRocas Seiryu\u201d. Estos elementos decorativos son probablemente los m\u00e1s populares y demandados en la disciplina del acuascaping.\",\"breadcrumb\":{\"@id\":\"https:\\\/\\\/acuariosupremus.com\\\/?product=roca-seiryu-scenery-aquarium-rock-kit-100l#breadcrumb\"},\"inLanguage\":\"es\",\"potentialAction\":[{\"@type\":\"ReadAction\",\"target\":[\"https:\\\/\\\/acuariosupremus.com\\\/?product=roca-seiryu-scenery-aquarium-rock-kit-100l\"]}]},{\"@type\":\"ImageObject\",\"inLanguage\":\"es\",\"@id\":\"https:\\\/\\\/acuariosupremus.com\\\/?product=roca-seiryu-scenery-aquarium-rock-kit-100l#primaryimage\",\"url\":\"https:\\\/\\\/acuariosupremus.com\\\/wp-content\\\/uploads\\\/2022\\\/05\\\/roca_paisaje_03.jpg\",\"contentUrl\":\"https:\\\/\\\/acuariosupremus.com\\\/wp-content\\\/uploads\\\/2022\\\/05\\\/roca_paisaje_03.jpg\",\"width\":303,\"height\":229},{\"@type\":\"BreadcrumbList\",\"@id\":\"https:\\\/\\\/acuariosupremus.com\\\/?product=roca-seiryu-scenery-aquarium-rock-kit-100l#breadcrumb\",\"itemListElement\":[{\"@type\":\"ListItem\",\"position\":1,\"name\":\"Portada\",\"item\":\"https:\\\/\\\/acuariosupremus.com\\\/\"},{\"@type\":\"ListItem\",\"position\":2,\"name\":\"Tienda\",\"item\":\"https:\\\/\\\/acuariosupremus.com\\\/tienda\\\/\"},{\"@type\":\"ListItem\",\"position\":3,\"name\":\"Roca Seiryu &#8211; Scenery Aquarium Rock, kit 100L.\"}]},{\"@type\":\"WebSite\",\"@id\":\"https:\\\/\\\/acuariosupremus.com\\\/#website\",\"url\":\"https:\\\/\\\/acuariosupremus.com\\\/\",\"name\":\"Acuario Supremus\",\"description\":\"Peces, Peceras y Mascotas.\",\"publisher\":{\"@id\":\"https:\\\/\\\/acuariosupremus.com\\\/#organization\"},\"potentialAction\":[{\"@type\":\"SearchAction\",\"target\":{\"@type\":\"EntryPoint\",\"urlTemplate\":\"https:\\\/\\\/acuariosupremus.com\\\/?s={search_term_string}\"},\"query-input\":{\"@type\":\"PropertyValueSpecification\",\"valueRequired\":true,\"valueName\":\"search_term_string\"}}],\"inLanguage\":\"es\"},{\"@type\":\"Organization\",\"@id\":\"https:\\\/\\\/acuariosupremus.com\\\/#organization\",\"name\":\"Acuario Supremus\",\"url\":\"https:\\\/\\\/acuariosupremus.com\\\/\",\"logo\":{\"@type\":\"ImageObject\",\"inLanguage\":\"es\",\"@id\":\"https:\\\/\\\/acuariosupremus.com\\\/#\\\/schema\\\/logo\\\/image\\\/\",\"url\":\"https:\\\/\\\/acuariosupremus.com\\\/wp-content\\\/uploads\\\/2021\\\/12\\\/cropped-logo_acuario_supremus_fn-2.png\",\"contentUrl\":\"https:\\\/\\\/acuariosupremus.com\\\/wp-content\\\/uploads\\\/2021\\\/12\\\/cropped-logo_acuario_supremus_fn-2.png\",\"width\":1000,\"height\":318,\"caption\":\"Acuario Supremus\"},\"image\":{\"@id\":\"https:\\\/\\\/acuariosupremus.com\\\/#\\\/schema\\\/logo\\\/image\\\/\"},\"sameAs\":[\"https:\\\/\\\/www.facebook.com\\\/AcuarioSupremus\",\"https:\\\/\\\/x.com\\\/AcuarioSupremus\",\"https:\\\/\\\/www.instagram.com\\\/acuariosupremus\\\/?hl=es\"]}]}<\/script>\n<!-- \/ Yoast SEO plugin. -->","yoast_head_json":{"title":"Roca Seiryu - Scenery Aquarium Rock, kit 100L. | Acuario Supremus","description":"\u201cRocas Seiryu\u201d. Estos elementos decorativos son probablemente los m\u00e1s populares y demandados en la disciplina del acuascaping.","robots":{"index":"index","follow":"follow","max-snippet":"max-snippet:-1","max-image-preview":"max-image-preview:large","max-video-preview":"max-video-preview:-1"},"canonical":"https:\/\/acuariosupremus.com\/?product=roca-seiryu-scenery-aquarium-rock-kit-100l","og_locale":"es_MX","og_type":"article","og_title":"Roca Seiryu - Scenery Aquarium Rock, kit 100L. | Acuario Supremus","og_description":"\u201cRocas Seiryu\u201d. Estos elementos decorativos son probablemente los m\u00e1s populares y demandados en la disciplina del acuascaping.","og_url":"https:\/\/acuariosupremus.com\/?product=roca-seiryu-scenery-aquarium-rock-kit-100l","og_site_name":"Acuario Supremus","article_publisher":"https:\/\/www.facebook.com\/AcuarioSupremus","article_modified_time":"2025-12-30T23:06:04+00:00","og_image":[{"width":303,"height":229,"url":"https:\/\/acuariosupremus.com\/wp-content\/uploads\/2022\/05\/roca_paisaje_03.jpg","type":"image\/jpeg"}],"twitter_card":"summary_large_image","twitter_site":"@AcuarioSupremus","twitter_misc":{"Tiempo de lectura":"1 minuto"},"schema":{"@context":"https:\/\/schema.org","@graph":[{"@type":"WebPage","@id":"https:\/\/acuariosupremus.com\/?product=roca-seiryu-scenery-aquarium-rock-kit-100l","url":"https:\/\/acuariosupremus.com\/?product=roca-seiryu-scenery-aquarium-rock-kit-100l","name":"Roca Seiryu - Scenery Aquarium Rock, kit 100L. | Acuario Supremus","isPartOf":{"@id":"https:\/\/acuariosupremus.com\/#website"},"primaryImageOfPage":{"@id":"https:\/\/acuariosupremus.com\/?product=roca-seiryu-scenery-aquarium-rock-kit-100l#primaryimage"},"image":{"@id":"https:\/\/acuariosupremus.com\/?product=roca-seiryu-scenery-aquarium-rock-kit-100l#primaryimage"},"thumbnailUrl":"https:\/\/acuariosupremus.com\/wp-content\/uploads\/2022\/05\/roca_paisaje_03.jpg","datePublished":"2022-05-20T19:37:04+00:00","dateModified":"2025-12-30T23:06:04+00:00","description":"\u201cRocas Seiryu\u201d. Estos elementos decorativos son probablemente los m\u00e1s populares y demandados en la disciplina del acuascaping.","breadcrumb":{"@id":"https:\/\/acuariosupremus.com\/?product=roca-seiryu-scenery-aquarium-rock-kit-100l#breadcrumb"},"inLanguage":"es","potentialAction":[{"@type":"ReadAction","target":["https:\/\/acuariosupremus.com\/?product=roca-seiryu-scenery-aquarium-rock-kit-100l"]}]},{"@type":"ImageObject","inLanguage":"es","@id":"https:\/\/acuariosupremus.com\/?product=roca-seiryu-scenery-aquarium-rock-kit-100l#primaryimage","url":"https:\/\/acuariosupremus.com\/wp-content\/uploads\/2022\/05\/roca_paisaje_03.jpg","contentUrl":"https:\/\/acuariosupremus.com\/wp-content\/uploads\/2022\/05\/roca_paisaje_03.jpg","width":303,"height":229},{"@type":"BreadcrumbList","@id":"https:\/\/acuariosupremus.com\/?product=roca-seiryu-scenery-aquarium-rock-kit-100l#breadcrumb","itemListElement":[{"@type":"ListItem","position":1,"name":"Portada","item":"https:\/\/acuariosupremus.com\/"},{"@type":"ListItem","position":2,"name":"Tienda","item":"https:\/\/acuariosupremus.com\/tienda\/"},{"@type":"ListItem","position":3,"name":"Roca Seiryu &#8211; Scenery Aquarium Rock, kit 100L."}]},{"@type":"WebSite","@id":"https:\/\/acuariosupremus.com\/#website","url":"https:\/\/acuariosupremus.com\/","name":"Acuario Supremus","description":"Peces, Peceras y Mascotas.","publisher":{"@id":"https:\/\/acuariosupremus.com\/#organization"},"potentialAction":[{"@type":"SearchAction","target":{"@type":"EntryPoint","urlTemplate":"https:\/\/acuariosupremus.com\/?s={search_term_string}"},"query-input":{"@type":"PropertyValueSpecification","valueRequired":true,"valueName":"search_term_string"}}],"inLanguage":"es"},{"@type":"Organization","@id":"https:\/\/acuariosupremus.com\/#organization","name":"Acuario Supremus","url":"https:\/\/acuariosupremus.com\/","logo":{"@type":"ImageObject","inLanguage":"es","@id":"https:\/\/acuariosupremus.com\/#\/schema\/logo\/image\/","url":"https:\/\/acuariosupremus.com\/wp-content\/uploads\/2021\/12\/cropped-logo_acuario_supremus_fn-2.png","contentUrl":"https:\/\/acuariosupremus.com\/wp-content\/uploads\/2021\/12\/cropped-logo_acuario_supremus_fn-2.png","width":1000,"height":318,"caption":"Acuario Supremus"},"image":{"@id":"https:\/\/acuariosupremus.com\/#\/schema\/logo\/image\/"},"sameAs":["https:\/\/www.facebook.com\/AcuarioSupremus","https:\/\/x.com\/AcuarioSupremus","https:\/\/www.instagram.com\/acuariosupremus\/?hl=es"]}]}},"jetpack_sharing_enabled":true,"_links":{"self":[{"href":"https:\/\/acuariosupremus.com\/index.php?rest_route=\/wp\/v2\/product\/9986","targetHints":{"allow":["GET"]}}],"collection":[{"href":"https:\/\/acuariosupremus.com\/index.php?rest_route=\/wp\/v2\/product"}],"about":[{"href":"https:\/\/acuariosupremus.com\/index.php?rest_route=\/wp\/v2\/types\/product"}],"wp:featuredmedia":[{"embeddable":true,"href":"https:\/\/acuariosupremus.com\/index.php?rest_route=\/wp\/v2\/media\/9981"}],"wp:attachment":[{"href":"https:\/\/acuariosupremus.com\/index.php?rest_route=%2Fwp%2Fv2%2Fmedia&parent=9986"}],"wp:term":[{"taxonomy":"product_brand","embeddable":true,"href":"https:\/\/acuariosupremus.com\/index.php?rest_route=%2Fwp%2Fv2%2Fproduct_brand&post=9986"},{"taxonomy":"product_cat","embeddable":true,"href":"https:\/\/acuariosupremus.com\/index.php?rest_route=%2Fwp%2Fv2%2Fproduct_cat&post=9986"},{"taxonomy":"product_tag","embeddable":true,"href":"https:\/\/acuariosupremus.com\/index.php?rest_route=%2Fwp%2Fv2%2Fproduct_tag&post=9986"}],"curies":[{"name":"wp","href":"https:\/\/api.w.org\/{rel}","templated":true}]}}